{"id":808,"date":"2026-02-04T01:52:32","date_gmt":"2026-02-04T01:52:32","guid":{"rendered":"https:\/\/www.fenxifiber.com\/?post_type=product&#038;p=808"},"modified":"2026-02-04T02:28:44","modified_gmt":"2026-02-04T02:28:44","slug":"sc-apc-sc-apc-sm-dx","status":"publish","type":"product","link":"https:\/\/www.fenxifiber.com\/fr\/product\/sc-apc-sc-apc-sm-dx\/","title":{"rendered":"Grossiste SC\/APC to SC\/APC Single Mode Duplex Fiber Patch Cord | Sourcing Hub"},"content":{"rendered":"<h2 data-path-to-node=\"4\">Matrice des performances techniques<\/h2>\n<table style=\"width: 100%; border-collapse: collapse; margin: 20px 0; font-family: Arial, sans-serif; border: 1px solid #ddd; font-size: 14px;\">\n<thead>\n<tr style=\"background-color: #f8f9fa; text-align: left;\">\n<th style=\"padding: 12px; border: 1px solid #ddd; color: #333;\">M\u00e9trique technique<\/th>\n<th style=\"padding: 12px; border: 1px solid #ddd; color: #333;\">Sp\u00e9cification standard<\/th>\n<th style=\"padding: 12px; border: 1px solid #ddd; color: #333;\">Avantage du projet<\/th>\n<\/tr>\n<\/thead>\n<tbody>\n<tr>\n<td style=\"padding: 12px; border: 1px solid #ddd;\"><strong>Type de connecteur<\/strong><\/td>\n<td style=\"padding: 12px; border: 1px solid #ddd;\">SC\/APC vers SC\/APC<\/td>\n<td style=\"padding: 12px; border: 1px solid #ddd;\">Verrouillage push-pull standardis\u00e9<\/td>\n<\/tr>\n<tr style=\"background-color: #fdfdfd;\">\n<td style=\"padding: 12px; border: 1px solid #ddd;\"><strong>Mode fibre<\/strong><\/td>\n<td style=\"padding: 12px; border: 1px solid #ddd;\">Mode unique duplex (SM DX)<\/td>\n<td style=\"padding: 12px; border: 1px solid #ddd;\">Donn\u00e9es bidirectionnelles \u00e0 double c\u0153ur<\/td>\n<\/tr>\n<tr>\n<td style=\"padding: 12px; border: 1px solid #ddd;\"><strong>Perte d'insertion<\/strong><\/td>\n<td style=\"padding: 12px; border: 1px solid #ddd;\">\u2264 0,3 dB<\/td>\n<td style=\"padding: 12px; border: 1px solid #ddd;\">Att\u00e9nuation minimale de la puissance<\/td>\n<\/tr>\n<tr style=\"background-color: #fdfdfd;\">\n<td style=\"padding: 12px; border: 1px solid #ddd;\"><strong>Perte de retour<\/strong><\/td>\n<td style=\"padding: 12px; border: 1px solid #ddd;\">\u2265 60 dB<\/td>\n<td style=\"padding: 12px; border: 1px solid #ddd;\">Protection sup\u00e9rieure de la source laser<\/td>\n<\/tr>\n<tr>\n<td style=\"padding: 12px; border: 1px solid #ddd;\"><strong>Longueur d'onde<\/strong><\/td>\n<td style=\"padding: 12px; border: 1px solid #ddd;\">1310nm \/ 1490nm \/ 1550nm<\/td>\n<td style=\"padding: 12px; border: 1px solid #ddd;\">Prise en charge compl\u00e8te du spectre OS2<\/td>\n<\/tr>\n<tr style=\"background-color: #fdfdfd;\">\n<td style=\"padding: 12px; border: 1px solid #ddd;\"><strong>R\u00e9sistance \u00e0 la traction<\/strong><\/td>\n<td style=\"padding: 12px; border: 1px solid #ddd;\">\u2265 200 N<\/td>\n<td style=\"padding: 12px; border: 1px solid #ddd;\">Robuste pour les gaines de c\u00e2blage<\/td>\n<\/tr>\n<tr>\n<td style=\"padding: 12px; border: 1px solid #ddd;\"><strong>Mat\u00e9riau de la veste<\/strong><\/td>\n<td style=\"padding: 12px; border: 1px solid #ddd;\">LSZH (Low Smoke Zero Halogen)<\/td>\n<td style=\"padding: 12px; border: 1px solid #ddd;\">Conformit\u00e9 mondiale en mati\u00e8re de s\u00e9curit\u00e9 incendie<\/td>\n<\/tr>\n<\/tbody>\n<\/table>\n<h2 data-path-to-node=\"8\">Principaux avantages pour un d\u00e9ploiement \u00e0 grande \u00e9chelle<\/h2>\n<h3 data-path-to-node=\"9\">1. Gestion optimis\u00e9e de la r\u00e9flexion de l'APC<\/h3>\n<p data-path-to-node=\"10\">Le polissage angulaire \u00e0 8 degr\u00e9s (APC) garantit une perte de retour de <b data-path-to-node=\"10\" data-index-in-node=\"58\">\u2265 60dB<\/b>. Cette caract\u00e9ristique est essentielle pour les r\u00e9seaux \u00e0 haut d\u00e9bit et les signaux vid\u00e9o de forte puissance, car elle redirige la r\u00e9tro-r\u00e9flexion dans la gaine, \u00e9vitant ainsi le bruit du signal et les dommages mat\u00e9riels aux \u00e9metteurs sensibles.<\/p>\n<h3 data-path-to-node=\"11\">2. Conception duplex \u00e0 haute capacit\u00e9 (DX)<\/h3>\n<p data-path-to-node=\"12\">En int\u00e9grant deux brins de fibre dans un seul c\u00e2ble, ce cavalier simplifie la gestion de la fibre \u00e0 haute densit\u00e9 dans les <b data-path-to-node=\"12\" data-index-in-node=\"105\">R\u00e9partiteurs optiques (ODF)<\/b>. Il fournit des chemins d'\u00e9mission et de r\u00e9ception d\u00e9di\u00e9s, essentiels pour les architectures Ethernet full-duplex standard.<\/p>\n<h3 data-path-to-node=\"13\">3. Durabilit\u00e9 de qualit\u00e9 technique<\/h3>\n<p data-path-to-node=\"14\">Avec une r\u00e9sistance \u00e0 la tension de <b data-path-to-node=\"14\" data-index-in-node=\"27\">\u2265 200N<\/b> et des embouts c\u00e9ramiques de haute pr\u00e9cision, ces c\u00e2bles sont con\u00e7us pour r\u00e9sister aux contraintes physiques de l'installation tout en conservant des performances optiques stables sur des milliers de cycles d'accouplement.<\/p>\n<h3 data-path-to-node=\"15\">4. Normes de s\u00e9curit\u00e9 certifi\u00e9es<\/h3>\n<p data-path-to-node=\"16\">Le jaune <b data-path-to-node=\"16\" data-index-in-node=\"11\">LSZH<\/b> est con\u00e7u pour les environnements int\u00e9rieurs et les centres de donn\u00e9es. Elle est ignifug\u00e9e et garantit qu'aucun gaz halog\u00e8ne toxique n'est lib\u00e9r\u00e9 en cas de chaleur extr\u00eame, conform\u00e9ment aux codes de s\u00e9curit\u00e9 internationaux pour les projets commerciaux et gouvernementaux.<\/p>\n<hr data-path-to-node=\"17\" \/>\n<h2 data-path-to-node=\"18\">Approvisionnement et soutien logistique<\/h2>\n<ul data-path-to-node=\"19\">\n<li>\n<p data-path-to-node=\"19,0,0\"><b data-path-to-node=\"19,0,0\" data-index-in-node=\"0\">100% Qualit\u00e9 contr\u00f4l\u00e9e<\/b>: Chaque cordon de raccordement est test\u00e9 individuellement pour la perte d'insertion et la perte de retour.<\/p>\n<\/li>\n<li>\n<p data-path-to-node=\"19,1,0\"><b data-path-to-node=\"19,1,0\" data-index-in-node=\"0\">Soutien \u00e0 la documentation<\/b>: Des rapports d'essais individuels et des donn\u00e9es d'interf\u00e9rom\u00e9trie 3D sont disponibles pour <b data-path-to-node=\"19,1,0\" data-index-in-node=\"92\">Conformit\u00e9 du projet<\/b>.<\/p>\n<\/li>\n<li>\n<p data-path-to-node=\"19,2,0\"><b data-path-to-node=\"19,2,0\" data-index-in-node=\"0\">Ex\u00e9cution des commandes en vrac<\/b>: Nous maintenons des niveaux de stock \u00e9lev\u00e9s pour les longueurs standard (1m, 3m, 5m, 10m) afin de garantir des d\u00e9lais de livraison rapides.<\/p>\n<\/li>\n<li>\n<p data-path-to-node=\"19,3,0\"><b data-path-to-node=\"19,3,0\" data-index-in-node=\"0\">Service OEM personnalis\u00e9<\/b>: Nous proposons une fabrication flexible pour des longueurs sur mesure, un \u00e9tiquetage sp\u00e9cialis\u00e9 et des diam\u00e8tres de gaine variables (2,0 mm\/3,0 mm) afin de r\u00e9pondre \u00e0 des besoins sp\u00e9cifiques. <b data-path-to-node=\"19,3,0\" data-index-in-node=\"155\">Int\u00e9grateur<\/b> exigences.<\/p>\n<\/li>\n<\/ul>","protected":false},"excerpt":{"rendered":"<p data-path-to-node=\"1\"><span class=\"\">Le <\/span><b class=\"\" data-path-to-node=\"1\" data-index-in-node=\"4\">Duplex monomode SC\/APC \u00e0 SC\/APC (SM DX)<\/b><span class=\"\"> est un cavalier \u00e0 fibre optique de haute performance con\u00e7u pour les t\u00e9l\u00e9communications modernes et la transmission de donn\u00e9es \u00e0 grande vitesse.<\/span><span class=\"\"> Avec la signature verte <\/span><b class=\"\" data-path-to-node=\"1\" data-index-in-node=\"192\">Contact physique angulaire (APC)<\/b><span class=\"\"> aux deux extr\u00e9mit\u00e9s,<\/span><span class=\"\"> ce c\u00e2ble est sp\u00e9cialement con\u00e7u pour minimiser la r\u00e9tro-r\u00e9flexion,<\/span><span class=\"\"> ce qui en fait le premier choix pour <\/span><b class=\"\" data-path-to-node=\"1\" data-index-in-node=\"347\">GPON, FTTX et CATV<\/b><span class=\"\"> l'infrastructure.<\/span><\/p>\n<p data-path-to-node=\"2\"><span class=\"\">Avec une configuration \u00e0 double fibre (Duplex),<\/span><span class=\"\"> ce cordon de raccordement permet un flux de donn\u00e9es bidirectionnel simultan\u00e9,<\/span><span class=\"\"> offrant la fiabilit\u00e9 et l'int\u00e9grit\u00e9 du signal requises pour les d\u00e9ploiements de r\u00e9seaux critiques.<\/span><\/p>","protected":false},"featured_media":810,"comment_status":"open","ping_status":"closed","template":"","meta":[],"product_brand":[],"product_cat":[45],"product_tag":[],"class_list":{"0":"post-808","1":"product","2":"type-product","3":"status-publish","4":"has-post-thumbnail","6":"product_cat-single-mode-fiber-optic-patch-cord","8":"first","9":"instock","10":"shipping-taxable","11":"product-type-simple"},"_links":{"self":[{"href":"https:\/\/www.fenxifiber.com\/fr\/wp-json\/wp\/v2\/product\/808","targetHints":{"allow":["GET"]}}],"collection":[{"href":"https:\/\/www.fenxifiber.com\/fr\/wp-json\/wp\/v2\/product"}],"about":[{"href":"https:\/\/www.fenxifiber.com\/fr\/wp-json\/wp\/v2\/types\/product"}],"replies":[{"embeddable":true,"href":"https:\/\/www.fenxifiber.com\/fr\/wp-json\/wp\/v2\/comments?post=808"}],"wp:featuredmedia":[{"embeddable":true,"href":"https:\/\/www.fenxifiber.com\/fr\/wp-json\/wp\/v2\/media\/810"}],"wp:attachment":[{"href":"https:\/\/www.fenxifiber.com\/fr\/wp-json\/wp\/v2\/media?parent=808"}],"wp:term":[{"taxonomy":"product_brand","embeddable":true,"href":"https:\/\/www.fenxifiber.com\/fr\/wp-json\/wp\/v2\/product_brand?post=808"},{"taxonomy":"product_cat","embeddable":true,"href":"https:\/\/www.fenxifiber.com\/fr\/wp-json\/wp\/v2\/product_cat?post=808"},{"taxonomy":"product_tag","embeddable":true,"href":"https:\/\/www.fenxifiber.com\/fr\/wp-json\/wp\/v2\/product_tag?post=808"}],"curies":[{"name":"wp","href":"https:\/\/api.w.org\/{rel}","templated":true}]}}