{"id":813,"date":"2026-02-04T01:55:47","date_gmt":"2026-02-04T01:55:47","guid":{"rendered":"https:\/\/www.fenxifiber.com\/?post_type=product&#038;p=813"},"modified":"2026-02-04T02:30:31","modified_gmt":"2026-02-04T02:30:31","slug":"sc-upc-sc-upc-sm-dx","status":"publish","type":"product","link":"https:\/\/www.fenxifiber.com\/fr\/product\/sc-upc-sc-upc-sm-dx\/","title":{"rendered":"Cordon de raccordement fibre duplex monomode SC\/UPC vers SC\/UPC | Pr\u00eat pour la commande en vrac"},"content":{"rendered":"<h2 data-path-to-node=\"4\">Matrice des performances techniques<\/h2>\n<table style=\"width: 100%; border-collapse: collapse; margin: 20px 0; font-family: Arial, sans-serif; border: 1px solid #ddd; font-size: 14px;\">\n<thead>\n<tr style=\"background-color: #f8f9fa; text-align: left;\">\n<th style=\"padding: 12px; border: 1px solid #ddd; color: #333;\">Mesure de la performance<\/th>\n<th style=\"padding: 12px; border: 1px solid #ddd; color: #333;\">Norme technique<\/th>\n<th style=\"padding: 12px; border: 1px solid #ddd; color: #333;\">Avantage de l'installation<\/th>\n<\/tr>\n<\/thead>\n<tbody>\n<tr>\n<td style=\"padding: 12px; border: 1px solid #ddd;\"><strong>Type de connecteur<\/strong><\/td>\n<td style=\"padding: 12px; border: 1px solid #ddd;\">SC\/UPC \u00e0 SC\/UPC<\/td>\n<td style=\"padding: 12px; border: 1px solid #ddd;\">Verrouillage push-pull standardis\u00e9<\/td>\n<\/tr>\n<tr style=\"background-color: #fdfdfd;\">\n<td style=\"padding: 12px; border: 1px solid #ddd;\"><strong>Mode fibre<\/strong><\/td>\n<td style=\"padding: 12px; border: 1px solid #ddd;\">Mode unique duplex (SM DX)<\/td>\n<td style=\"padding: 12px; border: 1px solid #ddd;\">Chemin de donn\u00e9es TX\/RX simultan\u00e9<\/td>\n<\/tr>\n<tr>\n<td style=\"padding: 12px; border: 1px solid #ddd;\"><strong>Perte d'insertion<\/strong><\/td>\n<td style=\"padding: 12px; border: 1px solid #ddd;\">\u2264 0,3 dB<\/td>\n<td style=\"padding: 12px; border: 1px solid #ddd;\">Optimis\u00e9 pour les liaisons longue distance<\/td>\n<\/tr>\n<tr style=\"background-color: #fdfdfd;\">\n<td style=\"padding: 12px; border: 1px solid #ddd;\"><strong>Perte de retour<\/strong><\/td>\n<td style=\"padding: 12px; border: 1px solid #ddd;\">\u2265 50 dB<\/td>\n<td style=\"padding: 12px; border: 1px solid #ddd;\">Maintien d'une int\u00e9grit\u00e9 \u00e9lev\u00e9e du signal<\/td>\n<\/tr>\n<tr>\n<td style=\"padding: 12px; border: 1px solid #ddd;\"><strong>Longueur d'onde de fonctionnement<\/strong><\/td>\n<td style=\"padding: 12px; border: 1px solid #ddd;\">1310nm \/ 1490nm \/ 1550nm<\/td>\n<td style=\"padding: 12px; border: 1px solid #ddd;\">Compatibilit\u00e9 totale avec le spectre OS2<\/td>\n<\/tr>\n<tr style=\"background-color: #fdfdfd;\">\n<td style=\"padding: 12px; border: 1px solid #ddd;\"><strong>R\u00e9sistance \u00e0 la traction<\/strong><\/td>\n<td style=\"padding: 12px; border: 1px solid #ddd;\">\u2265 200 N<\/td>\n<td style=\"padding: 12px; border: 1px solid #ddd;\">Robuste pour l'installation de gaines<\/td>\n<\/tr>\n<tr>\n<td style=\"padding: 12px; border: 1px solid #ddd;\"><strong>Cote de la veste<\/strong><\/td>\n<td style=\"padding: 12px; border: 1px solid #ddd;\">LSZH (Low Smoke Zero Halogen)<\/td>\n<td style=\"padding: 12px; border: 1px solid #ddd;\">C\u00e2blage int\u00e9rieur conforme aux normes de s\u00e9curit\u00e9<\/td>\n<\/tr>\n<\/tbody>\n<\/table>\n<h2 data-path-to-node=\"8\">Avantages strat\u00e9giques pour le d\u00e9ploiement du r\u00e9seau<\/h2>\n<h3 data-path-to-node=\"9\">1. M\u00e9canisme de traction-pouss\u00e9e fiable<\/h3>\n<p data-path-to-node=\"10\">Le connecteur SC est appr\u00e9ci\u00e9 pour sa facilit\u00e9 d'utilisation et la stabilit\u00e9 de sa connexion physique. Le m\u00e9canisme \u201cpush-pull\u201d garantit que les embouts en c\u00e9ramique sont parfaitement align\u00e9s et solidement verrouill\u00e9s, ce qui constitue une solution n\u00e9cessitant peu d'entretien pour les centres de distribution \u00e0 fort trafic et les terminaux des fournisseurs d'acc\u00e8s \u00e0 Internet.<\/p>\n<h3 data-path-to-node=\"11\">2. Configuration recto-verso \u00e0 haut rendement<\/h3>\n<p data-path-to-node=\"12\">Le <b data-path-to-node=\"12\" data-index-in-node=\"4\">Duplex (DX)<\/b> int\u00e8gre deux brins de fibre dans un seul assemblage, ce qui permet d'avoir des chemins d'\u00e9mission et de r\u00e9ception d\u00e9di\u00e9s. Cette caract\u00e9ristique est essentielle pour les architectures Ethernet standard, car elle simplifie la gestion des c\u00e2bles par rapport \u00e0 l'utilisation de fils simplex s\u00e9par\u00e9s.<\/p>\n<h3 data-path-to-node=\"13\">3. Une qualit\u00e9 de construction digne d'un ing\u00e9nieur<\/h3>\n<p data-path-to-node=\"14\">La r\u00e9sistance \u00e0 l'arrachement est \u00e9valu\u00e9e \u00e0 <b data-path-to-node=\"14\" data-index-in-node=\"29\">\u2265 200N<\/b>, Ces cavaliers sont con\u00e7us pour r\u00e9sister aux rigueurs de l'acheminement dans des conduits verticaux et des plateaux a\u00e9riens encombr\u00e9s. Le polissage de pr\u00e9cision garantit une perte d'insertion ultra-faible, pr\u00e9servant ainsi la force du signal sur le r\u00e9seau.<\/p>\n<h3 data-path-to-node=\"15\">4. S\u00e9curit\u00e9 et conformit\u00e9 au niveau mondial<\/h3>\n<p data-path-to-node=\"16\">Nos c\u00e2bles sont dot\u00e9s d'un <b data-path-to-node=\"16\" data-index-in-node=\"28\">LSZH<\/b> qui est obligatoire pour les installations int\u00e9rieures et gouvernementales. Ce mat\u00e9riau garantit qu'aucun gaz halog\u00e8ne toxique n'est lib\u00e9r\u00e9 et que la fum\u00e9e est r\u00e9duite au minimum en cas de chaleur extr\u00eame.<\/p>\n<hr data-path-to-node=\"17\" \/>\n<h2 data-path-to-node=\"18\">Soutien \u00e0 l'approvisionnement et au sourcing<\/h2>\n<ul data-path-to-node=\"19\">\n<li>\n<p data-path-to-node=\"19,0,0\"><b data-path-to-node=\"19,0,0\" data-index-in-node=\"0\">100% Qualit\u00e9 contr\u00f4l\u00e9e<\/b>: Chaque cordon de brassage est test\u00e9 en usine pour la perte d'insertion (IL) et la perte de retour (RL).<\/p>\n<\/li>\n<li>\n<p data-path-to-node=\"19,1,0\"><b data-path-to-node=\"19,1,0\" data-index-in-node=\"0\">Documentation du projet<\/b>: Nous fournissons des rapports d'essai et des v\u00e9rifications par interf\u00e9rom\u00e9trie 3D pour \u00e9tayer votre demande. <b data-path-to-node=\"19,1,0\" data-index-in-node=\"98\">Sourcing<\/b> et des audits de conformit\u00e9.<\/p>\n<\/li>\n<li>\n<p data-path-to-node=\"19,2,0\"><b data-path-to-node=\"19,2,0\" data-index-in-node=\"0\">Ex\u00e9cution rapide<\/b>: Nous disposons d'un stock important de longueurs standard (1m, 2m, 3m, 5m, 10m) pour tous les types de produits. <b data-path-to-node=\"19,2,0\" data-index-in-node=\"94\">Exportateur<\/b> ou <b data-path-to-node=\"19,2,0\" data-index-in-node=\"106\">Distributeur<\/b> exigeant une exp\u00e9dition rapide.<\/p>\n<\/li>\n<li>\n<p data-path-to-node=\"19,3,0\"><b data-path-to-node=\"19,3,0\" data-index-in-node=\"0\">Service OEM personnalis\u00e9<\/b>: La souplesse de fabrication permet des longueurs personnalis\u00e9es, un \u00e9tiquetage sp\u00e9cialis\u00e9 et des diam\u00e8tres de gaine variables (2,0 mm ou 3,0 mm).<\/p>\n<\/li>\n<\/ul>","protected":false},"excerpt":{"rendered":"<p data-path-to-node=\"1\"><span class=\"\">Le <\/span><b class=\"\" data-path-to-node=\"1\" data-index-in-node=\"4\">Duplex monomode SC\/UPC vers SC\/UPC (SM DX)<\/b><span class=\"\"> est une pierre angulaire de l'infrastructure mondiale de la fibre optique,<\/span><span class=\"\"> fournir une connexion fiable et normalis\u00e9e pour les r\u00e9seaux de donn\u00e9es \u00e0 grande capacit\u00e9.<\/span><span class=\"\"> Avec les connecteurs classiques push-pull bleus,<\/span><span class=\"\"> ce c\u00e2ble duplex est le premier choix pour <\/span><b class=\"\" data-path-to-node=\"1\" data-index-in-node=\"278\">les r\u00e9partiteurs optiques (ODF), les terminaux d'abonn\u00e9s et les environnements de commutation d'entreprise<\/b><span class=\"\"> n\u00e9cessitant une transmission de donn\u00e9es bidirectionnelle synchronis\u00e9e.<\/span><\/p>\n<p data-path-to-node=\"2\"><span class=\"\">Con\u00e7us avec des bagues en c\u00e9ramique de haute pr\u00e9cision,<\/span><span class=\"\"> ce cavalier monomode OS2 garantit une att\u00e9nuation minimale du signal et une stabilit\u00e9 m\u00e9canique \u00e0 long terme pour les liaisons de t\u00e9l\u00e9communication critiques.<\/span><\/p>","protected":false},"featured_media":814,"comment_status":"open","ping_status":"closed","template":"","meta":[],"product_brand":[],"product_cat":[45],"product_tag":[],"class_list":{"0":"post-813","1":"product","2":"type-product","3":"status-publish","4":"has-post-thumbnail","6":"product_cat-single-mode-fiber-optic-patch-cord","8":"first","9":"instock","10":"shipping-taxable","11":"product-type-simple"},"_links":{"self":[{"href":"https:\/\/www.fenxifiber.com\/fr\/wp-json\/wp\/v2\/product\/813","targetHints":{"allow":["GET"]}}],"collection":[{"href":"https:\/\/www.fenxifiber.com\/fr\/wp-json\/wp\/v2\/product"}],"about":[{"href":"https:\/\/www.fenxifiber.com\/fr\/wp-json\/wp\/v2\/types\/product"}],"replies":[{"embeddable":true,"href":"https:\/\/www.fenxifiber.com\/fr\/wp-json\/wp\/v2\/comments?post=813"}],"wp:featuredmedia":[{"embeddable":true,"href":"https:\/\/www.fenxifiber.com\/fr\/wp-json\/wp\/v2\/media\/814"}],"wp:attachment":[{"href":"https:\/\/www.fenxifiber.com\/fr\/wp-json\/wp\/v2\/media?parent=813"}],"wp:term":[{"taxonomy":"product_brand","embeddable":true,"href":"https:\/\/www.fenxifiber.com\/fr\/wp-json\/wp\/v2\/product_brand?post=813"},{"taxonomy":"product_cat","embeddable":true,"href":"https:\/\/www.fenxifiber.com\/fr\/wp-json\/wp\/v2\/product_cat?post=813"},{"taxonomy":"product_tag","embeddable":true,"href":"https:\/\/www.fenxifiber.com\/fr\/wp-json\/wp\/v2\/product_tag?post=813"}],"curies":[{"name":"wp","href":"https:\/\/api.w.org\/{rel}","templated":true}]}}