{"id":815,"date":"2026-02-04T01:57:14","date_gmt":"2026-02-04T01:57:14","guid":{"rendered":"https:\/\/www.fenxifiber.com\/?post_type=product&#038;p=815"},"modified":"2026-02-04T02:37:20","modified_gmt":"2026-02-04T02:37:20","slug":"st-upc-st-upc-sm-dx","status":"publish","type":"product","link":"https:\/\/www.fenxifiber.com\/fr\/product\/st-upc-st-upc-sm-dx\/","title":{"rendered":"Cordon de raccordement en fibre duplex monomode ST\/UPC \u00e0 ST\/UPC | Global Exporter Grade"},"content":{"rendered":"<h2 data-path-to-node=\"4\">Matrice des performances techniques<\/h2>\n<table style=\"width: 100%; border-collapse: collapse; margin: 20px 0; font-family: Arial, sans-serif; border: 1px solid #ddd; font-size: 14px;\">\n<thead>\n<tr style=\"background-color: #f8f9fa; text-align: left;\">\n<th style=\"padding: 12px; border: 1px solid #ddd; color: #333;\">M\u00e9trique technique<\/th>\n<th style=\"padding: 12px; border: 1px solid #ddd; color: #333;\">Sp\u00e9cification standard<\/th>\n<th style=\"padding: 12px; border: 1px solid #ddd; color: #333;\">Prestations d'ing\u00e9nierie<\/th>\n<\/tr>\n<\/thead>\n<tbody>\n<tr>\n<td style=\"padding: 12px; border: 1px solid #ddd;\"><strong>Type de connecteur<\/strong><\/td>\n<td style=\"padding: 12px; border: 1px solid #ddd;\">ST\/UPC \u00e0 ST\/UPC<\/td>\n<td style=\"padding: 12px; border: 1px solid #ddd;\">Fermeture \u00e0 ba\u00efonnette m\u00e9tallique Twist-Lock<\/td>\n<\/tr>\n<tr style=\"background-color: #fdfdfd;\">\n<td style=\"padding: 12px; border: 1px solid #ddd;\"><strong>Cat\u00e9gorie de fibres<\/strong><\/td>\n<td style=\"padding: 12px; border: 1px solid #ddd;\">Mode unique duplex (SM DX)<\/td>\n<td style=\"padding: 12px; border: 1px solid #ddd;\">Chemin de donn\u00e9es bidirectionnel \u00e0 deux c\u0153urs<\/td>\n<\/tr>\n<tr>\n<td style=\"padding: 12px; border: 1px solid #ddd;\"><strong>Perte d'insertion<\/strong><\/td>\n<td style=\"padding: 12px; border: 1px solid #ddd;\">\u2264 0,3 dB<\/td>\n<td style=\"padding: 12px; border: 1px solid #ddd;\">Perte de puissance minimale sur les longues liaisons<\/td>\n<\/tr>\n<tr style=\"background-color: #fdfdfd;\">\n<td style=\"padding: 12px; border: 1px solid #ddd;\"><strong>Perte de retour<\/strong><\/td>\n<td style=\"padding: 12px; border: 1px solid #ddd;\">\u2265 50 dB (UPC)<\/td>\n<td style=\"padding: 12px; border: 1px solid #ddd;\">Rapport signal\/bruit \u00e9lev\u00e9<\/td>\n<\/tr>\n<tr>\n<td style=\"padding: 12px; border: 1px solid #ddd;\"><strong>Longueur d'onde de fonctionnement<\/strong><\/td>\n<td style=\"padding: 12px; border: 1px solid #ddd;\">1310nm \/ 1490nm \/ 1550nm<\/td>\n<td style=\"padding: 12px; border: 1px solid #ddd;\">Prise en charge du spectre universel OS2<\/td>\n<\/tr>\n<tr style=\"background-color: #fdfdfd;\">\n<td style=\"padding: 12px; border: 1px solid #ddd;\"><strong>R\u00e9sistance \u00e0 la traction<\/strong><\/td>\n<td style=\"padding: 12px; border: 1px solid #ddd;\">\u2265 200 N<\/td>\n<td style=\"padding: 12px; border: 1px solid #ddd;\">Robuste pour les environnements difficiles<\/td>\n<\/tr>\n<tr>\n<td style=\"padding: 12px; border: 1px solid #ddd;\"><strong>Mat\u00e9riau de la veste<\/strong><\/td>\n<td style=\"padding: 12px; border: 1px solid #ddd;\">LSZH (Jaune)<\/td>\n<td style=\"padding: 12px; border: 1px solid #ddd;\">S\u00e9curit\u00e9 \u00e0 faible d\u00e9gagement de fum\u00e9e et sans halog\u00e8ne<\/td>\n<\/tr>\n<\/tbody>\n<\/table>\n<h2 data-path-to-node=\"11\">Avantages strat\u00e9giques \u00e0 l'exportation<\/h2>\n<h3 data-path-to-node=\"12\">1. Conformit\u00e9 multir\u00e9gionale (RoHS, REACH, CPR)<\/h3>\n<p data-path-to-node=\"13\">Nos produits sont enti\u00e8rement conformes \u00e0 <b data-path-to-node=\"13\" data-index-in-node=\"38\">RoHS (Restriction of Hazardous Substances)<\/b> et <b data-path-to-node=\"13\" data-index-in-node=\"85\">REACH<\/b> facilitant ainsi le d\u00e9douanement dans l'Union europ\u00e9enne, en Am\u00e9rique du Nord et sur d'autres march\u00e9s r\u00e9glement\u00e9s. Les <b data-path-to-node=\"13\" data-index-in-node=\"213\">LSZH<\/b> r\u00e9pond aux normes europ\u00e9ennes en mati\u00e8re de <b data-path-to-node=\"13\" data-index-in-node=\"240\">CPR (R\u00e8glement sur les produits de construction)<\/b> les niveaux de s\u00e9curit\u00e9 pour le c\u00e2blage int\u00e9rieur.<\/p>\n<h3 data-path-to-node=\"14\">2. Bo\u00eetier m\u00e9tallique normalis\u00e9 \u00e0 ba\u00efonnette<\/h3>\n<p data-path-to-node=\"15\">Les connecteurs ST sont dot\u00e9s d'un bo\u00eetier m\u00e9tallique nickel\u00e9 qui assure une connexion s\u00e9curis\u00e9e de type \u201ctwist-and-lock\u201d. Cette conception universelle est id\u00e9ale pour <b data-path-to-node=\"15\" data-index-in-node=\"153\">l'automatisation industrielle mondiale<\/b> et les mises \u00e0 niveau des t\u00e9l\u00e9communications existantes, en garantissant une interface r\u00e9sistante aux vibrations et conforme aux normes mondiales en mati\u00e8re de contraintes m\u00e9caniques.<\/p>\n<h3 data-path-to-node=\"16\">3. Efficacit\u00e9 du duplex int\u00e9gral pour les liaisons longue distance<\/h3>\n<p data-path-to-node=\"17\">La configuration Duplex (DX) prend en charge le flux de donn\u00e9es bidirectionnel requis pour les applications Ethernet 1G\/10G. En utilisant des noyaux de verre monomode OS2 de premi\u00e8re qualit\u00e9, nous garantissons l'int\u00e9grit\u00e9 du signal sur les longues distances souvent requises dans les applications Ethernet 1G\/10G. <b data-path-to-node=\"17\" data-index-in-node=\"229\">l'infrastructure transfrontali\u00e8re et les r\u00e9seaux \u00e0 l'\u00e9chelle du campus<\/b>.<\/p>\n<h3 data-path-to-node=\"18\">4. Emballage et protection sp\u00e9cialis\u00e9s pour l'exportation<\/h3>\n<p data-path-to-node=\"19\">Pour \u00e9viter tout dommage pendant le transport maritime ou a\u00e9rien, chaque cordon de raccordement est scell\u00e9 individuellement dans des sacs antistatiques r\u00e9sistants \u00e0 l'humidit\u00e9. Chaque envoi est \u00e9tiquet\u00e9 avec des \u00e9tiquettes scannables. <b data-path-to-node=\"19\" data-index-in-node=\"161\">Codes-barres et r\u00e9sultats des tests<\/b> (IL\/RL) afin de rationaliser la proc\u00e9dure de r\u00e9ception des demandes d'asile. <b data-path-to-node=\"19\" data-index-in-node=\"235\">Distributeurs et agents internationaux<\/b>.<\/p>\n<hr data-path-to-node=\"20\" \/>\n<h2 data-path-to-node=\"21\">Soutien \u00e0 l'approvisionnement et \u00e0 l'ex\u00e9cution au niveau mondial<\/h2>\n<ul data-path-to-node=\"22\">\n<li>\n<p data-path-to-node=\"22,0,0\"><b data-path-to-node=\"22,0,0\" data-index-in-node=\"0\">100% V\u00e9rification en usine<\/b>: Chaque cordon de raccordement est soumis \u00e0 une interf\u00e9rom\u00e9trie 3D et \u00e0 des tests optiques avant d'\u00eatre autoris\u00e9 \u00e0 l'exportation.<\/p>\n<\/li>\n<li>\n<p data-path-to-node=\"22,1,0\"><b data-path-to-node=\"22,1,0\" data-index-in-node=\"0\">Documentation pr\u00eate pour l'audit<\/b>: Nous fournissons des fiches techniques compl\u00e8tes, des certificats d'analyse et des rapports d'essai individuels \u00e0 l'appui de nos activit\u00e9s. <b data-path-to-node=\"22,1,0\" data-index-in-node=\"136\">Sourcing<\/b> et les appels d'offres gouvernementaux.<\/p>\n<\/li>\n<li>\n<p data-path-to-node=\"22,2,0\"><b data-path-to-node=\"22,2,0\" data-index-in-node=\"0\">Logistique des commandes en vrac<\/b>: Nous disposons d'un stock important de longueurs standard (1m \u00e0 30m) afin d'assurer des d\u00e9lais de livraison rapides pour les produits suivants <b data-path-to-node=\"22,2,0\" data-index-in-node=\"118\">March\u00e9s publics \u00e0 grande \u00e9chelle<\/b>.<\/p>\n<\/li>\n<li>\n<p data-path-to-node=\"22,3,0\"><b data-path-to-node=\"22,3,0\" data-index-in-node=\"0\">Personnalisation OEM<\/b>: Nous proposons des couleurs de c\u00e2ble personnalis\u00e9es, des \u00e9tiquettes imprim\u00e9es sur mesure et des diam\u00e8tres de gaine sp\u00e9cifiques (2,0 mm\/3,0 mm) pour r\u00e9pondre aux exigences de votre march\u00e9 local.<\/p>\n<\/li>\n<\/ul>","protected":false},"excerpt":{"rendered":"<p data-path-to-node=\"1\">Le <b data-path-to-node=\"1\" data-index-in-node=\"4\">Duplex monomode ST\/UPC vers ST\/UPC (SM DX)<\/b> est une interconnexion de fibre optique durcie con\u00e7ue pour les environnements qui exigent une r\u00e9tention m\u00e9canique \u00e9lev\u00e9e. Utilisant un m\u00e9canisme de couplage \u00e0 ba\u00efonnette m\u00e9tallique \u00e0 ressort, ce cavalier double fibre \u201cbleu \u00e0 bleu\u201d est la norme de l'industrie en mati\u00e8re de <b data-path-to-node=\"1\" data-index-in-node=\"285\">l'automatisation industrielle, les r\u00e9seaux f\u00e9d\u00e9rateurs des campus et les syst\u00e8mes de communication de niveau militaire<\/b> o\u00f9 la r\u00e9sistance aux vibrations est essentielle.<\/p>\n<p data-path-to-node=\"2\">Optimis\u00e9 pour la performance monomode OS2, cet assemblage duplex fournit une connexion s\u00e9curis\u00e9e, \u201ctwist-and-lock\u201d, qui assure un flux de donn\u00e9es bidirectionnel continu, m\u00eame dans des conditions physiques difficiles.<\/p>","protected":false},"featured_media":816,"comment_status":"open","ping_status":"closed","template":"","meta":[],"product_brand":[],"product_cat":[45],"product_tag":[],"class_list":{"0":"post-815","1":"product","2":"type-product","3":"status-publish","4":"has-post-thumbnail","6":"product_cat-single-mode-fiber-optic-patch-cord","8":"first","9":"instock","10":"shipping-taxable","11":"product-type-simple"},"_links":{"self":[{"href":"https:\/\/www.fenxifiber.com\/fr\/wp-json\/wp\/v2\/product\/815","targetHints":{"allow":["GET"]}}],"collection":[{"href":"https:\/\/www.fenxifiber.com\/fr\/wp-json\/wp\/v2\/product"}],"about":[{"href":"https:\/\/www.fenxifiber.com\/fr\/wp-json\/wp\/v2\/types\/product"}],"replies":[{"embeddable":true,"href":"https:\/\/www.fenxifiber.com\/fr\/wp-json\/wp\/v2\/comments?post=815"}],"wp:featuredmedia":[{"embeddable":true,"href":"https:\/\/www.fenxifiber.com\/fr\/wp-json\/wp\/v2\/media\/816"}],"wp:attachment":[{"href":"https:\/\/www.fenxifiber.com\/fr\/wp-json\/wp\/v2\/media?parent=815"}],"wp:term":[{"taxonomy":"product_brand","embeddable":true,"href":"https:\/\/www.fenxifiber.com\/fr\/wp-json\/wp\/v2\/product_brand?post=815"},{"taxonomy":"product_cat","embeddable":true,"href":"https:\/\/www.fenxifiber.com\/fr\/wp-json\/wp\/v2\/product_cat?post=815"},{"taxonomy":"product_tag","embeddable":true,"href":"https:\/\/www.fenxifiber.com\/fr\/wp-json\/wp\/v2\/product_tag?post=815"}],"curies":[{"name":"wp","href":"https:\/\/api.w.org\/{rel}","templated":true}]}}