{"id":831,"date":"2026-02-04T02:18:35","date_gmt":"2026-02-04T02:18:35","guid":{"rendered":"https:\/\/www.fenxifiber.com\/?post_type=product&#038;p=831"},"modified":"2026-02-04T02:56:16","modified_gmt":"2026-02-04T02:56:16","slug":"sc-upc-2-0-3-0mm-a-sertir-avec-butee-metallique","status":"publish","type":"product","link":"https:\/\/www.fenxifiber.com\/fr\/product\/sc-upc-2-0-3-0mm-crimp-style-with-metal-stop\/","title":{"rendered":"SC UPC 2.0\/3.0mm \u00e0 sertir avec but\u00e9e m\u00e9tallique | Professional Termination Series"},"content":{"rendered":"<h3 data-path-to-node=\"3\">\ud83d\udee1\ufe0f L'avantage du type \u00e0 sertir<\/h3>\n<p data-path-to-node=\"4\">Contrairement aux composants traditionnels \u00e0 embo\u00eeter, la conception \u00e0 sertir garantit que les \u00e9l\u00e9ments de r\u00e9sistance du c\u00e2ble (fil d'aramide) sont verrouill\u00e9s m\u00e9caniquement \u00e0 l'\u00e9pine dorsale m\u00e9tallique du connecteur. Cela cr\u00e9e un environnement \u201csans contrainte\u201d pour le c\u0153ur de la fibre interne, prot\u00e9geant le verre d\u00e9licat de la tension axiale et des fluctuations de l'environnement.<\/p>\n<h3 data-path-to-node=\"5\">\u2699\ufe0f Capacit\u00e9s techniques de base<\/h3>\n<ul data-path-to-node=\"6\">\n<li>\n<p data-path-to-node=\"6,0,0\"><b data-path-to-node=\"6,0,0\" data-index-in-node=\"0\">Alignement de pr\u00e9cision de la CUP<\/b>: Chaque unit\u00e9 est \u00e9quip\u00e9e d'une virole en c\u00e9ramique de Zircone de premi\u00e8re qualit\u00e9 avec un polissage par contact physique ultra (UPC), offrant une perte de retour in\u00e9gal\u00e9e dans l'industrie de <b data-path-to-node=\"6,0,0\" data-index-in-node=\"171\">\u226550dB<\/b> et une perte d'insertion typique de <b data-path-to-node=\"6,0,0\" data-index-in-node=\"209\">\u22640.20dB<\/b>.<\/p>\n<\/li>\n<li>\n<p data-path-to-node=\"6,1,0\"><b data-path-to-node=\"6,1,0\" data-index-in-node=\"0\">But\u00e9e m\u00e9tallique renforc\u00e9e<\/b>: La but\u00e9e m\u00e9tallique interne sert d'ancrage rigide, emp\u00eachant le \u201cpiston de la virole\u201d - une d\u00e9faillance courante o\u00f9 la fibre se d\u00e9place d'avant en arri\u00e8re \u00e0 l'int\u00e9rieur du bo\u00eetier sous l'effet des changements de temp\u00e9rature.<\/p>\n<\/li>\n<li>\n<p data-path-to-node=\"6,2,0\"><b data-path-to-node=\"6,2,0\" data-index-in-node=\"0\">Compatibilit\u00e9 universelle 2.0mm\/3.0mm<\/b>: L'ensemble modulaire de gaines et de manchons de sertissage est con\u00e7u pour s'adapter aux deux diam\u00e8tres de cordons de brassage standard, offrant ainsi une flexibilit\u00e9 maximale de l'inventaire pour r\u00e9pondre aux diverses exigences des projets.<\/p>\n<\/li>\n<li>\n<p data-path-to-node=\"6,3,0\"><b data-path-to-node=\"6,3,0\" data-index-in-node=\"0\">Construction de mat\u00e9riel industriel<\/b>: Le bo\u00eetier ext\u00e9rieur est fabriqu\u00e9 en polym\u00e8re ignifug\u00e9 \u00e0 fort impact, class\u00e9 UL 94V-0, avec un code couleur bleu standard pour une identification imm\u00e9diate de l'OS2 monomode.<\/p>\n<\/li>\n<\/ul>\n<hr data-path-to-node=\"7\" \/>\n<h3 data-path-to-node=\"8\">\ud83d\udca1 Questions fr\u00e9quemment pos\u00e9es<\/h3>\n<p data-path-to-node=\"9\"><b data-path-to-node=\"9\" data-index-in-node=\"0\">Pourquoi la version \u201cMetal Stop\u201d est-elle pr\u00e9f\u00e9r\u00e9e aux composants standard de la queue de cochon ?<\/b> Les composants standard reposent sur des clips internes en plastique qui peuvent se fatiguer ou se d\u00e9former avec le temps, en particulier dans les parcours de c\u00e2bles verticaux. Le Metal Stop fournit un verrouillage m\u00e9canique permanent et ind\u00e9formable qui garantit un signal stable pendant toute la dur\u00e9e de vie de l'installation.<\/p>\n<p data-path-to-node=\"10\"><b data-path-to-node=\"10\" data-index-in-node=\"0\">Ces composants peuvent-ils \u00eatre utilis\u00e9s pour des applications multimodes ?<\/b> Bien que ce mod\u00e8le sp\u00e9cifique \u00e0 bo\u00eetier bleu soit optimis\u00e9 pour la pr\u00e9cision monomode (OS2), l'architecture \u00e0 sertir est \u00e9galement disponible dans des configurations multimodes (Aqua\/Beige). Cependant, la version monomode offre les tol\u00e9rances les plus \u00e9troites pour les bagues.<\/p>\n<p data-path-to-node=\"11\"><b data-path-to-node=\"11\" data-index-in-node=\"0\">Quel est l'avantage du manchon \u00e0 sertir ?<\/b> Le manchon de sertissage assure une compression \u00e0 360 degr\u00e9s sur la gaine du c\u00e2ble et le Kevlar. Il en r\u00e9sulte une r\u00e9sistance \u00e0 la traction de <b data-path-to-node=\"11\" data-index-in-node=\"177\">\u2265100N<\/b>, Il est donc pratiquement impossible de retirer accidentellement le c\u00e2ble du connecteur lors d'une op\u00e9ration de maintenance de routine.<\/p>\n<p data-path-to-node=\"12\"><b data-path-to-node=\"12\" data-index-in-node=\"0\">Le kit est-il pr\u00eat \u00e0 \u00eatre assembl\u00e9 imm\u00e9diatement ?<\/b> Oui. Chaque ensemble en vrac est fourni sous la forme d'un kit complet : le bo\u00eetier bleu SC UPC, la virole en zircone avec but\u00e9e m\u00e9tallique int\u00e9gr\u00e9e, un ressort \u00e0 haute tension, la douille de sertissage en m\u00e9tal et une botte bleue sp\u00e9cialis\u00e9e con\u00e7ue pour les gaines de 2,0\/3,0 mm.<\/p>","protected":false},"excerpt":{"rendered":"<p data-path-to-node=\"1\"><span class=\"\">Le <\/span><b class=\"\" data-path-to-node=\"1\" data-index-in-node=\"4\">SC UPC Style \u00e0 sertir avec but\u00e9e m\u00e9tallique<\/b><span class=\"\"> repr\u00e9sente une avanc\u00e9e significative dans la technologie des connecteurs assembl\u00e9s sur le terrain.<\/span><span class=\"\"> Aller au-del\u00e0 des pigtails de r\u00e9tention en plastique standard,<\/span><span class=\"\"> ce syst\u00e8me utilise un syst\u00e8me \u00e0 haute t\u00e9nacit\u00e9 <\/span><b class=\"\" data-path-to-node=\"1\" data-index-in-node=\"198\">But\u00e9e m\u00e9tallique<\/b><span class=\"\"> architecture sp\u00e9cialement con\u00e7ue pour 2.<\/span><span class=\"\">0mm et 3.<\/span><span class=\"\">Fibres gain\u00e9es de 0 mm.<\/span><span class=\"\"> C'est le choix d\u00e9finitif pour les installateurs qui privil\u00e9gient la stabilit\u00e9 m\u00e9canique \u00e0 long terme dans les environnements d'entreprise \u00e0 fort trafic et les centres de t\u00e9l\u00e9communication.<\/span><\/p>","protected":false},"featured_media":832,"comment_status":"open","ping_status":"closed","template":"","meta":[],"product_brand":[],"product_cat":[46],"product_tag":[],"class_list":{"0":"post-831","1":"product","2":"type-product","3":"status-publish","4":"has-post-thumbnail","6":"product_cat-field-assembled-pigtail-crimp-type","8":"first","9":"instock","10":"shipping-taxable","11":"product-type-simple"},"_links":{"self":[{"href":"https:\/\/www.fenxifiber.com\/fr\/wp-json\/wp\/v2\/product\/831","targetHints":{"allow":["GET"]}}],"collection":[{"href":"https:\/\/www.fenxifiber.com\/fr\/wp-json\/wp\/v2\/product"}],"about":[{"href":"https:\/\/www.fenxifiber.com\/fr\/wp-json\/wp\/v2\/types\/product"}],"replies":[{"embeddable":true,"href":"https:\/\/www.fenxifiber.com\/fr\/wp-json\/wp\/v2\/comments?post=831"}],"wp:featuredmedia":[{"embeddable":true,"href":"https:\/\/www.fenxifiber.com\/fr\/wp-json\/wp\/v2\/media\/832"}],"wp:attachment":[{"href":"https:\/\/www.fenxifiber.com\/fr\/wp-json\/wp\/v2\/media?parent=831"}],"wp:term":[{"taxonomy":"product_brand","embeddable":true,"href":"https:\/\/www.fenxifiber.com\/fr\/wp-json\/wp\/v2\/product_brand?post=831"},{"taxonomy":"product_cat","embeddable":true,"href":"https:\/\/www.fenxifiber.com\/fr\/wp-json\/wp\/v2\/product_cat?post=831"},{"taxonomy":"product_tag","embeddable":true,"href":"https:\/\/www.fenxifiber.com\/fr\/wp-json\/wp\/v2\/product_tag?post=831"}],"curies":[{"name":"wp","href":"https:\/\/api.w.org\/{rel}","templated":true}]}}