{"id":833,"date":"2026-02-04T02:20:38","date_gmt":"2026-02-04T02:20:38","guid":{"rendered":"https:\/\/www.fenxifiber.com\/?post_type=product&#038;p=833"},"modified":"2026-02-04T02:56:52","modified_gmt":"2026-02-04T02:56:52","slug":"sc-upc-to-apc-2-0-3-0mm-all-plastic-crimp-style","status":"publish","type":"product","link":"https:\/\/www.fenxifiber.com\/fr\/product\/sc-upc-to-apc-2-0-3-0mm-all-plastic-crimp-style\/","title":{"rendered":"SC UPC vers APC hybride 2.0\/3.0mm tout plastique \u00e0 sertir"},"content":{"rendered":"<h3 data-path-to-node=\"4\">\ud83e\uddea L'ing\u00e9nierie hybride : L'interface UPC-APC<\/h3>\n<p data-path-to-node=\"5\">Dans les r\u00e9seaux modernes \u00e0 fibres optiques, la transition entre le contact physique ultra (UPC) et le contact physique angulaire (APC) est un point critique de d\u00e9gradation potentielle du signal. Nos composants hybrides sont con\u00e7us pour g\u00e9rer cette interface avec une pr\u00e9cision chirurgicale.<\/p>\n<ul data-path-to-node=\"6\">\n<li>\n<p data-path-to-node=\"6,0,0\"><b data-path-to-node=\"6,0,0\" data-index-in-node=\"0\">L'avantage APC (angle de 8\u00b0) :<\/b> Le c\u00f4t\u00e9 APC est dot\u00e9 d'une face d'extr\u00e9mit\u00e9 angulaire \u00e0 8 degr\u00e9s, rectifi\u00e9e avec pr\u00e9cision. Cela garantit que toute lumi\u00e8re r\u00e9fl\u00e9chie est coupl\u00e9e dans la gaine de la fibre plut\u00f4t que renvoy\u00e9e vers la source laser, ce qui permet d'obtenir une perte de retour de <b data-path-to-node=\"6,0,0\" data-index-in-node=\"237\">\u226560dB<\/b>.<\/p>\n<\/li>\n<li>\n<p data-path-to-node=\"6,1,0\"><b data-path-to-node=\"6,1,0\" data-index-in-node=\"0\">La stabilit\u00e9 de la CUP :<\/b> La face UPC offre un polissage sph\u00e9rique de haute qualit\u00e9, garantissant une perte de retour de <b data-path-to-node=\"6,1,0\" data-index-in-node=\"100\">\u226550dB<\/b>, La gamme de produits de l'IBC est id\u00e9ale pour la transmission de signaux num\u00e9riques lorsque la suppression extr\u00eame de la r\u00e9tro-r\u00e9flexion n'est pas la pr\u00e9occupation principale, mais qu'une faible perte d'insertion est obligatoire.<\/p>\n<\/li>\n<li>\n<p data-path-to-node=\"6,2,0\"><b data-path-to-node=\"6,2,0\" data-index-in-node=\"0\">Compatibilit\u00e9 crois\u00e9e :<\/b> Cette configuration hybride est la norme pour connecter les routeurs grand public (souvent UPC) aux lignes d'alimentation des op\u00e9rateurs (standardis\u00e9es sur APC).<\/p>\n<\/li>\n<\/ul>\n<hr data-path-to-node=\"7\" \/>\n<h3 data-path-to-node=\"8\">\ud83d\udee0 Technologie de sertissage tout plastique<\/h3>\n<p data-path-to-node=\"9\">La d\u00e9signation \u201cAll-Plastic\u201d fait r\u00e9f\u00e9rence au m\u00e9canisme de r\u00e9tention interne, qui utilise des polym\u00e8res techniques de haute performance au lieu de but\u00e9es m\u00e9talliques. Ce choix de conception offre plusieurs avantages uniques pour des sc\u00e9narios de d\u00e9ploiement sp\u00e9cifiques :<\/p>\n<p data-path-to-node=\"10\"><b data-path-to-node=\"10\" data-index-in-node=\"0\">1. Int\u00e9grit\u00e9 des structures l\u00e9g\u00e8res<\/b> En utilisant des plastiques ultra-rigides et ignifug\u00e9s pour le corps de sertissage interne, le connecteur conserve un profil de poids r\u00e9duit. Cela r\u00e9duit la charge m\u00e9canique sur les ports fibre d\u00e9licats dans les ODF (Optical Distribution Frames) \u00e0 haute densit\u00e9.<\/p>\n<p data-path-to-node=\"11\"><b data-path-to-node=\"11\" data-index-in-node=\"0\">2. Architecture non corrosive<\/b> Dans les environnements tr\u00e8s humides ou expos\u00e9s \u00e0 des produits chimiques, o\u00f9 les composants m\u00e9talliques risquent de s'oxyder avec le temps, la sertissure tout plastique reste inerte. Il s'agit donc d'un excellent choix pour les installations c\u00f4ti\u00e8res et les usines industrielles.<\/p>\n<p data-path-to-node=\"12\"><b data-path-to-node=\"12\" data-index-in-node=\"0\">3. Verrouillage de pr\u00e9cision et pr\u00e9vention du \u201cpistonnage<\/b> Bien qu'il soit enti\u00e8rement en plastique, le syst\u00e8me de clip interne est moul\u00e9 avec des tol\u00e9rances de l'ordre du micron. Il bloque la virole en zircone dans une position axiale fixe, emp\u00eachant l'effet de \u201cpiston\u201d (mouvement d'avant en arri\u00e8re de la virole) pendant les cycles de temp\u00e9rature de -40\u00b0C \u00e0 +75\u00b0C.<\/p>\n<p data-path-to-node=\"13\"><b data-path-to-node=\"13\" data-index-in-node=\"0\">4. Syst\u00e8me de bottes \u00e0 double diam\u00e8tre<\/b> Les bottes incluses sont con\u00e7ues avec une g\u00e9om\u00e9trie interne conique. Cela permet \u00e0 un seul kit de fournir une d\u00e9charge de traction professionnelle pour les deux <b data-path-to-node=\"13\" data-index-in-node=\"169\">2,0 mm<\/b> les cordons de raccordement et <b data-path-to-node=\"13\" data-index-in-node=\"191\">3,0 mm<\/b> des c\u00e2bles \u00e0 gaine r\u00e9sistante, ce qui simplifie la gestion des stocks pour les d\u00e9ploiements \u00e0 grande \u00e9chelle.<\/p>\n<hr data-path-to-node=\"14\" \/>\n<h3 data-path-to-node=\"15\">\ud83d\udcc8 Param\u00e8tres techniques en profondeur<\/h3>\n<ul data-path-to-node=\"16\">\n<li>\n<p data-path-to-node=\"16,0,0\"><b data-path-to-node=\"16,0,0\" data-index-in-node=\"0\">Pr\u00e9cision optique :<\/b> Elle est dot\u00e9e d'une virole en c\u00e9ramique de Zircone de haute qualit\u00e9 avec un d\u00e9faut de concentricit\u00e9 de <b data-path-to-node=\"16,0,0\" data-index-in-node=\"96\">\u22640.5\u03bcm<\/b>, Le noyau lumineux reste ainsi parfaitement centr\u00e9 lors de l'accouplement.<\/p>\n<\/li>\n<li>\n<p data-path-to-node=\"16,1,0\"><b data-path-to-node=\"16,1,0\" data-index-in-node=\"0\">Profil de perte d'insertion :<\/b> Optimis\u00e9 pour une perte moyenne de <b data-path-to-node=\"16,1,0\" data-index-in-node=\"57\">\u22640.20dB<\/b>, d\u00e9passant largement les exigences de la norme TIA\/EIA-568.<\/p>\n<\/li>\n<li>\n<p data-path-to-node=\"16,2,0\"><b data-path-to-node=\"16,2,0\" data-index-in-node=\"0\">Fiabilit\u00e9 \u00e0 la traction :<\/b> Le m\u00e9canisme de sertissage est con\u00e7u pour une r\u00e9sistance \u00e0 l'arrachement de <b data-path-to-node=\"16,2,0\" data-index-in-node=\"73\">\u2265100N<\/b>, La fibre reste ainsi connect\u00e9e m\u00eame si le c\u00e2ble est soumis \u00e0 des tiraillements accidentels ou \u00e0 une forte tension d'acheminement.<\/p>\n<\/li>\n<li>\n<p data-path-to-node=\"16,3,0\"><b data-path-to-node=\"16,3,0\" data-index-in-node=\"0\">S\u00e9curit\u00e9 des mat\u00e9riaux :<\/b> L'ensemble du bo\u00eetier et du soufflet est fabriqu\u00e9 en <b data-path-to-node=\"16,3,0\" data-index-in-node=\"76\">Class\u00e9 UL 94V-0<\/b> mat\u00e9riaux ignifuges, conformes aux normes environnementales mondiales RoHS et REACH.<\/p>\n<\/li>\n<\/ul>\n<hr data-path-to-node=\"17\" \/>\n<h3 data-path-to-node=\"18\">\ud83d\udca1 FAQ : Comprendre la s\u00e9rie hybride tout plastique<\/h3>\n<p data-path-to-node=\"19\"><b data-path-to-node=\"19\" data-index-in-node=\"0\">Q : Quand dois-je choisir la version \u201cAll-Plastic Crimp\u201d plut\u00f4t que la version \u201cMetal Stop\u201d ?<\/b> <b data-path-to-node=\"19\" data-index-in-node=\"75\">A :<\/b> La version tout plastique est id\u00e9ale pour les d\u00e9ploiements int\u00e9rieurs standard et les projets sensibles aux co\u00fbts o\u00f9 le poids et la r\u00e9sistance \u00e0 la corrosion sont plus importants qu'une r\u00e9sistance extr\u00eame \u00e0 l'\u00e9crasement de qualit\u00e9 industrielle. Elle offre les m\u00eames performances optiques que les versions \u00e0 but\u00e9e m\u00e9tallique, mais \u00e0 un prix plus comp\u00e9titif.<\/p>\n<p data-path-to-node=\"20\"><b data-path-to-node=\"20\" data-index-in-node=\"0\">Q : Pourquoi la configuration hybride CUP\/APC est-elle n\u00e9cessaire ?<\/b> <b data-path-to-node=\"20\" data-index-in-node=\"46\">A :<\/b> De nombreux r\u00e9seaux modernes utilisent l'APC pour l'installation externe (pour g\u00e9rer les signaux de haute puissance et emp\u00eacher les r\u00e9flexions) mais utilisent le mat\u00e9riel UPC pour la commutation interne. Ces composants vous permettent de cr\u00e9er des cordons de raccordement hybrides de longueur personnalis\u00e9e ou des pigtails pour faire le lien entre ces deux normes diff\u00e9rentes sans utiliser d'adaptateurs encombrants.<\/p>\n<p data-path-to-node=\"21\"><b data-path-to-node=\"21\" data-index-in-node=\"0\">Q : Un outil de sertissage sp\u00e9cial est-il n\u00e9cessaire pour le mod\u00e8le All-Plastic ?<\/b> <b data-path-to-node=\"21\" data-index-in-node=\"66\">A :<\/b> Ces composants sont compatibles avec les outils de sertissage hexagonal standard utilis\u00e9s pour les connecteurs SC. Le corps interne en plastique est con\u00e7u pour se d\u00e9former l\u00e9g\u00e8rement sous la pression de la douille de sertissage m\u00e9tallique afin de cr\u00e9er un verrouillage permanent \u00e0 haute friction sur les \u00e9l\u00e9ments de r\u00e9sistance en Kevlar.<\/p>\n<p data-path-to-node=\"22\"><b data-path-to-node=\"22\" data-index-in-node=\"0\">Q : Peut-on les utiliser pour la fibre multimode ?<\/b> <b data-path-to-node=\"22\" data-index-in-node=\"42\">A :<\/b> Bien que le corps m\u00e9canique soit adapt\u00e9, le connecteur APC (vert) est presque exclusivement utilis\u00e9 pour les fibres monomodes. L'utilisation d'un connecteur APC sur une fibre multimode entra\u00eenerait une perte d'insertion extr\u00eamement \u00e9lev\u00e9e en raison de la non-concordance de l'angle de 8 degr\u00e9s. Pour le multimode, nous recommandons notre s\u00e9rie standard SC UPC (Beige\/Aqua) All-Plastic.<\/p>","protected":false},"excerpt":{"rendered":"<p data-path-to-node=\"1\">Le <b data-path-to-node=\"1\" data-index-in-node=\"4\">SC UPC vers APC Hybride tout plastique \u00e0 sertir<\/b> est une solution sp\u00e9cialis\u00e9e con\u00e7ue pour assurer des transitions de signaux transparentes dans les r\u00e9seaux optiques \u00e0 haute densit\u00e9. Contrairement aux pigtails standard, ce syst\u00e8me <b data-path-to-node=\"1\" data-index-in-node=\"192\">Sertissage tout plastique<\/b> offre une m\u00e9thode de terminaison l\u00e9g\u00e8re mais \u00e0 haute t\u00e9nacit\u00e9 qui optimise les co\u00fbts sans sacrifier la stabilit\u00e9 m\u00e9canique. Elle est sp\u00e9cialement con\u00e7ue pour combler le foss\u00e9 entre les interfaces bleues (UPC) et vertes (APC), ce qui en fait un composant essentiel pour les applications suivantes <b data-path-to-node=\"1\" data-index-in-node=\"475\">la fabrication de cordons de raccordement hybrides, l'infrastructure GPON\/EPON et les environnements d'essai en laboratoire<\/b>.<\/p>\n<p data-path-to-node=\"2\">Cette s\u00e9rie fournit un kit d'assemblage d\u00e9di\u00e9 de type queue de cochon qui permet aux techniciens de terminer la fibre \u00e0 gaine de 2,0 mm ou de 3,0 mm directement dans une configuration hybride, garantissant que les r\u00e9flexions arri\u00e8re sont g\u00e9r\u00e9es pr\u00e9cis\u00e9ment l\u00e0 o\u00f9 l'architecture du r\u00e9seau change de types de polis.<\/p>","protected":false},"featured_media":835,"comment_status":"open","ping_status":"closed","template":"","meta":[],"product_brand":[],"product_cat":[46],"product_tag":[],"class_list":{"0":"post-833","1":"product","2":"type-product","3":"status-publish","4":"has-post-thumbnail","6":"product_cat-field-assembled-pigtail-crimp-type","8":"first","9":"instock","10":"shipping-taxable","11":"product-type-simple"},"_links":{"self":[{"href":"https:\/\/www.fenxifiber.com\/fr\/wp-json\/wp\/v2\/product\/833","targetHints":{"allow":["GET"]}}],"collection":[{"href":"https:\/\/www.fenxifiber.com\/fr\/wp-json\/wp\/v2\/product"}],"about":[{"href":"https:\/\/www.fenxifiber.com\/fr\/wp-json\/wp\/v2\/types\/product"}],"replies":[{"embeddable":true,"href":"https:\/\/www.fenxifiber.com\/fr\/wp-json\/wp\/v2\/comments?post=833"}],"wp:featuredmedia":[{"embeddable":true,"href":"https:\/\/www.fenxifiber.com\/fr\/wp-json\/wp\/v2\/media\/835"}],"wp:attachment":[{"href":"https:\/\/www.fenxifiber.com\/fr\/wp-json\/wp\/v2\/media?parent=833"}],"wp:term":[{"taxonomy":"product_brand","embeddable":true,"href":"https:\/\/www.fenxifiber.com\/fr\/wp-json\/wp\/v2\/product_brand?post=833"},{"taxonomy":"product_cat","embeddable":true,"href":"https:\/\/www.fenxifiber.com\/fr\/wp-json\/wp\/v2\/product_cat?post=833"},{"taxonomy":"product_tag","embeddable":true,"href":"https:\/\/www.fenxifiber.com\/fr\/wp-json\/wp\/v2\/product_tag?post=833"}],"curies":[{"name":"wp","href":"https:\/\/api.w.org\/{rel}","templated":true}]}}