{"id":836,"date":"2026-02-04T02:25:08","date_gmt":"2026-02-04T02:25:08","guid":{"rendered":"https:\/\/www.fenxifiber.com\/?post_type=product&#038;p=836"},"modified":"2026-02-04T02:46:29","modified_gmt":"2026-02-04T02:46:29","slug":"sc-duplex-2-0-3-0mm-upc-apc-hybrid-multimode","status":"publish","type":"product","link":"https:\/\/www.fenxifiber.com\/fr\/product\/sc-duplex-2-0-3-0mm-upc-apc-hybrid-multimode\/","title":{"rendered":"SC Duplex 2.0\/3.0mm UPC\/APC Hybride Multimode"},"content":{"rendered":"<h2 data-path-to-node=\"8\">\ud83d\udcca Matrice des performances techniques<\/h2>\n<table style=\"width: 100%; border-collapse: separate; border-spacing: 0; margin: 20px 0; border: 1px solid #e1e1e1; border-radius: 8px; overflow: hidden; font-family: 'Segoe UI', Arial, sans-serif;\">\n<thead style=\"background-color: #2c3e50; color: white;\">\n<tr>\n<th style=\"padding: 15px; text-align: left;\">Param\u00e8tres<\/th>\n<th style=\"padding: 15px; text-align: left;\">monomode (UPC\/APC)<\/th>\n<th style=\"padding: 12px; text-align: left;\">Multimode (OM1-OM4)<\/th>\n<\/tr>\n<\/thead>\n<tbody>\n<tr style=\"background-color: #ffffff;\">\n<td style=\"padding: 12px; border-bottom: 1px solid #eee;\"><strong>Perte d'insertion (IL)<\/strong><\/td>\n<td style=\"padding: 12px; border-bottom: 1px solid #eee;\">\u2264 0,20 dB (typique)<\/td>\n<td style=\"padding: 12px; border-bottom: 1px solid #eee;\">\u2264 0,25 dB (typique)<\/td>\n<\/tr>\n<tr style=\"background-color: #fcfcfc;\">\n<td style=\"padding: 12px; border-bottom: 1px solid #eee;\"><strong>Perte de retour (RL)<\/strong><\/td>\n<td style=\"padding: 12px; border-bottom: 1px solid #eee;\">UPC \u2265 50dB | APC \u2265 60dB<\/td>\n<td style=\"padding: 12px; border-bottom: 1px solid #eee;\">\u2265 35 dB<\/td>\n<\/tr>\n<tr style=\"background-color: #ffffff;\">\n<td style=\"padding: 12px; border-bottom: 1px solid #eee;\"><strong>Durabilit\u00e9<\/strong><\/td>\n<td style=\"padding: 12px; border-bottom: 1px solid #eee;\">&gt; 1000 cycles d'accouplement<\/td>\n<td style=\"padding: 12px; border-bottom: 1px solid #eee;\">&gt; 1000 cycles d'accouplement<\/td>\n<\/tr>\n<tr style=\"background-color: #fcfcfc;\">\n<td style=\"padding: 12px; border-bottom: 1px solid #eee;\"><strong>R\u00e9sistance \u00e0 la traction<\/strong><\/td>\n<td style=\"padding: 12px; border-bottom: 1px solid #eee;\">\u2265 100N (2.0\/3.0mm)<\/td>\n<td style=\"padding: 12px; border-bottom: 1px solid #eee;\">\u2265 100N (2.0\/3.0mm)<\/td>\n<\/tr>\n<tr style=\"background-color: #ffffff;\">\n<td style=\"padding: 12px;\"><strong>Temp\u00e9rature de fonctionnement<\/strong><\/td>\n<td style=\"padding: 12px;\">-40\u00b0C \u00e0 +85\u00b0C<\/td>\n<td style=\"padding: 12px;\">De -40\u00b0C \u00e0 +75\u00b0C<\/td>\n<\/tr>\n<\/tbody>\n<\/table>\n<h2 data-path-to-node=\"12\">\ud83d\udca1 Aper\u00e7u de l'application et FAQ<\/h2>\n<p data-path-to-node=\"13\"><b data-path-to-node=\"13\" data-index-in-node=\"0\">Q : Comment les codes de couleur correspondent-ils aux types de fibres ?<\/b> <b data-path-to-node=\"13\" data-index-in-node=\"57\">A :<\/b> Nous suivons les normes internationales TIA :<\/p>\n<ul data-path-to-node=\"14\">\n<li>\n<p data-path-to-node=\"14,0,0\"><b data-path-to-node=\"14,0,0\" data-index-in-node=\"0\">Bleu :<\/b> UPC monomode (OS2)<\/p>\n<\/li>\n<li>\n<p data-path-to-node=\"14,1,0\"><b data-path-to-node=\"14,1,0\" data-index-in-node=\"0\">Vert :<\/b> APC monomode (OS2)<\/p>\n<\/li>\n<li>\n<p data-path-to-node=\"14,2,0\"><b data-path-to-node=\"14,2,0\" data-index-in-node=\"0\">Beige :<\/b> Multimode (OM1\/OM2)<\/p>\n<\/li>\n<li>\n<p data-path-to-node=\"14,3,0\"><b data-path-to-node=\"14,3,0\" data-index-in-node=\"0\">Aqua :<\/b> Multimode (OM3\/OM4 10G)<\/p>\n<\/li>\n<li>\n<p data-path-to-node=\"14,4,0\"><b data-path-to-node=\"14,4,0\" data-index-in-node=\"0\">Magenta :<\/b> Multimode (OM4 High-Bandwidth)<\/p>\n<\/li>\n<\/ul>\n<p data-path-to-node=\"15\"><b data-path-to-node=\"15\" data-index-in-node=\"0\">Q : Ces connecteurs peuvent-ils \u00eatre utilis\u00e9s pour des installations APC multimodes hybrides ?<\/b> <b data-path-to-node=\"15\" data-index-in-node=\"65\">A :<\/b> Bien que l'APC soit la norme pour le monomode, nous pouvons fournir <b data-path-to-node=\"15\" data-index-in-node=\"122\">Multimode APC<\/b> pour des applications m\u00e9dicales et sensorielles sp\u00e9cifiques. Ces connecteurs sont g\u00e9n\u00e9ralement command\u00e9s sur mesure par l'interm\u00e9diaire de notre <b data-path-to-node=\"15\" data-index-in-node=\"241\">Fabricant direct<\/b> service.<\/p>\n<p data-path-to-node=\"16\"><b data-path-to-node=\"16\" data-index-in-node=\"0\">Q : Le clip duplex est-il amovible ?<\/b> <b data-path-to-node=\"16\" data-index-in-node=\"33\">A :<\/b> Oui. Nos connecteurs SC Duplex sont dot\u00e9s d'un clip amovible \u00e0 haute tension, permettant aux connecteurs d'\u00eatre utilis\u00e9s individuellement comme Simplex si n\u00e9cessaire, ou d'\u00eatre r\u00e9align\u00e9s pour la correction de la polarit\u00e9.<\/p>\n<p data-path-to-node=\"17\"><b data-path-to-node=\"17\" data-index-in-node=\"0\">Q : Quel est l'avantage de la botte de 3,0 mm par rapport \u00e0 celle de 2,0 mm ?<\/b> <b data-path-to-node=\"17\" data-index-in-node=\"62\">A :<\/b> La gaine de 3,0 mm est con\u00e7ue pour les c\u00e2bles de raccordement \u00e0 gaine plus \u00e9paisse utilis\u00e9s dans des environnements difficiles ou des \u00e9l\u00e9vations verticales o\u00f9 une tension de traction plus \u00e9lev\u00e9e et une protection contre les courbures sont n\u00e9cessaires. La gaine de 2,0 mm est optimis\u00e9e pour le brassage \u00e0 haute densit\u00e9 dans les ODF.<\/p>","protected":false},"excerpt":{"rendered":"<p data-path-to-node=\"1\"><span class=\"\">Le <\/span><b class=\"\" data-path-to-node=\"1\" data-index-in-node=\"4\">Connecteur duplex SC<\/b><span class=\"\"> est une s\u00e9rie polyvalente,<\/span><span class=\"\"> solution \u00e0 faible facteur de forme con\u00e7ue pour les applications monomodes (OS2) et multimodes (OM1\/OM2\/OM3\/OM4).<\/span><span class=\"\"> Soutenir \u00e0 la fois <\/span><b class=\"\" data-path-to-node=\"1\" data-index-in-node=\"172\">2,0 mm et 3,0 mm<\/b><span class=\"\"> les diam\u00e8tres des c\u00e2bles,<\/span><span class=\"\"> Ces connecteurs utilisent un m\u00e9canisme de couplage push-pull pour un d\u00e9ploiement rapide et une gestion des fibres \u00e0 haute densit\u00e9.<\/span><\/p>\n<p data-path-to-node=\"2\"><span class=\"\">Disponible en <\/span><b class=\"\" data-path-to-node=\"2\" data-index-in-node=\"13\">UPC (Ultra Physical Contact)<\/b><span class=\"\"> et <\/span><b class=\"\" data-path-to-node=\"2\" data-index-in-node=\"46\">APC (contact physique angulaire)<\/b><span class=\"\"> les types de polis,<\/span><span class=\"\"> nos connecteurs SC Duplex sont cod\u00e9s par couleur selon les normes internationales (bleu),<\/span><span class=\"\"> Vert,<\/span><span class=\"\"> Aqua,<\/span><span class=\"\"> Beige,<\/span><span class=\"\"> et Magenta) pour garantir un correctif sans erreur dans des environnements r\u00e9seau complexes.<\/span><\/p>","protected":false},"featured_media":838,"comment_status":"open","ping_status":"closed","template":"","meta":[],"product_brand":[],"product_cat":[47],"product_tag":[],"class_list":{"0":"post-836","1":"product","2":"type-product","3":"status-publish","4":"has-post-thumbnail","6":"product_cat-sc-duplex-connector-single-mode-multimode","8":"first","9":"instock","10":"shipping-taxable","11":"product-type-simple"},"_links":{"self":[{"href":"https:\/\/www.fenxifiber.com\/fr\/wp-json\/wp\/v2\/product\/836","targetHints":{"allow":["GET"]}}],"collection":[{"href":"https:\/\/www.fenxifiber.com\/fr\/wp-json\/wp\/v2\/product"}],"about":[{"href":"https:\/\/www.fenxifiber.com\/fr\/wp-json\/wp\/v2\/types\/product"}],"replies":[{"embeddable":true,"href":"https:\/\/www.fenxifiber.com\/fr\/wp-json\/wp\/v2\/comments?post=836"}],"wp:featuredmedia":[{"embeddable":true,"href":"https:\/\/www.fenxifiber.com\/fr\/wp-json\/wp\/v2\/media\/838"}],"wp:attachment":[{"href":"https:\/\/www.fenxifiber.com\/fr\/wp-json\/wp\/v2\/media?parent=836"}],"wp:term":[{"taxonomy":"product_brand","embeddable":true,"href":"https:\/\/www.fenxifiber.com\/fr\/wp-json\/wp\/v2\/product_brand?post=836"},{"taxonomy":"product_cat","embeddable":true,"href":"https:\/\/www.fenxifiber.com\/fr\/wp-json\/wp\/v2\/product_cat?post=836"},{"taxonomy":"product_tag","embeddable":true,"href":"https:\/\/www.fenxifiber.com\/fr\/wp-json\/wp\/v2\/product_tag?post=836"}],"curies":[{"name":"wp","href":"https:\/\/api.w.org\/{rel}","templated":true}]}}