{"id":857,"date":"2026-02-04T02:42:12","date_gmt":"2026-02-04T02:42:12","guid":{"rendered":"https:\/\/www.fenxifiber.com\/?post_type=product&#038;p=857"},"modified":"2026-02-04T03:03:09","modified_gmt":"2026-02-04T03:03:09","slug":"sc-upc-2-0-3-0mm-multimode-tout-plastique","status":"publish","type":"product","link":"https:\/\/www.fenxifiber.com\/fr\/product\/sc-upc-2-0-3-0mm-multimode-all-plastic\/","title":{"rendered":"SC UPC 2.0\/3.0mm Multimode Tout en plastique | R\u00e9seau local d'entreprise S\u00e9rie"},"content":{"rendered":"<h2 data-path-to-node=\"4\">\ud83d\udd2c Innovation mat\u00e9rielle et conception structurelle<\/h2>\n<p data-path-to-node=\"5\">La d\u00e9signation \u201ctout plastique\u201d fait r\u00e9f\u00e9rence au cadre interne en polym\u00e8re \u00e0 haute t\u00e9nacit\u00e9. Cette conception refl\u00e8te les tendances modernes en mati\u00e8re d'ing\u00e9nierie, ax\u00e9es sur l'efficacit\u00e9 des mat\u00e9riaux et la r\u00e9sistance \u00e0 l'environnement.<\/p>\n<ul data-path-to-node=\"6\">\n<li>\n<p data-path-to-node=\"6,0,0\"><b data-path-to-node=\"6,0,0\" data-index-in-node=\"0\">Construction di\u00e9lectrique non conductrice :<\/b> En utilisant un syst\u00e8me de r\u00e9tention polym\u00e8re 100%, ces connecteurs sont intrins\u00e8quement s\u00fbrs pour une utilisation dans des zones \u00e0 fortes interf\u00e9rences \u00e9lectromagn\u00e9tiques (EMI) ou \u00e0 proximit\u00e9 de syst\u00e8mes de distribution d'\u00e9nergie, assurant une conductivit\u00e9 \u00e9lectrique nulle le long du chemin de la fibre.<\/p>\n<\/li>\n<li>\n<p data-path-to-node=\"6,1,0\"><b data-path-to-node=\"6,1,0\" data-index-in-node=\"0\">Protection contre la corrosion Long\u00e9vit\u00e9 :<\/b> Contrairement aux composants \u00e0 base de m\u00e9tal qui peuvent s'oxyder dans des environnements de centres de donn\u00e9es humides ou \u201cd'all\u00e9es chaudes\u201d, les plastiques de qualit\u00e9 technique restent inertes, garantissant que le m\u00e9canisme de verrouillage ne devienne jamais cassant ou coinc\u00e9.<\/p>\n<\/li>\n<li>\n<p data-path-to-node=\"6,2,0\"><b data-path-to-node=\"6,2,0\" data-index-in-node=\"0\">Technologie d'adaptation thermique :<\/b> Le cadre interne est moul\u00e9 \u00e0 partir d'un thermoplastique dont le coefficient de dilatation thermique correspond \u00e9troitement \u00e0 celui de la virole en zircone. <b data-path-to-node=\"6,2,0\" data-index-in-node=\"171\">Contact physique ultra (UPC)<\/b> stabilit\u00e9 pendant les pics de temp\u00e9rature dans les baies d'\u00e9quipement actif.<\/p>\n<\/li>\n<li>\n<p data-path-to-node=\"6,3,0\"><b data-path-to-node=\"6,3,0\" data-index-in-node=\"0\">Zone de sertissage optimis\u00e9e de 2,0\/3,0 mm :<\/b> Le corps interne en plastique pr\u00e9sente une surface textur\u00e9e qui, lorsqu'elle est comprim\u00e9e avec la douille de sertissage m\u00e9tallique, cr\u00e9e un verrouillage \u00e0 friction \u00e9lev\u00e9e sur le fil d'aramide (Kevlar), offrant une r\u00e9sistance \u00e0 l'arrachement de <b data-path-to-node=\"6,3,0\" data-index-in-node=\"229\">\u2265100N<\/b>.<\/p>\n<\/li>\n<\/ul>\n<hr data-path-to-node=\"7\" \/>\n<h2 data-path-to-node=\"8\">\ud83d\udce1 Sc\u00e9narios d'application strat\u00e9gique<\/h2>\n<p data-path-to-node=\"9\">La s\u00e9rie SC UPC Multimode All-Plastic excelle dans diverses architectures de r\u00e9seau :<\/p>\n<h3 data-path-to-node=\"10\">1. Centres de donn\u00e9es 10G\/40G \u00e0 haut d\u00e9bit<\/h3>\n<p data-path-to-node=\"11\">Dans les environnements OM3 et OM4 10Gbps, la perte d'insertion est le principal ennemi. <span class=\"citation-1\">Nos connecteurs utilisent des <\/span><b data-path-to-node=\"11\" data-index-in-node=\"104\"><span class=\"citation-1\">Ferrules en c\u00e9ramique de zircone<\/span><\/b><span class=\"citation-1 citation-end-1\"> avec un al\u00e9sage l\u00e9g\u00e8rement plus large (127\u00b5m) sp\u00e9cifiquement pour la fibre multimode, garantissant que le noyau porteur de lumi\u00e8re est parfaitement align\u00e9 pour minimiser la dispersion modale.<\/span><\/p>\n<div class=\"source-inline-chip-container ng-star-inserted\"><\/div>\n<p>&nbsp;<\/p>\n<h3 data-path-to-node=\"12\">2. Dorsale d'entreprise et c\u00e2blage horizontal<\/h3>\n<p data-path-to-node=\"13\">La l\u00e9g\u00e8ret\u00e9 de ces connecteurs les rend id\u00e9aux pour les d\u00e9ploiements \u00e0 grande \u00e9chelle dans les bureaux. Ils r\u00e9duisent la charge m\u00e9canique totale sur les ODF et les panneaux de brassage, \u00e9vitant ainsi le \u201cport-sag\u201d \u00e0 long terme qui peut se produire dans les racks contenant des milliers de connexions.<\/p>\n<h3 data-path-to-node=\"14\">3. Automatisation industrielle et imagerie m\u00e9dicale<\/h3>\n<p data-path-to-node=\"15\">Dans les environnements n\u00e9cessitant une isolation \u00e9lectrique, tels que les salles d'IRM m\u00e9dicales ou les armoires de contr\u00f4le PLC industrielles, la structure interne non m\u00e9tallique du connecteur SC tout plastique offre une couche suppl\u00e9mentaire de s\u00e9curit\u00e9 et de puret\u00e9 du signal.<\/p>\n<hr data-path-to-node=\"16\" \/>\n<h2 data-path-to-node=\"17\">\ud83d\udcc8 Crit\u00e8res de performance technique<\/h2>\n<table data-path-to-node=\"18\">\n<thead>\n<tr>\n<td><strong>Mesure de la performance<\/strong><\/td>\n<td><strong>Niveau de sp\u00e9cification<\/strong><\/td>\n<td><strong>Avantage op\u00e9rationnel<\/strong><\/td>\n<\/tr>\n<\/thead>\n<tbody>\n<tr>\n<td><span data-path-to-node=\"18,1,0,0\"><b data-path-to-node=\"18,1,0,0\" data-index-in-node=\"0\">Compatibilit\u00e9 des fibres<\/b><\/span><\/td>\n<td><span data-path-to-node=\"18,1,1,0\">Multimode 50\/125\u00b5m ou 62,5\/125\u00b5m<\/span><\/td>\n<td><span data-path-to-node=\"18,1,2,0\">Prend en charge OM1, OM2, OM3, OM4<\/span><\/td>\n<\/tr>\n<tr>\n<td><span data-path-to-node=\"18,2,0,0\"><b data-path-to-node=\"18,2,0,0\" data-index-in-node=\"0\">Couleur du bo\u00eetier<\/b><\/span><\/td>\n<td><span data-path-to-node=\"18,2,1,0\">Aqua (OM3\/4) \/ Beige (OM1\/2)<\/span><\/td>\n<td><span data-path-to-node=\"18,2,2,0\">Identification visuelle rapide des r\u00e9seaux<\/span><\/td>\n<\/tr>\n<tr>\n<td><span data-path-to-node=\"18,3,0,0\"><b data-path-to-node=\"18,3,0,0\" data-index-in-node=\"0\">Perte d'insertion (IL)<\/b><\/span><\/td>\n<td><span data-path-to-node=\"18,3,1,0\"><b data-path-to-node=\"18,3,1,0\" data-index-in-node=\"0\">Typique : \u2264 0,15 dB<\/b> \/ Max : \u2264 0,25 dB<\/span><\/td>\n<td><span data-path-to-node=\"18,3,2,0\">Pr\u00e9serve le signal sur de longues dur\u00e9es<\/span><\/td>\n<\/tr>\n<tr>\n<td><span data-path-to-node=\"18,4,0,0\"><b data-path-to-node=\"18,4,0,0\" data-index-in-node=\"0\">Perte de retour (RL)<\/b><\/span><\/td>\n<td><span data-path-to-node=\"18,4,1,0\">\u2265 30 dB (UPC)<\/span><\/td>\n<td><span data-path-to-node=\"18,4,2,0\">R\u00e9duit la gigue dans les liaisons \u00e0 grande vitesse<\/span><\/td>\n<\/tr>\n<tr>\n<td><span data-path-to-node=\"18,5,0,0\"><b data-path-to-node=\"18,5,0,0\" data-index-in-node=\"0\">Force de r\u00e9tention<\/b><\/span><\/td>\n<td><span data-path-to-node=\"18,5,1,0\">\u2265 100N (22.5 lbs)<\/span><\/td>\n<td><span data-path-to-node=\"18,5,2,0\">S\u00e9curit\u00e9 contre les tiraillements accidentels<\/span><\/td>\n<\/tr>\n<tr>\n<td><span data-path-to-node=\"18,6,0,0\"><b data-path-to-node=\"18,6,0,0\" data-index-in-node=\"0\">Cycles d'accouplement<\/b><\/span><\/td>\n<td><span data-path-to-node=\"18,6,1,0\">&gt; 1000 fois<\/span><\/td>\n<td><span data-path-to-node=\"18,6,2,0\">Fiable pour les correctifs fr\u00e9quents<\/span><\/td>\n<\/tr>\n<tr>\n<td><span data-path-to-node=\"18,7,0,0\"><b data-path-to-node=\"18,7,0,0\" data-index-in-node=\"0\">Conformit\u00e9 en mati\u00e8re de s\u00e9curit\u00e9<\/b><\/span><\/td>\n<td><span data-path-to-node=\"18,7,1,0\">UL 94V-0 \/ RoHS \/ REACH<\/span><\/td>\n<td><span data-path-to-node=\"18,7,2,0\">Normes environnementales mondiales<\/span><\/td>\n<\/tr>\n<\/tbody>\n<\/table>\n<hr data-path-to-node=\"19\" \/>\n<h2 data-path-to-node=\"20\">\ud83d\udee0 Personnalisation de la fabrication et de la qualit\u00e9<\/h2>\n<p data-path-to-node=\"21\">En tant que partenaire de fabrication directe, nous fournissons ces connecteurs avec plusieurs options \u00e0 valeur ajout\u00e9e pour les maisons d'assemblage :<\/p>\n<ul data-path-to-node=\"22\">\n<li>\n<p data-path-to-node=\"22,0,0\"><b data-path-to-node=\"22,0,0\" data-index-in-node=\"0\">Options de d\u00e9marrage modulaire :<\/b> Les kits comprennent des bottes sp\u00e9cialis\u00e9es con\u00e7ues pour s'adapter aux gaines de 2,0 mm ou de 3,0 mm, avec un design \u201clong-taper\u201d pour \u00e9viter les micro-flexions au niveau du point d'entr\u00e9e du c\u00e2ble.<\/p>\n<\/li>\n<li>\n<p data-path-to-node=\"22,1,0\"><b data-path-to-node=\"22,1,0\" data-index-in-node=\"0\">Graduation de pr\u00e9cision de la virole :<\/b> Nous proposons des embouts de qualit\u00e9 standard pour les r\u00e9seaux \u00e0 usage g\u00e9n\u00e9ral et des embouts \u201cMaster Grade\u201d \u00e0 la concentricit\u00e9 ultra-serr\u00e9e pour les environnements de test de laboratoire de haute pr\u00e9cision.<\/p>\n<\/li>\n<li>\n<p data-path-to-node=\"22,2,0\"><b data-path-to-node=\"22,2,0\" data-index-in-node=\"0\">Variantes de manchons \u00e0 sertir :<\/b> Choisissez entre des manchons de sertissage standard en aluminium ou en cuivre renforc\u00e9 pour r\u00e9pondre \u00e0 vos besoins sp\u00e9cifiques en mati\u00e8re d'outillage de production et de tension.<\/p>\n<\/li>\n<li>\n<p data-path-to-node=\"22,3,0\"><b data-path-to-node=\"22,3,0\" data-index-in-node=\"0\">Embossage du logo personnalis\u00e9 :<\/b> Pour les distributeurs \u00e0 grande \u00e9chelle et les OEM, nous proposons le moulage de bo\u00eetiers sur mesure pour inclure l'identification de la marque ou un num\u00e9ro de s\u00e9rie sp\u00e9cifique.<\/p>\n<\/li>\n<\/ul>","protected":false},"excerpt":{"rendered":"<p data-path-to-node=\"1\"><span class=\"\">Le <\/span><b class=\"\" data-path-to-node=\"1\" data-index-in-node=\"4\">SC UPC 2.0\/3.0mm Multimode Tout en plastique<\/b><span class=\"\"> est le choix d\u00e9finitif pour l'optimisation des co\u00fbts,<\/span><span class=\"\"> les d\u00e9ploiements de fibres multimodes \u00e0 haute densit\u00e9.<\/span><span class=\"\"> Sp\u00e9cialement con\u00e7u pour <\/span><b class=\"\" data-path-to-node=\"1\" data-index-in-node=\"168\">OM1, OM2, OM3 et OM4<\/b><span class=\"\"> infrastructures,<\/span><span class=\"\"> Cette architecture \u201ctout plastique\u201d \u00e9limine le poids et le co\u00fbt des composants m\u00e9talliques sans compromettre la pr\u00e9cision requise pour la transmission de donn\u00e9es \u00e0 grande vitesse par VCSEL.<\/span><\/p>\n<p data-path-to-node=\"2\"><span class=\"\">Sur mesure pour <\/span><b class=\"\" data-path-to-node=\"2\" data-index-in-node=\"13\">C\u00e2bles \u00e0 gaine de 2,0 mm et 3,0 mm<\/b><span class=\"\">,<\/span><span class=\"\"> ces connecteurs offrent une solution durable,<\/span><\/p>","protected":false},"featured_media":859,"comment_status":"open","ping_status":"closed","template":"","meta":[],"product_brand":[],"product_cat":[48],"product_tag":[],"class_list":{"0":"post-857","1":"product","2":"type-product","3":"status-publish","4":"has-post-thumbnail","6":"product_cat-sc-simplex-connector-single-mode-multimode","8":"first","9":"instock","10":"shipping-taxable","11":"product-type-simple"},"_links":{"self":[{"href":"https:\/\/www.fenxifiber.com\/fr\/wp-json\/wp\/v2\/product\/857","targetHints":{"allow":["GET"]}}],"collection":[{"href":"https:\/\/www.fenxifiber.com\/fr\/wp-json\/wp\/v2\/product"}],"about":[{"href":"https:\/\/www.fenxifiber.com\/fr\/wp-json\/wp\/v2\/types\/product"}],"replies":[{"embeddable":true,"href":"https:\/\/www.fenxifiber.com\/fr\/wp-json\/wp\/v2\/comments?post=857"}],"wp:featuredmedia":[{"embeddable":true,"href":"https:\/\/www.fenxifiber.com\/fr\/wp-json\/wp\/v2\/media\/859"}],"wp:attachment":[{"href":"https:\/\/www.fenxifiber.com\/fr\/wp-json\/wp\/v2\/media?parent=857"}],"wp:term":[{"taxonomy":"product_brand","embeddable":true,"href":"https:\/\/www.fenxifiber.com\/fr\/wp-json\/wp\/v2\/product_brand?post=857"},{"taxonomy":"product_cat","embeddable":true,"href":"https:\/\/www.fenxifiber.com\/fr\/wp-json\/wp\/v2\/product_cat?post=857"},{"taxonomy":"product_tag","embeddable":true,"href":"https:\/\/www.fenxifiber.com\/fr\/wp-json\/wp\/v2\/product_tag?post=857"}],"curies":[{"name":"wp","href":"https:\/\/api.w.org\/{rel}","templated":true}]}}