{"id":864,"date":"2026-02-04T02:45:24","date_gmt":"2026-02-04T02:45:24","guid":{"rendered":"https:\/\/www.fenxifiber.com\/?post_type=product&#038;p=864"},"modified":"2026-02-04T03:04:03","modified_gmt":"2026-02-04T03:04:03","slug":"sc-upc-2-0-3-0mm-avec-butee-en-alliage-de-zinc","status":"publish","type":"product","link":"https:\/\/www.fenxifiber.com\/fr\/product\/sc-upc-2-0-3-0mm-with-zinc-alloy-stop\/","title":{"rendered":"SC UPC 2.0\/3.0mm Zinc Alloy Stop | Heavy-Duty Industrial Interconnects"},"content":{"rendered":"<h2 data-path-to-node=\"4\">\ud83c\udfd7\ufe0f Sup\u00e9riorit\u00e9 structurelle : L'architecture Metal-Stop<\/h2>\n<p data-path-to-node=\"5\">Le passage d'un cadre int\u00e9rieur en plastique \u00e0 un <b data-path-to-node=\"5\" data-index-in-node=\"50\">Zinc Alloy Stop<\/b> modifie fondamentalement le profil de performance du connecteur sous contrainte.<\/p>\n<ul data-path-to-node=\"6\">\n<li>\n<p data-path-to-node=\"6,0,0\"><b data-path-to-node=\"6,0,0\" data-index-in-node=\"0\">Stabilit\u00e9 axiale permanente :<\/b> La but\u00e9e en alliage de zinc agit comme une cloison rigide. Dans les c\u00e2bles de 3,0 mm, le poids et la rigidit\u00e9 de la gaine peuvent tirer sur les composants internes. <b data-path-to-node=\"6,0,0\" data-index-in-node=\"194\">Contact physique ultra (UPC)<\/b> reste parfaitement en place, \u00e9vitant ainsi toute \u201cgigue\u201d du signal ou toute d\u00e9connexion temporaire.<\/p>\n<\/li>\n<li>\n<p data-path-to-node=\"6,1,0\"><b data-path-to-node=\"6,1,0\" data-index-in-node=\"0\">Neutralit\u00e9 de la dilatation thermique :<\/b> Les m\u00e9taux tels que l'alliage de zinc ont une stabilit\u00e9 dimensionnelle sup\u00e9rieure \u00e0 celle des polym\u00e8res standard. Dans les environnements extr\u00eamement chauds (racks d'\u00e9quipements actifs) ou froids (armoires ext\u00e9rieures), la but\u00e9e m\u00e9tallique garantit que la tension interne du ressort reste constante \u00e0 un niveau de 0,5 mm. <span class=\"math-inline\" data-math=\"1.2\\text{ kgf}\" data-index-in-node=\"283\">$1.2\\text{ kgf}$<\/span>.<\/p>\n<\/li>\n<li>\n<p data-path-to-node=\"6,2,0\"><b data-path-to-node=\"6,2,0\" data-index-in-node=\"0\">Matrice de sertissage renforc\u00e9e :<\/b> Le corps m\u00e9tallique offre une surface solide et non \u00e9crasable contre laquelle la douille de sertissage peut se comprimer. Cela permet un verrouillage beaucoup plus serr\u00e9 du fil d'aramide (Kevlar), ce qui permet d'obtenir une r\u00e9sistance \u00e0 l'arrachement sup\u00e9rieure de <b data-path-to-node=\"6,2,0\" data-index-in-node=\"228\"><span class=\"math-inline\" data-math=\"\\ge 100\\text{N}\" data-index-in-node=\"228\">$\\ge 100\\text{N}$<\/span><\/b>.<\/p>\n<\/li>\n<li>\n<p data-path-to-node=\"6,3,0\"><b data-path-to-node=\"6,3,0\" data-index-in-node=\"0\">Amortissement des vibrations :<\/b> La masse et la rigidit\u00e9 accrues du cadre en alliage de zinc font de ce connecteur un outil id\u00e9al pour l'automatisation industrielle et les r\u00e9seaux de transport o\u00f9 les vibrations constantes peuvent entra\u00eener la fatigue des connecteurs en plastique.<\/p>\n<\/li>\n<\/ul>\n<hr data-path-to-node=\"7\" \/>\n<h2 data-path-to-node=\"8\">\ud83c\udf10 Sc\u00e9narios d'application avanc\u00e9s<\/h2>\n<p data-path-to-node=\"9\">La s\u00e9rie Zinc-Stop est le \u201cGold Standard\u201d pour les infrastructures qui exigent une dur\u00e9e de vie de 25 ans :<\/p>\n<h3 data-path-to-node=\"10\">1. Bureaux centraux de niveau transporteur (CO)<\/h3>\n<p data-path-to-node=\"11\">Dans les ODF \u00e0 haute densit\u00e9, les cordons de raccordement sont souvent tir\u00e9s \u00e0 travers des gestionnaires de c\u00e2bles \u00e9troits. La but\u00e9e en alliage de zinc prot\u00e8ge le lien d\u00e9licat entre la fibre et la bague de la tension axiale, garantissant que la \u201ctraction sur le port\u201d n'entra\u00eene pas une perte d'insertion accrue.<\/p>\n<h3 data-path-to-node=\"12\">2. C\u00e2blage vertical et de longue port\u00e9e<\/h3>\n<p data-path-to-node=\"13\">Lorsque des c\u00e2bles de 3,0 mm sont pos\u00e9s verticalement ou sur de longues distances, le poids du c\u00e2ble lui-m\u00eame exerce une pression constante sur le connecteur. Cette s\u00e9rie est con\u00e7ue pour supporter ce poids sans l'effet de \u201cpiston\u201d (r\u00e9traction de la virole) commun aux mod\u00e8les plus l\u00e9gers.<\/p>\n<h3 data-path-to-node=\"14\">3. Transmission optique de haute puissance<\/h3>\n<p data-path-to-node=\"15\">Pour les r\u00e9seaux transportant des signaux de forte puissance, tout micro-mouvement dans la virole peut entra\u00eener des r\u00e9tro-r\u00e9flexions catastrophiques. La stabilit\u00e9 m\u00e9tallique de cette s\u00e9rie garantit une <b data-path-to-node=\"15\" data-index-in-node=\"178\">Retour Perte de <span class=\"math-inline\" data-math=\"\\ge 55\\text{dB}\" data-index-in-node=\"193\">$\\ge 55\\text{dB}$<\/span><\/b>, La protection des \u00e9metteurs-r\u00e9cepteurs SFP\/XFP co\u00fbteux.<\/p>\n<hr data-path-to-node=\"16\" \/>\n<h2 data-path-to-node=\"17\">\ud83d\udcc9 Matrice des performances techniques<\/h2>\n<table data-path-to-node=\"18\">\n<thead>\n<tr>\n<td><strong>M\u00e9trique<\/strong><\/td>\n<td><strong>Niveau de performance<\/strong><\/td>\n<td><strong>Avantage strat\u00e9gique<\/strong><\/td>\n<\/tr>\n<\/thead>\n<tbody>\n<tr>\n<td><span data-path-to-node=\"18,1,0,0\"><b data-path-to-node=\"18,1,0,0\" data-index-in-node=\"0\">Mat\u00e9riel interne<\/b><\/span><\/td>\n<td><span data-path-to-node=\"18,1,1,0\">Alliage de zinc moul\u00e9 avec pr\u00e9cision<\/span><\/td>\n<td><span data-path-to-node=\"18,1,2,0\">Rigidit\u00e9 structurelle maximale<\/span><\/td>\n<\/tr>\n<tr>\n<td><span data-path-to-node=\"18,2,0,0\"><b data-path-to-node=\"18,2,0,0\" data-index-in-node=\"0\">Type d'embout<\/b><\/span><\/td>\n<td><span data-path-to-node=\"18,2,1,0\">C\u00e9ramique zircone de premi\u00e8re qualit\u00e9<\/span><\/td>\n<td><span data-path-to-node=\"18,2,2,0\">Concentricit\u00e9 <span class=\"math-inline\" data-math=\"\\le 0.5\\mu\\text{m}\" data-index-in-node=\"14\">$\\le 0.5\\mu\\text{m}$<\/span><\/span><\/td>\n<\/tr>\n<tr>\n<td><span data-path-to-node=\"18,3,0,0\"><b data-path-to-node=\"18,3,0,0\" data-index-in-node=\"0\">Perte d'insertion (IL)<\/b><\/span><\/td>\n<td><span data-path-to-node=\"18,3,1,0\"><b data-path-to-node=\"18,3,1,0\" data-index-in-node=\"0\">Typique <span class=\"math-inline\" data-math=\"\\le 0.12\\text{ dB}\" data-index-in-node=\"8\">$\\le 0,12\\text{ dB}$<\/span><\/b> \/ Max <span class=\"math-inline\" data-math=\"\\le 0.30\\text{ dB}\" data-index-in-node=\"33\">$\\le 0,30\\text{ dB}$<\/span><\/span><\/td>\n<td><span data-path-to-node=\"18,3,2,0\">Une efficacit\u00e9 \u00e9nerg\u00e9tique \u00e0 la pointe de l'industrie<\/span><\/td>\n<\/tr>\n<tr>\n<td><span data-path-to-node=\"18,4,0,0\"><b data-path-to-node=\"18,4,0,0\" data-index-in-node=\"0\">Perte de retour (RL)<\/b><\/span><\/td>\n<td><span data-path-to-node=\"18,4,1,0\"><span class=\"math-inline\" data-math=\"\\ge 50\\text{ dB}\" data-index-in-node=\"0\">$\\ge 50\\text{ dB}$<\/span> (UPC)<\/span><\/td>\n<td><span data-path-to-node=\"18,4,2,0\">Minimise la r\u00e9flexion du signal<\/span><\/td>\n<\/tr>\n<tr>\n<td><span data-path-to-node=\"18,5,0,0\"><b data-path-to-node=\"18,5,0,0\" data-index-in-node=\"0\">R\u00e9sistance \u00e0 la traction<\/b><\/span><\/td>\n<td><span data-path-to-node=\"18,5,1,0\"><span class=\"math-inline\" data-math=\"\\ge 100\\text{N}\" data-index-in-node=\"0\">$\\ge 100\\text{N}$<\/span> (<span class=\"math-inline\" data-math=\"22.5\\text{ lbs}\" data-index-in-node=\"17\">$22.5\\text{ lbs}$<\/span>)<\/span><\/td>\n<td><span data-path-to-node=\"18,5,2,0\">S\u00e9curit\u00e9 contre les contraintes m\u00e9caniques importantes<\/span><\/td>\n<\/tr>\n<tr>\n<td><span data-path-to-node=\"18,6,0,0\"><b data-path-to-node=\"18,6,0,0\" data-index-in-node=\"0\">Plage de fonctionnement<\/b><\/span><\/td>\n<td><span data-path-to-node=\"18,6,1,0\"><span class=\"math-inline\" data-math=\"-40^\\circ\\text{C}\" data-index-in-node=\"0\">$-40^\\circ\\text{C}$<\/span> \u00e0 <span class=\"math-inline\" data-math=\"+85^\\circ\\text{C}\" data-index-in-node=\"21\">$+85^\\circ\\text{C}$<\/span><\/span><\/td>\n<td><span data-path-to-node=\"18,6,2,0\">Stable dans n'importe quel climat mondial<\/span><\/td>\n<\/tr>\n<tr>\n<td><span data-path-to-node=\"18,7,0,0\"><b data-path-to-node=\"18,7,0,0\" data-index-in-node=\"0\">Durabilit\u00e9<\/b><\/span><\/td>\n<td><span data-path-to-node=\"18,7,1,0\"><span class=\"math-inline\" data-math=\"&gt; 1000\" data-index-in-node=\"0\">$&gt; 1000$<\/span> Cycles d'accouplement<\/span><\/td>\n<td><span data-path-to-node=\"18,7,2,0\">Faible usure de la ba\u00efonnette et du verrou<\/span><\/td>\n<\/tr>\n<\/tbody>\n<\/table>\n<hr data-path-to-node=\"19\" \/>\n<h2 data-path-to-node=\"20\">\ud83d\udce6 Fabrication et personnalisation OEM<\/h2>\n<p data-path-to-node=\"21\">En tant que partenaire de fabrication direct, nous fournissons ces composants \u00e0 usage intensif en mettant l'accent sur la flexibilit\u00e9 de la cha\u00eene d'approvisionnement :<\/p>\n<ul data-path-to-node=\"22\">\n<li>\n<p data-path-to-node=\"22,0,0\"><b data-path-to-node=\"22,0,0\" data-index-in-node=\"0\">Manchons \u00e0 sertir \u00e0 haute r\u00e9tention :<\/b> Les kits comprennent des manchons m\u00e9talliques renforc\u00e9s con\u00e7us pour correspondre \u00e0 la duret\u00e9 de la but\u00e9e en alliage de zinc, ce qui garantit un \u201cmordant\u201d permanent sur la gaine du c\u00e2ble.<\/p>\n<\/li>\n<li>\n<p data-path-to-node=\"22,1,0\"><b data-path-to-node=\"22,1,0\" data-index-in-node=\"0\">Support de d\u00e9marrage universel :<\/b> Nos capuchons de 2,0\/3,0 mm sont fabriqu\u00e9s \u00e0 partir d'un polym\u00e8re \u00e0 haute \u00e9lasticit\u00e9 afin d'assurer une transition douce du rayon de courbure, \u00e9vitant ainsi les micro-courbures au niveau de l'interface connecteur-c\u00e2ble.<\/p>\n<\/li>\n<li>\n<p data-path-to-node=\"22,2,0\"><b data-path-to-node=\"22,2,0\" data-index-in-node=\"0\">Identificateurs \u00e0 code couleur :<\/b> Le bleu standard est pour OS2 Single-mode, mais nous pouvons fournir des bo\u00eetiers de couleur personnalis\u00e9e pour des chemins de donn\u00e9es sp\u00e9cifiques hautement prioritaires.<\/p>\n<\/li>\n<li>\n<p data-path-to-node=\"22,3,0\"><b data-path-to-node=\"22,3,0\" data-index-in-node=\"0\">Kits en vrac pr\u00e9-tri\u00e9s :<\/b> Pour gagner du temps lors de l'assemblage en usine, nous proposons des emballages \u201cpr\u00eats pour la production\u201d o\u00f9 les embouts, les but\u00e9es et les bo\u00eetiers sont tri\u00e9s pour un pr\u00e9l\u00e8vement et une mise en place rapides.<\/p>\n<\/li>\n<\/ul>","protected":false},"excerpt":{"rendered":"<p data-path-to-node=\"1\">Le <b data-path-to-node=\"1\" data-index-in-node=\"4\">SC UPC 2.0\/3.0mm avec but\u00e9e en alliage de zinc<\/b> est un connecteur haut de gamme con\u00e7u pour les environnements o\u00f9 la d\u00e9faillance m\u00e9canique n'est pas envisageable. Alors que les connecteurs standard reposent sur des cadres internes en plastique, cette s\u00e9rie int\u00e8gre un cadre en acier inoxydable. <b data-path-to-node=\"1\" data-index-in-node=\"225\">cloison interne en alliage de zinc moul\u00e9 avec pr\u00e9cision<\/b>. Cette \u201cbut\u00e9e\u201d m\u00e9tallique sert de c\u0153ur structurel au connecteur, fournissant un ancrage inflexible \u00e0 la virole et \u00e0 l'assemblage du ressort.<\/p>\n<p data-path-to-node=\"2\">Il est sp\u00e9cialement con\u00e7u pour <b data-path-to-node=\"2\" data-index-in-node=\"32\">cordons de raccordement robustes, liaisons fibre optique industrielles et bureaux centraux de niveau op\u00e9rateur<\/b> lorsque les c\u00e2bles de 2,0 mm ou de 3,0 mm sont soumis \u00e0 des manipulations fr\u00e9quentes, \u00e0 un acheminement sous haute tension ou \u00e0 des variations de temp\u00e9rature importantes.<\/p>","protected":false},"featured_media":865,"comment_status":"open","ping_status":"closed","template":"","meta":[],"product_brand":[],"product_cat":[48],"product_tag":[],"class_list":{"0":"post-864","1":"product","2":"type-product","3":"status-publish","4":"has-post-thumbnail","6":"product_cat-sc-simplex-connector-single-mode-multimode","8":"first","9":"instock","10":"shipping-taxable","11":"product-type-simple"},"_links":{"self":[{"href":"https:\/\/www.fenxifiber.com\/fr\/wp-json\/wp\/v2\/product\/864","targetHints":{"allow":["GET"]}}],"collection":[{"href":"https:\/\/www.fenxifiber.com\/fr\/wp-json\/wp\/v2\/product"}],"about":[{"href":"https:\/\/www.fenxifiber.com\/fr\/wp-json\/wp\/v2\/types\/product"}],"replies":[{"embeddable":true,"href":"https:\/\/www.fenxifiber.com\/fr\/wp-json\/wp\/v2\/comments?post=864"}],"wp:featuredmedia":[{"embeddable":true,"href":"https:\/\/www.fenxifiber.com\/fr\/wp-json\/wp\/v2\/media\/865"}],"wp:attachment":[{"href":"https:\/\/www.fenxifiber.com\/fr\/wp-json\/wp\/v2\/media?parent=864"}],"wp:term":[{"taxonomy":"product_brand","embeddable":true,"href":"https:\/\/www.fenxifiber.com\/fr\/wp-json\/wp\/v2\/product_brand?post=864"},{"taxonomy":"product_cat","embeddable":true,"href":"https:\/\/www.fenxifiber.com\/fr\/wp-json\/wp\/v2\/product_cat?post=864"},{"taxonomy":"product_tag","embeddable":true,"href":"https:\/\/www.fenxifiber.com\/fr\/wp-json\/wp\/v2\/product_tag?post=864"}],"curies":[{"name":"wp","href":"https:\/\/api.w.org\/{rel}","templated":true}]}}