{"id":866,"date":"2026-02-04T02:48:32","date_gmt":"2026-02-04T02:48:32","guid":{"rendered":"https:\/\/www.fenxifiber.com\/?post_type=product&#038;p=866"},"modified":"2026-02-04T02:51:01","modified_gmt":"2026-02-04T02:51:01","slug":"connecteur-mpo","status":"publish","type":"product","link":"https:\/\/www.fenxifiber.com\/fr\/product\/mpo-connector\/","title":{"rendered":"Composants et assemblages de connecteurs MPO | Solutions pour r\u00e9seaux \u00e0 haute densit\u00e9"},"content":{"rendered":"<h2 data-path-to-node=\"4\">\ud83d\udee0 Ing\u00e9nierie multi-fibres et conception de mat\u00e9riaux<\/h2>\n<p data-path-to-node=\"5\">Les connecteurs MPO utilisent un m\u00e9canisme de verrouillage push-pull unique et des composants internes sp\u00e9cialis\u00e9s pour g\u00e9rer un nombre \u00e9lev\u00e9 de fibres dans un encombrement compact.<\/p>\n<div style=\"display: flex; gap: 20px; flex-wrap: wrap; margin: 20px 0;\">\n<div style=\"flex: 1; min-width: 280px; background: #f9f9f9; padding: 20px; border-left: 4px solid #3498db; border-radius: 4px;\">\n<h4 style=\"margin-top: 0; color: #3498db;\">Pr\u00e9cision des composants modulaires<\/h4>\n<p style=\"font-size: 14px; line-height: 1.6;\">Chaque kit comprend un <b>Embout MT<\/b>, L'ensemble est compos\u00e9 d'un ressort, d'un support de broche et d'un bo\u00eetier \u00e0 haute tension afin d'assurer un contact physique coh\u00e9rent sur chaque c\u0153ur de fibre.<\/p>\n<\/div>\n<div style=\"flex: 1; min-width: 280px; background: #f9f9f9; padding: 20px; border-left: 4px solid #27ae60; border-radius: 4px;\">\n<h4 style=\"margin-top: 0; color: #27ae60;\">Identification par code couleur<\/h4>\n<p style=\"font-size: 14px; line-height: 1.6;\">Les bo\u00eetiers sont disponibles en <b>couleurs standard de l'industrie<\/b> (Aqua, Magenta, Yellow, Lime Green) pour une identification imm\u00e9diate du type de fibre (OM3, OM4, OM5, ou OS2).<\/p>\n<\/div>\n<\/div>\n<h2 data-path-to-node=\"8\">\ud83d\udcca Matrice des performances techniques<\/h2>\n<p data-path-to-node=\"9\">Les donn\u00e9es suivantes d\u00e9crivent les points de r\u00e9f\u00e9rence de notre s\u00e9rie MPO haute performance :<\/p>\n<table style=\"width: 100%; border-collapse: separate; border-spacing: 0; margin: 20px 0; border: 1px solid #e1e1e1; border-radius: 8px; overflow: hidden; font-family: 'Segoe UI', Arial, sans-serif;\">\n<thead style=\"background-color: #2c3e50; color: white;\">\n<tr>\n<th style=\"padding: 15px; text-align: left;\">M\u00e9trique<\/th>\n<th style=\"padding: 15px; text-align: left;\">monomode (OS2)<\/th>\n<th style=\"padding: 12px; text-align: left;\">Multimode (OM3\/OM4\/OM5)<\/th>\n<\/tr>\n<\/thead>\n<tbody>\n<tr style=\"background-color: #ffffff;\">\n<td style=\"padding: 12px; border-bottom: 1px solid #eee;\"><strong>Soutien au comptage des fibres<\/strong><\/td>\n<td style=\"padding: 12px; border-bottom: 1px solid #eee;\">8, 12, 16 ou 24 fibres<\/td>\n<td style=\"padding: 12px; border-bottom: 1px solid #eee;\">8, 12, 16 ou 24 fibres<\/td>\n<\/tr>\n<tr style=\"background-color: #fcfcfc;\">\n<td style=\"padding: 12px; border-bottom: 1px solid #eee;\"><strong>Perte d'insertion (IL)<\/strong><\/td>\n<td style=\"padding: 12px; border-bottom: 1px solid #eee;\">\u2264 0,35 dB (faible perte)<\/td>\n<td style=\"padding: 12px; border-bottom: 1px solid #eee;\">\u2264 0,35 dB (faible perte)<\/td>\n<\/tr>\n<tr style=\"background-color: #ffffff;\">\n<td style=\"padding: 12px; border-bottom: 1px solid #eee;\"><strong>Perte de retour (RL)<\/strong><\/td>\n<td style=\"padding: 12px; border-bottom: 1px solid #eee;\">\u2265 60 dB (APC)<\/td>\n<td style=\"padding: 12px; border-bottom: 1px solid #eee;\">\u2265 20 dB<\/td>\n<\/tr>\n<tr style=\"background-color: #fcfcfc;\">\n<td style=\"padding: 12px; border-bottom: 1px solid #eee;\"><strong>Conformit\u00e9 aux normes<\/strong><\/td>\n<td style=\"padding: 12px; border-bottom: 1px solid #eee;\">IEC 61754-7 \/ TIA-604-5<\/td>\n<td style=\"padding: 12px; border-bottom: 1px solid #eee;\">IEC 61754-7 \/ TIA-604-5<\/td>\n<\/tr>\n<tr style=\"background-color: #ffffff;\">\n<td style=\"padding: 12px;\"><strong>Temp\u00e9rature de fonctionnement<\/strong><\/td>\n<td style=\"padding: 12px;\">De -40\u00b0C \u00e0 +75\u00b0C<\/td>\n<td style=\"padding: 12px;\">De -40\u00b0C \u00e0 +75\u00b0C<\/td>\n<\/tr>\n<\/tbody>\n<\/table>\n<h2 data-path-to-node=\"12\">\ud83d\udca1 FAQ haute densit\u00e9<\/h2>\n<p data-path-to-node=\"13\"><b data-path-to-node=\"13\" data-index-in-node=\"0\">Q : Quelle est la diff\u00e9rence entre les connecteurs MPO m\u00e2le et femelle ?<\/b> <b data-path-to-node=\"13\" data-index-in-node=\"66\">A :<\/b> MPO <b data-path-to-node=\"13\" data-index-in-node=\"73\">Hommes<\/b> Les connecteurs sont dot\u00e9s de deux broches d'alignement de pr\u00e9cision, tandis que les connecteurs <b data-path-to-node=\"13\" data-index-in-node=\"133\">Femme<\/b> ont deux trous d'alignement correspondants. L'accouplement correct n\u00e9cessite un connecteur m\u00e2le et un connecteur femelle pour garantir l'alignement parfait des c\u0153urs de fibre.<\/p>\n<p data-path-to-node=\"14\"><b data-path-to-node=\"14\" data-index-in-node=\"0\">Q : Pourquoi y a-t-il autant de couleurs pour les logements ?<\/b> <b data-path-to-node=\"14\" data-index-in-node=\"41\">A :<\/b> Le code couleur est conforme aux normes internationales afin d'\u00e9viter toute confusion entre les r\u00e9seaux :<\/p>\n<ul data-path-to-node=\"15\">\n<li>\n<p data-path-to-node=\"15,0,0\"><b data-path-to-node=\"15,0,0\" data-index-in-node=\"0\">Jaune :<\/b> monomode (OS2)<\/p>\n<\/li>\n<li>\n<p data-path-to-node=\"15,1,0\"><b data-path-to-node=\"15,1,0\" data-index-in-node=\"0\">Aqua :<\/b> Multimode (OM3)<\/p>\n<\/li>\n<li>\n<p data-path-to-node=\"15,2,0\"><b data-path-to-node=\"15,2,0\" data-index-in-node=\"0\">Magenta\/Erika Violet :<\/b> Multimode (OM4)<\/p>\n<\/li>\n<li>\n<p data-path-to-node=\"15,3,0\"><b data-path-to-node=\"15,3,0\" data-index-in-node=\"0\">Vert citron :<\/b> Multimode (OM5)<\/p>\n<\/li>\n<\/ul>\n<p data-path-to-node=\"16\"><b data-path-to-node=\"16\" data-index-in-node=\"0\">Q : Proposez-vous diff\u00e9rentes tailles de gaines pour les c\u00e2bles MPO ?<\/b> <b data-path-to-node=\"16\" data-index-in-node=\"53\">A :<\/b> Oui. Nous fournissons des bottes sp\u00e9cialis\u00e9es pour diff\u00e9rents diam\u00e8tres de c\u00e2bles, y compris les c\u00e2bles ronds standard (2,0 mm\/3,0 mm) et les c\u00e2bles plats, ce qui garantit une d\u00e9charge de traction appropri\u00e9e pour diff\u00e9rentes architectures de r\u00e9seau f\u00e9d\u00e9rateur.<\/p>\n<p data-path-to-node=\"17\"><b data-path-to-node=\"17\" data-index-in-node=\"0\">Q : Comment g\u00e9rer la polarit\u00e9 avec les connecteurs MPO ?<\/b> <b data-path-to-node=\"17\" data-index-in-node=\"49\">A :<\/b> La polarit\u00e9 est g\u00e9r\u00e9e par l'orientation de la \u201ccl\u00e9\u201d sur le bo\u00eetier du connecteur. Nous proposons des composants pour les configurations de la m\u00e9thode A (cl\u00e9 vers le haut et cl\u00e9 vers le bas), de la m\u00e9thode B (cl\u00e9 vers le haut et cl\u00e9 vers le haut) et de la m\u00e9thode C (paire retourn\u00e9e).<\/p>","protected":false},"excerpt":{"rendered":"<p data-path-to-node=\"1\">Le <b data-path-to-node=\"1\" data-index-in-node=\"4\">Connecteur MPO (Multi-Fiber Push-On)<\/b> est la norme mondiale pour le c\u00e2blage dorsal \u00e0 haute densit\u00e9 et la connectivit\u00e9 des centres de donn\u00e9es. Con\u00e7us pour supporter de 8 \u00e0 24 fibres dans une seule interface, ces connecteurs sont essentiels pour les applications \u00e0 large bande passante telles que <b data-path-to-node=\"1\" data-index-in-node=\"279\">Ethernet 40G\/100G\/400G<\/b>.<\/p>\n<p data-path-to-node=\"2\">Nos composants MPO sont fabriqu\u00e9s avec des ferrules MT ultra-pr\u00e9cises pour garantir un alignement stable sur tous les canaux de fibre, offrant ainsi la fiabilit\u00e9 requise pour les environnements cloud \u00e0 grande \u00e9chelle et les tissus de commutation \u00e0 fort trafic.<\/p>","protected":false},"featured_media":867,"comment_status":"open","ping_status":"closed","template":"","meta":[],"product_brand":[],"product_cat":[32],"product_tag":[],"class_list":{"0":"post-866","1":"product","2":"type-product","3":"status-publish","4":"has-post-thumbnail","6":"product_cat-mpo-connector","8":"first","9":"instock","10":"shipping-taxable","11":"product-type-simple"},"_links":{"self":[{"href":"https:\/\/www.fenxifiber.com\/fr\/wp-json\/wp\/v2\/product\/866","targetHints":{"allow":["GET"]}}],"collection":[{"href":"https:\/\/www.fenxifiber.com\/fr\/wp-json\/wp\/v2\/product"}],"about":[{"href":"https:\/\/www.fenxifiber.com\/fr\/wp-json\/wp\/v2\/types\/product"}],"replies":[{"embeddable":true,"href":"https:\/\/www.fenxifiber.com\/fr\/wp-json\/wp\/v2\/comments?post=866"}],"wp:featuredmedia":[{"embeddable":true,"href":"https:\/\/www.fenxifiber.com\/fr\/wp-json\/wp\/v2\/media\/867"}],"wp:attachment":[{"href":"https:\/\/www.fenxifiber.com\/fr\/wp-json\/wp\/v2\/media?parent=866"}],"wp:term":[{"taxonomy":"product_brand","embeddable":true,"href":"https:\/\/www.fenxifiber.com\/fr\/wp-json\/wp\/v2\/product_brand?post=866"},{"taxonomy":"product_cat","embeddable":true,"href":"https:\/\/www.fenxifiber.com\/fr\/wp-json\/wp\/v2\/product_cat?post=866"},{"taxonomy":"product_tag","embeddable":true,"href":"https:\/\/www.fenxifiber.com\/fr\/wp-json\/wp\/v2\/product_tag?post=866"}],"curies":[{"name":"wp","href":"https:\/\/api.w.org\/{rel}","templated":true}]}}