{"id":868,"date":"2026-02-04T02:52:43","date_gmt":"2026-02-04T02:52:43","guid":{"rendered":"https:\/\/www.fenxifiber.com\/?post_type=product&#038;p=868"},"modified":"2026-02-05T02:29:50","modified_gmt":"2026-02-05T02:29:50","slug":"lc-upc-2-0mm-duplex-multimode-rose-rouge","status":"publish","type":"product","link":"https:\/\/www.fenxifiber.com\/fr\/product\/lc-upc-2-0mm-duplex-multimode-rose-red\/","title":{"rendered":"Connecteur multimode duplex LC UPC 2.0mm (Rose-Rouge)"},"content":{"rendered":"<h3 data-start=\"705\" data-end=\"752\">Pourquoi le duplex LC est la norme pour les centres de donn\u00e9es<\/h3>\n<div class=\"TyagGW_tableContainer\">\n<div class=\"group TyagGW_tableWrapper flex flex-col-reverse w-fit\" tabindex=\"-1\">\n<table class=\"w-fit min-w-(--thread-content-width)\" data-start=\"754\" data-end=\"948\">\n<thead data-start=\"754\" data-end=\"808\">\n<tr data-start=\"754\" data-end=\"808\">\n<th class=\"\" data-start=\"754\" data-end=\"771\" data-col-size=\"sm\">Type de connecteur<\/th>\n<th class=\"\" data-start=\"771\" data-end=\"789\" data-col-size=\"sm\">Ce qu'il contient<\/th>\n<th class=\"\" data-start=\"789\" data-end=\"808\" data-col-size=\"sm\">O\u00f9 il est utilis\u00e9<\/th>\n<\/tr>\n<\/thead>\n<tbody data-start=\"823\" data-end=\"948\">\n<tr data-start=\"823\" data-end=\"866\">\n<td data-start=\"823\" data-end=\"833\" data-col-size=\"sm\">Simplex<\/td>\n<td data-start=\"833\" data-end=\"845\" data-col-size=\"sm\">Une fibre<\/td>\n<td data-start=\"845\" data-end=\"866\" data-col-size=\"sm\">Queues de cochon, tests<\/td>\n<\/tr>\n<tr data-start=\"867\" data-end=\"948\">\n<td data-start=\"867\" data-end=\"883\" data-col-size=\"sm\"><strong data-start=\"869\" data-end=\"882\">Duplex LC<\/strong><\/td>\n<td data-start=\"883\" data-end=\"908\" data-col-size=\"sm\"><strong data-start=\"885\" data-end=\"907\">Deux fibres (Tx\/Rx)<\/strong><\/td>\n<td data-start=\"908\" data-end=\"948\" data-col-size=\"sm\"><strong data-start=\"910\" data-end=\"946\">Commutateur \u2194 Serveur, Commutateur \u2194 Commutateur<\/strong><\/td>\n<\/tr>\n<\/tbody>\n<\/table>\n<\/div>\n<\/div>\n<p data-start=\"950\" data-end=\"1047\">Une seule prise duplex remplace deux cordons simplex.<strong data-start=\"998\" data-end=\"1046\">des installations plus rapides, moins d'erreurs, des baies plus propres<\/strong>.<\/p>\n<hr data-start=\"1049\" data-end=\"1052\" \/>\n<h3 data-start=\"1054\" data-end=\"1095\">Rose-rouge = multimode \u00e0 large bande passante<\/h3>\n<div class=\"TyagGW_tableContainer\">\n<div class=\"group TyagGW_tableWrapper flex flex-col-reverse w-fit\" tabindex=\"-1\">\n<table class=\"w-fit min-w-(--thread-content-width)\" data-start=\"1097\" data-end=\"1280\">\n<thead data-start=\"1097\" data-end=\"1143\">\n<tr data-start=\"1097\" data-end=\"1143\">\n<th class=\"\" data-start=\"1097\" data-end=\"1111\" data-col-size=\"sm\">Qualit\u00e9 de la fibre<\/th>\n<th class=\"\" data-start=\"1111\" data-end=\"1119\" data-col-size=\"sm\">Couleur<\/th>\n<th class=\"\" data-start=\"1119\" data-end=\"1143\" data-col-size=\"sm\">Port\u00e9e typique \u00e0 100G<\/th>\n<\/tr>\n<\/thead>\n<tbody data-start=\"1158\" data-end=\"1280\">\n<tr data-start=\"1158\" data-end=\"1180\">\n<td data-start=\"1158\" data-end=\"1164\" data-col-size=\"sm\">OM3<\/td>\n<td data-start=\"1164\" data-end=\"1171\" data-col-size=\"sm\">Aqua<\/td>\n<td data-start=\"1171\" data-end=\"1180\" data-col-size=\"sm\">~70 m<\/td>\n<\/tr>\n<tr data-start=\"1181\" data-end=\"1229\">\n<td data-start=\"1181\" data-end=\"1191\" data-col-size=\"sm\"><strong data-start=\"1183\" data-end=\"1190\">OM4<\/strong><\/td>\n<td data-start=\"1191\" data-end=\"1215\" data-col-size=\"sm\"><strong data-start=\"1193\" data-end=\"1214\">Rose-rouge \/ Violet<\/strong><\/td>\n<td data-start=\"1215\" data-end=\"1229\" data-col-size=\"sm\"><strong data-start=\"1217\" data-end=\"1227\">~100 m<\/strong><\/td>\n<\/tr>\n<tr data-start=\"1230\" data-end=\"1280\">\n<td data-start=\"1230\" data-end=\"1240\" data-col-size=\"sm\"><strong data-start=\"1232\" data-end=\"1239\">OM5<\/strong><\/td>\n<td data-start=\"1240\" data-end=\"1262\" data-col-size=\"sm\"><strong data-start=\"1242\" data-end=\"1261\">Rose-red \/ Lime<\/strong><\/td>\n<td data-start=\"1262\" data-end=\"1280\" data-col-size=\"sm\"><strong data-start=\"1264\" data-end=\"1278\">Pr\u00eat pour le SWDM<\/strong><\/td>\n<\/tr>\n<\/tbody>\n<\/table>\n<\/div>\n<\/div>\n<p data-start=\"1282\" data-end=\"1387\">L'utilisation de connecteurs rose-rouge aide les techniciens <strong data-start=\"1326\" data-end=\"1358\">rep\u00e9rer instantan\u00e9ment les trajets OM4\/OM5<\/strong> dans les environnements \u00e0 fibres mixtes.<\/p>\n<hr data-start=\"1389\" data-end=\"1392\" \/>\n<h3 data-start=\"1394\" data-end=\"1429\">Performance optique (multimode)<\/h3>\n<div class=\"TyagGW_tableContainer\">\n<div class=\"group TyagGW_tableWrapper flex flex-col-reverse w-fit\" tabindex=\"-1\">\n<table class=\"w-fit min-w-(--thread-content-width)\" data-start=\"1431\" data-end=\"1701\">\n<thead data-start=\"1431\" data-end=\"1460\">\n<tr data-start=\"1431\" data-end=\"1460\">\n<th class=\"\" data-start=\"1431\" data-end=\"1443\" data-col-size=\"sm\">Param\u00e8tres<\/th>\n<th class=\"\" data-start=\"1443\" data-end=\"1460\" data-col-size=\"sm\">Valeur typique<\/th>\n<\/tr>\n<\/thead>\n<tbody data-start=\"1471\" data-end=\"1701\">\n<tr data-start=\"1471\" data-end=\"1515\">\n<td data-start=\"1471\" data-end=\"1484\" data-col-size=\"sm\">Type de fibre<\/td>\n<td data-start=\"1484\" data-end=\"1515\" data-col-size=\"sm\">OM3 \/ OM4 \/ OM5 (50\/125 \u00b5m)<\/td>\n<\/tr>\n<tr data-start=\"1516\" data-end=\"1532\">\n<td data-start=\"1516\" data-end=\"1525\" data-col-size=\"sm\">Polonais<\/td>\n<td data-start=\"1525\" data-end=\"1532\" data-col-size=\"sm\">CUP<\/td>\n<\/tr>\n<tr data-start=\"1533\" data-end=\"1563\">\n<td data-start=\"1533\" data-end=\"1550\" data-col-size=\"sm\">Perte d'insertion<\/td>\n<td data-start=\"1550\" data-end=\"1563\" data-col-size=\"sm\">\u2264 0,30 dB<\/td>\n<\/tr>\n<tr data-start=\"1564\" data-end=\"1589\">\n<td data-start=\"1564\" data-end=\"1578\" data-col-size=\"sm\">Perte de retour<\/td>\n<td data-start=\"1578\" data-end=\"1589\" data-col-size=\"sm\">\u2265 35 dB<\/td>\n<\/tr>\n<tr data-start=\"1590\" data-end=\"1621\">\n<td data-start=\"1590\" data-end=\"1604\" data-col-size=\"sm\">Longueurs d'onde<\/td>\n<td data-start=\"1604\" data-end=\"1621\" data-col-size=\"sm\">850 \/ 1300 nm<\/td>\n<\/tr>\n<tr data-start=\"1622\" data-end=\"1669\">\n<td data-start=\"1622\" data-end=\"1641\" data-col-size=\"sm\">Vitesses prises en charge<\/td>\n<td data-col-size=\"sm\" data-start=\"1641\" data-end=\"1669\">10G, 25G, 40G, 100G (SR)<\/td>\n<\/tr>\n<tr data-start=\"1670\" data-end=\"1701\">\n<td data-start=\"1670\" data-end=\"1684\" data-col-size=\"sm\">La vie sexuelle<\/td>\n<td data-start=\"1684\" data-end=\"1701\" data-col-size=\"sm\">\u2265 1000 cycles<\/td>\n<\/tr>\n<\/tbody>\n<\/table>\n<\/div>\n<\/div>\n<hr data-start=\"1703\" data-end=\"1706\" \/>\n<h3 data-start=\"1708\" data-end=\"1745\">D\u00e9tails m\u00e9caniques et de construction<\/h3>\n<div class=\"TyagGW_tableContainer\">\n<div class=\"group TyagGW_tableWrapper flex flex-col-reverse w-fit\" tabindex=\"-1\">\n<table class=\"w-fit min-w-(--thread-content-width)\" data-start=\"1747\" data-end=\"2066\">\n<thead data-start=\"1747\" data-end=\"1774\">\n<tr data-start=\"1747\" data-end=\"1774\">\n<th class=\"\" data-start=\"1747\" data-end=\"1757\" data-col-size=\"sm\">Fonctionnalit\u00e9<\/th>\n<th class=\"\" data-start=\"1757\" data-end=\"1774\" data-col-size=\"sm\">Sp\u00e9cifications<\/th>\n<\/tr>\n<\/thead>\n<tbody data-start=\"1785\" data-end=\"2066\">\n<tr data-start=\"1785\" data-end=\"1821\">\n<td data-start=\"1785\" data-end=\"1804\" data-col-size=\"sm\">Format du connecteur<\/td>\n<td data-start=\"1804\" data-end=\"1821\" data-col-size=\"sm\"><strong data-start=\"1806\" data-end=\"1819\">LC Duplex<\/strong><\/td>\n<\/tr>\n<tr data-start=\"1822\" data-end=\"1853\">\n<td data-start=\"1822\" data-end=\"1839\" data-col-size=\"sm\">Diam\u00e8tre du c\u00e2ble<\/td>\n<td data-col-size=\"sm\" data-start=\"1839\" data-end=\"1853\"><strong data-start=\"1841\" data-end=\"1851\">2,0 mm<\/strong><\/td>\n<\/tr>\n<tr data-start=\"1854\" data-end=\"1892\">\n<td data-start=\"1854\" data-end=\"1864\" data-col-size=\"sm\">Embout<\/td>\n<td data-col-size=\"sm\" data-start=\"1864\" data-end=\"1892\">C\u00e9ramique zircone de 1,25 mm<\/td>\n<\/tr>\n<tr data-start=\"1893\" data-end=\"1938\">\n<td data-start=\"1893\" data-end=\"1909\" data-col-size=\"sm\">Couleur du bo\u00eetier<\/td>\n<td data-start=\"1909\" data-end=\"1938\" data-col-size=\"sm\"><strong data-start=\"1911\" data-end=\"1923\">Rose-Rouge<\/strong> (ID OM4\/OM5)<\/td>\n<\/tr>\n<tr data-start=\"1939\" data-end=\"1963\">\n<td data-start=\"1939\" data-end=\"1947\" data-col-size=\"sm\">Loquet<\/td>\n<td data-col-size=\"sm\" data-start=\"1947\" data-end=\"1963\">LC push-pull<\/td>\n<\/tr>\n<tr data-start=\"1964\" data-end=\"1997\">\n<td data-start=\"1964\" data-end=\"1971\" data-col-size=\"sm\">Botte<\/td>\n<td data-col-size=\"sm\" data-start=\"1971\" data-end=\"1997\">Soulagement de la tension standard<\/td>\n<\/tr>\n<tr data-start=\"1998\" data-end=\"2035\">\n<td data-start=\"1998\" data-end=\"2015\" data-col-size=\"sm\">Temp\u00e9rature de fonctionnement<\/td>\n<td data-start=\"2015\" data-end=\"2035\" data-col-size=\"sm\">-40 \u00b0C \u00e0 +75 \u00b0C<\/td>\n<\/tr>\n<tr data-start=\"2036\" data-end=\"2066\">\n<td data-start=\"2036\" data-end=\"2055\" data-col-size=\"sm\">R\u00e9sistance \u00e0 la traction<\/td>\n<td data-start=\"2055\" data-end=\"2066\" data-col-size=\"sm\">\u2265 100 N<\/td>\n<\/tr>\n<\/tbody>\n<\/table>\n<\/div>\n<\/div>\n<p data-start=\"2068\" data-end=\"2190\">Le <strong data-start=\"2072\" data-end=\"2089\">Gaine de 2,0 mm<\/strong> soldes <strong data-start=\"2099\" data-end=\"2132\">flexibilit\u00e9 et force de traction<\/strong>, id\u00e9al pour <strong data-start=\"2144\" data-end=\"2180\">rack-\u00e0-rack et dispositif-\u00e0-panneau<\/strong> les correctifs.<\/p>\n<hr data-start=\"2192\" data-end=\"2195\" \/>\n<h3 data-start=\"2197\" data-end=\"2221\">O\u00f9 il s'adapte le mieux<\/h3>\n<ul data-start=\"2223\" data-end=\"2414\">\n<li data-start=\"2223\" data-end=\"2261\">\n<p data-start=\"2225\" data-end=\"2261\">Liaisons de commutateur \u00e0 commutateur dans les centres de donn\u00e9es<\/p>\n<\/li>\n<li data-start=\"2262\" data-end=\"2306\">\n<p data-start=\"2264\" data-end=\"2306\">Connexions de serveur et de stockage (optique SR)<\/p>\n<\/li>\n<li data-start=\"2307\" data-end=\"2337\">\n<p data-start=\"2309\" data-end=\"2337\">Ensembles d'\u00e9clatement MPO-LC<\/p>\n<\/li>\n<li data-start=\"2338\" data-end=\"2372\">\n<p data-start=\"2340\" data-end=\"2372\">Backbones LAN et SAN d'entreprise<\/p>\n<\/li>\n<li data-start=\"2373\" data-end=\"2414\">\n<p data-start=\"2375\" data-end=\"2414\">Cavaliers de test et de contr\u00f4le multimode<\/p>\n<\/li>\n<\/ul>","protected":false},"excerpt":{"rendered":"<h3 data-start=\"80\" data-end=\"122\">Des liaisons \u00e0 grande vitesse clairement identifi\u00e9es<\/h3>\n<p data-start=\"124\" data-end=\"488\">Le <strong data-start=\"128\" data-end=\"172\">LC UPC 2.0mm Duplex Multimode (Rose-Rouge)<\/strong> est con\u00e7u pour <strong data-start=\"196\" data-end=\"258\">des centres de donn\u00e9es et des r\u00e9seaux d'entreprise modernes et \u00e0 large bande passante<\/strong>.<br data-start=\"259\" data-end=\"262\" \/>Son <strong data-start=\"266\" data-end=\"286\">conception LC duplex<\/strong> porte <strong data-start=\"295\" data-end=\"338\">Fibres Tx\/Rx dans un seul verrou compact<\/strong>, tandis que le <strong data-start=\"350\" data-end=\"370\">bo\u00eetier rose-rouge<\/strong> signale instantan\u00e9ment <strong data-start=\"389\" data-end=\"425\">multimode de haute qualit\u00e9 (OM4 \/ OM5)<\/strong>-Parfait pour les rayonnages o\u00f9 le codage couleur permet d'\u00e9viter des erreurs co\u00fbteuses.<\/p>\n<p data-start=\"490\" data-end=\"698\">Avec <strong data-start=\"495\" data-end=\"536\">Embouts c\u00e9ramiques de 1,25 mm polis UPC<\/strong> et un <strong data-start=\"543\" data-end=\"568\">gaine durable de 2,0 mm<\/strong>, ce connecteur fournit <strong data-start=\"594\" data-end=\"624\">performance optique stable<\/strong> et <strong data-start=\"629\" data-end=\"659\">fiabilit\u00e9 des correctifs quotidiens<\/strong> pour <strong data-start=\"664\" data-end=\"697\">Liaisons courtes 10G \u00e0 100G<\/strong>.<\/p>","protected":false},"featured_media":870,"comment_status":"open","ping_status":"closed","template":"","meta":[],"product_brand":[],"product_cat":[49],"product_tag":[],"class_list":{"0":"post-868","1":"product","2":"type-product","3":"status-publish","4":"has-post-thumbnail","6":"product_cat-lc-duplex-connectors-single-modemultimode","8":"first","9":"instock","10":"shipping-taxable","11":"product-type-simple"},"_links":{"self":[{"href":"https:\/\/www.fenxifiber.com\/fr\/wp-json\/wp\/v2\/product\/868","targetHints":{"allow":["GET"]}}],"collection":[{"href":"https:\/\/www.fenxifiber.com\/fr\/wp-json\/wp\/v2\/product"}],"about":[{"href":"https:\/\/www.fenxifiber.com\/fr\/wp-json\/wp\/v2\/types\/product"}],"replies":[{"embeddable":true,"href":"https:\/\/www.fenxifiber.com\/fr\/wp-json\/wp\/v2\/comments?post=868"}],"wp:featuredmedia":[{"embeddable":true,"href":"https:\/\/www.fenxifiber.com\/fr\/wp-json\/wp\/v2\/media\/870"}],"wp:attachment":[{"href":"https:\/\/www.fenxifiber.com\/fr\/wp-json\/wp\/v2\/media?parent=868"}],"wp:term":[{"taxonomy":"product_brand","embeddable":true,"href":"https:\/\/www.fenxifiber.com\/fr\/wp-json\/wp\/v2\/product_brand?post=868"},{"taxonomy":"product_cat","embeddable":true,"href":"https:\/\/www.fenxifiber.com\/fr\/wp-json\/wp\/v2\/product_cat?post=868"},{"taxonomy":"product_tag","embeddable":true,"href":"https:\/\/www.fenxifiber.com\/fr\/wp-json\/wp\/v2\/product_tag?post=868"}],"curies":[{"name":"wp","href":"https:\/\/api.w.org\/{rel}","templated":true}]}}