{"id":871,"date":"2026-02-04T02:53:50","date_gmt":"2026-02-04T02:53:50","guid":{"rendered":"https:\/\/www.fenxifiber.com\/?post_type=product&#038;p=871"},"modified":"2026-02-05T02:31:54","modified_gmt":"2026-02-05T02:31:54","slug":"lc-upc-3-0mm-duplex-multimode-rose-rouge","status":"publish","type":"product","link":"https:\/\/www.fenxifiber.com\/fr\/product\/lc-upc-3-0mm-duplex-multimode-rose-red\/","title":{"rendered":"Connecteur multimode duplex LC UPC 3.0mm (Rose-Rouge)"},"content":{"rendered":"<h3 data-start=\"963\" data-end=\"1009\">Ce que signifie le logement rose-rouge<\/h3>\n<p data-start=\"1011\" data-end=\"1245\">Dans le c\u00e2blage optique moderne, la couleur n'est plus une d\u00e9coration, c'est un outil de travail.<br data-start=\"1091\" data-end=\"1094\" \/>Le <strong data-start=\"1098\" data-end=\"1115\">corps rose-rouge<\/strong> identifie ce connecteur comme \u00e9tant destin\u00e9 \u00e0 <strong data-start=\"1164\" data-end=\"1198\">fibre multimode \u00e0 large bande passante<\/strong>, typiquement <strong data-start=\"1210\" data-end=\"1224\">OM4 ou OM5<\/strong>, qui sont utilis\u00e9s pour :<\/p>\n<ul data-start=\"1247\" data-end=\"1343\">\n<li data-start=\"1247\" data-end=\"1272\">\n<p data-start=\"1249\" data-end=\"1272\">Ethernet 40G et 100G<\/p>\n<\/li>\n<li data-start=\"1273\" data-end=\"1312\">\n<p data-start=\"1275\" data-end=\"1312\">R\u00e9seaux SAN et de stockage \u00e0 grande vitesse<\/p>\n<\/li>\n<li data-start=\"1313\" data-end=\"1343\">\n<p data-start=\"1315\" data-end=\"1343\">Liaisons dorsales des centres de donn\u00e9es<\/p>\n<\/li>\n<\/ul>\n<p data-start=\"1345\" data-end=\"1473\">Les techniciens peuvent imm\u00e9diatement reconna\u00eetre ces cavaliers dans les racks mixtes qui contiennent \u00e9galement des c\u00e2bles aqua (OM3) et jaunes (monomode).<\/p>\n<hr data-start=\"1475\" data-end=\"1478\" \/>\n<h3 data-start=\"1480\" data-end=\"1518\">Un comportement optique sur lequel vous pouvez compter<\/h3>\n<p data-start=\"1520\" data-end=\"1814\">M\u00eame avec la lourde gaine de 3,0 mm, le connecteur utilise toujours un connecteur de type <strong data-start=\"1581\" data-end=\"1626\">virole de pr\u00e9cision en c\u00e9ramique de zircone de 1,25 mm<\/strong> et un <strong data-start=\"1633\" data-end=\"1658\">Face d'extr\u00e9mit\u00e9 polie UPC<\/strong>.<br data-start=\"1659\" data-end=\"1662\" \/>Cette combinaison permet <strong data-start=\"1688\" data-end=\"1715\">contact physique stable<\/strong> entre les fibres, ce qui est essentiel pour les liaisons multimodes \u00e0 courte port\u00e9e fonctionnant \u00e0 des d\u00e9bits de donn\u00e9es tr\u00e8s \u00e9lev\u00e9s.<\/p>\n<div class=\"TyagGW_tableContainer\">\n<div class=\"group TyagGW_tableWrapper flex flex-col-reverse w-fit\" tabindex=\"-1\">\n<table class=\"w-fit min-w-(--thread-content-width)\" data-start=\"1816\" data-end=\"2087\">\n<thead data-start=\"1816\" data-end=\"1852\">\n<tr data-start=\"1816\" data-end=\"1852\">\n<th class=\"\" data-start=\"1816\" data-end=\"1835\" data-col-size=\"sm\">Point de performance<\/th>\n<th class=\"\" data-start=\"1835\" data-end=\"1852\" data-col-size=\"sm\">Niveau typique<\/th>\n<\/tr>\n<\/thead>\n<tbody data-start=\"1890\" data-end=\"2087\">\n<tr data-start=\"1890\" data-end=\"1934\">\n<td data-start=\"1890\" data-end=\"1903\" data-col-size=\"sm\">Type de fibre<\/td>\n<td data-start=\"1903\" data-end=\"1934\" data-col-size=\"sm\">OM3 \/ OM4 \/ OM5 (50\/125 \u00b5m)<\/td>\n<\/tr>\n<tr data-start=\"1935\" data-end=\"1951\">\n<td data-start=\"1935\" data-end=\"1944\" data-col-size=\"sm\">Polonais<\/td>\n<td data-start=\"1944\" data-end=\"1951\" data-col-size=\"sm\">CUP<\/td>\n<\/tr>\n<tr data-start=\"1952\" data-end=\"1982\">\n<td data-start=\"1952\" data-end=\"1969\" data-col-size=\"sm\">Perte d'insertion<\/td>\n<td data-start=\"1969\" data-end=\"1982\" data-col-size=\"sm\">\u2264 0,30 dB<\/td>\n<\/tr>\n<tr data-start=\"1983\" data-end=\"2008\">\n<td data-start=\"1983\" data-end=\"1997\" data-col-size=\"sm\">Perte de retour<\/td>\n<td data-start=\"1997\" data-end=\"2008\" data-col-size=\"sm\">\u2265 35 dB<\/td>\n<\/tr>\n<tr data-start=\"2009\" data-end=\"2050\">\n<td data-start=\"2009\" data-end=\"2031\" data-col-size=\"sm\">Longueurs d'onde de travail<\/td>\n<td data-start=\"2031\" data-end=\"2050\" data-col-size=\"sm\">850 nm, 1300 nm<\/td>\n<\/tr>\n<tr data-start=\"2051\" data-end=\"2087\">\n<td data-start=\"2051\" data-end=\"2070\" data-col-size=\"sm\">Dur\u00e9e de vie de la prise et de la d\u00e9connexion<\/td>\n<td data-start=\"2070\" data-end=\"2087\" data-col-size=\"sm\">\u2265 1000 cycles<\/td>\n<\/tr>\n<\/tbody>\n<\/table>\n<\/div>\n<\/div>\n<p data-start=\"2089\" data-end=\"2179\">Ces valeurs sont bien en de\u00e7\u00e0 des limites requises pour <strong data-start=\"2142\" data-end=\"2178\">Optique SR 10G, 25G, 40G et 100G<\/strong>.<\/p>\n<hr data-start=\"2181\" data-end=\"2184\" \/>\n<h3 data-start=\"2186\" data-end=\"2233\">Construit comme un cavalier de terrain et non comme un cordon de laboratoire<\/h3>\n<p data-start=\"2235\" data-end=\"2328\">Alors qu'un c\u00e2ble duplex de 2,0 mm met l'accent sur la flexibilit\u00e9, le c\u00e2ble duplex de 2,0 mm met l'accent sur la flexibilit\u00e9. <strong data-start=\"2290\" data-end=\"2327\">La version 3.0mm met l'accent sur la survie<\/strong>.<\/p>\n<div class=\"TyagGW_tableContainer\">\n<div class=\"group TyagGW_tableWrapper flex flex-col-reverse w-fit\" tabindex=\"-1\">\n<table class=\"w-fit min-w-(--thread-content-width)\" data-start=\"2330\" data-end=\"2653\">\n<thead data-start=\"2330\" data-end=\"2369\">\n<tr data-start=\"2330\" data-end=\"2369\">\n<th class=\"\" data-start=\"2330\" data-end=\"2353\" data-col-size=\"sm\">\u00c9l\u00e9ment de construction<\/th>\n<th class=\"\" data-start=\"2353\" data-end=\"2369\" data-col-size=\"md\">Ce qu'il fait<\/th>\n<\/tr>\n<\/thead>\n<tbody data-start=\"2408\" data-end=\"2653\">\n<tr data-start=\"2408\" data-end=\"2461\">\n<td data-start=\"2408\" data-end=\"2429\" data-col-size=\"sm\">Gaine ext\u00e9rieure de 3,0 mm<\/td>\n<td data-col-size=\"md\" data-start=\"2429\" data-end=\"2461\">R\u00e9siste \u00e0 l'\u00e9crasement et \u00e0 l'arrachement<\/td>\n<\/tr>\n<tr data-start=\"2462\" data-end=\"2527\">\n<td data-start=\"2462\" data-end=\"2482\" data-col-size=\"sm\">Longues bottes doubles<\/td>\n<td data-start=\"2482\" data-end=\"2527\" data-col-size=\"md\">Absorber le stress avant qu'il n'atteigne la fibre<\/td>\n<\/tr>\n<tr data-start=\"2528\" data-end=\"2594\">\n<td data-start=\"2528\" data-end=\"2549\" data-col-size=\"sm\">Loquet LC push-pull<\/td>\n<td data-start=\"2549\" data-end=\"2594\" data-col-size=\"md\">Maintient les connecteurs en place dans les panneaux encombr\u00e9s<\/td>\n<\/tr>\n<tr data-start=\"2595\" data-end=\"2653\">\n<td data-start=\"2595\" data-end=\"2614\" data-col-size=\"sm\">Embouts en c\u00e9ramique<\/td>\n<td data-start=\"2614\" data-end=\"2653\" data-col-size=\"md\">Maintenir un alignement stable dans le temps<\/td>\n<\/tr>\n<\/tbody>\n<\/table>\n<\/div>\n<\/div>\n<p data-start=\"2655\" data-end=\"2819\">Le connecteur est donc particuli\u00e8rement adapt\u00e9 pour <strong data-start=\"2704\" data-end=\"2781\">baies centrales, armoires d'agr\u00e9gation, armoires industrielles et salles de t\u00e9l\u00e9communications<\/strong>, o\u00f9 les c\u00e2bles sont fr\u00e9quemment manipul\u00e9s.<\/p>\n<hr data-start=\"2821\" data-end=\"2824\" \/>\n<h3 data-start=\"2826\" data-end=\"2848\">Questions et r\u00e9ponses professionnelles<\/h3>\n<p data-start=\"2850\" data-end=\"3038\"><strong data-start=\"2850\" data-end=\"2894\">Peut-on le m\u00e9langer avec des cavaliers aqua OM3 ?<\/strong><br data-start=\"2894\" data-end=\"2897\" \/>Oui, le connecteur est enti\u00e8rement compatible avec les fibres multimodes OM3, OM4 et OM5. La couleur rose-rouge indique simplement <strong data-start=\"3011\" data-end=\"3037\">multimode de qualit\u00e9 sup\u00e9rieure<\/strong>.<\/p>\n<p data-start=\"3040\" data-end=\"3244\"><strong data-start=\"3040\" data-end=\"3078\">3,0 mm est-il vraiment n\u00e9cessaire \u00e0 l'int\u00e9rieur ?<\/strong><br data-start=\"3078\" data-end=\"3081\" \/>Dans les baies silencieuses, 2,0 mm suffisent. Dans les <strong data-start=\"3115\" data-end=\"3179\">les rang\u00e9es de centres de donn\u00e9es occup\u00e9es, les armoires industrielles ou les cadres de t\u00e9l\u00e9communication<\/strong>, L'utilisation d'un c\u00e2ble de 3,0 mm r\u00e9duit consid\u00e9rablement les dommages caus\u00e9s au c\u00e2ble et l'instabilit\u00e9 du signal.<\/p>\n<p data-start=\"3246\" data-end=\"3415\"><strong data-start=\"3246\" data-end=\"3297\">L'UPC LC peut-il \u00eatre utilis\u00e9 avec des c\u00e2bles de d\u00e9rivation MPO-LC ?<\/strong><br data-start=\"3297\" data-end=\"3300\" \/>Oui. Ce connecteur est couramment utilis\u00e9 \u00e0 l'extr\u00e9mit\u00e9 LC de <strong data-start=\"3354\" data-end=\"3383\">Assemblages en \u00e9ventail MPO-LC<\/strong> pour les liaisons multimodes \u00e0 grande vitesse.<\/p>","protected":false},"excerpt":{"rendered":"<p data-start=\"235\" data-end=\"521\">Dans les rang\u00e9es des centres de donn\u00e9es et les racks industriels, les cavaliers de fibre ne sont pas trait\u00e9s avec d\u00e9licatesse.<br data-start=\"319\" data-end=\"322\" \/>Ils sont tir\u00e9s, pli\u00e9s autour des gestionnaires de c\u00e2bles, d\u00e9branch\u00e9s pour des mises \u00e0 jour, puis rebranch\u00e9s.<br data-start=\"417\" data-end=\"420\" \/>C'est exactement l\u00e0 que le <strong data-start=\"446\" data-end=\"490\">LC UPC 3.0mm Duplex Multimode (Rose-Rouge)<\/strong> est con\u00e7u pour fonctionner.<\/p>\n<p data-start=\"523\" data-end=\"776\">Au lieu d'une fine veste de bureau, ce mod\u00e8le utilise une veste \u00e0 manches longues. <strong data-start=\"580\" data-end=\"630\">c\u00e2ble complet de 3,0 mm avec longues gaines de d\u00e9charge de traction<\/strong>, La fibre est ainsi prot\u00e9g\u00e9e physiquement pour survivre aux environnements \u00e0 fort trafic, sans cr\u00e9er de micro-courbures qui d\u00e9gradent la qualit\u00e9 du signal.<\/p>\n<p data-start=\"778\" data-end=\"956\">Dans le m\u00eame temps, le <strong data-start=\"800\" data-end=\"820\">Format LC duplex<\/strong> maintient les fibres de transmission et de r\u00e9ception verrouill\u00e9es ensemble, en conservant une polarit\u00e9 correcte et en r\u00e9duisant les erreurs d'installation dans les panneaux de raccordement denses.<\/p>","protected":false},"featured_media":872,"comment_status":"open","ping_status":"closed","template":"","meta":[],"product_brand":[],"product_cat":[49],"product_tag":[],"class_list":{"0":"post-871","1":"product","2":"type-product","3":"status-publish","4":"has-post-thumbnail","6":"product_cat-lc-duplex-connectors-single-modemultimode","8":"first","9":"instock","10":"shipping-taxable","11":"product-type-simple"},"_links":{"self":[{"href":"https:\/\/www.fenxifiber.com\/fr\/wp-json\/wp\/v2\/product\/871","targetHints":{"allow":["GET"]}}],"collection":[{"href":"https:\/\/www.fenxifiber.com\/fr\/wp-json\/wp\/v2\/product"}],"about":[{"href":"https:\/\/www.fenxifiber.com\/fr\/wp-json\/wp\/v2\/types\/product"}],"replies":[{"embeddable":true,"href":"https:\/\/www.fenxifiber.com\/fr\/wp-json\/wp\/v2\/comments?post=871"}],"wp:featuredmedia":[{"embeddable":true,"href":"https:\/\/www.fenxifiber.com\/fr\/wp-json\/wp\/v2\/media\/872"}],"wp:attachment":[{"href":"https:\/\/www.fenxifiber.com\/fr\/wp-json\/wp\/v2\/media?parent=871"}],"wp:term":[{"taxonomy":"product_brand","embeddable":true,"href":"https:\/\/www.fenxifiber.com\/fr\/wp-json\/wp\/v2\/product_brand?post=871"},{"taxonomy":"product_cat","embeddable":true,"href":"https:\/\/www.fenxifiber.com\/fr\/wp-json\/wp\/v2\/product_cat?post=871"},{"taxonomy":"product_tag","embeddable":true,"href":"https:\/\/www.fenxifiber.com\/fr\/wp-json\/wp\/v2\/product_tag?post=871"}],"curies":[{"name":"wp","href":"https:\/\/api.w.org\/{rel}","templated":true}]}}