{"id":890,"date":"2026-02-04T03:02:57","date_gmt":"2026-02-04T03:02:57","guid":{"rendered":"https:\/\/www.fenxifiber.com\/?post_type=product&#038;p=890"},"modified":"2026-02-05T02:37:21","modified_gmt":"2026-02-05T02:37:21","slug":"lc-upc-3-0mm-duplex-multimode-lake-blue","status":"publish","type":"product","link":"https:\/\/www.fenxifiber.com\/fr\/product\/lc-upc-3-0mm-duplex-multimode-lake-blue\/","title":{"rendered":"Connecteur fibre optique LC UPC 3.0mm Duplex Multimode (bleu lac)"},"content":{"rendered":"<h3 data-start=\"721\" data-end=\"780\">Le code couleur multimode facilite la gestion des r\u00e9seaux<\/h3>\n<div class=\"TyagGW_tableContainer\">\n<div class=\"group TyagGW_tableWrapper flex flex-col-reverse w-fit\" tabindex=\"-1\">\n<table class=\"w-fit min-w-(--thread-content-width)\" data-start=\"782\" data-end=\"992\">\n<thead data-start=\"782\" data-end=\"827\">\n<tr data-start=\"782\" data-end=\"827\">\n<th class=\"\" data-start=\"782\" data-end=\"797\" data-col-size=\"sm\">Couleur de la veste<\/th>\n<th class=\"\" data-start=\"797\" data-end=\"827\" data-col-size=\"sm\">Ce qu'il repr\u00e9sente g\u00e9n\u00e9ralement<\/th>\n<\/tr>\n<\/thead>\n<tbody data-start=\"873\" data-end=\"992\">\n<tr data-start=\"873\" data-end=\"897\">\n<td data-start=\"873\" data-end=\"882\" data-col-size=\"sm\">Jaune<\/td>\n<td data-start=\"882\" data-end=\"897\" data-col-size=\"sm\">monomode<\/td>\n<\/tr>\n<tr data-start=\"898\" data-end=\"930\">\n<td data-start=\"898\" data-end=\"907\" data-col-size=\"sm\">Orange<\/td>\n<td data-start=\"907\" data-end=\"930\" data-col-size=\"sm\">OM1 \/ OM2 multimode<\/td>\n<\/tr>\n<tr data-start=\"931\" data-end=\"992\">\n<td data-start=\"931\" data-end=\"954\" data-col-size=\"sm\"><strong data-start=\"933\" data-end=\"953\">Bleu lac (Aqua)<\/strong><\/td>\n<td data-col-size=\"sm\" data-start=\"954\" data-end=\"992\"><strong data-start=\"956\" data-end=\"990\">OM3 \/ OM4 multimode \u00e0 grande vitesse<\/strong><\/td>\n<\/tr>\n<\/tbody>\n<\/table>\n<\/div>\n<\/div>\n<p data-start=\"994\" data-end=\"1086\">Cette norme visuelle est largement utilis\u00e9e dans <strong data-start=\"1033\" data-end=\"1085\">les centres de donn\u00e9es, les installations en nuage et les salles de t\u00e9l\u00e9communications<\/strong>.<\/p>\n<hr data-start=\"1088\" data-end=\"1091\" \/>\n<h3 data-start=\"1093\" data-end=\"1142\">3.0mm duplex - con\u00e7u pour le c\u00e2blage structur\u00e9<\/h3>\n<div class=\"TyagGW_tableContainer\">\n<div class=\"group TyagGW_tableWrapper flex flex-col-reverse w-fit\" tabindex=\"-1\">\n<table class=\"w-fit min-w-(--thread-content-width)\" data-start=\"1144\" data-end=\"1307\">\n<thead data-start=\"1144\" data-end=\"1173\">\n<tr data-start=\"1144\" data-end=\"1173\">\n<th class=\"\" data-start=\"1144\" data-end=\"1157\" data-col-size=\"sm\">Taille du c\u00e2ble<\/th>\n<th class=\"\" data-start=\"1157\" data-end=\"1173\" data-col-size=\"md\">R\u00f4le typique<\/th>\n<\/tr>\n<\/thead>\n<tbody data-start=\"1203\" data-end=\"1307\">\n<tr data-start=\"1203\" data-end=\"1242\">\n<td data-start=\"1203\" data-end=\"1211\" data-col-size=\"sm\">2,0 mm<\/td>\n<td data-col-size=\"md\" data-start=\"1211\" data-end=\"1242\">Cordons de raccordement aux ports des commutateurs<\/td>\n<\/tr>\n<tr data-start=\"1243\" data-end=\"1307\">\n<td data-start=\"1243\" data-end=\"1255\" data-col-size=\"sm\"><strong data-start=\"1245\" data-end=\"1254\">3,0 mm<\/strong><\/td>\n<td data-start=\"1255\" data-end=\"1307\" data-col-size=\"md\"><strong data-start=\"1257\" data-end=\"1305\">Baies, chemins de c\u00e2bles, liaisons d'armoire \u00e0 armoire<\/strong><\/td>\n<\/tr>\n<\/tbody>\n<\/table>\n<\/div>\n<\/div>\n<p data-start=\"1309\" data-end=\"1432\">La gaine plus \u00e9paisse prot\u00e8ge les fibres multimodes de la perte de courbure et des contraintes physiques lorsqu'elles sont achemin\u00e9es dans des chemins de c\u00e2blage denses.<\/p>\n<hr data-start=\"1434\" data-end=\"1437\" \/>\n<h3 data-start=\"1439\" data-end=\"1474\">Performance optique multimode<\/h3>\n<div class=\"TyagGW_tableContainer\">\n<div class=\"group TyagGW_tableWrapper flex flex-col-reverse w-fit\" tabindex=\"-1\">\n<table class=\"w-fit min-w-(--thread-content-width)\" data-start=\"1476\" data-end=\"1727\">\n<thead data-start=\"1476\" data-end=\"1505\">\n<tr data-start=\"1476\" data-end=\"1505\">\n<th class=\"\" data-start=\"1476\" data-end=\"1488\" data-col-size=\"sm\">Param\u00e8tres<\/th>\n<th class=\"\" data-start=\"1488\" data-end=\"1505\" data-col-size=\"sm\">Valeur typique<\/th>\n<\/tr>\n<\/thead>\n<tbody data-start=\"1535\" data-end=\"1727\">\n<tr data-start=\"1535\" data-end=\"1561\">\n<td data-start=\"1535\" data-end=\"1548\" data-col-size=\"sm\">Type de fibre<\/td>\n<td data-start=\"1548\" data-end=\"1561\" data-col-size=\"sm\">OM3 \/ OM4<\/td>\n<\/tr>\n<tr data-start=\"1562\" data-end=\"1587\">\n<td data-start=\"1562\" data-end=\"1574\" data-col-size=\"sm\">Taille du noyau<\/td>\n<td data-start=\"1574\" data-end=\"1587\" data-col-size=\"sm\">50\/125 \u00b5m<\/td>\n<\/tr>\n<tr data-start=\"1588\" data-end=\"1606\">\n<td data-start=\"1588\" data-end=\"1599\" data-col-size=\"sm\">Face d'extr\u00e9mit\u00e9<\/td>\n<td data-start=\"1599\" data-end=\"1606\" data-col-size=\"sm\">CUP<\/td>\n<\/tr>\n<tr data-start=\"1607\" data-end=\"1637\">\n<td data-start=\"1607\" data-end=\"1624\" data-col-size=\"sm\">Perte d'insertion<\/td>\n<td data-col-size=\"sm\" data-start=\"1624\" data-end=\"1637\">\u2264 0,30 dB<\/td>\n<\/tr>\n<tr data-start=\"1638\" data-end=\"1663\">\n<td data-start=\"1638\" data-end=\"1652\" data-col-size=\"sm\">Perte de retour<\/td>\n<td data-start=\"1652\" data-end=\"1663\" data-col-size=\"sm\">\u2265 35 dB<\/td>\n<\/tr>\n<tr data-start=\"1664\" data-end=\"1695\">\n<td data-start=\"1664\" data-end=\"1678\" data-col-size=\"sm\">Longueurs d'onde<\/td>\n<td data-start=\"1678\" data-end=\"1695\" data-col-size=\"sm\">850 \/ 1300 nm<\/td>\n<\/tr>\n<tr data-start=\"1696\" data-end=\"1727\">\n<td data-start=\"1696\" data-end=\"1710\" data-col-size=\"sm\">Vie f\u00e9conde<\/td>\n<td data-start=\"1710\" data-end=\"1727\" data-col-size=\"sm\">\u2265 1000 cycles<\/td>\n<\/tr>\n<\/tbody>\n<\/table>\n<\/div>\n<\/div>\n<p data-start=\"1729\" data-end=\"1834\">Ces caract\u00e9ristiques soutiennent <strong data-start=\"1759\" data-end=\"1789\">Ethernet 10G, 40G et 100G<\/strong> \u00e0 l'int\u00e9rieur des centres de donn\u00e9es et des r\u00e9seaux d'entreprise.<\/p>\n<hr data-start=\"1836\" data-end=\"1839\" \/>\n<h3 data-start=\"1841\" data-end=\"1869\">Construction LC duplex<\/h3>\n<div class=\"TyagGW_tableContainer\">\n<div class=\"group TyagGW_tableWrapper flex flex-col-reverse w-fit\" tabindex=\"-1\">\n<table class=\"w-fit min-w-(--thread-content-width)\" data-start=\"1871\" data-end=\"2130\">\n<thead data-start=\"1871\" data-end=\"1894\">\n<tr data-start=\"1871\" data-end=\"1894\">\n<th class=\"\" data-start=\"1871\" data-end=\"1883\" data-col-size=\"sm\">Composant<\/th>\n<th class=\"\" data-start=\"1883\" data-end=\"1894\" data-col-size=\"sm\">Objectif<\/th>\n<\/tr>\n<\/thead>\n<tbody data-start=\"1917\" data-end=\"2130\">\n<tr data-start=\"1917\" data-end=\"1974\">\n<td data-start=\"1917\" data-end=\"1943\" data-col-size=\"sm\">Embouts en c\u00e9ramique de 1,25 mm<\/td>\n<td data-start=\"1943\" data-end=\"1974\" data-col-size=\"sm\">Alignement multimode pr\u00e9cis<\/td>\n<\/tr>\n<tr data-start=\"1975\" data-end=\"2027\">\n<td data-start=\"1975\" data-end=\"2000\" data-col-size=\"sm\">faces d'extr\u00e9mit\u00e9 polies UPC<\/td>\n<td data-start=\"2000\" data-end=\"2027\" data-col-size=\"sm\">Couplage optique stable<\/td>\n<\/tr>\n<tr data-start=\"2028\" data-end=\"2072\">\n<td data-start=\"2028\" data-end=\"2045\" data-col-size=\"sm\">Clip LC duplex<\/td>\n<td data-start=\"2045\" data-end=\"2072\" data-col-size=\"sm\">Maintient l'appariement Tx\/Rx<\/td>\n<\/tr>\n<tr data-start=\"2073\" data-end=\"2130\">\n<td data-start=\"2073\" data-end=\"2098\" data-col-size=\"sm\">Veste bleu lac 3.0mm<\/td>\n<td data-start=\"2098\" data-end=\"2130\" data-col-size=\"sm\">Haute visibilit\u00e9 et protection<\/td>\n<\/tr>\n<\/tbody>\n<\/table>\n<\/div>\n<\/div>\n<hr data-start=\"2132\" data-end=\"2135\" \/>\n<h3 data-start=\"2137\" data-end=\"2159\">Questions et r\u00e9ponses professionnelles<\/h3>\n<p data-start=\"2161\" data-end=\"2328\"><strong data-start=\"2161\" data-end=\"2209\">La couleur bleu lac affecte-t-elle les performances ?<\/strong><br data-start=\"2209\" data-end=\"2212\" \/>Non. La couleur est pour <strong data-start=\"2233\" data-end=\"2271\">identification et gestion uniquement<\/strong>. La performance optique est d\u00e9finie par la fibre et le polissage.<\/p>\n<p data-start=\"2330\" data-end=\"2456\"><strong data-start=\"2330\" data-end=\"2383\">Est-il compatible avec les \u00e9metteurs-r\u00e9cepteurs OM3 et OM4 ?<\/strong><br data-start=\"2383\" data-end=\"2386\" \/>Oui, il est con\u00e7u sp\u00e9cifiquement pour <strong data-start=\"2423\" data-end=\"2455\">syst\u00e8mes multimodes \u00e0 grande vitesse<\/strong>.<\/p>\n<p data-start=\"2458\" data-end=\"2564\"><strong data-start=\"2458\" data-end=\"2498\">Peut-on l'utiliser dans les panneaux de brassage LC ?<\/strong><br data-start=\"2498\" data-end=\"2501\" \/>Oui, l'interface LC est standard et s'adapte \u00e0 tous les adaptateurs LC UPC.<\/p>","protected":false},"excerpt":{"rendered":"<p data-start=\"180\" data-end=\"551\">Dans les grands centres de donn\u00e9es et les salles de fibre optique des entreprises, les c\u00e2bles ne sont plus de simples connexions - ils sont <strong data-start=\"279\" data-end=\"312\">partie du syst\u00e8me de gestion<\/strong>.<br data-start=\"313\" data-end=\"316\" \/>Le <strong data-start=\"320\" data-end=\"387\">Connecteur fibre optique LC UPC 3.0mm Duplex Multimode (bleu lac)<\/strong> ajoute <strong data-start=\"393\" data-end=\"424\">une identification visuelle claire<\/strong> \u00e0 un <strong data-start=\"430\" data-end=\"457\">liaison optique \u00e0 haut d\u00e9bit<\/strong>, permettant aux ing\u00e9nieurs de distinguer rapidement les circuits multimodes des circuits monomodes et des itin\u00e9raires de secours.<\/p>\n<p data-start=\"553\" data-end=\"714\">Le <strong data-start=\"557\" data-end=\"577\">Veste Lake Blue<\/strong> est couramment utilis\u00e9 pour identifier les <strong data-start=\"607\" data-end=\"638\">Fibre multimode OM3 et OM4<\/strong>, Le syst\u00e8me d'alimentation en eau de l'appareil permet de r\u00e9duire le risque de mauvaises connexions lors de l'installation ou de l'entretien.<\/p>","protected":false},"featured_media":891,"comment_status":"open","ping_status":"closed","template":"","meta":[],"product_brand":[],"product_cat":[49],"product_tag":[],"class_list":{"0":"post-890","1":"product","2":"type-product","3":"status-publish","4":"has-post-thumbnail","6":"product_cat-lc-duplex-connectors-single-modemultimode","8":"first","9":"instock","10":"shipping-taxable","11":"product-type-simple"},"_links":{"self":[{"href":"https:\/\/www.fenxifiber.com\/fr\/wp-json\/wp\/v2\/product\/890","targetHints":{"allow":["GET"]}}],"collection":[{"href":"https:\/\/www.fenxifiber.com\/fr\/wp-json\/wp\/v2\/product"}],"about":[{"href":"https:\/\/www.fenxifiber.com\/fr\/wp-json\/wp\/v2\/types\/product"}],"replies":[{"embeddable":true,"href":"https:\/\/www.fenxifiber.com\/fr\/wp-json\/wp\/v2\/comments?post=890"}],"wp:featuredmedia":[{"embeddable":true,"href":"https:\/\/www.fenxifiber.com\/fr\/wp-json\/wp\/v2\/media\/891"}],"wp:attachment":[{"href":"https:\/\/www.fenxifiber.com\/fr\/wp-json\/wp\/v2\/media?parent=890"}],"wp:term":[{"taxonomy":"product_brand","embeddable":true,"href":"https:\/\/www.fenxifiber.com\/fr\/wp-json\/wp\/v2\/product_brand?post=890"},{"taxonomy":"product_cat","embeddable":true,"href":"https:\/\/www.fenxifiber.com\/fr\/wp-json\/wp\/v2\/product_cat?post=890"},{"taxonomy":"product_tag","embeddable":true,"href":"https:\/\/www.fenxifiber.com\/fr\/wp-json\/wp\/v2\/product_tag?post=890"}],"curies":[{"name":"wp","href":"https:\/\/api.w.org\/{rel}","templated":true}]}}