{"id":892,"date":"2026-02-04T03:04:47","date_gmt":"2026-02-04T03:04:47","guid":{"rendered":"https:\/\/www.fenxifiber.com\/?post_type=product&#038;p=892"},"modified":"2026-02-05T02:22:27","modified_gmt":"2026-02-05T02:22:27","slug":"lc-apc-0-9mm-simplex-singlemode","status":"publish","type":"product","link":"https:\/\/www.fenxifiber.com\/fr\/product\/lc-apc-0-9mm-simplex-singlemode\/","title":{"rendered":"LC APC 0.9mm Simplex Single-Mode Connector"},"content":{"rendered":"<h3 data-start=\"694\" data-end=\"741\">Pourquoi LC + APC est la combinaison pr\u00e9f\u00e9r\u00e9e<\/h3>\n<p data-start=\"743\" data-end=\"943\">Les connecteurs LC sont connus pour leur <strong data-start=\"777\" data-end=\"823\">faible encombrement et m\u00e9canisme de verrouillage s\u00e9curis\u00e9<\/strong>, tandis que le polissage APC permet d'obtenir <strong data-start=\"854\" data-end=\"891\">une r\u00e9tro-r\u00e9flexion exceptionnellement faible<\/strong>.<br data-start=\"892\" data-end=\"895\" \/>Ensemble, ils cr\u00e9ent un connecteur qui soutient :<\/p>\n<ul data-start=\"945\" data-end=\"1083\">\n<li data-start=\"945\" data-end=\"974\">\n<p data-start=\"947\" data-end=\"974\">Panneaux de raccordement \u00e0 haute densit\u00e9<\/p>\n<\/li>\n<li data-start=\"975\" data-end=\"1017\">\n<p data-start=\"977\" data-end=\"1017\">Transmission monomode longue distance<\/p>\n<\/li>\n<li data-start=\"1018\" data-end=\"1052\">\n<p data-start=\"1020\" data-end=\"1052\">\u00c9metteurs-r\u00e9cepteurs optiques sensibles<\/p>\n<\/li>\n<li data-start=\"1053\" data-end=\"1083\">\n<p data-start=\"1055\" data-end=\"1083\">Qualit\u00e9 stable du signal FTTH<\/p>\n<\/li>\n<\/ul>\n<p data-start=\"1085\" data-end=\"1189\">C'est la raison pour laquelle les connecteurs LC APC sont devenus la norme en mati\u00e8re de <strong data-start=\"1140\" data-end=\"1188\">r\u00e9seaux modernes d'acc\u00e8s et de centres de donn\u00e9es en fibre optique<\/strong>.<\/p>\n<hr data-start=\"1191\" data-end=\"1194\" \/>\n<h3 data-start=\"1196\" data-end=\"1239\">Con\u00e7u pour les fibres \u00e0 tampon serr\u00e9 de 0,9 mm<\/h3>\n<div class=\"TyagGW_tableContainer\">\n<div class=\"group TyagGW_tableWrapper flex flex-col-reverse w-fit\" tabindex=\"-1\">\n<table class=\"w-fit min-w-(--thread-content-width)\" data-start=\"1241\" data-end=\"1393\">\n<thead data-start=\"1241\" data-end=\"1277\">\n<tr data-start=\"1241\" data-end=\"1277\">\n<th class=\"\" data-start=\"1241\" data-end=\"1254\" data-col-size=\"sm\">Type de c\u00e2ble<\/th>\n<th class=\"\" data-start=\"1254\" data-end=\"1277\" data-col-size=\"md\">Application typique<\/th>\n<\/tr>\n<\/thead>\n<tbody data-start=\"1313\" data-end=\"1393\">\n<tr data-start=\"1313\" data-end=\"1393\">\n<td data-start=\"1313\" data-end=\"1338\" data-col-size=\"sm\"><strong data-start=\"1315\" data-end=\"1337\">Tampon serr\u00e9 de 0,9 mm<\/strong><\/td>\n<td data-col-size=\"md\" data-start=\"1338\" data-end=\"1393\">Pigtails, cavaliers d'\u00e9quipement, routage interne des fibres<\/td>\n<\/tr>\n<\/tbody>\n<\/table>\n<\/div>\n<\/div>\n<p data-start=\"1395\" data-end=\"1519\">Cette taille permet <strong data-start=\"1416\" data-end=\"1474\">routage compact \u00e0 l'int\u00e9rieur des ODF, des ONT et des modules optiques<\/strong>, sans sacrifier la fiabilit\u00e9 m\u00e9canique.<\/p>\n<hr data-start=\"1521\" data-end=\"1524\" \/>\n<h3 data-start=\"1526\" data-end=\"1551\">Performances optiques<\/h3>\n<div class=\"TyagGW_tableContainer\">\n<div class=\"group TyagGW_tableWrapper flex flex-col-reverse w-fit\" tabindex=\"-1\">\n<table class=\"w-fit min-w-(--thread-content-width)\" data-start=\"1553\" data-end=\"1824\">\n<thead data-start=\"1553\" data-end=\"1582\">\n<tr data-start=\"1553\" data-end=\"1582\">\n<th class=\"\" data-start=\"1553\" data-end=\"1565\" data-col-size=\"sm\">Param\u00e8tres<\/th>\n<th class=\"\" data-start=\"1565\" data-end=\"1582\" data-col-size=\"sm\">Valeur typique<\/th>\n<\/tr>\n<\/thead>\n<tbody data-start=\"1611\" data-end=\"1824\">\n<tr data-start=\"1611\" data-end=\"1650\">\n<td data-start=\"1611\" data-end=\"1624\" data-col-size=\"sm\">Type de fibre<\/td>\n<td data-col-size=\"sm\" data-start=\"1624\" data-end=\"1650\">monomode (9\/125 \u00b5m)<\/td>\n<\/tr>\n<tr data-start=\"1651\" data-end=\"1684\">\n<td data-start=\"1651\" data-end=\"1665\" data-col-size=\"sm\">Type de polissage<\/td>\n<td data-col-size=\"sm\" data-start=\"1665\" data-end=\"1684\">APC (coud\u00e9 \u00e0 8\u00b0)<\/td>\n<\/tr>\n<tr data-start=\"1685\" data-end=\"1715\">\n<td data-start=\"1685\" data-end=\"1702\" data-col-size=\"sm\">Perte d'insertion<\/td>\n<td data-col-size=\"sm\" data-start=\"1702\" data-end=\"1715\">\u2264 0,30 dB<\/td>\n<\/tr>\n<tr data-start=\"1716\" data-end=\"1741\">\n<td data-start=\"1716\" data-end=\"1730\" data-col-size=\"sm\">Perte de retour<\/td>\n<td data-col-size=\"sm\" data-start=\"1730\" data-end=\"1741\">\u2265 60 dB<\/td>\n<\/tr>\n<tr data-start=\"1742\" data-end=\"1786\">\n<td data-start=\"1742\" data-end=\"1765\" data-col-size=\"sm\">Longueur d'onde de fonctionnement<\/td>\n<td data-col-size=\"sm\" data-start=\"1765\" data-end=\"1786\">1310 nm \/ 1550 nm<\/td>\n<\/tr>\n<tr data-start=\"1787\" data-end=\"1824\">\n<td data-start=\"1787\" data-end=\"1807\" data-col-size=\"sm\">Durabilit\u00e9 de l'accouplement<\/td>\n<td data-col-size=\"sm\" data-start=\"1807\" data-end=\"1824\">\u2265 1000 cycles<\/td>\n<\/tr>\n<\/tbody>\n<\/table>\n<\/div>\n<\/div>\n<p data-start=\"1826\" data-end=\"1947\">Ces caract\u00e9ristiques font qu'il convient pour <strong data-start=\"1869\" data-end=\"1909\">PON, FTTH, CATV et liaisons longue distance<\/strong> o\u00f9 le contr\u00f4le de la r\u00e9flexion est essentiel.<\/p>\n<hr data-start=\"1949\" data-end=\"1952\" \/>\n<h3 data-start=\"1954\" data-end=\"1992\">Conception m\u00e9canique et structurelle<\/h3>\n<div class=\"TyagGW_tableContainer\">\n<div class=\"group TyagGW_tableWrapper flex flex-col-reverse w-fit\" tabindex=\"-1\">\n<table class=\"w-fit min-w-(--thread-content-width)\" data-start=\"1994\" data-end=\"2253\">\n<thead data-start=\"1994\" data-end=\"2018\">\n<tr data-start=\"1994\" data-end=\"2018\">\n<th class=\"\" data-start=\"1994\" data-end=\"2001\" data-col-size=\"sm\">Objet<\/th>\n<th class=\"\" data-start=\"2001\" data-end=\"2018\" data-col-size=\"sm\">Sp\u00e9cifications<\/th>\n<\/tr>\n<\/thead>\n<tbody data-start=\"2045\" data-end=\"2253\">\n<tr data-start=\"2045\" data-end=\"2076\">\n<td data-start=\"2045\" data-end=\"2062\" data-col-size=\"sm\">Type de connecteur<\/td>\n<td data-start=\"2062\" data-end=\"2076\" data-col-size=\"sm\">LC Simplex<\/td>\n<\/tr>\n<tr data-start=\"2077\" data-end=\"2099\">\n<td data-start=\"2077\" data-end=\"2090\" data-col-size=\"sm\">Taille de la fibre<\/td>\n<td data-start=\"2090\" data-end=\"2099\" data-col-size=\"sm\">0,9 mm<\/td>\n<\/tr>\n<tr data-start=\"2100\" data-end=\"2137\">\n<td data-start=\"2100\" data-end=\"2110\" data-col-size=\"sm\">Embout<\/td>\n<td data-start=\"2110\" data-end=\"2137\" data-col-size=\"sm\">C\u00e9ramique zircone de 1,25 mm<\/td>\n<\/tr>\n<tr data-start=\"2138\" data-end=\"2177\">\n<td data-start=\"2138\" data-end=\"2156\" data-col-size=\"sm\">Syst\u00e8me de verrouillage<\/td>\n<td data-start=\"2156\" data-end=\"2177\" data-col-size=\"sm\">Loquet LC de type RJ<\/td>\n<\/tr>\n<tr data-start=\"2178\" data-end=\"2210\">\n<td data-start=\"2178\" data-end=\"2189\" data-col-size=\"sm\">Face d'extr\u00e9mit\u00e9<\/td>\n<td data-start=\"2189\" data-end=\"2210\" data-col-size=\"sm\">Polissage angulaire APC<\/td>\n<\/tr>\n<tr data-start=\"2211\" data-end=\"2253\">\n<td data-start=\"2211\" data-end=\"2235\" data-col-size=\"sm\">Temp\u00e9rature de fonctionnement<\/td>\n<td data-start=\"2235\" data-end=\"2253\" data-col-size=\"sm\">De -40\u00b0C \u00e0 +75\u00b0C<\/td>\n<\/tr>\n<\/tbody>\n<\/table>\n<\/div>\n<\/div>\n<p data-start=\"2255\" data-end=\"2393\">Le <strong data-start=\"2259\" data-end=\"2271\">Loquet LC<\/strong> permet une connexion push-pull rapide, tandis que le <strong data-start=\"2317\" data-end=\"2336\">virole en c\u00e9ramique<\/strong> garantit un alignement pr\u00e9cis des fibres et une stabilit\u00e9 \u00e0 long terme.<\/p>\n<hr data-start=\"2395\" data-end=\"2398\" \/>\n<h3 data-start=\"2400\" data-end=\"2444\">Domaines d'utilisation de ce connecteur<\/h3>\n<ul data-start=\"2446\" data-end=\"2662\">\n<li data-start=\"2446\" data-end=\"2477\">\n<p data-start=\"2448\" data-end=\"2477\">Liaisons d'abonn\u00e9s FTTH &amp; PON<\/p>\n<\/li>\n<li data-start=\"2478\" data-end=\"2506\">\n<p data-start=\"2480\" data-end=\"2506\">Panneaux de brassage pour centres de donn\u00e9es<\/p>\n<\/li>\n<li data-start=\"2507\" data-end=\"2534\">\n<p data-start=\"2509\" data-end=\"2534\">Cadres ODF \u00e0 haute densit\u00e9<\/p>\n<\/li>\n<li data-start=\"2535\" data-end=\"2585\">\n<p data-start=\"2537\" data-end=\"2585\">\u00c9metteurs-r\u00e9cepteurs optiques (SFP, GPON, XG-PON, etc.)<\/p>\n<\/li>\n<li data-start=\"2586\" data-end=\"2620\">\n<p data-start=\"2588\" data-end=\"2620\">Syst\u00e8mes CATV et RF sur fibre<\/p>\n<\/li>\n<li data-start=\"2621\" data-end=\"2662\">\n<p data-start=\"2623\" data-end=\"2662\">\u00c9quipement de test et de contr\u00f4le optique<\/p>\n<\/li>\n<\/ul>\n<hr data-start=\"2664\" data-end=\"2667\" \/>\n<h2 data-start=\"2669\" data-end=\"2690\">Questions et r\u00e9ponses professionnelles<\/h2>\n<p data-start=\"2692\" data-end=\"2929\"><strong data-start=\"2692\" data-end=\"2745\">Q1 : Pourquoi utiliser APC au lieu de UPC pour les connecteurs LC ?<\/strong><br data-start=\"2745\" data-end=\"2748\" \/>Le polissage APC apporte beaucoup de <strong data-start=\"2776\" data-end=\"2807\">perte de retour plus \u00e9lev\u00e9e (\u226560 dB)<\/strong>, ce qui est important pour <strong data-start=\"2832\" data-end=\"2882\">PON, CATV et liaisons monomodes longue distance<\/strong> o\u00f9 la lumi\u00e8re r\u00e9fl\u00e9chie peut d\u00e9grader les performances.<\/p>\n<hr data-start=\"2931\" data-end=\"2934\" \/>\n<p data-start=\"2936\" data-end=\"3099\"><strong data-start=\"2936\" data-end=\"2973\">Q2 : LC APC peut-il se connecter \u00e0 LC UPC ?<\/strong><br data-start=\"2973\" data-end=\"2976\" \/>Non. L'APC et l'UPC ont des g\u00e9om\u00e9tries d'extr\u00e9mit\u00e9 diff\u00e9rentes. Leur accouplement entra\u00eene <strong data-start=\"3047\" data-end=\"3098\">perte d'insertion \u00e9lev\u00e9e et risque d'endommagement de la virole<\/strong>.<\/p>\n<hr data-start=\"3101\" data-end=\"3104\" \/>\n<p data-start=\"3106\" data-end=\"3325\"><strong data-start=\"3106\" data-end=\"3156\">Q3 : Les c\u00e2bles de 0,9 mm conviennent-ils pour les c\u00e2bles de descente en ext\u00e9rieur ?<\/strong><br data-start=\"3156\" data-end=\"3159\" \/>0,9 mm est principalement utilis\u00e9 pour <strong data-start=\"3184\" data-end=\"3225\">les cordons int\u00e9rieurs et les cavaliers d'\u00e9quipement<\/strong>. Les c\u00e2bles de descente FTTH ext\u00e9rieurs utilisent normalement <strong data-start=\"3265\" data-end=\"3291\">Gaines de 2,0 mm ou 3,0 mm<\/strong> avec des \u00e9l\u00e9ments de r\u00e9sistance renforc\u00e9s.<\/p>","protected":false},"excerpt":{"rendered":"<h3 data-start=\"156\" data-end=\"206\">Petit connecteur, performances optiques importantes<\/h3>\n<p data-start=\"208\" data-end=\"384\">Le <strong data-start=\"212\" data-end=\"258\">Connecteur LC APC 0.9mm Simplex Single-Mode<\/strong> est con\u00e7u pour les <strong data-start=\"282\" data-end=\"313\">r\u00e9seaux de fibres \u00e0 haute densit\u00e9<\/strong>, o\u00f9 l'espace est limit\u00e9 mais o\u00f9 les performances optiques ne peuvent \u00eatre compromises.<\/p>\n<p data-start=\"386\" data-end=\"687\">Avec son <strong data-start=\"395\" data-end=\"421\">facteur de forme LC compact<\/strong> et <strong data-start=\"426\" data-end=\"448\">Embout angulaire APC<\/strong>, Ce connecteur est largement utilis\u00e9 dans les domaines suivants <strong data-start=\"483\" data-end=\"572\">R\u00e9seaux d'acc\u00e8s FTTH, centres de donn\u00e9es, syst\u00e8mes PON et \u00e9quipements optiques de haute pr\u00e9cision<\/strong>. Les <strong data-start=\"578\" data-end=\"607\">Conception \u00e0 tampon serr\u00e9 de 0,9 mm<\/strong> le rend id\u00e9al pour les <strong data-start=\"627\" data-end=\"686\">queues de cochon, cavaliers d'\u00e9quipement et c\u00e2blage interne de l'appareil<\/strong>.<\/p>","protected":false},"featured_media":893,"comment_status":"open","ping_status":"closed","template":"","meta":[],"product_brand":[],"product_cat":[50],"product_tag":[],"class_list":{"0":"post-892","1":"product","2":"type-product","3":"status-publish","4":"has-post-thumbnail","6":"product_cat-lc-simplex-connectors-single-modemultimode","8":"first","9":"instock","10":"shipping-taxable","11":"product-type-simple"},"_links":{"self":[{"href":"https:\/\/www.fenxifiber.com\/fr\/wp-json\/wp\/v2\/product\/892","targetHints":{"allow":["GET"]}}],"collection":[{"href":"https:\/\/www.fenxifiber.com\/fr\/wp-json\/wp\/v2\/product"}],"about":[{"href":"https:\/\/www.fenxifiber.com\/fr\/wp-json\/wp\/v2\/types\/product"}],"replies":[{"embeddable":true,"href":"https:\/\/www.fenxifiber.com\/fr\/wp-json\/wp\/v2\/comments?post=892"}],"wp:featuredmedia":[{"embeddable":true,"href":"https:\/\/www.fenxifiber.com\/fr\/wp-json\/wp\/v2\/media\/893"}],"wp:attachment":[{"href":"https:\/\/www.fenxifiber.com\/fr\/wp-json\/wp\/v2\/media?parent=892"}],"wp:term":[{"taxonomy":"product_brand","embeddable":true,"href":"https:\/\/www.fenxifiber.com\/fr\/wp-json\/wp\/v2\/product_brand?post=892"},{"taxonomy":"product_cat","embeddable":true,"href":"https:\/\/www.fenxifiber.com\/fr\/wp-json\/wp\/v2\/product_cat?post=892"},{"taxonomy":"product_tag","embeddable":true,"href":"https:\/\/www.fenxifiber.com\/fr\/wp-json\/wp\/v2\/product_tag?post=892"}],"curies":[{"name":"wp","href":"https:\/\/api.w.org\/{rel}","templated":true}]}}