{"id":894,"date":"2026-02-04T03:05:58","date_gmt":"2026-02-04T03:05:58","guid":{"rendered":"https:\/\/www.fenxifiber.com\/?post_type=product&#038;p=894"},"modified":"2026-02-05T02:23:02","modified_gmt":"2026-02-05T02:23:02","slug":"lc-apc-2-0mm-simplex-singlemode","status":"publish","type":"product","link":"https:\/\/www.fenxifiber.com\/fr\/product\/lc-apc-2-0mm-simplex-singlemode\/","title":{"rendered":"LC APC 2.0mm Simplex Single-Mode Connector"},"content":{"rendered":"<h3 data-start=\"767\" data-end=\"803\">Pourquoi 2,0 mm est la norme FTTH<\/h3>\n<p data-start=\"805\" data-end=\"1013\">Les r\u00e9seaux FTTH et les r\u00e9seaux d'acc\u00e8s n\u00e9cessitent des cordons de fibre qui peuvent r\u00e9sister \u00e0 la flexion, \u00e0 la traction et aux reconnexions fr\u00e9quentes.<br data-start=\"912\" data-end=\"915\" \/>Le <strong data-start=\"919\" data-end=\"935\">Gaine de 2,0 mm<\/strong> offre un bon \u00e9quilibre entre <strong data-start=\"971\" data-end=\"1012\">flexibilit\u00e9 et protection m\u00e9canique<\/strong>.<\/p>\n<div class=\"TyagGW_tableContainer\">\n<div class=\"group TyagGW_tableWrapper flex flex-col-reverse w-fit\" tabindex=\"-1\">\n<table class=\"w-fit min-w-(--thread-content-width)\" data-start=\"1015\" data-end=\"1168\">\n<thead data-start=\"1015\" data-end=\"1043\">\n<tr data-start=\"1015\" data-end=\"1043\">\n<th class=\"\" data-start=\"1015\" data-end=\"1028\" data-col-size=\"sm\">Taille du c\u00e2ble<\/th>\n<th class=\"\" data-start=\"1028\" data-end=\"1043\" data-col-size=\"sm\">Utilisation typique<\/th>\n<\/tr>\n<\/thead>\n<tbody data-start=\"1072\" data-end=\"1168\">\n<tr data-start=\"1072\" data-end=\"1114\">\n<td data-start=\"1072\" data-end=\"1084\" data-col-size=\"sm\"><strong data-start=\"1074\" data-end=\"1083\">0,9 mm<\/strong><\/td>\n<td data-col-size=\"sm\" data-start=\"1084\" data-end=\"1114\">Queues de cochon, \u00e0 l'int\u00e9rieur de l'\u00e9quipement<\/td>\n<\/tr>\n<tr data-start=\"1115\" data-end=\"1168\">\n<td data-start=\"1115\" data-end=\"1127\" data-col-size=\"sm\"><strong data-start=\"1117\" data-end=\"1126\">2,0 mm<\/strong><\/td>\n<td data-col-size=\"sm\" data-start=\"1127\" data-end=\"1168\">Ponts FTTH, prises murales, cordons ONT<\/td>\n<\/tr>\n<\/tbody>\n<\/table>\n<\/div>\n<\/div>\n<p data-start=\"1170\" data-end=\"1248\">La version LC APC 2,0 mm est donc id\u00e9ale pour <strong data-start=\"1216\" data-end=\"1247\">connexions en fibre optique du dernier kilom\u00e8tre<\/strong>.<\/p>\n<hr data-start=\"1250\" data-end=\"1253\" \/>\n<h3 data-start=\"1255\" data-end=\"1306\">Performance optique pour les r\u00e9seaux PON et d'acc\u00e8s<\/h3>\n<div class=\"TyagGW_tableContainer\">\n<div class=\"group TyagGW_tableWrapper flex flex-col-reverse w-fit\" tabindex=\"-1\">\n<table class=\"w-fit min-w-(--thread-content-width)\" data-start=\"1308\" data-end=\"1574\">\n<thead data-start=\"1308\" data-end=\"1337\">\n<tr data-start=\"1308\" data-end=\"1337\">\n<th class=\"\" data-start=\"1308\" data-end=\"1320\" data-col-size=\"sm\">Param\u00e8tres<\/th>\n<th class=\"\" data-start=\"1320\" data-end=\"1337\" data-col-size=\"sm\">Valeur typique<\/th>\n<\/tr>\n<\/thead>\n<tbody data-start=\"1367\" data-end=\"1574\">\n<tr data-start=\"1367\" data-end=\"1406\">\n<td data-start=\"1367\" data-end=\"1380\" data-col-size=\"sm\">Type de fibre<\/td>\n<td data-col-size=\"sm\" data-start=\"1380\" data-end=\"1406\">monomode (9\/125 \u00b5m)<\/td>\n<\/tr>\n<tr data-start=\"1407\" data-end=\"1440\">\n<td data-start=\"1407\" data-end=\"1421\" data-col-size=\"sm\">Type de polissage<\/td>\n<td data-col-size=\"sm\" data-start=\"1421\" data-end=\"1440\">APC (coud\u00e9 \u00e0 8\u00b0)<\/td>\n<\/tr>\n<tr data-start=\"1441\" data-end=\"1471\">\n<td data-start=\"1441\" data-end=\"1458\" data-col-size=\"sm\">Perte d'insertion<\/td>\n<td data-col-size=\"sm\" data-start=\"1458\" data-end=\"1471\">\u2264 0,30 dB<\/td>\n<\/tr>\n<tr data-start=\"1472\" data-end=\"1497\">\n<td data-start=\"1472\" data-end=\"1486\" data-col-size=\"sm\">Perte de retour<\/td>\n<td data-col-size=\"sm\" data-start=\"1486\" data-end=\"1497\">\u2265 60 dB<\/td>\n<\/tr>\n<tr data-start=\"1498\" data-end=\"1542\">\n<td data-start=\"1498\" data-end=\"1521\" data-col-size=\"sm\">Longueur d'onde de fonctionnement<\/td>\n<td data-col-size=\"sm\" data-start=\"1521\" data-end=\"1542\">1310 nm \/ 1550 nm<\/td>\n<\/tr>\n<tr data-start=\"1543\" data-end=\"1574\">\n<td data-start=\"1543\" data-end=\"1557\" data-col-size=\"sm\">La vie sexuelle<\/td>\n<td data-col-size=\"sm\" data-start=\"1557\" data-end=\"1574\">\u2265 1000 cycles<\/td>\n<\/tr>\n<\/tbody>\n<\/table>\n<\/div>\n<\/div>\n<p data-start=\"1576\" data-end=\"1653\">La perte de retour \u00e9lev\u00e9e garantit <strong data-start=\"1605\" data-end=\"1652\">qualit\u00e9 stable des signaux GPON, XG-PON et CATV<\/strong>.<\/p>\n<hr data-start=\"1655\" data-end=\"1658\" \/>\n<h3 data-start=\"1660\" data-end=\"1686\">Structure m\u00e9canique<\/h3>\n<div class=\"TyagGW_tableContainer\">\n<div class=\"group TyagGW_tableWrapper flex flex-col-reverse w-fit\" tabindex=\"-1\">\n<table class=\"w-fit min-w-(--thread-content-width)\" data-start=\"1688\" data-end=\"1978\">\n<thead data-start=\"1688\" data-end=\"1712\">\n<tr data-start=\"1688\" data-end=\"1712\">\n<th class=\"\" data-start=\"1688\" data-end=\"1695\" data-col-size=\"sm\">Objet<\/th>\n<th class=\"\" data-start=\"1695\" data-end=\"1712\" data-col-size=\"sm\">Sp\u00e9cifications<\/th>\n<\/tr>\n<\/thead>\n<tbody data-start=\"1738\" data-end=\"1978\">\n<tr data-start=\"1738\" data-end=\"1769\">\n<td data-start=\"1738\" data-end=\"1755\" data-col-size=\"sm\">Type de connecteur<\/td>\n<td data-col-size=\"sm\" data-start=\"1755\" data-end=\"1769\">LC Simplex<\/td>\n<\/tr>\n<tr data-start=\"1770\" data-end=\"1792\">\n<td data-start=\"1770\" data-end=\"1783\" data-col-size=\"sm\">Taille du c\u00e2ble<\/td>\n<td data-col-size=\"sm\" data-start=\"1783\" data-end=\"1792\">2,0 mm<\/td>\n<\/tr>\n<tr data-start=\"1793\" data-end=\"1830\">\n<td data-start=\"1793\" data-end=\"1803\" data-col-size=\"sm\">Embout<\/td>\n<td data-col-size=\"sm\" data-start=\"1803\" data-end=\"1830\">C\u00e9ramique zircone de 1,25 mm<\/td>\n<\/tr>\n<tr data-start=\"1831\" data-end=\"1871\">\n<td data-start=\"1831\" data-end=\"1849\" data-col-size=\"sm\">Syst\u00e8me de verrouillage<\/td>\n<td data-col-size=\"sm\" data-start=\"1849\" data-end=\"1871\">Loquet LC push-pull<\/td>\n<\/tr>\n<tr data-start=\"1872\" data-end=\"1904\">\n<td data-start=\"1872\" data-end=\"1883\" data-col-size=\"sm\">Face d'extr\u00e9mit\u00e9<\/td>\n<td data-start=\"1883\" data-end=\"1904\" data-col-size=\"sm\">Polissage angulaire APC<\/td>\n<\/tr>\n<tr data-start=\"1905\" data-end=\"1947\">\n<td data-start=\"1905\" data-end=\"1929\" data-col-size=\"sm\">Temp\u00e9rature de fonctionnement<\/td>\n<td data-col-size=\"sm\" data-start=\"1929\" data-end=\"1947\">De -40\u00b0C \u00e0 +75\u00b0C<\/td>\n<\/tr>\n<tr data-start=\"1948\" data-end=\"1978\">\n<td data-start=\"1948\" data-end=\"1967\" data-col-size=\"sm\">R\u00e9sistance \u00e0 la traction<\/td>\n<td data-col-size=\"sm\" data-start=\"1967\" data-end=\"1978\">\u2265 100 N<\/td>\n<\/tr>\n<\/tbody>\n<\/table>\n<\/div>\n<\/div>\n<p data-start=\"1980\" data-end=\"2083\">Le <strong data-start=\"1984\" data-end=\"2003\">Conception du loquet LC<\/strong> permet une connexion rapide dans les panneaux denses tout en gardant la fibre solidement verrouill\u00e9e.<\/p>\n<hr data-start=\"2085\" data-end=\"2088\" \/>\n<h3 data-start=\"2090\" data-end=\"2116\">Applications typiques<\/h3>\n<p data-start=\"2118\" data-end=\"2151\">Ce connecteur est largement utilis\u00e9 dans :<\/p>\n<ul data-start=\"2153\" data-end=\"2331\">\n<li data-start=\"2153\" data-end=\"2194\">\n<p data-start=\"2155\" data-end=\"2194\">Prises murales FTTH et connexions ONT<\/p>\n<\/li>\n<li data-start=\"2195\" data-end=\"2221\">\n<p data-start=\"2197\" data-end=\"2221\">Bo\u00eetiers de distribution PON<\/p>\n<\/li>\n<li data-start=\"2222\" data-end=\"2244\">\n<p data-start=\"2224\" data-end=\"2244\">Panneaux de raccordement en fibre optique<\/p>\n<\/li>\n<li data-start=\"2245\" data-end=\"2275\">\n<p data-start=\"2247\" data-end=\"2275\">Acc\u00e9der aux cordons de raccordement du r\u00e9seau<\/p>\n<\/li>\n<li data-start=\"2276\" data-end=\"2306\">\n<p data-start=\"2278\" data-end=\"2306\">Liaisons CATV et RF sur fibre<\/p>\n<\/li>\n<li data-start=\"2307\" data-end=\"2331\">\n<p data-start=\"2309\" data-end=\"2331\">Cavaliers de test optique<\/p>\n<\/li>\n<\/ul>\n<hr data-start=\"2333\" data-end=\"2336\" \/>\n<h2 data-start=\"2338\" data-end=\"2359\">Questions et r\u00e9ponses professionnelles<\/h2>\n<p data-start=\"2361\" data-end=\"2520\"><strong data-start=\"2361\" data-end=\"2410\">Q1 : Le LC APC 2.0mm peut-il \u00eatre utilis\u00e9 dans les centres de donn\u00e9es ?<\/strong><br data-start=\"2410\" data-end=\"2413\" \/>Oui, il fonctionne bien dans <strong data-start=\"2435\" data-end=\"2468\">liaisons monomodes pour centres de donn\u00e9es<\/strong>, en particulier lorsque <strong data-start=\"2487\" data-end=\"2519\">une perte de retour \u00e9lev\u00e9e est n\u00e9cessaire<\/strong>.<\/p>\n<hr data-start=\"2522\" data-end=\"2525\" \/>\n<p data-start=\"2527\" data-end=\"2706\"><strong data-start=\"2527\" data-end=\"2588\">Q2 : La r\u00e9sistance de 2,0 mm est-elle suffisante pour les c\u00e2bles FTTH c\u00f4t\u00e9 client ?<\/strong><br data-start=\"2588\" data-end=\"2591\" \/>Oui. 2,0 mm est la valeur <strong data-start=\"2609\" data-end=\"2647\">taille standard pour les cordons de raccordement FTTH<\/strong>, Les produits de cette cat\u00e9gorie ont une bonne flexibilit\u00e9 et une bonne r\u00e9sistance \u00e0 la traction.<\/p>\n<hr data-start=\"2708\" data-end=\"2711\" \/>\n<p data-start=\"2713\" data-end=\"2849\"><strong data-start=\"2713\" data-end=\"2750\">Q3 : LC APC peut-il se connecter \u00e0 LC UPC ?<\/strong><br data-start=\"2750\" data-end=\"2753\" \/>Non. L'APC et l'UPC ne doivent pas \u00eatre m\u00e9lang\u00e9s. Cela entra\u00eenerait <strong data-start=\"2808\" data-end=\"2848\">perte optique \u00e9lev\u00e9e et endommagement de la virole<\/strong>.<\/p>","protected":false},"excerpt":{"rendered":"<h3 data-start=\"128\" data-end=\"173\">Con\u00e7u pour le FTTH r\u00e9el et les travaux de fibre sur le terrain<\/h3>\n<p data-start=\"175\" data-end=\"381\">Le <strong data-start=\"179\" data-end=\"225\">Connecteur LC APC 2.0mm Simplex Single-Mode<\/strong> est con\u00e7u pour <strong data-start=\"242\" data-end=\"302\">terminaison de fibre sur site et assemblages de c\u00e2bles de descente FTTH<\/strong>, o\u00f9 les deux <strong data-start=\"315\" data-end=\"358\">qualit\u00e9 optique et r\u00e9sistance m\u00e9canique<\/strong> sont tout aussi importants.<\/p>\n<p data-start=\"383\" data-end=\"620\">Par rapport aux connecteurs \u00e0 queue de cochon de 0,9 mm, les connecteurs \u00e0 queue de cochon de 0,9 mm sont plus robustes. <strong data-start=\"427\" data-end=\"453\">Version gain\u00e9e de 2,0 mm<\/strong> fournit <strong data-start=\"463\" data-end=\"510\">une d\u00e9charge de traction et une r\u00e9sistance \u00e0 l'arrachement bien meilleures<\/strong>, Il est donc adapt\u00e9 aux <strong data-start=\"535\" data-end=\"619\">les prises murales, les connexions ONU, les bo\u00eetiers de distribution et les liaisons par fibre optique c\u00f4t\u00e9 client<\/strong>.<\/p>\n<p data-start=\"622\" data-end=\"760\">Avec <strong data-start=\"627\" data-end=\"651\">Polissage angulaire APC<\/strong> et le <strong data-start=\"660\" data-end=\"681\">format LC compact<\/strong>, ce connecteur fournit <strong data-start=\"707\" data-end=\"759\">des signaux propres dans des environnements \u00e0 haute densit\u00e9 de fibres<\/strong>.<\/p>","protected":false},"featured_media":895,"comment_status":"open","ping_status":"closed","template":"","meta":[],"product_brand":[],"product_cat":[50],"product_tag":[],"class_list":{"0":"post-894","1":"product","2":"type-product","3":"status-publish","4":"has-post-thumbnail","6":"product_cat-lc-simplex-connectors-single-modemultimode","8":"first","9":"instock","10":"shipping-taxable","11":"product-type-simple"},"_links":{"self":[{"href":"https:\/\/www.fenxifiber.com\/fr\/wp-json\/wp\/v2\/product\/894","targetHints":{"allow":["GET"]}}],"collection":[{"href":"https:\/\/www.fenxifiber.com\/fr\/wp-json\/wp\/v2\/product"}],"about":[{"href":"https:\/\/www.fenxifiber.com\/fr\/wp-json\/wp\/v2\/types\/product"}],"replies":[{"embeddable":true,"href":"https:\/\/www.fenxifiber.com\/fr\/wp-json\/wp\/v2\/comments?post=894"}],"wp:featuredmedia":[{"embeddable":true,"href":"https:\/\/www.fenxifiber.com\/fr\/wp-json\/wp\/v2\/media\/895"}],"wp:attachment":[{"href":"https:\/\/www.fenxifiber.com\/fr\/wp-json\/wp\/v2\/media?parent=894"}],"wp:term":[{"taxonomy":"product_brand","embeddable":true,"href":"https:\/\/www.fenxifiber.com\/fr\/wp-json\/wp\/v2\/product_brand?post=894"},{"taxonomy":"product_cat","embeddable":true,"href":"https:\/\/www.fenxifiber.com\/fr\/wp-json\/wp\/v2\/product_cat?post=894"},{"taxonomy":"product_tag","embeddable":true,"href":"https:\/\/www.fenxifiber.com\/fr\/wp-json\/wp\/v2\/product_tag?post=894"}],"curies":[{"name":"wp","href":"https:\/\/api.w.org\/{rel}","templated":true}]}}