{"id":896,"date":"2026-02-04T03:07:12","date_gmt":"2026-02-04T03:07:12","guid":{"rendered":"https:\/\/www.fenxifiber.com\/?post_type=product&#038;p=896"},"modified":"2026-02-05T02:23:47","modified_gmt":"2026-02-05T02:23:47","slug":"lc-apc-3-0mm-simplex-singlemode","status":"publish","type":"product","link":"https:\/\/www.fenxifiber.com\/fr\/product\/lc-apc-3-0mm-simplex-singlemode\/","title":{"rendered":"LC APC 3.0mm Simplex Single-Mode Connector"},"content":{"rendered":"<h3 data-start=\"920\" data-end=\"962\">L'importance de 3,0 mm dans les r\u00e9seaux d'acc\u00e8s<\/h3>\n<div class=\"TyagGW_tableContainer\">\n<div class=\"group TyagGW_tableWrapper flex flex-col-reverse w-fit\" tabindex=\"-1\">\n<table class=\"w-fit min-w-(--thread-content-width)\" data-start=\"964\" data-end=\"1255\">\n<thead data-start=\"964\" data-end=\"1017\">\n<tr data-start=\"964\" data-end=\"1017\">\n<th class=\"\" data-start=\"964\" data-end=\"981\" data-col-size=\"sm\">Diam\u00e8tre du c\u00e2ble<\/th>\n<th class=\"\" data-start=\"981\" data-end=\"1002\" data-col-size=\"sm\">Avantage m\u00e9canique<\/th>\n<th class=\"\" data-start=\"1002\" data-end=\"1017\" data-col-size=\"sm\">Utilisation typique<\/th>\n<\/tr>\n<\/thead>\n<tbody data-start=\"1071\" data-end=\"1255\">\n<tr data-start=\"1071\" data-end=\"1114\">\n<td data-start=\"1071\" data-end=\"1079\" data-col-size=\"sm\">0,9 mm<\/td>\n<td data-start=\"1079\" data-end=\"1093\" data-col-size=\"sm\">L\u00e9ger<\/td>\n<td data-start=\"1093\" data-end=\"1114\" data-col-size=\"sm\">Raccords internes<\/td>\n<\/tr>\n<tr data-start=\"1115\" data-end=\"1164\">\n<td data-start=\"1115\" data-end=\"1123\" data-col-size=\"sm\">2,0 mm<\/td>\n<td data-start=\"1123\" data-end=\"1143\" data-col-size=\"sm\">Flexible et solide<\/td>\n<td data-col-size=\"sm\" data-start=\"1143\" data-end=\"1164\">Cordons FTTH int\u00e9rieurs<\/td>\n<\/tr>\n<tr data-start=\"1165\" data-end=\"1255\">\n<td data-start=\"1165\" data-end=\"1177\" data-col-size=\"sm\"><strong data-start=\"1167\" data-end=\"1176\">3,0 mm<\/strong><\/td>\n<td data-col-size=\"sm\" data-start=\"1177\" data-end=\"1215\"><strong data-start=\"1179\" data-end=\"1214\">R\u00e9sistance \u00e9lev\u00e9e \u00e0 la traction et \u00e0 l'\u00e9crasement<\/strong><\/td>\n<td data-col-size=\"sm\" data-start=\"1215\" data-end=\"1255\"><strong data-start=\"1217\" data-end=\"1253\">Liaisons par fibre optique pour l'ext\u00e9rieur et l'industrie<\/strong><\/td>\n<\/tr>\n<\/tbody>\n<\/table>\n<\/div>\n<\/div>\n<p data-start=\"1257\" data-end=\"1375\">La conception de 3,0 mm prot\u00e8ge les fibres de <strong data-start=\"1295\" data-end=\"1353\">les contraintes d'installation, les tractions accidentelles et les vibrations<\/strong> dans les d\u00e9ploiements sur le terrain.<\/p>\n<hr data-start=\"1377\" data-end=\"1380\" \/>\n<h3 data-start=\"1382\" data-end=\"1407\">Performances optiques<\/h3>\n<div class=\"TyagGW_tableContainer\">\n<div class=\"group TyagGW_tableWrapper flex flex-col-reverse w-fit\" tabindex=\"-1\">\n<table class=\"w-fit min-w-(--thread-content-width)\" data-start=\"1409\" data-end=\"1689\">\n<thead data-start=\"1409\" data-end=\"1438\">\n<tr data-start=\"1409\" data-end=\"1438\">\n<th class=\"\" data-start=\"1409\" data-end=\"1421\" data-col-size=\"sm\">Param\u00e8tres<\/th>\n<th class=\"\" data-start=\"1421\" data-end=\"1438\" data-col-size=\"sm\">Sp\u00e9cifications<\/th>\n<\/tr>\n<\/thead>\n<tbody data-start=\"1468\" data-end=\"1689\">\n<tr data-start=\"1468\" data-end=\"1505\">\n<td data-start=\"1468\" data-end=\"1481\" data-col-size=\"sm\">Type de fibre<\/td>\n<td data-start=\"1481\" data-end=\"1505\" data-col-size=\"sm\">monomode 9\/125 \u00b5m<\/td>\n<\/tr>\n<tr data-start=\"1506\" data-end=\"1532\">\n<td data-start=\"1506\" data-end=\"1520\" data-col-size=\"sm\">Type de polissage<\/td>\n<td data-start=\"1520\" data-end=\"1532\" data-col-size=\"sm\">APC (8\u00b0)<\/td>\n<\/tr>\n<tr data-start=\"1533\" data-end=\"1563\">\n<td data-start=\"1533\" data-end=\"1550\" data-col-size=\"sm\">Perte d'insertion<\/td>\n<td data-start=\"1550\" data-end=\"1563\" data-col-size=\"sm\">\u2264 0,30 dB<\/td>\n<\/tr>\n<tr data-start=\"1564\" data-end=\"1589\">\n<td data-start=\"1564\" data-end=\"1578\" data-col-size=\"sm\">Perte de retour<\/td>\n<td data-start=\"1578\" data-end=\"1589\" data-col-size=\"sm\">\u2265 60 dB<\/td>\n<\/tr>\n<tr data-start=\"1590\" data-end=\"1622\">\n<td data-start=\"1590\" data-end=\"1604\" data-col-size=\"sm\">Longueurs d'onde<\/td>\n<td data-start=\"1604\" data-end=\"1622\" data-col-size=\"sm\">1310 \/ 1550 nm<\/td>\n<\/tr>\n<tr data-start=\"1623\" data-end=\"1651\">\n<td data-start=\"1623\" data-end=\"1639\" data-col-size=\"sm\">R\u00e9p\u00e9tabilit\u00e9<\/td>\n<td data-start=\"1639\" data-end=\"1651\" data-col-size=\"sm\">\u2264 0,1 dB<\/td>\n<\/tr>\n<tr data-start=\"1652\" data-end=\"1689\">\n<td data-start=\"1652\" data-end=\"1665\" data-col-size=\"sm\">Durabilit\u00e9<\/td>\n<td data-start=\"1665\" data-end=\"1689\" data-col-size=\"sm\">\u2265 1000 cycles d'accouplement<\/td>\n<\/tr>\n<\/tbody>\n<\/table>\n<\/div>\n<\/div>\n<p data-start=\"1691\" data-end=\"1787\">Ces valeurs r\u00e9pondent aux exigences de <strong data-start=\"1729\" data-end=\"1786\">GPON, XG-PON, FTTx, CATV et syst\u00e8mes dorsaux de t\u00e9l\u00e9communications<\/strong>.<\/p>\n<hr data-start=\"1789\" data-end=\"1792\" \/>\n<h3 data-start=\"1794\" data-end=\"1830\">Conception m\u00e9canique et structurelle<\/h3>\n<div class=\"TyagGW_tableContainer\">\n<div class=\"group TyagGW_tableWrapper flex flex-col-reverse w-fit\" tabindex=\"-1\">\n<table class=\"w-fit min-w-(--thread-content-width)\" data-start=\"1832\" data-end=\"2146\">\n<thead data-start=\"1832\" data-end=\"1857\">\n<tr data-start=\"1832\" data-end=\"1857\">\n<th class=\"\" data-start=\"1832\" data-end=\"1842\" data-col-size=\"sm\">Fonctionnalit\u00e9<\/th>\n<th class=\"\" data-start=\"1842\" data-end=\"1857\" data-col-size=\"sm\">Description<\/th>\n<\/tr>\n<\/thead>\n<tbody data-start=\"1883\" data-end=\"2146\">\n<tr data-start=\"1883\" data-end=\"1916\">\n<td data-start=\"1883\" data-end=\"1902\" data-col-size=\"sm\">Format du connecteur<\/td>\n<td data-start=\"1902\" data-end=\"1916\" data-col-size=\"sm\">LC Simplex<\/td>\n<\/tr>\n<tr data-start=\"1917\" data-end=\"1939\">\n<td data-start=\"1917\" data-end=\"1930\" data-col-size=\"sm\">Taille du c\u00e2ble<\/td>\n<td data-start=\"1930\" data-end=\"1939\" data-col-size=\"sm\">3,0 mm<\/td>\n<\/tr>\n<tr data-start=\"1940\" data-end=\"1977\">\n<td data-start=\"1940\" data-end=\"1950\" data-col-size=\"sm\">Embout<\/td>\n<td data-start=\"1950\" data-end=\"1977\" data-col-size=\"sm\">C\u00e9ramique zircone de 1,25 mm<\/td>\n<\/tr>\n<tr data-start=\"1978\" data-end=\"2011\">\n<td data-start=\"1978\" data-end=\"1988\" data-col-size=\"sm\">Logement<\/td>\n<td data-start=\"1988\" data-end=\"2011\" data-col-size=\"sm\">Polym\u00e8re \u00e0 fort impact<\/td>\n<\/tr>\n<tr data-start=\"2012\" data-end=\"2046\">\n<td data-start=\"2012\" data-end=\"2019\" data-col-size=\"sm\">Botte<\/td>\n<td data-start=\"2019\" data-end=\"2046\" data-col-size=\"sm\">Longue botte de d\u00e9charge de traction<\/td>\n<\/tr>\n<tr data-start=\"2047\" data-end=\"2079\">\n<td data-start=\"2047\" data-end=\"2057\" data-col-size=\"sm\">Verrouillage<\/td>\n<td data-col-size=\"sm\" data-start=\"2057\" data-end=\"2079\">Loquet LC push-pull<\/td>\n<\/tr>\n<tr data-start=\"2080\" data-end=\"2115\">\n<td data-start=\"2080\" data-end=\"2097\" data-col-size=\"sm\">Temp\u00e9rature de fonctionnement<\/td>\n<td data-col-size=\"sm\" data-start=\"2097\" data-end=\"2115\">De -40\u00b0C \u00e0 +75\u00b0C<\/td>\n<\/tr>\n<tr data-start=\"2116\" data-end=\"2146\">\n<td data-start=\"2116\" data-end=\"2135\" data-col-size=\"sm\">R\u00e9sistance \u00e0 la traction<\/td>\n<td data-col-size=\"sm\" data-start=\"2135\" data-end=\"2146\">\u2265 120 N<\/td>\n<\/tr>\n<\/tbody>\n<\/table>\n<\/div>\n<\/div>\n<p data-start=\"2148\" data-end=\"2289\">Le <strong data-start=\"2152\" data-end=\"2182\">bottes longues et veste \u00e9paisse<\/strong> absorbent la force de traction et emp\u00eachent les micro-flexions, ce qui permet de maintenir des performances optiques stables dans le temps.<\/p>\n<hr data-start=\"2291\" data-end=\"2294\" \/>\n<h3 data-start=\"2296\" data-end=\"2330\">Domaines d'utilisation de ce connecteur<\/h3>\n<p data-start=\"2332\" data-end=\"2380\">Le connecteur LC APC 3.0mm Simplex est id\u00e9al pour :<\/p>\n<ul data-start=\"2382\" data-end=\"2580\">\n<li data-start=\"2382\" data-end=\"2410\">\n<p data-start=\"2384\" data-end=\"2410\">C\u00e2bles de descente FTTH pour l'ext\u00e9rieur<\/p>\n<\/li>\n<li data-start=\"2411\" data-end=\"2442\">\n<p data-start=\"2413\" data-end=\"2442\">Armoires de distribution de fibres<\/p>\n<\/li>\n<li data-start=\"2443\" data-end=\"2468\">\n<p data-start=\"2445\" data-end=\"2468\">Stations de base de t\u00e9l\u00e9communications<\/p>\n<\/li>\n<li data-start=\"2469\" data-end=\"2504\">\n<p data-start=\"2471\" data-end=\"2504\">Liaisons Ethernet industrielles par fibre optique<\/p>\n<\/li>\n<li data-start=\"2505\" data-end=\"2539\">\n<p data-start=\"2507\" data-end=\"2539\">Syst\u00e8mes CATV et RF sur fibre<\/p>\n<\/li>\n<li data-start=\"2540\" data-end=\"2580\">\n<p data-start=\"2542\" data-end=\"2580\">Cordons de test optique utilis\u00e9s sur le terrain<\/p>\n<\/li>\n<\/ul>\n<hr data-start=\"2582\" data-end=\"2585\" \/>\n<h2 data-start=\"2587\" data-end=\"2608\">Questions et r\u00e9ponses professionnelles<\/h2>\n<p data-start=\"2610\" data-end=\"2800\"><strong data-start=\"2610\" data-end=\"2662\">Q1 : Quand dois-je choisir 3,0 mm au lieu de 2,0 mm ?<\/strong><br data-start=\"2662\" data-end=\"2665\" \/>Utilisation <strong data-start=\"2669\" data-end=\"2678\">3,0 mm<\/strong> la date \u00e0 laquelle le c\u00e2ble sera <strong data-start=\"2702\" data-end=\"2752\">tir\u00e9s, pli\u00e9s fr\u00e9quemment ou install\u00e9s \u00e0 l'ext\u00e9rieur<\/strong>. Il offre une bien meilleure protection m\u00e9canique.<\/p>\n<hr data-start=\"2802\" data-end=\"2805\" \/>\n<p data-start=\"2807\" data-end=\"2949\"><strong data-start=\"2807\" data-end=\"2851\">Q2 : L'APC LC est-il n\u00e9cessaire pour les r\u00e9seaux PON ?<\/strong><br data-start=\"2851\" data-end=\"2854\" \/>Oui. La plupart des <strong data-start=\"2864\" data-end=\"2897\">Syst\u00e8mes GPON, XG-PON et CATV<\/strong> n\u00e9cessitent des connecteurs APC pour r\u00e9duire la r\u00e9flexion du signal.<\/p>\n<hr data-start=\"2951\" data-end=\"2954\" \/>\n<p data-start=\"2956\" data-end=\"3114\"><strong data-start=\"2956\" data-end=\"3005\">Q3 : LC APC 3.0mm peut-il \u00eatre utilis\u00e9 dans les panneaux de connexion ?<\/strong><br data-start=\"3005\" data-end=\"3008\" \/>Oui. Il s'adapte aux adaptateurs et aux panneaux LC standard, mais il offre les avantages suivants <strong data-start=\"3065\" data-end=\"3094\">une protection renforc\u00e9e des c\u00e2bles<\/strong> que les cordons plus fins.<\/p>","protected":false},"excerpt":{"rendered":"<h3 data-start=\"259\" data-end=\"319\">Con\u00e7u pour des environnements difficiles et une fiabilit\u00e9 \u00e0 long terme<\/h3>\n<p data-start=\"321\" data-end=\"528\">Le <strong data-start=\"325\" data-end=\"371\">Connecteur LC APC 3.0mm Simplex Single-Mode<\/strong> est con\u00e7u pour <strong data-start=\"388\" data-end=\"456\">les lignes FTTH ext\u00e9rieures, les armoires de t\u00e9l\u00e9communications et les liaisons industrielles par fibre optique<\/strong> o\u00f9 la protection m\u00e9canique est aussi importante que la performance optique.<\/p>\n<p data-start=\"530\" data-end=\"773\">Alors que les connecteurs de 2,0 mm mettent l'accent sur la flexibilit\u00e9, les connecteurs de 2,0 mm sont plus faciles \u00e0 utiliser que les connecteurs de 2 mm. <strong data-start=\"579\" data-end=\"595\">Gaine de 3,0 mm<\/strong> livre <strong data-start=\"605\" data-end=\"670\">r\u00e9sistance accrue \u00e0 la traction, \u00e0 l'\u00e9crasement et \u00e0 la flexion<\/strong>, Le syst\u00e8me est donc le choix privil\u00e9gi\u00e9 pour les <strong data-start=\"707\" data-end=\"772\">les c\u00e2bles de descente, les cordons de raccordement ext\u00e9rieurs et les parcours de fibres des stations de base<\/strong>.<\/p>\n<p data-start=\"775\" data-end=\"913\">Avec son <strong data-start=\"784\" data-end=\"805\">Polissage angulaire APC<\/strong>, Ce connecteur minimise la r\u00e9tro-r\u00e9flexion - une exigence cl\u00e9 pour les syst\u00e8mes d'alimentation en eau potable. <strong data-start=\"872\" data-end=\"912\">Syst\u00e8mes PON, CATV et RF sur fibre<\/strong>.<\/p>","protected":false},"featured_media":897,"comment_status":"open","ping_status":"closed","template":"","meta":[],"product_brand":[],"product_cat":[50],"product_tag":[],"class_list":{"0":"post-896","1":"product","2":"type-product","3":"status-publish","4":"has-post-thumbnail","6":"product_cat-lc-simplex-connectors-single-modemultimode","8":"first","9":"instock","10":"shipping-taxable","11":"product-type-simple"},"_links":{"self":[{"href":"https:\/\/www.fenxifiber.com\/fr\/wp-json\/wp\/v2\/product\/896","targetHints":{"allow":["GET"]}}],"collection":[{"href":"https:\/\/www.fenxifiber.com\/fr\/wp-json\/wp\/v2\/product"}],"about":[{"href":"https:\/\/www.fenxifiber.com\/fr\/wp-json\/wp\/v2\/types\/product"}],"replies":[{"embeddable":true,"href":"https:\/\/www.fenxifiber.com\/fr\/wp-json\/wp\/v2\/comments?post=896"}],"wp:featuredmedia":[{"embeddable":true,"href":"https:\/\/www.fenxifiber.com\/fr\/wp-json\/wp\/v2\/media\/897"}],"wp:attachment":[{"href":"https:\/\/www.fenxifiber.com\/fr\/wp-json\/wp\/v2\/media?parent=896"}],"wp:term":[{"taxonomy":"product_brand","embeddable":true,"href":"https:\/\/www.fenxifiber.com\/fr\/wp-json\/wp\/v2\/product_brand?post=896"},{"taxonomy":"product_cat","embeddable":true,"href":"https:\/\/www.fenxifiber.com\/fr\/wp-json\/wp\/v2\/product_cat?post=896"},{"taxonomy":"product_tag","embeddable":true,"href":"https:\/\/www.fenxifiber.com\/fr\/wp-json\/wp\/v2\/product_tag?post=896"}],"curies":[{"name":"wp","href":"https:\/\/api.w.org\/{rel}","templated":true}]}}