{"id":898,"date":"2026-02-04T03:08:46","date_gmt":"2026-02-04T03:08:46","guid":{"rendered":"https:\/\/www.fenxifiber.com\/?post_type=product&#038;p=898"},"modified":"2026-02-05T02:24:15","modified_gmt":"2026-02-05T02:24:15","slug":"lc-upc-0-9mm-simplex-singlemode","status":"publish","type":"product","link":"https:\/\/www.fenxifiber.com\/fr\/product\/lc-upc-0-9mm-simplex-singlemode\/","title":{"rendered":"Connecteur LC UPC 0.9mm Simplex monomode"},"content":{"rendered":"<h3 data-start=\"793\" data-end=\"829\">Pourquoi 0,9 mm est utilis\u00e9 pour les pigtails ?<\/h3>\n<div class=\"TyagGW_tableContainer\">\n<div class=\"group TyagGW_tableWrapper flex flex-col-reverse w-fit\" tabindex=\"-1\">\n<table class=\"w-fit min-w-(--thread-content-width)\" data-start=\"831\" data-end=\"1007\">\n<thead data-start=\"831\" data-end=\"856\">\n<tr data-start=\"831\" data-end=\"856\">\n<th class=\"\" data-start=\"831\" data-end=\"844\" data-col-size=\"sm\">Taille du c\u00e2ble<\/th>\n<th class=\"\" data-start=\"844\" data-end=\"856\" data-col-size=\"md\">Fonction<\/th>\n<\/tr>\n<\/thead>\n<tbody data-start=\"883\" data-end=\"1007\">\n<tr data-start=\"883\" data-end=\"941\">\n<td data-start=\"883\" data-end=\"895\" data-col-size=\"sm\"><strong data-start=\"885\" data-end=\"894\">0,9 mm<\/strong><\/td>\n<td data-col-size=\"md\" data-start=\"895\" data-end=\"941\">Raccords \u00e9piss\u00e9s par fusion et routage interne<\/td>\n<\/tr>\n<tr data-start=\"942\" data-end=\"965\">\n<td data-start=\"942\" data-end=\"950\" data-col-size=\"sm\">2,0 mm<\/td>\n<td data-col-size=\"md\" data-start=\"950\" data-end=\"965\">Cordons de raccordement<\/td>\n<\/tr>\n<tr data-start=\"966\" data-end=\"1007\">\n<td data-start=\"966\" data-end=\"974\" data-col-size=\"sm\">3,0 mm<\/td>\n<td data-col-size=\"md\" data-start=\"974\" data-end=\"1007\">Cordons pour l'ext\u00e9rieur et \u00e0 haute r\u00e9sistance<\/td>\n<\/tr>\n<\/tbody>\n<\/table>\n<\/div>\n<\/div>\n<p data-start=\"1009\" data-end=\"1157\">Le <strong data-start=\"1013\" data-end=\"1034\">gaine mince de 0,9 mm<\/strong> permet \u00e0 la fibre d'\u00eatre <strong data-start=\"1058\" data-end=\"1115\">bien rang\u00e9s \u00e0 l'int\u00e9rieur des plateaux d'\u00e9pissures et des cassettes de fibres<\/strong>, tout en prot\u00e9geant la fibre enduite.<\/p>\n<hr data-start=\"1159\" data-end=\"1162\" \/>\n<h3 data-start=\"1164\" data-end=\"1189\">Performances optiques<\/h3>\n<div class=\"TyagGW_tableContainer\">\n<div class=\"group TyagGW_tableWrapper flex flex-col-reverse w-fit\" tabindex=\"-1\">\n<table class=\"w-fit min-w-(--thread-content-width)\" data-start=\"1191\" data-end=\"1484\">\n<thead data-start=\"1191\" data-end=\"1220\">\n<tr data-start=\"1191\" data-end=\"1220\">\n<th class=\"\" data-start=\"1191\" data-end=\"1203\" data-col-size=\"sm\">Param\u00e8tres<\/th>\n<th class=\"\" data-start=\"1203\" data-end=\"1220\" data-col-size=\"sm\">Valeur typique<\/th>\n<\/tr>\n<\/thead>\n<tbody data-start=\"1250\" data-end=\"1484\">\n<tr data-start=\"1250\" data-end=\"1287\">\n<td data-start=\"1250\" data-end=\"1263\" data-col-size=\"sm\">Type de fibre<\/td>\n<td data-start=\"1263\" data-end=\"1287\" data-col-size=\"sm\">monomode 9\/125 \u00b5m<\/td>\n<\/tr>\n<tr data-start=\"1288\" data-end=\"1309\">\n<td data-start=\"1288\" data-end=\"1302\" data-col-size=\"sm\">Type de polissage<\/td>\n<td data-start=\"1302\" data-end=\"1309\" data-col-size=\"sm\">CUP<\/td>\n<\/tr>\n<tr data-start=\"1310\" data-end=\"1340\">\n<td data-start=\"1310\" data-end=\"1327\" data-col-size=\"sm\">Perte d'insertion<\/td>\n<td data-col-size=\"sm\" data-start=\"1327\" data-end=\"1340\">\u2264 0,25 dB<\/td>\n<\/tr>\n<tr data-start=\"1341\" data-end=\"1366\">\n<td data-start=\"1341\" data-end=\"1355\" data-col-size=\"sm\">Perte de retour<\/td>\n<td data-col-size=\"sm\" data-start=\"1355\" data-end=\"1366\">\u2265 50 dB<\/td>\n<\/tr>\n<tr data-start=\"1367\" data-end=\"1408\">\n<td data-start=\"1367\" data-end=\"1390\" data-col-size=\"sm\">Longueur d'onde de fonctionnement<\/td>\n<td data-col-size=\"sm\" data-start=\"1390\" data-end=\"1408\">1310 \/ 1550 nm<\/td>\n<\/tr>\n<tr data-start=\"1409\" data-end=\"1446\">\n<td data-start=\"1409\" data-end=\"1429\" data-col-size=\"sm\">G\u00e9om\u00e9trie de la face d'extr\u00e9mit\u00e9<\/td>\n<td data-col-size=\"sm\" data-start=\"1429\" data-end=\"1446\">Conforme \u00e0 la norme IEC<\/td>\n<\/tr>\n<tr data-start=\"1447\" data-end=\"1484\">\n<td data-start=\"1447\" data-end=\"1467\" data-col-size=\"sm\">Durabilit\u00e9 de l'accouplement<\/td>\n<td data-col-size=\"sm\" data-start=\"1467\" data-end=\"1484\">\u2265 1000 cycles<\/td>\n<\/tr>\n<\/tbody>\n<\/table>\n<\/div>\n<\/div>\n<p data-start=\"1486\" data-end=\"1582\">Le polissage UPC garantit <strong data-start=\"1508\" data-end=\"1538\">transmission stable du signal<\/strong> pour la plupart <strong data-start=\"1548\" data-end=\"1581\">applications de t\u00e9l\u00e9communications et de donn\u00e9es<\/strong>.<\/p>\n<hr data-start=\"1584\" data-end=\"1587\" \/>\n<h3 data-start=\"1589\" data-end=\"1615\">Structure m\u00e9canique<\/h3>\n<div class=\"TyagGW_tableContainer\">\n<div class=\"group TyagGW_tableWrapper flex flex-col-reverse w-fit\" tabindex=\"-1\">\n<table class=\"w-fit min-w-(--thread-content-width)\" data-start=\"1617\" data-end=\"1857\">\n<thead data-start=\"1617\" data-end=\"1641\">\n<tr data-start=\"1617\" data-end=\"1641\">\n<th class=\"\" data-start=\"1617\" data-end=\"1624\" data-col-size=\"sm\">Objet<\/th>\n<th class=\"\" data-start=\"1624\" data-end=\"1641\" data-col-size=\"sm\">Sp\u00e9cifications<\/th>\n<\/tr>\n<\/thead>\n<tbody data-start=\"1667\" data-end=\"1857\">\n<tr data-start=\"1667\" data-end=\"1698\">\n<td data-start=\"1667\" data-end=\"1684\" data-col-size=\"sm\">Type de connecteur<\/td>\n<td data-start=\"1684\" data-end=\"1698\" data-col-size=\"sm\">LC Simplex<\/td>\n<\/tr>\n<tr data-start=\"1699\" data-end=\"1725\">\n<td data-start=\"1699\" data-end=\"1716\" data-col-size=\"sm\">Diam\u00e8tre du c\u00e2ble<\/td>\n<td data-start=\"1716\" data-end=\"1725\" data-col-size=\"sm\">0,9 mm<\/td>\n<\/tr>\n<tr data-start=\"1726\" data-end=\"1763\">\n<td data-start=\"1726\" data-end=\"1736\" data-col-size=\"sm\">Embout<\/td>\n<td data-start=\"1736\" data-end=\"1763\" data-col-size=\"sm\">C\u00e9ramique zircone de 1,25 mm<\/td>\n<\/tr>\n<tr data-start=\"1764\" data-end=\"1793\">\n<td data-start=\"1764\" data-end=\"1771\" data-col-size=\"sm\">Botte<\/td>\n<td data-start=\"1771\" data-end=\"1793\" data-col-size=\"sm\">Botte courte \u00e0 queue de cochon<\/td>\n<\/tr>\n<tr data-start=\"1794\" data-end=\"1818\">\n<td data-start=\"1794\" data-end=\"1802\" data-col-size=\"sm\">Loquet<\/td>\n<td data-start=\"1802\" data-end=\"1818\" data-col-size=\"sm\">LC push-pull<\/td>\n<\/tr>\n<tr data-start=\"1819\" data-end=\"1857\">\n<td data-start=\"1819\" data-end=\"1839\" data-col-size=\"sm\">Plage de temp\u00e9rature<\/td>\n<td data-start=\"1839\" data-end=\"1857\" data-col-size=\"sm\">De -40\u00b0C \u00e0 +75\u00b0C<\/td>\n<\/tr>\n<\/tbody>\n<\/table>\n<\/div>\n<\/div>\n<p data-start=\"1859\" data-end=\"1968\">Le <strong data-start=\"1863\" data-end=\"1884\">conception de bottes courtes<\/strong> permet au connecteur de s'ins\u00e9rer facilement dans <strong data-start=\"1925\" data-end=\"1967\">plateaux d'\u00e9pissures et modules compacts de fibres<\/strong>.<\/p>\n<hr data-start=\"1970\" data-end=\"1973\" \/>\n<h3 data-start=\"1975\" data-end=\"2001\">Applications typiques<\/h3>\n<p data-start=\"2003\" data-end=\"2036\">Ce connecteur est largement utilis\u00e9 dans :<\/p>\n<ul data-start=\"2038\" data-end=\"2202\">\n<li data-start=\"2038\" data-end=\"2062\">\n<p data-start=\"2040\" data-end=\"2062\">Pigtails de fibres optiques<\/p>\n<\/li>\n<li data-start=\"2063\" data-end=\"2094\">\n<p data-start=\"2065\" data-end=\"2094\">ODF et cadres de distribution<\/p>\n<\/li>\n<li data-start=\"2095\" data-end=\"2131\">\n<p data-start=\"2097\" data-end=\"2131\">Cassettes de fibres et plateaux d'\u00e9pissure<\/p>\n<\/li>\n<li data-start=\"2132\" data-end=\"2168\">\n<p data-start=\"2134\" data-end=\"2168\">\u00c9metteurs-r\u00e9cepteurs et modules optiques<\/p>\n<\/li>\n<li data-start=\"2169\" data-end=\"2202\">\n<p data-start=\"2171\" data-end=\"2202\">\u00c9quipement central FTTH<\/p>\n<\/li>\n<\/ul>\n<hr data-start=\"2204\" data-end=\"2207\" \/>\n<h2 data-start=\"2209\" data-end=\"2230\">Questions et r\u00e9ponses professionnelles<\/h2>\n<p data-start=\"2232\" data-end=\"2397\"><strong data-start=\"2232\" data-end=\"2285\">Q1 : L'UPC LC 0,9 mm peut-il \u00eatre utilis\u00e9 pour fabriquer des cordons de raccordement ?<\/strong><br data-start=\"2285\" data-end=\"2288\" \/>Les connecteurs de 0,9 mm sont con\u00e7us pour <strong data-start=\"2326\" data-end=\"2338\">queues de cochon<\/strong> et doivent \u00eatre \u00e9piss\u00e9s \u00e0 des c\u00e2bles plus \u00e9pais pour former des cordons de raccordement.<\/p>\n<hr data-start=\"2399\" data-end=\"2402\" \/>\n<p data-start=\"2404\" data-end=\"2593\"><strong data-start=\"2404\" data-end=\"2452\">Q2 : Quand devrais-je choisir UPC au lieu d'APC ?<\/strong><br data-start=\"2452\" data-end=\"2455\" \/>L'UPC est utilis\u00e9 dans <strong data-start=\"2470\" data-end=\"2507\">r\u00e9seaux g\u00e9n\u00e9raux de t\u00e9l\u00e9communications et de donn\u00e9es<\/strong>. L'APC est n\u00e9cessaire pour <strong data-start=\"2529\" data-end=\"2553\">Syst\u00e8mes PON et CATV<\/strong> o\u00f9 la r\u00e9flexion doit \u00eatre extr\u00eamement faible.<\/p>\n<hr data-start=\"2595\" data-end=\"2598\" \/>\n<p data-start=\"2600\" data-end=\"2738\"><strong data-start=\"2600\" data-end=\"2654\">Q3 : Ce connecteur est-il compatible avec les adaptateurs LC ?<\/strong><br data-start=\"2654\" data-end=\"2657\" \/>Oui, il s'accorde parfaitement avec <strong data-start=\"2686\" data-end=\"2714\">adaptateurs LC UPC standard<\/strong> et les cordons de raccordement LC UPC.<\/p>","protected":false},"excerpt":{"rendered":"<h3 data-start=\"220\" data-end=\"271\">Con\u00e7ue pour une terminaison propre et pr\u00e9cise des fibres<\/h3>\n<p data-start=\"273\" data-end=\"582\">Le <strong data-start=\"277\" data-end=\"323\">Connecteur LC UPC 0.9mm Simplex Single-Mode<\/strong> est optimis\u00e9 pour <strong data-start=\"341\" data-end=\"429\">les pigtails fabriqu\u00e9s en usine, le c\u00e2blage interne des \u00e9quipements et les modules optiques de haute pr\u00e9cision<\/strong>.<br data-start=\"430\" data-end=\"433\" \/>Contrairement aux connecteurs \u00e0 gaine de 2,0 mm et 3,0 mm utilis\u00e9s pour les cordons de raccordement, les connecteurs \u00e0 gaine de <strong data-start=\"502\" data-end=\"581\">La version 0,9 mm est con\u00e7ue pour l'\u00e9pissage par fusion directe et le routage compact des fibres.<\/strong>.<\/p>\n<p data-start=\"584\" data-end=\"786\">Avec un <strong data-start=\"591\" data-end=\"616\">Face d'extr\u00e9mit\u00e9 polie UPC<\/strong> et un <strong data-start=\"623\" data-end=\"649\">Embout en c\u00e9ramique de 1,25 mm<\/strong>, il d\u00e9livre <strong data-start=\"663\" data-end=\"708\">perte d'insertion stable et faible r\u00e9flectance<\/strong>, Il s'agit donc d'une solution id\u00e9ale pour <strong data-start=\"730\" data-end=\"785\">Plateaux ODF, modules optiques et r\u00e9partiteurs<\/strong>.<\/p>","protected":false},"featured_media":899,"comment_status":"open","ping_status":"closed","template":"","meta":[],"product_brand":[],"product_cat":[50],"product_tag":[],"class_list":{"0":"post-898","1":"product","2":"type-product","3":"status-publish","4":"has-post-thumbnail","6":"product_cat-lc-simplex-connectors-single-modemultimode","8":"first","9":"instock","10":"shipping-taxable","11":"product-type-simple"},"_links":{"self":[{"href":"https:\/\/www.fenxifiber.com\/fr\/wp-json\/wp\/v2\/product\/898","targetHints":{"allow":["GET"]}}],"collection":[{"href":"https:\/\/www.fenxifiber.com\/fr\/wp-json\/wp\/v2\/product"}],"about":[{"href":"https:\/\/www.fenxifiber.com\/fr\/wp-json\/wp\/v2\/types\/product"}],"replies":[{"embeddable":true,"href":"https:\/\/www.fenxifiber.com\/fr\/wp-json\/wp\/v2\/comments?post=898"}],"wp:featuredmedia":[{"embeddable":true,"href":"https:\/\/www.fenxifiber.com\/fr\/wp-json\/wp\/v2\/media\/899"}],"wp:attachment":[{"href":"https:\/\/www.fenxifiber.com\/fr\/wp-json\/wp\/v2\/media?parent=898"}],"wp:term":[{"taxonomy":"product_brand","embeddable":true,"href":"https:\/\/www.fenxifiber.com\/fr\/wp-json\/wp\/v2\/product_brand?post=898"},{"taxonomy":"product_cat","embeddable":true,"href":"https:\/\/www.fenxifiber.com\/fr\/wp-json\/wp\/v2\/product_cat?post=898"},{"taxonomy":"product_tag","embeddable":true,"href":"https:\/\/www.fenxifiber.com\/fr\/wp-json\/wp\/v2\/product_tag?post=898"}],"curies":[{"name":"wp","href":"https:\/\/api.w.org\/{rel}","templated":true}]}}