{"id":900,"date":"2026-02-04T03:09:50","date_gmt":"2026-02-04T03:09:50","guid":{"rendered":"https:\/\/www.fenxifiber.com\/?post_type=product&#038;p=900"},"modified":"2026-02-05T02:24:57","modified_gmt":"2026-02-05T02:24:57","slug":"lc-upc-0-9mm-simplex-multimode-lake-blue","status":"publish","type":"product","link":"https:\/\/www.fenxifiber.com\/fr\/product\/lc-upc-0-9mm-simplex-multimode-lake-blue\/","title":{"rendered":"LC UPC 0.9mm Simplex Multimode Connector (Lake Blue)"},"content":{"rendered":"<h3 data-start=\"811\" data-end=\"860\">Pourquoi 0,9 mm est parfait pour les pigtails multimodes<\/h3>\n<div class=\"TyagGW_tableContainer\">\n<div class=\"group TyagGW_tableWrapper flex flex-col-reverse w-fit\" tabindex=\"-1\">\n<table class=\"w-fit min-w-(--thread-content-width)\" data-start=\"862\" data-end=\"1062\">\n<thead data-start=\"862\" data-end=\"899\">\n<tr data-start=\"862\" data-end=\"899\">\n<th class=\"\" data-start=\"862\" data-end=\"879\" data-col-size=\"sm\">Diam\u00e8tre du c\u00e2ble<\/th>\n<th class=\"\" data-start=\"879\" data-end=\"899\" data-col-size=\"sm\">Fonction typique<\/th>\n<\/tr>\n<\/thead>\n<tbody data-start=\"938\" data-end=\"1062\">\n<tr data-start=\"938\" data-end=\"991\">\n<td data-start=\"938\" data-end=\"950\" data-col-size=\"sm\"><strong data-start=\"940\" data-end=\"949\">0,9 mm<\/strong><\/td>\n<td data-start=\"950\" data-end=\"991\" data-col-size=\"sm\">Pigtails multimodes et modules internes<\/td>\n<\/tr>\n<tr data-start=\"992\" data-end=\"1025\">\n<td data-start=\"992\" data-end=\"1000\" data-col-size=\"sm\">2,0 mm<\/td>\n<td data-start=\"1000\" data-end=\"1025\" data-col-size=\"sm\">Cordons de raccordement multimode<\/td>\n<\/tr>\n<tr data-start=\"1026\" data-end=\"1062\">\n<td data-start=\"1026\" data-end=\"1034\" data-col-size=\"sm\">3,0 mm<\/td>\n<td data-start=\"1034\" data-end=\"1062\" data-col-size=\"sm\">Ponts multimodes robustes<\/td>\n<\/tr>\n<\/tbody>\n<\/table>\n<\/div>\n<\/div>\n<p data-start=\"1064\" data-end=\"1193\">Le <strong data-start=\"1068\" data-end=\"1089\">gaine mince de 0,9 mm<\/strong> est id\u00e9al pour <strong data-start=\"1103\" data-end=\"1192\">\u00e9pissure par fusion et routage serr\u00e9 \u00e0 l'int\u00e9rieur des panneaux de raccordement, des \u00e9metteurs-r\u00e9cepteurs et des plateaux d'\u00e9pissure<\/strong>.<\/p>\n<hr data-start=\"1195\" data-end=\"1198\" \/>\n<h3 data-start=\"1200\" data-end=\"1240\">Sp\u00e9cifications optiques (multimode)<\/h3>\n<div class=\"TyagGW_tableContainer\">\n<div class=\"group TyagGW_tableWrapper flex flex-col-reverse w-fit\" tabindex=\"-1\">\n<table class=\"w-fit min-w-(--thread-content-width)\" data-start=\"1242\" data-end=\"1557\">\n<thead data-start=\"1242\" data-end=\"1271\">\n<tr data-start=\"1242\" data-end=\"1271\">\n<th class=\"\" data-start=\"1242\" data-end=\"1254\" data-col-size=\"sm\">Param\u00e8tres<\/th>\n<th class=\"\" data-start=\"1254\" data-end=\"1271\" data-col-size=\"sm\">Valeur typique<\/th>\n<\/tr>\n<\/thead>\n<tbody data-start=\"1301\" data-end=\"1557\">\n<tr data-start=\"1301\" data-end=\"1354\">\n<td data-start=\"1301\" data-end=\"1314\" data-col-size=\"sm\">Type de fibre<\/td>\n<td data-start=\"1314\" data-end=\"1354\" data-col-size=\"sm\">Multimode (50\/125 \u00b5m ou 62,5\/125 \u00b5m)<\/td>\n<\/tr>\n<tr data-start=\"1355\" data-end=\"1376\">\n<td data-start=\"1355\" data-end=\"1369\" data-col-size=\"sm\">Type de polissage<\/td>\n<td data-start=\"1369\" data-end=\"1376\" data-col-size=\"sm\">CUP<\/td>\n<\/tr>\n<tr data-start=\"1377\" data-end=\"1407\">\n<td data-start=\"1377\" data-end=\"1394\" data-col-size=\"sm\">Perte d'insertion<\/td>\n<td data-start=\"1394\" data-end=\"1407\" data-col-size=\"sm\">\u2264 0,30 dB<\/td>\n<\/tr>\n<tr data-start=\"1408\" data-end=\"1433\">\n<td data-start=\"1408\" data-end=\"1422\" data-col-size=\"sm\">Perte de retour<\/td>\n<td data-start=\"1422\" data-end=\"1433\" data-col-size=\"sm\">\u2265 35 dB<\/td>\n<\/tr>\n<tr data-start=\"1434\" data-end=\"1468\">\n<td data-start=\"1434\" data-end=\"1448\" data-col-size=\"sm\">Longueurs d'onde<\/td>\n<td data-start=\"1448\" data-end=\"1468\" data-col-size=\"sm\">850 nm \/ 1300 nm<\/td>\n<\/tr>\n<tr data-start=\"1469\" data-end=\"1525\">\n<td data-start=\"1469\" data-end=\"1487\" data-col-size=\"sm\">Largeur de bande modale<\/td>\n<td data-start=\"1487\" data-end=\"1525\" data-col-size=\"sm\">Optimis\u00e9 pour les liaisons LAN \u00e0 haut d\u00e9bit<\/td>\n<\/tr>\n<tr data-start=\"1526\" data-end=\"1557\">\n<td data-start=\"1526\" data-end=\"1540\" data-col-size=\"sm\">La vie sexuelle<\/td>\n<td data-start=\"1540\" data-end=\"1557\" data-col-size=\"sm\">\u2265 1000 cycles<\/td>\n<\/tr>\n<\/tbody>\n<\/table>\n<\/div>\n<\/div>\n<p data-start=\"1559\" data-end=\"1659\">Cette performance soutient <strong data-start=\"1585\" data-end=\"1637\">Liaisons optiques 10G, 25G, 40G et 100G \u00e0 courte port\u00e9e<\/strong> sur fibre multimode.<\/p>\n<hr data-start=\"1661\" data-end=\"1664\" \/>\n<h3 data-start=\"1666\" data-end=\"1694\">Construction du connecteur<\/h3>\n<div class=\"TyagGW_tableContainer\">\n<div class=\"group TyagGW_tableWrapper flex flex-col-reverse w-fit\" tabindex=\"-1\">\n<table class=\"w-fit min-w-(--thread-content-width)\" data-start=\"1696\" data-end=\"1961\">\n<thead data-start=\"1696\" data-end=\"1723\">\n<tr data-start=\"1696\" data-end=\"1723\">\n<th class=\"\" data-start=\"1696\" data-end=\"1706\" data-col-size=\"sm\">Fonctionnalit\u00e9<\/th>\n<th class=\"\" data-start=\"1706\" data-end=\"1723\" data-col-size=\"sm\">Sp\u00e9cifications<\/th>\n<\/tr>\n<\/thead>\n<tbody data-start=\"1751\" data-end=\"1961\">\n<tr data-start=\"1751\" data-end=\"1782\">\n<td data-start=\"1751\" data-end=\"1768\" data-col-size=\"sm\">Type de connecteur<\/td>\n<td data-start=\"1768\" data-end=\"1782\" data-col-size=\"sm\">LC Simplex<\/td>\n<\/tr>\n<tr data-start=\"1783\" data-end=\"1805\">\n<td data-start=\"1783\" data-end=\"1796\" data-col-size=\"sm\">Taille du c\u00e2ble<\/td>\n<td data-start=\"1796\" data-end=\"1805\" data-col-size=\"sm\">0,9 mm<\/td>\n<\/tr>\n<tr data-start=\"1806\" data-end=\"1843\">\n<td data-start=\"1806\" data-end=\"1816\" data-col-size=\"sm\">Embout<\/td>\n<td data-start=\"1816\" data-end=\"1843\" data-col-size=\"sm\">C\u00e9ramique zircone de 1,25 mm<\/td>\n<\/tr>\n<tr data-start=\"1844\" data-end=\"1887\">\n<td data-start=\"1844\" data-end=\"1857\" data-col-size=\"sm\">Couleur des bottes<\/td>\n<td data-start=\"1857\" data-end=\"1887\" data-col-size=\"sm\">Bleu lac (code multimode)<\/td>\n<\/tr>\n<tr data-start=\"1888\" data-end=\"1918\">\n<td data-start=\"1888\" data-end=\"1896\" data-col-size=\"sm\">Loquet<\/td>\n<td data-start=\"1896\" data-end=\"1918\" data-col-size=\"sm\">Loquet LC push-pull<\/td>\n<\/tr>\n<tr data-start=\"1919\" data-end=\"1961\">\n<td data-start=\"1919\" data-end=\"1943\" data-col-size=\"sm\">Temp\u00e9rature de fonctionnement<\/td>\n<td data-start=\"1943\" data-end=\"1961\" data-col-size=\"sm\">De -40\u00b0C \u00e0 +75\u00b0C<\/td>\n<\/tr>\n<\/tbody>\n<\/table>\n<\/div>\n<\/div>\n<p data-start=\"1963\" data-end=\"2077\">Le <strong data-start=\"1967\" data-end=\"1988\">logement au lac bleu<\/strong> assure <strong data-start=\"1997\" data-end=\"2028\">identification visuelle rapide<\/strong> dans des environnements mixtes monomodes et multimodes.<\/p>\n<hr data-start=\"2079\" data-end=\"2082\" \/>\n<h3 data-start=\"2084\" data-end=\"2110\">Applications typiques<\/h3>\n<p data-start=\"2112\" data-end=\"2160\">Ce connecteur multimode LC est couramment utilis\u00e9 dans :<\/p>\n<ul data-start=\"2162\" data-end=\"2334\">\n<li data-start=\"2162\" data-end=\"2190\">\n<p data-start=\"2164\" data-end=\"2190\">Panneaux de brassage pour centres de donn\u00e9es<\/p>\n<\/li>\n<li data-start=\"2191\" data-end=\"2213\">\n<p data-start=\"2193\" data-end=\"2213\">Pigtails multimodes<\/p>\n<\/li>\n<li data-start=\"2214\" data-end=\"2245\">\n<p data-start=\"2216\" data-end=\"2245\">Modules \u00e9metteurs-r\u00e9cepteurs optiques<\/p>\n<\/li>\n<li data-start=\"2246\" data-end=\"2281\">\n<p data-start=\"2248\" data-end=\"2281\">R\u00e9seaux locaux et r\u00e9seaux d'entreprise en fibre optique<\/p>\n<\/li>\n<li data-start=\"2282\" data-end=\"2304\">\n<p data-start=\"2284\" data-end=\"2304\">Cordons de test optiques<\/p>\n<\/li>\n<li data-start=\"2305\" data-end=\"2334\">\n<p data-start=\"2307\" data-end=\"2334\">C\u00e2blage interne de l'\u00e9quipement<\/p>\n<\/li>\n<\/ul>\n<hr data-start=\"2336\" data-end=\"2339\" \/>\n<h2 data-start=\"2341\" data-end=\"2362\">Questions et r\u00e9ponses professionnelles<\/h2>\n<p data-start=\"2364\" data-end=\"2517\"><strong data-start=\"2364\" data-end=\"2403\">Q1 : Pourquoi le lac connecteur est-il bleu ?<\/strong><br data-start=\"2403\" data-end=\"2406\" \/>Le bleu du lac est le <strong data-start=\"2423\" data-end=\"2461\">couleur standard pour la fibre multimode<\/strong>, Le c\u00e2ble jaune \u00e0 mode unique est un c\u00e2ble \u00e0 mode unique, ce qui permet d'\u00e9viter les m\u00e9langes avec les c\u00e2bles jaunes \u00e0 mode unique.<\/p>\n<hr data-start=\"2519\" data-end=\"2522\" \/>\n<p data-start=\"2524\" data-end=\"2668\"><strong data-start=\"2524\" data-end=\"2572\">Q2 : Le multimode LC peut-il se connecter au monomode ?<\/strong><br data-start=\"2572\" data-end=\"2575\" \/>Non. Les fibres multimodes et monomodes ont les caract\u00e9ristiques suivantes <strong data-start=\"2617\" data-end=\"2641\">diff\u00e9rentes tailles de noyau<\/strong> et ne doit pas \u00eatre connect\u00e9.<\/p>\n<hr data-start=\"2670\" data-end=\"2673\" \/>\n<p data-start=\"2675\" data-end=\"2844\"><strong data-start=\"2675\" data-end=\"2722\">Q3 : Le polissage UPC est-il correct pour le multimode ?<\/strong><br data-start=\"2722\" data-end=\"2725\" \/>Oui. <strong data-start=\"2730\" data-end=\"2771\">L'UPC est la norme pour les syst\u00e8mes multimodes<\/strong> et offre une perte d'insertion stable pour les r\u00e9seaux \u00e0 courte port\u00e9e et \u00e0 grande vitesse.<\/p>","protected":false},"excerpt":{"rendered":"<h3 data-start=\"195\" data-end=\"248\">Con\u00e7ue pour les liaisons optiques \u00e0 courte port\u00e9e et \u00e0 grande vitesse<\/h3>\n<p data-start=\"250\" data-end=\"468\">Le <strong data-start=\"254\" data-end=\"310\">Connecteur LC UPC 0.9mm Simplex Multimode (Bleu lac)<\/strong> est con\u00e7u pour <strong data-start=\"329\" data-end=\"369\">syst\u00e8mes de fibres multimodes \u00e0 haute densit\u00e9<\/strong>, o\u00f9 <strong data-start=\"377\" data-end=\"454\">transmission rapide des donn\u00e9es, identification facile et gestion compacte des c\u00e2bles<\/strong> sont n\u00e9cessaires.<\/p>\n<p data-start=\"470\" data-end=\"804\">Utilisation <strong data-start=\"476\" data-end=\"513\">fibre multimode et polissage UPC<\/strong>, Ce connecteur est largement utilis\u00e9 dans les domaines suivants <strong data-start=\"548\" data-end=\"628\">centres de donn\u00e9es, r\u00e9seaux d'entreprise, modules optiques et assemblages de fibres LAN<\/strong>.<br data-start=\"629\" data-end=\"632\" \/>Le <strong data-start=\"636\" data-end=\"655\">couleur bleu lac<\/strong> suit le code couleur international de la fibre, ce qui permet aux techniciens de reconna\u00eetre instantan\u00e9ment <strong data-start=\"742\" data-end=\"767\">connexions multimodes<\/strong> lors de l'installation et de l'entretien.<\/p>","protected":false},"featured_media":901,"comment_status":"open","ping_status":"closed","template":"","meta":[],"product_brand":[],"product_cat":[50],"product_tag":[],"class_list":{"0":"post-900","1":"product","2":"type-product","3":"status-publish","4":"has-post-thumbnail","6":"product_cat-lc-simplex-connectors-single-modemultimode","8":"first","9":"instock","10":"shipping-taxable","11":"product-type-simple"},"_links":{"self":[{"href":"https:\/\/www.fenxifiber.com\/fr\/wp-json\/wp\/v2\/product\/900","targetHints":{"allow":["GET"]}}],"collection":[{"href":"https:\/\/www.fenxifiber.com\/fr\/wp-json\/wp\/v2\/product"}],"about":[{"href":"https:\/\/www.fenxifiber.com\/fr\/wp-json\/wp\/v2\/types\/product"}],"replies":[{"embeddable":true,"href":"https:\/\/www.fenxifiber.com\/fr\/wp-json\/wp\/v2\/comments?post=900"}],"wp:featuredmedia":[{"embeddable":true,"href":"https:\/\/www.fenxifiber.com\/fr\/wp-json\/wp\/v2\/media\/901"}],"wp:attachment":[{"href":"https:\/\/www.fenxifiber.com\/fr\/wp-json\/wp\/v2\/media?parent=900"}],"wp:term":[{"taxonomy":"product_brand","embeddable":true,"href":"https:\/\/www.fenxifiber.com\/fr\/wp-json\/wp\/v2\/product_brand?post=900"},{"taxonomy":"product_cat","embeddable":true,"href":"https:\/\/www.fenxifiber.com\/fr\/wp-json\/wp\/v2\/product_cat?post=900"},{"taxonomy":"product_tag","embeddable":true,"href":"https:\/\/www.fenxifiber.com\/fr\/wp-json\/wp\/v2\/product_tag?post=900"}],"curies":[{"name":"wp","href":"https:\/\/api.w.org\/{rel}","templated":true}]}}