{"id":902,"date":"2026-02-04T03:10:46","date_gmt":"2026-02-04T03:10:46","guid":{"rendered":"https:\/\/www.fenxifiber.com\/?post_type=product&#038;p=902"},"modified":"2026-02-05T02:25:27","modified_gmt":"2026-02-05T02:25:27","slug":"lc-upc-0-9mm-simplex-multimode-rose-rouge","status":"publish","type":"product","link":"https:\/\/www.fenxifiber.com\/fr\/product\/lc-upc-0-9mm-simplex-multimode-rose-red\/","title":{"rendered":"Connecteur LC UPC 0.9mm Multimode Simplex (Rose-Rouge)"},"content":{"rendered":"<h3 data-start=\"834\" data-end=\"891\">Pourquoi 0,9 mm est utilis\u00e9 pour les pigtails multimodes \u00e0 grande vitesse ?<\/h3>\n<div class=\"TyagGW_tableContainer\">\n<div class=\"group TyagGW_tableWrapper flex flex-col-reverse w-fit\" tabindex=\"-1\">\n<table class=\"w-fit min-w-(--thread-content-width)\" data-start=\"893\" data-end=\"1080\">\n<thead data-start=\"893\" data-end=\"922\">\n<tr data-start=\"893\" data-end=\"922\">\n<th class=\"\" data-start=\"893\" data-end=\"906\" data-col-size=\"sm\">Taille du c\u00e2ble<\/th>\n<th class=\"\" data-start=\"906\" data-end=\"922\" data-col-size=\"sm\">R\u00f4le typique<\/th>\n<\/tr>\n<\/thead>\n<tbody data-start=\"953\" data-end=\"1080\">\n<tr data-start=\"953\" data-end=\"1005\">\n<td data-start=\"953\" data-end=\"965\" data-col-size=\"sm\"><strong data-start=\"955\" data-end=\"964\">0,9 mm<\/strong><\/td>\n<td data-start=\"965\" data-end=\"1005\" data-col-size=\"sm\">Pigtails d'\u00e9pissure et modules optiques<\/td>\n<\/tr>\n<tr data-start=\"1006\" data-end=\"1039\">\n<td data-start=\"1006\" data-end=\"1014\" data-col-size=\"sm\">2,0 mm<\/td>\n<td data-start=\"1014\" data-end=\"1039\" data-col-size=\"sm\">Cordons de raccordement multimode<\/td>\n<\/tr>\n<tr data-start=\"1040\" data-end=\"1080\">\n<td data-start=\"1040\" data-end=\"1048\" data-col-size=\"sm\">3,0 mm<\/td>\n<td data-start=\"1048\" data-end=\"1080\" data-col-size=\"sm\">Cavaliers multimodes robustes<\/td>\n<\/tr>\n<\/tbody>\n<\/table>\n<\/div>\n<\/div>\n<p data-start=\"1082\" data-end=\"1212\">Le <strong data-start=\"1086\" data-end=\"1107\">gaine mince de 0,9 mm<\/strong> facilite l'acheminement \u00e0 l'int\u00e9rieur <strong data-start=\"1135\" data-end=\"1183\">QSFP, SFP, panneaux de raccordement et cassettes d'\u00e9pissage<\/strong>, sans encombrement ni contrainte.<\/p>\n<hr data-start=\"1214\" data-end=\"1217\" \/>\n<h3 data-start=\"1219\" data-end=\"1254\">Performance optique multimode<\/h3>\n<div class=\"TyagGW_tableContainer\">\n<div class=\"group TyagGW_tableWrapper flex flex-col-reverse w-fit\" tabindex=\"-1\">\n<table class=\"w-fit min-w-(--thread-content-width)\" data-start=\"1256\" data-end=\"1565\">\n<thead data-start=\"1256\" data-end=\"1285\">\n<tr data-start=\"1256\" data-end=\"1285\">\n<th class=\"\" data-start=\"1256\" data-end=\"1268\" data-col-size=\"sm\">Param\u00e8tres<\/th>\n<th class=\"\" data-start=\"1268\" data-end=\"1285\" data-col-size=\"sm\">Valeur typique<\/th>\n<\/tr>\n<\/thead>\n<tbody data-start=\"1315\" data-end=\"1565\">\n<tr data-start=\"1315\" data-end=\"1357\">\n<td data-start=\"1315\" data-end=\"1328\" data-col-size=\"sm\">Type de fibre<\/td>\n<td data-col-size=\"sm\" data-start=\"1328\" data-end=\"1357\">Multimode OM3 \/ OM4 \/ OM5<\/td>\n<\/tr>\n<tr data-start=\"1358\" data-end=\"1391\">\n<td data-start=\"1358\" data-end=\"1376\" data-col-size=\"sm\">Noyau \/ Rev\u00eatement<\/td>\n<td data-start=\"1376\" data-end=\"1391\" data-col-size=\"sm\">50 \/ 125 \u00b5m<\/td>\n<\/tr>\n<tr data-start=\"1392\" data-end=\"1413\">\n<td data-start=\"1392\" data-end=\"1406\" data-col-size=\"sm\">Type de polissage<\/td>\n<td data-start=\"1406\" data-end=\"1413\" data-col-size=\"sm\">CUP<\/td>\n<\/tr>\n<tr data-start=\"1414\" data-end=\"1444\">\n<td data-start=\"1414\" data-end=\"1431\" data-col-size=\"sm\">Perte d'insertion<\/td>\n<td data-start=\"1431\" data-end=\"1444\" data-col-size=\"sm\">\u2264 0,30 dB<\/td>\n<\/tr>\n<tr data-start=\"1445\" data-end=\"1470\">\n<td data-start=\"1445\" data-end=\"1459\" data-col-size=\"sm\">Perte de retour<\/td>\n<td data-start=\"1459\" data-end=\"1470\" data-col-size=\"sm\">\u2265 35 dB<\/td>\n<\/tr>\n<tr data-start=\"1471\" data-end=\"1505\">\n<td data-start=\"1471\" data-end=\"1485\" data-col-size=\"sm\">Longueurs d'onde<\/td>\n<td data-col-size=\"sm\" data-start=\"1485\" data-end=\"1505\">850 nm \/ 1300 nm<\/td>\n<\/tr>\n<tr data-start=\"1506\" data-end=\"1565\">\n<td data-start=\"1506\" data-end=\"1525\" data-col-size=\"sm\">Vitesses prises en charge<\/td>\n<td data-col-size=\"sm\" data-start=\"1525\" data-end=\"1565\">10G \/ 25G \/ 40G \/ 100G (courte port\u00e9e)<\/td>\n<\/tr>\n<\/tbody>\n<\/table>\n<\/div>\n<\/div>\n<p data-start=\"1567\" data-end=\"1674\">Ces valeurs r\u00e9pondent aux exigences de <strong data-start=\"1605\" data-end=\"1673\">Ethernet \u00e0 haut d\u00e9bit, Fibre Channel et interconnexions de centres de donn\u00e9es<\/strong>.<\/p>\n<hr data-start=\"1676\" data-end=\"1679\" \/>\n<h3 data-start=\"1681\" data-end=\"1711\">Connecteur et code couleur<\/h3>\n<div class=\"TyagGW_tableContainer\">\n<div class=\"group TyagGW_tableWrapper flex flex-col-reverse w-fit\" tabindex=\"-1\">\n<table class=\"w-fit min-w-(--thread-content-width)\" data-start=\"1713\" data-end=\"2032\">\n<thead data-start=\"1713\" data-end=\"1738\">\n<tr data-start=\"1713\" data-end=\"1738\">\n<th class=\"\" data-start=\"1713\" data-end=\"1723\" data-col-size=\"sm\">Fonctionnalit\u00e9<\/th>\n<th class=\"\" data-start=\"1723\" data-end=\"1738\" data-col-size=\"sm\">Description<\/th>\n<\/tr>\n<\/thead>\n<tbody data-start=\"1764\" data-end=\"2032\">\n<tr data-start=\"1764\" data-end=\"1795\">\n<td data-start=\"1764\" data-end=\"1781\" data-col-size=\"sm\">Type de connecteur<\/td>\n<td data-start=\"1781\" data-end=\"1795\" data-col-size=\"sm\">LC Simplex<\/td>\n<\/tr>\n<tr data-start=\"1796\" data-end=\"1822\">\n<td data-start=\"1796\" data-end=\"1813\" data-col-size=\"sm\">Diam\u00e8tre du c\u00e2ble<\/td>\n<td data-start=\"1813\" data-end=\"1822\" data-col-size=\"sm\">0,9 mm<\/td>\n<\/tr>\n<tr data-start=\"1823\" data-end=\"1860\">\n<td data-start=\"1823\" data-end=\"1833\" data-col-size=\"sm\">Embout<\/td>\n<td data-start=\"1833\" data-end=\"1860\" data-col-size=\"sm\">C\u00e9ramique zircone de 1,25 mm<\/td>\n<\/tr>\n<tr data-start=\"1861\" data-end=\"1916\">\n<td data-start=\"1861\" data-end=\"1877\" data-col-size=\"sm\">Couleur du bo\u00eetier<\/td>\n<td data-start=\"1877\" data-end=\"1916\" data-col-size=\"sm\">Rose-Rouge (identification OM4 \/ OM5)<\/td>\n<\/tr>\n<tr data-start=\"1917\" data-end=\"1951\">\n<td data-start=\"1917\" data-end=\"1935\" data-col-size=\"sm\">Syst\u00e8me de verrouillage<\/td>\n<td data-start=\"1935\" data-end=\"1951\" data-col-size=\"sm\">LC push-pull<\/td>\n<\/tr>\n<tr data-start=\"1952\" data-end=\"1994\">\n<td data-start=\"1952\" data-end=\"1976\" data-col-size=\"sm\">Temp\u00e9rature de fonctionnement<\/td>\n<td data-col-size=\"sm\" data-start=\"1976\" data-end=\"1994\">De -40\u00b0C \u00e0 +75\u00b0C<\/td>\n<\/tr>\n<tr data-start=\"1995\" data-end=\"2032\">\n<td data-start=\"1995\" data-end=\"2008\" data-col-size=\"sm\">Durabilit\u00e9<\/td>\n<td data-col-size=\"sm\" data-start=\"2008\" data-end=\"2032\">\u2265 1000 cycles d'accouplement<\/td>\n<\/tr>\n<\/tbody>\n<\/table>\n<\/div>\n<\/div>\n<p data-start=\"2034\" data-end=\"2156\">Le <strong data-start=\"2038\" data-end=\"2058\">bo\u00eetier rose-rouge<\/strong> permet aux techniciens de <strong data-start=\"2081\" data-end=\"2134\">identifier instantan\u00e9ment les liaisons multimodes \u00e0 large bande passante<\/strong> dans les baies \u00e0 fibres mixtes.<\/p>\n<hr data-start=\"2158\" data-end=\"2161\" \/>\n<h3 data-start=\"2163\" data-end=\"2189\">Applications typiques<\/h3>\n<p data-start=\"2191\" data-end=\"2224\">Ce connecteur est largement utilis\u00e9 dans :<\/p>\n<ul data-start=\"2226\" data-end=\"2433\">\n<li data-start=\"2226\" data-end=\"2258\">\n<p data-start=\"2228\" data-end=\"2258\">Pigtails multimodes OM4 \/ OM5<\/p>\n<\/li>\n<li data-start=\"2259\" data-end=\"2298\">\n<p data-start=\"2261\" data-end=\"2298\">Panneaux de raccordement pour centres de donn\u00e9es \u00e0 haut d\u00e9bit<\/p>\n<\/li>\n<li data-start=\"2299\" data-end=\"2329\">\n<p data-start=\"2301\" data-end=\"2329\">Modules optiques QSFP et SFP<\/p>\n<\/li>\n<li data-start=\"2330\" data-end=\"2360\">\n<p data-start=\"2332\" data-end=\"2360\">Ensembles d'\u00e9clatement MPO-LC<\/p>\n<\/li>\n<li data-start=\"2361\" data-end=\"2394\">\n<p data-start=\"2363\" data-end=\"2394\">R\u00e9seaux d'entreprise LAN et SAN<\/p>\n<\/li>\n<li data-start=\"2395\" data-end=\"2433\">\n<p data-start=\"2397\" data-end=\"2433\">Cordons de test et de mesure optiques<\/p>\n<\/li>\n<\/ul>\n<hr data-start=\"2435\" data-end=\"2438\" \/>\n<h2 data-start=\"2440\" data-end=\"2461\">Questions et r\u00e9ponses professionnelles<\/h2>\n<p data-start=\"2463\" data-end=\"2651\"><strong data-start=\"2463\" data-end=\"2505\">Q1 : Que signifie la couleur rouge-rose ?<\/strong><br data-start=\"2505\" data-end=\"2508\" \/>Le rouge ros\u00e9 est couramment utilis\u00e9 pour <strong data-start=\"2538\" data-end=\"2569\">Fibre multimode OM4 et OM5<\/strong>, qui soutient <strong data-start=\"2586\" data-end=\"2628\">une largeur de bande plus \u00e9lev\u00e9e et des d\u00e9bits de donn\u00e9es plus rapides<\/strong> que la norme OM2\/OM3.<\/p>\n<hr data-start=\"2653\" data-end=\"2656\" \/>\n<p data-start=\"2658\" data-end=\"2813\"><strong data-start=\"2658\" data-end=\"2701\">Q2 : Peut-on l'utiliser pour l'Ethernet 100G ?<\/strong><br data-start=\"2701\" data-end=\"2704\" \/>Oui. Lorsqu'il est utilis\u00e9 avec <strong data-start=\"2724\" data-end=\"2744\">Fibre OM4 ou OM5<\/strong>, ce connecteur prend en charge <strong data-start=\"2770\" data-end=\"2796\">Liaisons courtes 100G<\/strong> dans les centres de donn\u00e9es.<\/p>\n<hr data-start=\"2815\" data-end=\"2818\" \/>\n<p data-start=\"2820\" data-end=\"3002\"><strong data-start=\"2820\" data-end=\"2882\">Q3 : Le multimode rose-rouge peut-il se connecter au multimode bleu-lacustre ?<\/strong><br data-start=\"2882\" data-end=\"2885\" \/>Oui, tant que les deux sont <strong data-start=\"2910\" data-end=\"2930\">multimode LC UPC<\/strong>. La couleur indique seulement <strong data-start=\"2957\" data-end=\"2972\">qualit\u00e9 de la fibre<\/strong>, mais pas la compatibilit\u00e9 des connecteurs.<\/p>","protected":false},"excerpt":{"rendered":"<h3 data-start=\"233\" data-end=\"289\">Optimis\u00e9 pour les r\u00e9seaux multimodes modernes \u00e0 haut d\u00e9bit<\/h3>\n<p data-start=\"291\" data-end=\"494\">Le <strong data-start=\"295\" data-end=\"350\">Connecteur LC UPC 0.9mm Simplex Multimode (Rose-Rouge)<\/strong> est con\u00e7u pour <strong data-start=\"367\" data-end=\"410\">syst\u00e8mes \u00e0 fibres multimodes de la prochaine g\u00e9n\u00e9ration<\/strong>, o\u00f9 <strong data-start=\"418\" data-end=\"480\">grande largeur de bande, faible perte et identification instantan\u00e9e de la fibre<\/strong> sont essentiels.<\/p>\n<p data-start=\"496\" data-end=\"827\">Dans les centres de donn\u00e9es actuels, le rouge ros\u00e9 (\u00e9galement appel\u00e9 violet ou magenta dans certaines normes) est couramment utilis\u00e9 pour <strong data-start=\"601\" data-end=\"632\">Fibre multimode OM4 et OM5<\/strong>, qui soutient <strong data-start=\"649\" data-end=\"694\">40G, 100G et au-del\u00e0 sur de courtes distances<\/strong>.<br data-start=\"695\" data-end=\"698\" \/>Le connecteur est donc particuli\u00e8rement adapt\u00e9 pour <strong data-start=\"747\" data-end=\"826\">commutateurs haute densit\u00e9, \u00e9metteurs-r\u00e9cepteurs optiques et ensembles d'\u00e9clatement MPO-LC<\/strong>.<\/p>","protected":false},"featured_media":903,"comment_status":"open","ping_status":"closed","template":"","meta":[],"product_brand":[],"product_cat":[50],"product_tag":[],"class_list":{"0":"post-902","1":"product","2":"type-product","3":"status-publish","4":"has-post-thumbnail","6":"product_cat-lc-simplex-connectors-single-modemultimode","8":"first","9":"instock","10":"shipping-taxable","11":"product-type-simple"},"_links":{"self":[{"href":"https:\/\/www.fenxifiber.com\/fr\/wp-json\/wp\/v2\/product\/902","targetHints":{"allow":["GET"]}}],"collection":[{"href":"https:\/\/www.fenxifiber.com\/fr\/wp-json\/wp\/v2\/product"}],"about":[{"href":"https:\/\/www.fenxifiber.com\/fr\/wp-json\/wp\/v2\/types\/product"}],"replies":[{"embeddable":true,"href":"https:\/\/www.fenxifiber.com\/fr\/wp-json\/wp\/v2\/comments?post=902"}],"wp:featuredmedia":[{"embeddable":true,"href":"https:\/\/www.fenxifiber.com\/fr\/wp-json\/wp\/v2\/media\/903"}],"wp:attachment":[{"href":"https:\/\/www.fenxifiber.com\/fr\/wp-json\/wp\/v2\/media?parent=902"}],"wp:term":[{"taxonomy":"product_brand","embeddable":true,"href":"https:\/\/www.fenxifiber.com\/fr\/wp-json\/wp\/v2\/product_brand?post=902"},{"taxonomy":"product_cat","embeddable":true,"href":"https:\/\/www.fenxifiber.com\/fr\/wp-json\/wp\/v2\/product_cat?post=902"},{"taxonomy":"product_tag","embeddable":true,"href":"https:\/\/www.fenxifiber.com\/fr\/wp-json\/wp\/v2\/product_tag?post=902"}],"curies":[{"name":"wp","href":"https:\/\/api.w.org\/{rel}","templated":true}]}}