{"id":904,"date":"2026-02-04T03:12:00","date_gmt":"2026-02-04T03:12:00","guid":{"rendered":"https:\/\/www.fenxifiber.com\/?post_type=product&#038;p=904"},"modified":"2026-02-05T02:26:08","modified_gmt":"2026-02-05T02:26:08","slug":"lc-upc-0-9mm-simplex-multimode-aqua-green","status":"publish","type":"product","link":"https:\/\/www.fenxifiber.com\/fr\/product\/lc-upc-0-9mm-simplex-multimode-aqua-green\/","title":{"rendered":"LC UPC 0.9mm Simplex Multimode Connector (Aqua Green)"},"content":{"rendered":"<h3 data-start=\"874\" data-end=\"920\">Pourquoi l'OM3 domine toujours la fibre d'entreprise<\/h3>\n<div class=\"TyagGW_tableContainer\">\n<div class=\"group TyagGW_tableWrapper flex flex-col-reverse w-fit\" tabindex=\"-1\">\n<table class=\"w-fit min-w-(--thread-content-width)\" data-start=\"922\" data-end=\"1195\">\n<thead data-start=\"922\" data-end=\"965\">\n<tr data-start=\"922\" data-end=\"965\">\n<th class=\"\" data-start=\"922\" data-end=\"936\" data-col-size=\"sm\">Qualit\u00e9 de la fibre<\/th>\n<th class=\"\" data-start=\"936\" data-end=\"944\" data-col-size=\"sm\">Couleur<\/th>\n<th class=\"\" data-start=\"944\" data-end=\"965\" data-col-size=\"sm\">Taux de donn\u00e9es typique<\/th>\n<\/tr>\n<\/thead>\n<tbody data-start=\"1009\" data-end=\"1195\">\n<tr data-start=\"1009\" data-end=\"1034\">\n<td data-start=\"1009\" data-end=\"1015\" data-col-size=\"sm\">OM2<\/td>\n<td data-start=\"1015\" data-end=\"1024\" data-col-size=\"sm\">Orange<\/td>\n<td data-start=\"1024\" data-end=\"1034\" data-col-size=\"sm\">1G-10G<\/td>\n<\/tr>\n<tr data-start=\"1035\" data-end=\"1092\">\n<td data-start=\"1035\" data-end=\"1045\" data-col-size=\"sm\"><strong data-start=\"1037\" data-end=\"1044\">OM3<\/strong><\/td>\n<td data-start=\"1045\" data-end=\"1062\" data-col-size=\"sm\"><strong data-start=\"1047\" data-end=\"1061\">Vert d'eau<\/strong><\/td>\n<td data-start=\"1062\" data-end=\"1092\" data-col-size=\"sm\"><strong data-start=\"1064\" data-end=\"1090\">10G-100G (courte port\u00e9e)<\/strong><\/td>\n<\/tr>\n<tr data-start=\"1093\" data-end=\"1150\">\n<td data-start=\"1093\" data-end=\"1099\" data-col-size=\"sm\">OM4<\/td>\n<td data-col-size=\"sm\" data-start=\"1099\" data-end=\"1119\">Rose-rouge \/ violet<\/td>\n<td data-col-size=\"sm\" data-start=\"1119\" data-end=\"1150\">Distance plus \u00e9lev\u00e9e \u00e0 40G\/100G<\/td>\n<\/tr>\n<tr data-start=\"1151\" data-end=\"1195\">\n<td data-start=\"1151\" data-end=\"1157\" data-col-size=\"sm\">OM5<\/td>\n<td data-start=\"1157\" data-end=\"1170\" data-col-size=\"sm\">Vert citron<\/td>\n<td data-col-size=\"sm\" data-start=\"1170\" data-end=\"1195\">SWDM et liaisons avanc\u00e9es<\/td>\n<\/tr>\n<\/tbody>\n<\/table>\n<\/div>\n<\/div>\n<p data-start=\"1197\" data-end=\"1294\">L'OM3 est largement utilis\u00e9 parce qu'il offre <strong data-start=\"1236\" data-end=\"1277\">d'excellentes performances \u00e0 moindre co\u00fbt<\/strong> que l'OM4 ou l'OM5.<\/p>\n<hr data-start=\"1296\" data-end=\"1299\" \/>\n<h3 data-start=\"1301\" data-end=\"1326\">Performances optiques<\/h3>\n<div class=\"TyagGW_tableContainer\">\n<div class=\"group TyagGW_tableWrapper flex flex-col-reverse w-fit\" tabindex=\"-1\">\n<table class=\"w-fit min-w-(--thread-content-width)\" data-start=\"1328\" data-end=\"1632\">\n<thead data-start=\"1328\" data-end=\"1357\">\n<tr data-start=\"1328\" data-end=\"1357\">\n<th class=\"\" data-start=\"1328\" data-end=\"1340\" data-col-size=\"sm\">Param\u00e8tres<\/th>\n<th class=\"\" data-start=\"1340\" data-end=\"1357\" data-col-size=\"sm\">Valeur typique<\/th>\n<\/tr>\n<\/thead>\n<tbody data-start=\"1387\" data-end=\"1632\">\n<tr data-start=\"1387\" data-end=\"1429\">\n<td data-start=\"1387\" data-end=\"1400\" data-col-size=\"sm\">Type de fibre<\/td>\n<td data-start=\"1400\" data-end=\"1429\" data-col-size=\"sm\">Multimode OM3 (50\/125 \u00b5m)<\/td>\n<\/tr>\n<tr data-start=\"1430\" data-end=\"1451\">\n<td data-start=\"1430\" data-end=\"1444\" data-col-size=\"sm\">Type de polissage<\/td>\n<td data-col-size=\"sm\" data-start=\"1444\" data-end=\"1451\">CUP<\/td>\n<\/tr>\n<tr data-start=\"1452\" data-end=\"1482\">\n<td data-start=\"1452\" data-end=\"1469\" data-col-size=\"sm\">Perte d'insertion<\/td>\n<td data-col-size=\"sm\" data-start=\"1469\" data-end=\"1482\">\u2264 0,30 dB<\/td>\n<\/tr>\n<tr data-start=\"1483\" data-end=\"1508\">\n<td data-start=\"1483\" data-end=\"1497\" data-col-size=\"sm\">Perte de retour<\/td>\n<td data-start=\"1497\" data-end=\"1508\" data-col-size=\"sm\">\u2265 35 dB<\/td>\n<\/tr>\n<tr data-start=\"1509\" data-end=\"1543\">\n<td data-start=\"1509\" data-end=\"1523\" data-col-size=\"sm\">Longueurs d'onde<\/td>\n<td data-start=\"1523\" data-end=\"1543\" data-col-size=\"sm\">850 nm \/ 1300 nm<\/td>\n<\/tr>\n<tr data-start=\"1544\" data-end=\"1594\">\n<td data-start=\"1544\" data-end=\"1562\" data-col-size=\"sm\">Largeur de bande modale<\/td>\n<td data-col-size=\"sm\" data-start=\"1562\" data-end=\"1594\">Optimis\u00e9 pour les r\u00e9seaux locaux \u00e0 grande vitesse<\/td>\n<\/tr>\n<tr data-start=\"1595\" data-end=\"1632\">\n<td data-start=\"1595\" data-end=\"1608\" data-col-size=\"sm\">Durabilit\u00e9<\/td>\n<td data-start=\"1608\" data-end=\"1632\" data-col-size=\"sm\">\u2265 1000 cycles d'accouplement<\/td>\n<\/tr>\n<\/tbody>\n<\/table>\n<\/div>\n<\/div>\n<p data-start=\"1634\" data-end=\"1710\">Cette performance soutient ais\u00e9ment <strong data-start=\"1667\" data-end=\"1709\">Ethernet 10G, 40G et 100G \u00e0 courte port\u00e9e<\/strong>.<\/p>\n<hr data-start=\"1712\" data-end=\"1715\" \/>\n<h3 data-start=\"1717\" data-end=\"1742\">Structure du connecteur<\/h3>\n<div class=\"TyagGW_tableContainer\">\n<div class=\"group TyagGW_tableWrapper flex flex-col-reverse w-fit\" tabindex=\"-1\">\n<table class=\"w-fit min-w-(--thread-content-width)\" data-start=\"1744\" data-end=\"2018\">\n<thead data-start=\"1744\" data-end=\"1771\">\n<tr data-start=\"1744\" data-end=\"1771\">\n<th class=\"\" data-start=\"1744\" data-end=\"1754\" data-col-size=\"sm\">Fonctionnalit\u00e9<\/th>\n<th class=\"\" data-start=\"1754\" data-end=\"1771\" data-col-size=\"sm\">Sp\u00e9cifications<\/th>\n<\/tr>\n<\/thead>\n<tbody data-start=\"1799\" data-end=\"2018\">\n<tr data-start=\"1799\" data-end=\"1830\">\n<td data-start=\"1799\" data-end=\"1816\" data-col-size=\"sm\">Type de connecteur<\/td>\n<td data-start=\"1816\" data-end=\"1830\" data-col-size=\"sm\">LC Simplex<\/td>\n<\/tr>\n<tr data-start=\"1831\" data-end=\"1857\">\n<td data-start=\"1831\" data-end=\"1848\" data-col-size=\"sm\">Diam\u00e8tre du c\u00e2ble<\/td>\n<td data-start=\"1848\" data-end=\"1857\" data-col-size=\"sm\">0,9 mm<\/td>\n<\/tr>\n<tr data-start=\"1858\" data-end=\"1895\">\n<td data-start=\"1858\" data-end=\"1868\" data-col-size=\"sm\">Embout<\/td>\n<td data-start=\"1868\" data-end=\"1895\" data-col-size=\"sm\">C\u00e9ramique zircone de 1,25 mm<\/td>\n<\/tr>\n<tr data-start=\"1896\" data-end=\"1937\">\n<td data-start=\"1896\" data-end=\"1912\" data-col-size=\"sm\">Couleur du bo\u00eetier<\/td>\n<td data-start=\"1912\" data-end=\"1937\" data-col-size=\"sm\">Aqua Green (code OM3)<\/td>\n<\/tr>\n<tr data-start=\"1938\" data-end=\"1975\">\n<td data-start=\"1938\" data-end=\"1959\" data-col-size=\"sm\">M\u00e9canisme de verrouillage<\/td>\n<td data-col-size=\"sm\" data-start=\"1959\" data-end=\"1975\">LC push-pull<\/td>\n<\/tr>\n<tr data-start=\"1976\" data-end=\"2018\">\n<td data-start=\"1976\" data-end=\"2000\" data-col-size=\"sm\">Temp\u00e9rature de fonctionnement<\/td>\n<td data-col-size=\"sm\" data-start=\"2000\" data-end=\"2018\">De -40\u00b0C \u00e0 +75\u00b0C<\/td>\n<\/tr>\n<\/tbody>\n<\/table>\n<\/div>\n<\/div>\n<p data-start=\"2020\" data-end=\"2132\">Le <strong data-start=\"2024\" data-end=\"2040\">Conception de 0,9 mm<\/strong> facilite l'acheminement \u00e0 l'int\u00e9rieur <strong data-start=\"2068\" data-end=\"2131\">plateaux de fibres, modules optiques et panneaux de raccordement \u00e0 haute densit\u00e9<\/strong>.<\/p>\n<hr data-start=\"2134\" data-end=\"2137\" \/>\n<h3 data-start=\"2139\" data-end=\"2165\">Applications typiques<\/h3>\n<p data-start=\"2167\" data-end=\"2207\">Ce connecteur LC OM3 est largement utilis\u00e9 dans :<\/p>\n<ul data-start=\"2209\" data-end=\"2390\">\n<li data-start=\"2209\" data-end=\"2237\">\n<p data-start=\"2211\" data-end=\"2237\">Pigtails de fibres multimodes<\/p>\n<\/li>\n<li data-start=\"2238\" data-end=\"2266\">\n<p data-start=\"2240\" data-end=\"2266\">Panneaux de brassage pour centres de donn\u00e9es<\/p>\n<\/li>\n<li data-start=\"2267\" data-end=\"2304\">\n<p data-start=\"2269\" data-end=\"2304\">\u00c9metteurs-r\u00e9cepteurs optiques (SFP+, QSFP)<\/p>\n<\/li>\n<li data-start=\"2305\" data-end=\"2337\">\n<p data-start=\"2307\" data-end=\"2337\">Syst\u00e8mes LAN et SAN d'entreprise<\/p>\n<\/li>\n<li data-start=\"2338\" data-end=\"2360\">\n<p data-start=\"2340\" data-end=\"2360\">Cordons de mesure optiques<\/p>\n<\/li>\n<li data-start=\"2361\" data-end=\"2390\">\n<p data-start=\"2363\" data-end=\"2390\">C\u00e2blage interne de l'\u00e9quipement<\/p>\n<\/li>\n<\/ul>\n<hr data-start=\"2392\" data-end=\"2395\" \/>\n<h2 data-start=\"2397\" data-end=\"2418\">Questions et r\u00e9ponses professionnelles<\/h2>\n<p data-start=\"2420\" data-end=\"2571\"><strong data-start=\"2420\" data-end=\"2458\">Q1 : Qu'indique le vert d'eau ?<\/strong><br data-start=\"2458\" data-end=\"2461\" \/>Le vert d'eau est le <strong data-start=\"2479\" data-end=\"2526\">couleur internationale pour la fibre multimode OM3<\/strong>, utilis\u00e9 pour <strong data-start=\"2537\" data-end=\"2570\">Liaisons courtes 10G \u00e0 100G<\/strong>.<\/p>\n<hr data-start=\"2573\" data-end=\"2576\" \/>\n<p data-start=\"2578\" data-end=\"2754\"><strong data-start=\"2578\" data-end=\"2631\">Q2 : Les connecteurs LC OM3 peuvent-ils \u00eatre utilis\u00e9s dans les syst\u00e8mes OM4 ?<\/strong><br data-start=\"2631\" data-end=\"2634\" \/>Oui. Les connecteurs OM3 sont <strong data-start=\"2658\" data-end=\"2678\">enti\u00e8rement compatible<\/strong> avec la fibre OM4 ; OM4 offre simplement <strong data-start=\"2713\" data-end=\"2753\">distance plus longue et largeur de bande plus \u00e9lev\u00e9e<\/strong>.<\/p>\n<hr data-start=\"2756\" data-end=\"2759\" \/>\n<p data-start=\"2761\" data-end=\"2914\"><strong data-start=\"2761\" data-end=\"2800\">Q3 : Pourquoi utiliser 0,9 mm au lieu de 2,0 mm ?<\/strong><br data-start=\"2800\" data-end=\"2803\" \/>Les connecteurs de 0,9 mm sont utilis\u00e9s pour <strong data-start=\"2833\" data-end=\"2872\">pigtails et routage interne des fibres<\/strong>, tandis que 2,0 mm sont utilis\u00e9s pour les <strong data-start=\"2898\" data-end=\"2913\">cordons de raccordement<\/strong>.<\/p>","protected":false},"excerpt":{"rendered":"<h3 data-start=\"206\" data-end=\"262\">Con\u00e7u pour les r\u00e9seaux d'entreprise et de centre de donn\u00e9es OM3<\/h3>\n<p data-start=\"264\" data-end=\"500\">Le <strong data-start=\"268\" data-end=\"325\">Connecteur LC UPC 0.9mm Simplex Multimode (Aqua Green)<\/strong> est con\u00e7u pour <strong data-start=\"339\" data-end=\"370\">Syst\u00e8mes de fibres multimodes OM3<\/strong>, qui restent l'un des types de fibres les plus largement d\u00e9ploy\u00e9s dans les pays de l'Union europ\u00e9enne. <strong data-start=\"432\" data-end=\"499\">les r\u00e9seaux d'entreprise, les centres de donn\u00e9es en nuage et les r\u00e9seaux f\u00e9d\u00e9rateurs des b\u00e2timents<\/strong>.<\/p>\n<p data-start=\"502\" data-end=\"695\">Le <strong data-start=\"506\" data-end=\"526\">couleur vert d'eau<\/strong> est la norme mondiale pour les <strong data-start=\"554\" data-end=\"567\">Fibre OM3<\/strong>, permettant aux techniciens d'identifier rapidement <strong data-start=\"610\" data-end=\"643\">Liaisons 10G, 40G et 100G pr\u00eates \u00e0 l'emploi<\/strong> lors de l'installation, du d\u00e9pannage et des mises \u00e0 jour.<\/p>\n<p data-start=\"697\" data-end=\"867\">Avec son <strong data-start=\"706\" data-end=\"757\">facteur de forme LC compact et ferrule poli UPC<\/strong>, ce connecteur fournit <strong data-start=\"783\" data-end=\"836\">transmission multimode \u00e0 faible perte et tr\u00e8s stable<\/strong> dans des environnements optiques denses.<\/p>","protected":false},"featured_media":905,"comment_status":"open","ping_status":"closed","template":"","meta":[],"product_brand":[],"product_cat":[50],"product_tag":[],"class_list":{"0":"post-904","1":"product","2":"type-product","3":"status-publish","4":"has-post-thumbnail","6":"product_cat-lc-simplex-connectors-single-modemultimode","8":"first","9":"instock","10":"shipping-taxable","11":"product-type-simple"},"_links":{"self":[{"href":"https:\/\/www.fenxifiber.com\/fr\/wp-json\/wp\/v2\/product\/904","targetHints":{"allow":["GET"]}}],"collection":[{"href":"https:\/\/www.fenxifiber.com\/fr\/wp-json\/wp\/v2\/product"}],"about":[{"href":"https:\/\/www.fenxifiber.com\/fr\/wp-json\/wp\/v2\/types\/product"}],"replies":[{"embeddable":true,"href":"https:\/\/www.fenxifiber.com\/fr\/wp-json\/wp\/v2\/comments?post=904"}],"wp:featuredmedia":[{"embeddable":true,"href":"https:\/\/www.fenxifiber.com\/fr\/wp-json\/wp\/v2\/media\/905"}],"wp:attachment":[{"href":"https:\/\/www.fenxifiber.com\/fr\/wp-json\/wp\/v2\/media?parent=904"}],"wp:term":[{"taxonomy":"product_brand","embeddable":true,"href":"https:\/\/www.fenxifiber.com\/fr\/wp-json\/wp\/v2\/product_brand?post=904"},{"taxonomy":"product_cat","embeddable":true,"href":"https:\/\/www.fenxifiber.com\/fr\/wp-json\/wp\/v2\/product_cat?post=904"},{"taxonomy":"product_tag","embeddable":true,"href":"https:\/\/www.fenxifiber.com\/fr\/wp-json\/wp\/v2\/product_tag?post=904"}],"curies":[{"name":"wp","href":"https:\/\/api.w.org\/{rel}","templated":true}]}}