{"id":906,"date":"2026-02-04T03:13:11","date_gmt":"2026-02-04T03:13:11","guid":{"rendered":"https:\/\/www.fenxifiber.com\/?post_type=product&#038;p=906"},"modified":"2026-02-05T02:26:35","modified_gmt":"2026-02-05T02:26:35","slug":"lc-upc-0-9mm-simplex-multimode","status":"publish","type":"product","link":"https:\/\/www.fenxifiber.com\/fr\/product\/lc-upc-0-9mm-simplex-multimode\/","title":{"rendered":"LC UPC 0.9mm Simplex Multimode Fiber Connector"},"content":{"rendered":"<h3 data-start=\"784\" data-end=\"827\">Optimis\u00e9 pour les syst\u00e8mes \u00e0 fibres multimodes<\/h3>\n<p data-start=\"829\" data-end=\"947\">La fibre multimode est le choix standard pour <strong data-start=\"872\" data-end=\"913\">liaisons optiques \u00e0 courte port\u00e9e et \u00e0 grande vitesse<\/strong> dans les r\u00e9seaux d'entreprise et les r\u00e9seaux en nuage.<\/p>\n<div class=\"TyagGW_tableContainer\">\n<div class=\"group TyagGW_tableWrapper flex flex-col-reverse w-fit\" tabindex=\"-1\">\n<table class=\"w-fit min-w-(--thread-content-width)\" data-start=\"949\" data-end=\"1148\">\n<thead data-start=\"949\" data-end=\"1004\">\n<tr data-start=\"949\" data-end=\"1004\">\n<th class=\"\" data-start=\"949\" data-end=\"962\" data-col-size=\"sm\">Type de fibre<\/th>\n<th class=\"\" data-start=\"962\" data-end=\"983\" data-col-size=\"sm\">Longueur d'onde typique<\/th>\n<th class=\"\" data-start=\"983\" data-end=\"1004\" data-col-size=\"md\">Principales applications<\/th>\n<\/tr>\n<\/thead>\n<tbody data-start=\"1058\" data-end=\"1148\">\n<tr data-start=\"1058\" data-end=\"1148\">\n<td data-start=\"1058\" data-end=\"1081\" data-col-size=\"sm\">Multimode (50\/125\u00b5m)<\/td>\n<td data-col-size=\"sm\" data-start=\"1081\" data-end=\"1100\">850 nm \/ 1300 nm<\/td>\n<td data-col-size=\"md\" data-start=\"1100\" data-end=\"1148\">Centres de donn\u00e9es, LAN, SAN, backbones d'entreprise<\/td>\n<\/tr>\n<\/tbody>\n<\/table>\n<\/div>\n<\/div>\n<p data-start=\"1150\" data-end=\"1225\">Le connecteur LC UPC 0,9 mm prend en charge <strong data-start=\"1186\" data-end=\"1224\">Fibres OM2, OM3, OM4 et OM5<\/strong>.<\/p>\n<hr data-start=\"1227\" data-end=\"1230\" \/>\n<h3 data-start=\"1232\" data-end=\"1260\">Sp\u00e9cifications optiques<\/h3>\n<div class=\"TyagGW_tableContainer\">\n<div class=\"group TyagGW_tableWrapper flex flex-col-reverse w-fit\" tabindex=\"-1\">\n<table class=\"w-fit min-w-(--thread-content-width)\" data-start=\"1262\" data-end=\"1560\">\n<thead data-start=\"1262\" data-end=\"1291\">\n<tr data-start=\"1262\" data-end=\"1291\">\n<th class=\"\" data-start=\"1262\" data-end=\"1274\" data-col-size=\"sm\">Param\u00e8tres<\/th>\n<th class=\"\" data-start=\"1274\" data-end=\"1291\" data-col-size=\"sm\">Valeur typique<\/th>\n<\/tr>\n<\/thead>\n<tbody data-start=\"1321\" data-end=\"1560\">\n<tr data-start=\"1321\" data-end=\"1372\">\n<td data-start=\"1321\" data-end=\"1334\" data-col-size=\"sm\">Type de fibre<\/td>\n<td data-start=\"1334\" data-end=\"1372\" data-col-size=\"sm\">Multimode 50\/125 \u00b5m ou 62,5\/125 \u00b5m<\/td>\n<\/tr>\n<tr data-start=\"1373\" data-end=\"1394\">\n<td data-start=\"1373\" data-end=\"1387\" data-col-size=\"sm\">Type de polissage<\/td>\n<td data-start=\"1387\" data-end=\"1394\" data-col-size=\"sm\">CUP<\/td>\n<\/tr>\n<tr data-start=\"1395\" data-end=\"1425\">\n<td data-start=\"1395\" data-end=\"1412\" data-col-size=\"sm\">Perte d'insertion<\/td>\n<td data-start=\"1412\" data-end=\"1425\" data-col-size=\"sm\">\u2264 0,30 dB<\/td>\n<\/tr>\n<tr data-start=\"1426\" data-end=\"1451\">\n<td data-start=\"1426\" data-end=\"1440\" data-col-size=\"sm\">Perte de retour<\/td>\n<td data-start=\"1440\" data-end=\"1451\" data-col-size=\"sm\">\u2265 35 dB<\/td>\n<\/tr>\n<tr data-start=\"1452\" data-end=\"1493\">\n<td data-start=\"1452\" data-end=\"1476\" data-col-size=\"sm\">Longueurs d'onde de fonctionnement<\/td>\n<td data-col-size=\"sm\" data-start=\"1476\" data-end=\"1493\">850 \/ 1300 nm<\/td>\n<\/tr>\n<tr data-start=\"1494\" data-end=\"1522\">\n<td data-start=\"1494\" data-end=\"1510\" data-col-size=\"sm\">R\u00e9p\u00e9tabilit\u00e9<\/td>\n<td data-col-size=\"sm\" data-start=\"1510\" data-end=\"1522\">\u2264 0,1 dB<\/td>\n<\/tr>\n<tr data-start=\"1523\" data-end=\"1560\">\n<td data-start=\"1523\" data-end=\"1543\" data-col-size=\"sm\">Durabilit\u00e9 de l'accouplement<\/td>\n<td data-col-size=\"sm\" data-start=\"1543\" data-end=\"1560\">\u2265 1000 cycles<\/td>\n<\/tr>\n<\/tbody>\n<\/table>\n<\/div>\n<\/div>\n<p data-start=\"1562\" data-end=\"1654\">Ces valeurs r\u00e9pondent aux exigences de <strong data-start=\"1601\" data-end=\"1653\">Liaisons optiques 10G, 25G, 40G et 100G \u00e0 courte port\u00e9e<\/strong>.<\/p>\n<hr data-start=\"1656\" data-end=\"1659\" \/>\n<h3 data-start=\"1661\" data-end=\"1684\">Conception m\u00e9canique<\/h3>\n<div class=\"TyagGW_tableContainer\">\n<div class=\"group TyagGW_tableWrapper flex flex-col-reverse w-fit\" tabindex=\"-1\">\n<table class=\"w-fit min-w-(--thread-content-width)\" data-start=\"1686\" data-end=\"1937\">\n<thead data-start=\"1686\" data-end=\"1713\">\n<tr data-start=\"1686\" data-end=\"1713\">\n<th class=\"\" data-start=\"1686\" data-end=\"1696\" data-col-size=\"sm\">Fonctionnalit\u00e9<\/th>\n<th class=\"\" data-start=\"1696\" data-end=\"1713\" data-col-size=\"sm\">Sp\u00e9cifications<\/th>\n<\/tr>\n<\/thead>\n<tbody data-start=\"1741\" data-end=\"1937\">\n<tr data-start=\"1741\" data-end=\"1772\">\n<td data-start=\"1741\" data-end=\"1758\" data-col-size=\"sm\">Type de connecteur<\/td>\n<td data-start=\"1758\" data-end=\"1772\" data-col-size=\"sm\">LC Simplex<\/td>\n<\/tr>\n<tr data-start=\"1773\" data-end=\"1799\">\n<td data-start=\"1773\" data-end=\"1790\" data-col-size=\"sm\">Diam\u00e8tre du c\u00e2ble<\/td>\n<td data-start=\"1790\" data-end=\"1799\" data-col-size=\"sm\">0,9 mm<\/td>\n<\/tr>\n<tr data-start=\"1800\" data-end=\"1837\">\n<td data-start=\"1800\" data-end=\"1810\" data-col-size=\"sm\">Embout<\/td>\n<td data-start=\"1810\" data-end=\"1837\" data-col-size=\"sm\">C\u00e9ramique zircone de 1,25 mm<\/td>\n<\/tr>\n<tr data-start=\"1838\" data-end=\"1862\">\n<td data-start=\"1838\" data-end=\"1846\" data-col-size=\"sm\">Loquet<\/td>\n<td data-start=\"1846\" data-end=\"1862\" data-col-size=\"sm\">LC push-pull<\/td>\n<\/tr>\n<tr data-start=\"1863\" data-end=\"1894\">\n<td data-start=\"1863\" data-end=\"1870\" data-col-size=\"sm\">Botte<\/td>\n<td data-start=\"1870\" data-end=\"1894\" data-col-size=\"sm\">Embout de queue de cochon compact<\/td>\n<\/tr>\n<tr data-start=\"1895\" data-end=\"1937\">\n<td data-start=\"1895\" data-end=\"1919\" data-col-size=\"sm\">Temp\u00e9rature de fonctionnement<\/td>\n<td data-start=\"1919\" data-end=\"1937\" data-col-size=\"sm\">De -40\u00b0C \u00e0 +75\u00b0C<\/td>\n<\/tr>\n<\/tbody>\n<\/table>\n<\/div>\n<\/div>\n<p data-start=\"1939\" data-end=\"2072\">Le <strong data-start=\"1943\" data-end=\"1964\">gaine mince de 0,9 mm<\/strong> fait de ce connecteur un outil id\u00e9al pour <strong data-start=\"1996\" data-end=\"2039\">\u00e9pissage par fusion et acheminement serr\u00e9 des c\u00e2bles<\/strong> \u00e0 l'int\u00e9rieur des bacs \u00e0 \u00e9pissures et des modules.<\/p>\n<hr data-start=\"2074\" data-end=\"2077\" \/>\n<h3 data-start=\"2079\" data-end=\"2105\">Applications typiques<\/h3>\n<p data-start=\"2107\" data-end=\"2142\">Ce connecteur est couramment utilis\u00e9 dans :<\/p>\n<ul data-start=\"2144\" data-end=\"2324\">\n<li data-start=\"2144\" data-end=\"2172\">\n<p data-start=\"2146\" data-end=\"2172\">Pigtails de fibres multimodes<\/p>\n<\/li>\n<li data-start=\"2173\" data-end=\"2201\">\n<p data-start=\"2175\" data-end=\"2201\">Panneaux de brassage pour centres de donn\u00e9es<\/p>\n<\/li>\n<li data-start=\"2202\" data-end=\"2233\">\n<p data-start=\"2204\" data-end=\"2233\">Modules \u00e9metteurs-r\u00e9cepteurs optiques<\/p>\n<\/li>\n<li data-start=\"2234\" data-end=\"2267\">\n<p data-start=\"2236\" data-end=\"2267\">R\u00e9seaux d'entreprise LAN et SAN<\/p>\n<\/li>\n<li data-start=\"2268\" data-end=\"2297\">\n<p data-start=\"2270\" data-end=\"2297\">R\u00e9partiteurs de fibres<\/p>\n<\/li>\n<li data-start=\"2298\" data-end=\"2324\">\n<p data-start=\"2300\" data-end=\"2324\">C\u00e2bles de test optique<\/p>\n<\/li>\n<\/ul>\n<hr data-start=\"2326\" data-end=\"2329\" \/>\n<h2 data-start=\"2331\" data-end=\"2352\">Questions et r\u00e9ponses professionnelles<\/h2>\n<p data-start=\"2354\" data-end=\"2534\"><strong data-start=\"2354\" data-end=\"2416\">Q1 : Ce connecteur est-il adapt\u00e9 aux fibres OM3, OM4 et OM5 ?<\/strong><br data-start=\"2416\" data-end=\"2419\" \/>Oui. Le connecteur multimode LC UPC 0,9 mm fonctionne avec <strong data-start=\"2472\" data-end=\"2505\">toutes les qualit\u00e9s multimodes standard<\/strong>, y compris OM3, OM4 et OM5.<\/p>\n<hr data-start=\"2536\" data-end=\"2539\" \/>\n<p data-start=\"2541\" data-end=\"2719\"><strong data-start=\"2541\" data-end=\"2584\">Q2 : Peut-on l'utiliser pour fabriquer des cordons de raccordement ?<\/strong><br data-start=\"2584\" data-end=\"2587\" \/>Non. Ce connecteur est con\u00e7u pour <strong data-start=\"2622\" data-end=\"2640\">0.9mm pigtails<\/strong> et doit \u00eatre <strong data-start=\"2653\" data-end=\"2697\">\u00e9piss\u00e9 par fusion \u00e0 un c\u00e2ble de 2,0 mm ou 3,0 mm<\/strong> pour former un cordon de raccordement.<\/p>\n<hr data-start=\"2721\" data-end=\"2724\" \/>\n<p data-start=\"2726\" data-end=\"2909\"><strong data-start=\"2726\" data-end=\"2787\">Q3 : Quel est l'avantage du polissage UPC pour le multimode ?<\/strong><br data-start=\"2787\" data-end=\"2790\" \/>La CUP fournit <strong data-start=\"2803\" data-end=\"2844\">faible perte d'insertion et contact stable<\/strong>, qui est id\u00e9al pour les <strong data-start=\"2865\" data-end=\"2908\">liaisons multimodes \u00e0 courte port\u00e9e et \u00e0 grande vitesse<\/strong>.<\/p>","protected":false},"excerpt":{"rendered":"<h3 data-start=\"232\" data-end=\"289\">Une solution compacte pour les assemblages en queue de cochon multimode<\/h3>\n<p data-start=\"291\" data-end=\"592\">Le <strong data-start=\"295\" data-end=\"339\">Connecteur LC UPC 0.9mm Multimode Simplex<\/strong> est con\u00e7u pour <strong data-start=\"356\" data-end=\"444\">terminaison de fibre \u00e0 haute densit\u00e9 dans les centres de donn\u00e9es, les salles de t\u00e9l\u00e9communications et les \u00e9quipements optiques<\/strong>.<br data-start=\"445\" data-end=\"448\" \/>Il est largement utilis\u00e9 pour <strong data-start=\"470\" data-end=\"518\">pigtails multimodes et c\u00e2blage interne des fibres<\/strong>, o\u00f9 l'espace, la stabilit\u00e9 et la reproductibilit\u00e9 des performances optiques sont essentiels.<\/p>\n<p data-start=\"594\" data-end=\"777\">Avec son <strong data-start=\"603\" data-end=\"655\">Embout en c\u00e9ramique de 1,25 mm et face d'extr\u00e9mit\u00e9 polie UPC<\/strong>, ce connecteur assure <strong data-start=\"680\" data-end=\"746\">faible perte d'insertion et transmission fiable du signal<\/strong> pour les r\u00e9seaux multimodes modernes.<\/p>","protected":false},"featured_media":907,"comment_status":"open","ping_status":"closed","template":"","meta":[],"product_brand":[],"product_cat":[50],"product_tag":[],"class_list":{"0":"post-906","1":"product","2":"type-product","3":"status-publish","4":"has-post-thumbnail","6":"product_cat-lc-simplex-connectors-single-modemultimode","8":"first","9":"instock","10":"shipping-taxable","11":"product-type-simple"},"_links":{"self":[{"href":"https:\/\/www.fenxifiber.com\/fr\/wp-json\/wp\/v2\/product\/906","targetHints":{"allow":["GET"]}}],"collection":[{"href":"https:\/\/www.fenxifiber.com\/fr\/wp-json\/wp\/v2\/product"}],"about":[{"href":"https:\/\/www.fenxifiber.com\/fr\/wp-json\/wp\/v2\/types\/product"}],"replies":[{"embeddable":true,"href":"https:\/\/www.fenxifiber.com\/fr\/wp-json\/wp\/v2\/comments?post=906"}],"wp:featuredmedia":[{"embeddable":true,"href":"https:\/\/www.fenxifiber.com\/fr\/wp-json\/wp\/v2\/media\/907"}],"wp:attachment":[{"href":"https:\/\/www.fenxifiber.com\/fr\/wp-json\/wp\/v2\/media?parent=906"}],"wp:term":[{"taxonomy":"product_brand","embeddable":true,"href":"https:\/\/www.fenxifiber.com\/fr\/wp-json\/wp\/v2\/product_brand?post=906"},{"taxonomy":"product_cat","embeddable":true,"href":"https:\/\/www.fenxifiber.com\/fr\/wp-json\/wp\/v2\/product_cat?post=906"},{"taxonomy":"product_tag","embeddable":true,"href":"https:\/\/www.fenxifiber.com\/fr\/wp-json\/wp\/v2\/product_tag?post=906"}],"curies":[{"name":"wp","href":"https:\/\/api.w.org\/{rel}","templated":true}]}}