{"id":908,"date":"2026-02-04T03:14:21","date_gmt":"2026-02-04T03:14:21","guid":{"rendered":"https:\/\/www.fenxifiber.com\/?post_type=product&#038;p=908"},"modified":"2026-02-05T02:27:02","modified_gmt":"2026-02-05T02:27:02","slug":"lc-upc-2-0mm-simplex-singlemode","status":"publish","type":"product","link":"https:\/\/www.fenxifiber.com\/fr\/product\/lc-upc-2-0mm-simplex-singlemode\/","title":{"rendered":"Connecteur LC UPC 2.0mm Simplex monomode"},"content":{"rendered":"<h3 data-start=\"872\" data-end=\"922\">Pourquoi 2,0 mm est la norme pour les cordons de raccordement LC<\/h3>\n<div class=\"TyagGW_tableContainer\">\n<div class=\"group TyagGW_tableWrapper flex flex-col-reverse w-fit\" tabindex=\"-1\">\n<table class=\"w-fit min-w-(--thread-content-width)\" data-start=\"924\" data-end=\"1108\">\n<thead data-start=\"924\" data-end=\"957\">\n<tr data-start=\"924\" data-end=\"957\">\n<th class=\"\" data-start=\"924\" data-end=\"941\" data-col-size=\"sm\">Diam\u00e8tre du c\u00e2ble<\/th>\n<th class=\"\" data-start=\"941\" data-end=\"957\" data-col-size=\"sm\">R\u00f4le typique<\/th>\n<\/tr>\n<\/thead>\n<tbody data-start=\"992\" data-end=\"1108\">\n<tr data-start=\"992\" data-end=\"1028\">\n<td data-start=\"992\" data-end=\"1000\" data-col-size=\"sm\">0,9 mm<\/td>\n<td data-start=\"1000\" data-end=\"1028\" data-col-size=\"sm\">Queues de cochon, fibre interne<\/td>\n<\/tr>\n<tr data-start=\"1029\" data-end=\"1073\">\n<td data-start=\"1029\" data-end=\"1041\" data-col-size=\"sm\"><strong data-start=\"1031\" data-end=\"1040\">2,0 mm<\/strong><\/td>\n<td data-col-size=\"sm\" data-start=\"1041\" data-end=\"1073\"><strong data-start=\"1043\" data-end=\"1071\">Cordons de raccordement et cavaliers LC<\/strong><\/td>\n<\/tr>\n<tr data-start=\"1074\" data-end=\"1108\">\n<td data-start=\"1074\" data-end=\"1082\" data-col-size=\"sm\">3,0 mm<\/td>\n<td data-col-size=\"sm\" data-start=\"1082\" data-end=\"1108\">Cordons pour l'ext\u00e9rieur et robustes<\/td>\n<\/tr>\n<\/tbody>\n<\/table>\n<\/div>\n<\/div>\n<p data-start=\"1110\" data-end=\"1241\">Le <strong data-start=\"1114\" data-end=\"1129\">C\u00e2ble de 2,0 mm<\/strong> offre le meilleur \u00e9quilibre entre <strong data-start=\"1162\" data-end=\"1198\">flexibilit\u00e9 et r\u00e9sistance \u00e0 la traction<\/strong>, ce qui le rend id\u00e9al pour l'acheminement de la fibre \u00e0 l'int\u00e9rieur.<\/p>\n<hr data-start=\"1243\" data-end=\"1246\" \/>\n<h3 data-start=\"1248\" data-end=\"1273\">Performances optiques<\/h3>\n<div class=\"TyagGW_tableContainer\">\n<div class=\"group TyagGW_tableWrapper flex flex-col-reverse w-fit\" tabindex=\"-1\">\n<table class=\"w-fit min-w-(--thread-content-width)\" data-start=\"1275\" data-end=\"1550\">\n<thead data-start=\"1275\" data-end=\"1304\">\n<tr data-start=\"1275\" data-end=\"1304\">\n<th class=\"\" data-start=\"1275\" data-end=\"1287\" data-col-size=\"sm\">Param\u00e8tres<\/th>\n<th class=\"\" data-start=\"1287\" data-end=\"1304\" data-col-size=\"sm\">Valeur typique<\/th>\n<\/tr>\n<\/thead>\n<tbody data-start=\"1334\" data-end=\"1550\">\n<tr data-start=\"1334\" data-end=\"1371\">\n<td data-start=\"1334\" data-end=\"1347\" data-col-size=\"sm\">Type de fibre<\/td>\n<td data-start=\"1347\" data-end=\"1371\" data-col-size=\"sm\">monomode 9\/125 \u00b5m<\/td>\n<\/tr>\n<tr data-start=\"1372\" data-end=\"1393\">\n<td data-start=\"1372\" data-end=\"1386\" data-col-size=\"sm\">Type de polissage<\/td>\n<td data-start=\"1386\" data-end=\"1393\" data-col-size=\"sm\">CUP<\/td>\n<\/tr>\n<tr data-start=\"1394\" data-end=\"1424\">\n<td data-start=\"1394\" data-end=\"1411\" data-col-size=\"sm\">Perte d'insertion<\/td>\n<td data-start=\"1411\" data-end=\"1424\" data-col-size=\"sm\">\u2264 0,30 dB<\/td>\n<\/tr>\n<tr data-start=\"1425\" data-end=\"1450\">\n<td data-start=\"1425\" data-end=\"1439\" data-col-size=\"sm\">Perte de retour<\/td>\n<td data-start=\"1439\" data-end=\"1450\" data-col-size=\"sm\">\u2265 50 dB<\/td>\n<\/tr>\n<tr data-start=\"1451\" data-end=\"1483\">\n<td data-start=\"1451\" data-end=\"1465\" data-col-size=\"sm\">Longueurs d'onde<\/td>\n<td data-start=\"1465\" data-end=\"1483\" data-col-size=\"sm\">1310 \/ 1550 nm<\/td>\n<\/tr>\n<tr data-start=\"1484\" data-end=\"1512\">\n<td data-start=\"1484\" data-end=\"1500\" data-col-size=\"sm\">R\u00e9p\u00e9tabilit\u00e9<\/td>\n<td data-start=\"1500\" data-end=\"1512\" data-col-size=\"sm\">\u2264 0,1 dB<\/td>\n<\/tr>\n<tr data-start=\"1513\" data-end=\"1550\">\n<td data-start=\"1513\" data-end=\"1533\" data-col-size=\"sm\">Durabilit\u00e9 de l'accouplement<\/td>\n<td data-start=\"1533\" data-end=\"1550\" data-col-size=\"sm\">\u2265 1000 cycles<\/td>\n<\/tr>\n<\/tbody>\n<\/table>\n<\/div>\n<\/div>\n<p data-start=\"1552\" data-end=\"1633\">Cette performance soutient <strong data-start=\"1578\" data-end=\"1632\">FTTH, dorsale de t\u00e9l\u00e9communications et liaisons de transmission de donn\u00e9es<\/strong>.<\/p>\n<hr data-start=\"1635\" data-end=\"1638\" \/>\n<h3 data-start=\"1640\" data-end=\"1666\">Structure m\u00e9canique<\/h3>\n<div class=\"TyagGW_tableContainer\">\n<div class=\"group TyagGW_tableWrapper flex flex-col-reverse w-fit\" tabindex=\"-1\">\n<table class=\"w-fit min-w-(--thread-content-width)\" data-start=\"1668\" data-end=\"1967\">\n<thead data-start=\"1668\" data-end=\"1695\">\n<tr data-start=\"1668\" data-end=\"1695\">\n<th class=\"\" data-start=\"1668\" data-end=\"1678\" data-col-size=\"sm\">Fonctionnalit\u00e9<\/th>\n<th class=\"\" data-start=\"1678\" data-end=\"1695\" data-col-size=\"sm\">Sp\u00e9cifications<\/th>\n<\/tr>\n<\/thead>\n<tbody data-start=\"1723\" data-end=\"1967\">\n<tr data-start=\"1723\" data-end=\"1754\">\n<td data-start=\"1723\" data-end=\"1740\" data-col-size=\"sm\">Type de connecteur<\/td>\n<td data-col-size=\"sm\" data-start=\"1740\" data-end=\"1754\">LC Simplex<\/td>\n<\/tr>\n<tr data-start=\"1755\" data-end=\"1781\">\n<td data-start=\"1755\" data-end=\"1772\" data-col-size=\"sm\">Diam\u00e8tre du c\u00e2ble<\/td>\n<td data-col-size=\"sm\" data-start=\"1772\" data-end=\"1781\">2,0 mm<\/td>\n<\/tr>\n<tr data-start=\"1782\" data-end=\"1819\">\n<td data-start=\"1782\" data-end=\"1792\" data-col-size=\"sm\">Embout<\/td>\n<td data-col-size=\"sm\" data-start=\"1792\" data-end=\"1819\">C\u00e9ramique zircone de 1,25 mm<\/td>\n<\/tr>\n<tr data-start=\"1820\" data-end=\"1858\">\n<td data-start=\"1820\" data-end=\"1827\" data-col-size=\"sm\">Botte<\/td>\n<td data-start=\"1827\" data-end=\"1858\" data-col-size=\"sm\">Embout de d\u00e9charge de traction standard<\/td>\n<\/tr>\n<tr data-start=\"1859\" data-end=\"1893\">\n<td data-start=\"1859\" data-end=\"1877\" data-col-size=\"sm\">Syst\u00e8me de verrouillage<\/td>\n<td data-col-size=\"sm\" data-start=\"1877\" data-end=\"1893\">LC push-pull<\/td>\n<\/tr>\n<tr data-start=\"1894\" data-end=\"1936\">\n<td data-start=\"1894\" data-end=\"1918\" data-col-size=\"sm\">Temp\u00e9rature de fonctionnement<\/td>\n<td data-start=\"1918\" data-end=\"1936\" data-col-size=\"sm\">De -40\u00b0C \u00e0 +75\u00b0C<\/td>\n<\/tr>\n<tr data-start=\"1937\" data-end=\"1967\">\n<td data-start=\"1937\" data-end=\"1956\" data-col-size=\"sm\">R\u00e9sistance \u00e0 la traction<\/td>\n<td data-start=\"1956\" data-end=\"1967\" data-col-size=\"sm\">\u2265 100 N<\/td>\n<\/tr>\n<\/tbody>\n<\/table>\n<\/div>\n<\/div>\n<p data-start=\"1969\" data-end=\"2074\">Le <strong data-start=\"1973\" data-end=\"2003\">bottes et vestes renforc\u00e9es<\/strong> prot\u00e9ger la fibre de <strong data-start=\"2027\" data-end=\"2073\">se pencher et tirer pendant les op\u00e9rations quotidiennes<\/strong>.<\/p>\n<hr data-start=\"2076\" data-end=\"2079\" \/>\n<h3 data-start=\"2081\" data-end=\"2107\">Applications typiques<\/h3>\n<p data-start=\"2109\" data-end=\"2155\">Ce connecteur LC UPC 2.0mm est largement utilis\u00e9 dans :<\/p>\n<ul data-start=\"2157\" data-end=\"2360\">\n<li data-start=\"2157\" data-end=\"2188\">\n<p data-start=\"2159\" data-end=\"2188\">Cordons de raccordement LC-LC et LC-SC<\/p>\n<\/li>\n<li data-start=\"2189\" data-end=\"2216\">\n<p data-start=\"2191\" data-end=\"2216\">FTTH liaisons int\u00e9rieures en fibre optique<\/p>\n<\/li>\n<li data-start=\"2217\" data-end=\"2254\">\n<p data-start=\"2219\" data-end=\"2254\">R\u00e9partiteurs optiques (ODF)<\/p>\n<\/li>\n<li data-start=\"2255\" data-end=\"2287\">\n<p data-start=\"2257\" data-end=\"2287\">Commutateurs et routeurs de r\u00e9seau<\/p>\n<\/li>\n<li data-start=\"2288\" data-end=\"2327\">\n<p data-start=\"2290\" data-end=\"2327\">Connexions monomodes pour centres de donn\u00e9es<\/p>\n<\/li>\n<li data-start=\"2328\" data-end=\"2360\">\n<p data-start=\"2330\" data-end=\"2360\">Cavaliers de test et de mesure<\/p>\n<\/li>\n<\/ul>","protected":false},"excerpt":{"rendered":"<h3 data-start=\"233\" data-end=\"289\">Con\u00e7u pour les cordons de raccordement et les r\u00e9seaux de distribution<\/h3>\n<p data-start=\"291\" data-end=\"490\">Le <strong data-start=\"295\" data-end=\"341\">Connecteur LC UPC 2.0mm Simplex Single-Mode<\/strong> est con\u00e7u pour <strong data-start=\"355\" data-end=\"414\">des cordons de raccordement pr\u00eats \u00e0 l'emploi et des liens en fibre optique pour les r\u00e9seaux d'acc\u00e8s<\/strong>, o\u00f9 <strong data-start=\"422\" data-end=\"467\">r\u00e9sistance m\u00e9canique et stabilit\u00e9 optique<\/strong> sont tout aussi importants.<\/p>\n<p data-start=\"492\" data-end=\"710\">Contrairement aux connecteurs en queue de cochon de 0,9 mm qui sont \u00e9piss\u00e9s \u00e0 l'int\u00e9rieur de l'\u00e9quipement, les connecteurs en queue de cochon de 0,9 mm ne sont pas utilis\u00e9s. <strong data-start=\"563\" data-end=\"594\">Connecteur LC \u00e0 gaine de 2,0 mm<\/strong> est con\u00e7u pour \u00eatre <strong data-start=\"613\" data-end=\"658\">manipul\u00e9s, branch\u00e9s et d\u00e9branch\u00e9s \u00e0 plusieurs reprises<\/strong> en <strong data-start=\"662\" data-end=\"709\">Panneaux ODF, prises murales, interrupteurs et ONTs<\/strong>.<\/p>\n<p data-start=\"712\" data-end=\"865\">Avec son <strong data-start=\"721\" data-end=\"746\">Face d'extr\u00e9mit\u00e9 polie UPC<\/strong>, il d\u00e9livre <strong data-start=\"760\" data-end=\"812\">faible perte d'insertion et transmission propre du signal<\/strong> pour <strong data-start=\"817\" data-end=\"864\">applications de t\u00e9l\u00e9communications, FTTH et r\u00e9seaux de donn\u00e9es<\/strong>.<\/p>","protected":false},"featured_media":909,"comment_status":"open","ping_status":"closed","template":"","meta":[],"product_brand":[],"product_cat":[50],"product_tag":[],"class_list":{"0":"post-908","1":"product","2":"type-product","3":"status-publish","4":"has-post-thumbnail","6":"product_cat-lc-simplex-connectors-single-modemultimode","8":"first","9":"instock","10":"shipping-taxable","11":"product-type-simple"},"_links":{"self":[{"href":"https:\/\/www.fenxifiber.com\/fr\/wp-json\/wp\/v2\/product\/908","targetHints":{"allow":["GET"]}}],"collection":[{"href":"https:\/\/www.fenxifiber.com\/fr\/wp-json\/wp\/v2\/product"}],"about":[{"href":"https:\/\/www.fenxifiber.com\/fr\/wp-json\/wp\/v2\/types\/product"}],"replies":[{"embeddable":true,"href":"https:\/\/www.fenxifiber.com\/fr\/wp-json\/wp\/v2\/comments?post=908"}],"wp:featuredmedia":[{"embeddable":true,"href":"https:\/\/www.fenxifiber.com\/fr\/wp-json\/wp\/v2\/media\/909"}],"wp:attachment":[{"href":"https:\/\/www.fenxifiber.com\/fr\/wp-json\/wp\/v2\/media?parent=908"}],"wp:term":[{"taxonomy":"product_brand","embeddable":true,"href":"https:\/\/www.fenxifiber.com\/fr\/wp-json\/wp\/v2\/product_brand?post=908"},{"taxonomy":"product_cat","embeddable":true,"href":"https:\/\/www.fenxifiber.com\/fr\/wp-json\/wp\/v2\/product_cat?post=908"},{"taxonomy":"product_tag","embeddable":true,"href":"https:\/\/www.fenxifiber.com\/fr\/wp-json\/wp\/v2\/product_tag?post=908"}],"curies":[{"name":"wp","href":"https:\/\/api.w.org\/{rel}","templated":true}]}}