{"id":910,"date":"2026-02-04T03:15:23","date_gmt":"2026-02-04T03:15:23","guid":{"rendered":"https:\/\/www.fenxifiber.com\/?post_type=product&#038;p=910"},"modified":"2026-02-05T02:27:30","modified_gmt":"2026-02-05T02:27:30","slug":"lc-upc-2-0mm-simplex-avec-botte-courte","status":"publish","type":"product","link":"https:\/\/www.fenxifiber.com\/fr\/product\/lc-upc-2-0mm-simplex-with-short-boot\/","title":{"rendered":"Connecteur simplex LC UPC 2.0mm avec embout court"},"content":{"rendered":"<h3 data-start=\"825\" data-end=\"866\">L'importance des connecteurs LC \u00e0 court circuit<\/h3>\n<div class=\"TyagGW_tableContainer\">\n<div class=\"group TyagGW_tableWrapper flex flex-col-reverse w-fit\" tabindex=\"-1\">\n<table class=\"w-fit min-w-(--thread-content-width)\" data-start=\"868\" data-end=\"1100\">\n<thead data-start=\"868\" data-end=\"907\">\n<tr data-start=\"868\" data-end=\"907\">\n<th class=\"\" data-start=\"868\" data-end=\"880\" data-col-size=\"sm\">Type de botte<\/th>\n<th class=\"\" data-start=\"880\" data-end=\"892\" data-col-size=\"sm\">Avantage<\/th>\n<th class=\"\" data-start=\"892\" data-end=\"907\" data-col-size=\"sm\">Utilisation typique<\/th>\n<\/tr>\n<\/thead>\n<tbody data-start=\"948\" data-end=\"1100\">\n<tr data-start=\"948\" data-end=\"1012\">\n<td data-start=\"948\" data-end=\"964\" data-col-size=\"sm\">Botte standard<\/td>\n<td data-start=\"964\" data-end=\"989\" data-col-size=\"sm\">Meilleure protection contre la traction<\/td>\n<td data-col-size=\"sm\" data-start=\"989\" data-end=\"1012\">Cordons de raccordement g\u00e9n\u00e9raux<\/td>\n<\/tr>\n<tr data-start=\"1013\" data-end=\"1100\">\n<td data-start=\"1013\" data-end=\"1030\" data-col-size=\"sm\"><strong data-start=\"1015\" data-end=\"1029\">Botte courte<\/strong><\/td>\n<td data-start=\"1030\" data-end=\"1064\" data-col-size=\"sm\"><strong data-start=\"1032\" data-end=\"1063\">Gain de place, facilit\u00e9 d'acheminement<\/strong><\/td>\n<td data-col-size=\"sm\" data-start=\"1064\" data-end=\"1100\"><strong data-start=\"1066\" data-end=\"1098\">Baies et modules haute densit\u00e9<\/strong><\/td>\n<\/tr>\n<\/tbody>\n<\/table>\n<\/div>\n<\/div>\n<p data-start=\"1102\" data-end=\"1234\">Les mod\u00e8les \u00e0 pieds courts sont largement utilis\u00e9s dans <strong data-start=\"1140\" data-end=\"1177\">centres de donn\u00e9es et armoires de t\u00e9l\u00e9communications<\/strong> o\u00f9 des centaines de fibres sont termin\u00e9es dans une petite zone.<\/p>\n<hr data-start=\"1236\" data-end=\"1239\" \/>\n<h3 data-start=\"1241\" data-end=\"1269\">Sp\u00e9cifications optiques<\/h3>\n<div class=\"TyagGW_tableContainer\">\n<div class=\"group TyagGW_tableWrapper flex flex-col-reverse w-fit\" tabindex=\"-1\">\n<table class=\"w-fit min-w-(--thread-content-width)\" data-start=\"1271\" data-end=\"1517\">\n<thead data-start=\"1271\" data-end=\"1300\">\n<tr data-start=\"1271\" data-end=\"1300\">\n<th class=\"\" data-start=\"1271\" data-end=\"1283\" data-col-size=\"sm\">Param\u00e8tres<\/th>\n<th class=\"\" data-start=\"1283\" data-end=\"1300\" data-col-size=\"sm\">Valeur typique<\/th>\n<\/tr>\n<\/thead>\n<tbody data-start=\"1330\" data-end=\"1517\">\n<tr data-start=\"1330\" data-end=\"1367\">\n<td data-start=\"1330\" data-end=\"1343\" data-col-size=\"sm\">Type de fibre<\/td>\n<td data-start=\"1343\" data-end=\"1367\" data-col-size=\"sm\">monomode 9\/125 \u00b5m<\/td>\n<\/tr>\n<tr data-start=\"1368\" data-end=\"1389\">\n<td data-start=\"1368\" data-end=\"1382\" data-col-size=\"sm\">Type de polissage<\/td>\n<td data-start=\"1382\" data-end=\"1389\" data-col-size=\"sm\">CUP<\/td>\n<\/tr>\n<tr data-start=\"1390\" data-end=\"1420\">\n<td data-start=\"1390\" data-end=\"1407\" data-col-size=\"sm\">Perte d'insertion<\/td>\n<td data-col-size=\"sm\" data-start=\"1407\" data-end=\"1420\">\u2264 0,30 dB<\/td>\n<\/tr>\n<tr data-start=\"1421\" data-end=\"1446\">\n<td data-start=\"1421\" data-end=\"1435\" data-col-size=\"sm\">Perte de retour<\/td>\n<td data-col-size=\"sm\" data-start=\"1435\" data-end=\"1446\">\u2265 50 dB<\/td>\n<\/tr>\n<tr data-start=\"1447\" data-end=\"1479\">\n<td data-start=\"1447\" data-end=\"1461\" data-col-size=\"sm\">Longueurs d'onde<\/td>\n<td data-start=\"1461\" data-end=\"1479\" data-col-size=\"sm\">1310 \/ 1550 nm<\/td>\n<\/tr>\n<tr data-start=\"1480\" data-end=\"1517\">\n<td data-start=\"1480\" data-end=\"1493\" data-col-size=\"sm\">Durabilit\u00e9<\/td>\n<td data-start=\"1493\" data-end=\"1517\" data-col-size=\"sm\">\u2265 1000 cycles d'accouplement<\/td>\n<\/tr>\n<\/tbody>\n<\/table>\n<\/div>\n<\/div>\n<p data-start=\"1519\" data-end=\"1611\">Ces valeurs garantissent <strong data-start=\"1539\" data-end=\"1569\">transmission stable du signal<\/strong> pour <strong data-start=\"1574\" data-end=\"1610\">R\u00e9seaux FTTH, de t\u00e9l\u00e9communications et de donn\u00e9es<\/strong>.<\/p>\n<hr data-start=\"1613\" data-end=\"1616\" \/>\n<h3 data-start=\"1618\" data-end=\"1641\">Conception m\u00e9canique<\/h3>\n<div class=\"TyagGW_tableContainer\">\n<div class=\"group TyagGW_tableWrapper flex flex-col-reverse w-fit\" tabindex=\"-1\">\n<table class=\"w-fit min-w-(--thread-content-width)\" data-start=\"1643\" data-end=\"1947\">\n<thead data-start=\"1643\" data-end=\"1670\">\n<tr data-start=\"1643\" data-end=\"1670\">\n<th class=\"\" data-start=\"1643\" data-end=\"1653\" data-col-size=\"sm\">Fonctionnalit\u00e9<\/th>\n<th class=\"\" data-start=\"1653\" data-end=\"1670\" data-col-size=\"sm\">Sp\u00e9cifications<\/th>\n<\/tr>\n<\/thead>\n<tbody data-start=\"1698\" data-end=\"1947\">\n<tr data-start=\"1698\" data-end=\"1729\">\n<td data-start=\"1698\" data-end=\"1715\" data-col-size=\"sm\">Type de connecteur<\/td>\n<td data-start=\"1715\" data-end=\"1729\" data-col-size=\"sm\">LC Simplex<\/td>\n<\/tr>\n<tr data-start=\"1730\" data-end=\"1756\">\n<td data-start=\"1730\" data-end=\"1747\" data-col-size=\"sm\">Diam\u00e8tre du c\u00e2ble<\/td>\n<td data-start=\"1747\" data-end=\"1756\" data-col-size=\"sm\">2,0 mm<\/td>\n<\/tr>\n<tr data-start=\"1757\" data-end=\"1794\">\n<td data-start=\"1757\" data-end=\"1767\" data-col-size=\"sm\">Embout<\/td>\n<td data-start=\"1767\" data-end=\"1794\" data-col-size=\"sm\">C\u00e9ramique zircone de 1,25 mm<\/td>\n<\/tr>\n<tr data-start=\"1795\" data-end=\"1838\">\n<td data-start=\"1795\" data-end=\"1802\" data-col-size=\"sm\">Botte<\/td>\n<td data-start=\"1802\" data-end=\"1838\" data-col-size=\"sm\">D\u00e9charge de traction courte et peu encombrante<\/td>\n<\/tr>\n<tr data-start=\"1839\" data-end=\"1873\">\n<td data-start=\"1839\" data-end=\"1857\" data-col-size=\"sm\">Syst\u00e8me de verrouillage<\/td>\n<td data-start=\"1857\" data-end=\"1873\" data-col-size=\"sm\">LC push-pull<\/td>\n<\/tr>\n<tr data-start=\"1874\" data-end=\"1916\">\n<td data-start=\"1874\" data-end=\"1898\" data-col-size=\"sm\">Temp\u00e9rature de fonctionnement<\/td>\n<td data-start=\"1898\" data-end=\"1916\" data-col-size=\"sm\">De -40\u00b0C \u00e0 +75\u00b0C<\/td>\n<\/tr>\n<tr data-start=\"1917\" data-end=\"1947\">\n<td data-start=\"1917\" data-end=\"1936\" data-col-size=\"sm\">R\u00e9sistance \u00e0 la traction<\/td>\n<td data-start=\"1936\" data-end=\"1947\" data-col-size=\"sm\">\u2265 100 N<\/td>\n<\/tr>\n<\/tbody>\n<\/table>\n<\/div>\n<\/div>\n<p data-start=\"1949\" data-end=\"2058\">Le <strong data-start=\"1953\" data-end=\"1967\">botte courte<\/strong> permet au connecteur de s'ins\u00e9rer confortablement dans <strong data-start=\"2011\" data-end=\"2057\">panneaux de raccordement et cages d'\u00e9metteurs-r\u00e9cepteurs encombr\u00e9s<\/strong>.<\/p>\n<hr data-start=\"2060\" data-end=\"2063\" \/>\n<h3 data-start=\"2065\" data-end=\"2091\">Applications typiques<\/h3>\n<p data-start=\"2093\" data-end=\"2121\">Ce connecteur est id\u00e9al pour :<\/p>\n<ul data-start=\"2123\" data-end=\"2315\">\n<li data-start=\"2123\" data-end=\"2152\">\n<p data-start=\"2125\" data-end=\"2152\">Panneaux de raccordement \u00e0 haute densit\u00e9<\/p>\n<\/li>\n<li data-start=\"2153\" data-end=\"2183\">\n<p data-start=\"2155\" data-end=\"2183\">Cordons de raccordement LC pour centres de donn\u00e9es<\/p>\n<\/li>\n<li data-start=\"2184\" data-end=\"2212\">\n<p data-start=\"2186\" data-end=\"2212\">R\u00e9partiteurs FTTH<\/p>\n<\/li>\n<li data-start=\"2213\" data-end=\"2245\">\n<p data-start=\"2215\" data-end=\"2245\">Commutateurs et routeurs de r\u00e9seau<\/p>\n<\/li>\n<li data-start=\"2246\" data-end=\"2281\">\n<p data-start=\"2248\" data-end=\"2281\">Connexions des \u00e9metteurs-r\u00e9cepteurs optiques<\/p>\n<\/li>\n<li data-start=\"2282\" data-end=\"2315\">\n<p data-start=\"2284\" data-end=\"2315\">Mat\u00e9riel d'essai et de contr\u00f4le<\/p>\n<\/li>\n<\/ul>\n<hr data-start=\"2317\" data-end=\"2320\" \/>\n<h2 data-start=\"2322\" data-end=\"2343\">Questions et r\u00e9ponses professionnelles<\/h2>\n<p data-start=\"2345\" data-end=\"2513\"><strong data-start=\"2345\" data-end=\"2393\">Q1 : Une botte courte r\u00e9duit-elle la r\u00e9sistance du c\u00e2ble ?<\/strong><br data-start=\"2393\" data-end=\"2396\" \/>Non. La botte courte fournit toujours <strong data-start=\"2430\" data-end=\"2456\">une d\u00e9charge de traction ad\u00e9quate<\/strong> pour les cordons de raccordement int\u00e9rieurs tout en am\u00e9liorant l'efficacit\u00e9 de l'espace.<\/p>\n<hr data-start=\"2515\" data-end=\"2518\" \/>\n<p data-start=\"2520\" data-end=\"2649\"><strong data-start=\"2520\" data-end=\"2569\">Q2 : Peut-on l'utiliser avec des adaptateurs LC standard ?<\/strong><br data-start=\"2569\" data-end=\"2572\" \/>Oui, c'est <strong data-start=\"2583\" data-end=\"2603\">enti\u00e8rement compatible<\/strong> avec tous les adaptateurs et panneaux LC UPC standard.<\/p>\n<hr data-start=\"2651\" data-end=\"2654\" \/>\n<p data-start=\"2656\" data-end=\"2838\"><strong data-start=\"2656\" data-end=\"2711\">Q3 : Quand dois-je choisir un connecteur LC \u00e0 amorce courte ?<\/strong><br data-start=\"2711\" data-end=\"2714\" \/>Lorsque vous travaillez avec <strong data-start=\"2740\" data-end=\"2792\">racks encombr\u00e9s, \u00e9tag\u00e8res \u00e0 fibres ou dispositifs compacts<\/strong> o\u00f9 les bottes standard sont difficiles \u00e0 g\u00e9rer.<\/p>","protected":false},"excerpt":{"rendered":"<h3 data-start=\"216\" data-end=\"277\">Con\u00e7u pour les espaces restreints et les panneaux de fibres \u00e0 haute densit\u00e9<\/h3>\n<p data-start=\"279\" data-end=\"647\">Le <strong data-start=\"283\" data-end=\"333\">Connecteur LC UPC 2.0mm Simplex avec embout court<\/strong> est con\u00e7u pour <strong data-start=\"352\" data-end=\"435\">environnements de fibres o\u00f9 l'espace est limit\u00e9 mais o\u00f9 les performances ne peuvent \u00eatre compromises<\/strong>.<br data-start=\"436\" data-end=\"439\" \/>En rempla\u00e7ant la longue botte de d\u00e9charge de traction standard par un <strong data-start=\"496\" data-end=\"518\">botte courte compacte<\/strong>, ce connecteur permet <strong data-start=\"542\" data-end=\"584\">un routage plus facile et une plus grande densit\u00e9 de ports<\/strong> en <strong data-start=\"588\" data-end=\"646\">Baies ODF, panneaux de brassage, commutateurs et modules optiques<\/strong>.<\/p>\n<p data-start=\"649\" data-end=\"818\">Il maintient la m\u00eame <strong data-start=\"671\" data-end=\"721\">performance optique et fiabilit\u00e9 m\u00e9canique<\/strong> comme un connecteur LC UPC standard, tout en offrant <strong data-start=\"769\" data-end=\"817\">meilleur d\u00e9gagement derri\u00e8re les adaptateurs et les modules<\/strong>.<\/p>","protected":false},"featured_media":911,"comment_status":"open","ping_status":"closed","template":"","meta":[],"product_brand":[],"product_cat":[50],"product_tag":[],"class_list":{"0":"post-910","1":"product","2":"type-product","3":"status-publish","4":"has-post-thumbnail","6":"product_cat-lc-simplex-connectors-single-modemultimode","8":"first","9":"instock","10":"shipping-taxable","11":"product-type-simple"},"_links":{"self":[{"href":"https:\/\/www.fenxifiber.com\/fr\/wp-json\/wp\/v2\/product\/910","targetHints":{"allow":["GET"]}}],"collection":[{"href":"https:\/\/www.fenxifiber.com\/fr\/wp-json\/wp\/v2\/product"}],"about":[{"href":"https:\/\/www.fenxifiber.com\/fr\/wp-json\/wp\/v2\/types\/product"}],"replies":[{"embeddable":true,"href":"https:\/\/www.fenxifiber.com\/fr\/wp-json\/wp\/v2\/comments?post=910"}],"wp:featuredmedia":[{"embeddable":true,"href":"https:\/\/www.fenxifiber.com\/fr\/wp-json\/wp\/v2\/media\/911"}],"wp:attachment":[{"href":"https:\/\/www.fenxifiber.com\/fr\/wp-json\/wp\/v2\/media?parent=910"}],"wp:term":[{"taxonomy":"product_brand","embeddable":true,"href":"https:\/\/www.fenxifiber.com\/fr\/wp-json\/wp\/v2\/product_brand?post=910"},{"taxonomy":"product_cat","embeddable":true,"href":"https:\/\/www.fenxifiber.com\/fr\/wp-json\/wp\/v2\/product_cat?post=910"},{"taxonomy":"product_tag","embeddable":true,"href":"https:\/\/www.fenxifiber.com\/fr\/wp-json\/wp\/v2\/product_tag?post=910"}],"curies":[{"name":"wp","href":"https:\/\/api.w.org\/{rel}","templated":true}]}}