{"id":916,"date":"2026-02-04T03:19:09","date_gmt":"2026-02-04T03:19:09","guid":{"rendered":"https:\/\/www.fenxifiber.com\/?post_type=product&#038;p=916"},"modified":"2026-02-05T02:28:47","modified_gmt":"2026-02-05T02:28:47","slug":"lc-upc-3-0mm-simplex-multimode","status":"publish","type":"product","link":"https:\/\/www.fenxifiber.com\/fr\/product\/lc-upc-3-0mm-simplex-multimode\/","title":{"rendered":"LC UPC 3.0mm Simplex Multimode Fiber Connector"},"content":{"rendered":"<h3 data-start=\"845\" data-end=\"889\">Pourquoi choisir 3,0 mm pour les cavaliers multimodes ?<\/h3>\n<div class=\"TyagGW_tableContainer\">\n<div class=\"group TyagGW_tableWrapper flex flex-col-reverse w-fit\" tabindex=\"-1\">\n<table class=\"w-fit min-w-(--thread-content-width)\" data-start=\"891\" data-end=\"1145\">\n<thead data-start=\"891\" data-end=\"944\">\n<tr data-start=\"891\" data-end=\"944\">\n<th class=\"\" data-start=\"891\" data-end=\"908\" data-col-size=\"sm\">Diam\u00e8tre du c\u00e2ble<\/th>\n<th class=\"\" data-start=\"908\" data-end=\"921\" data-col-size=\"sm\">Durabilit\u00e9<\/th>\n<th class=\"\" data-start=\"921\" data-end=\"944\" data-col-size=\"sm\">Environnement typique<\/th>\n<\/tr>\n<\/thead>\n<tbody data-start=\"999\" data-end=\"1145\">\n<tr data-start=\"999\" data-end=\"1035\">\n<td data-start=\"999\" data-end=\"1007\" data-col-size=\"sm\">0,9 mm<\/td>\n<td data-start=\"1007\" data-end=\"1013\" data-col-size=\"sm\">Faible<\/td>\n<td data-start=\"1013\" data-end=\"1035\" data-col-size=\"sm\">Queues de cochon, \u00e9pissures<\/td>\n<\/tr>\n<tr data-start=\"1036\" data-end=\"1077\">\n<td data-start=\"1036\" data-end=\"1044\" data-col-size=\"sm\">2,0 mm<\/td>\n<td data-start=\"1044\" data-end=\"1053\" data-col-size=\"sm\">Moyen<\/td>\n<td data-start=\"1053\" data-end=\"1077\" data-col-size=\"sm\">Cordons de raccordement standard<\/td>\n<\/tr>\n<tr data-start=\"1078\" data-end=\"1145\">\n<td data-start=\"1078\" data-end=\"1090\" data-col-size=\"sm\"><strong data-start=\"1080\" data-end=\"1089\">3,0 mm<\/strong><\/td>\n<td data-start=\"1090\" data-end=\"1101\" data-col-size=\"sm\"><strong data-start=\"1092\" data-end=\"1100\">Haut<\/strong><\/td>\n<td data-start=\"1101\" data-end=\"1145\" data-col-size=\"sm\"><strong data-start=\"1103\" data-end=\"1143\">Rayonnages \u00e0 fort trafic, sites industriels<\/strong><\/td>\n<\/tr>\n<\/tbody>\n<\/table>\n<\/div>\n<\/div>\n<p data-start=\"1147\" data-end=\"1238\">Le <strong data-start=\"1151\" data-end=\"1169\">veste plus \u00e9paisse<\/strong> prot\u00e8ge les fibres contre <strong data-start=\"1191\" data-end=\"1237\">flexion, vibration et traction accidentelle<\/strong>.<\/p>\n<hr data-start=\"1240\" data-end=\"1243\" \/>\n<h3 data-start=\"1245\" data-end=\"1280\">Performance optique multimode<\/h3>\n<div class=\"TyagGW_tableContainer\">\n<div class=\"group TyagGW_tableWrapper flex flex-col-reverse w-fit\" tabindex=\"-1\">\n<table class=\"w-fit min-w-(--thread-content-width)\" data-start=\"1282\" data-end=\"1653\">\n<thead data-start=\"1282\" data-end=\"1311\">\n<tr data-start=\"1282\" data-end=\"1311\">\n<th class=\"\" data-start=\"1282\" data-end=\"1294\" data-col-size=\"sm\">Param\u00e8tres<\/th>\n<th class=\"\" data-start=\"1294\" data-end=\"1311\" data-col-size=\"sm\">Valeur typique<\/th>\n<\/tr>\n<\/thead>\n<tbody data-start=\"1341\" data-end=\"1653\">\n<tr data-start=\"1341\" data-end=\"1389\">\n<td data-start=\"1341\" data-end=\"1354\" data-col-size=\"sm\">Type de fibre<\/td>\n<td data-col-size=\"sm\" data-start=\"1354\" data-end=\"1389\">Multimode OM2 \/ OM3 \/ OM4 \/ OM5<\/td>\n<\/tr>\n<tr data-start=\"1390\" data-end=\"1440\">\n<td data-start=\"1390\" data-end=\"1408\" data-col-size=\"sm\">Noyau \/ Rev\u00eatement<\/td>\n<td data-col-size=\"sm\" data-start=\"1408\" data-end=\"1440\">50 \/ 125 \u00b5m ou 62,5 \/ 125 \u00b5m<\/td>\n<\/tr>\n<tr data-start=\"1441\" data-end=\"1462\">\n<td data-start=\"1441\" data-end=\"1455\" data-col-size=\"sm\">Type de polissage<\/td>\n<td data-col-size=\"sm\" data-start=\"1455\" data-end=\"1462\">CUP<\/td>\n<\/tr>\n<tr data-start=\"1463\" data-end=\"1493\">\n<td data-start=\"1463\" data-end=\"1480\" data-col-size=\"sm\">Perte d'insertion<\/td>\n<td data-start=\"1480\" data-end=\"1493\" data-col-size=\"sm\">\u2264 0,30 dB<\/td>\n<\/tr>\n<tr data-start=\"1494\" data-end=\"1519\">\n<td data-start=\"1494\" data-end=\"1508\" data-col-size=\"sm\">Perte de retour<\/td>\n<td data-col-size=\"sm\" data-start=\"1508\" data-end=\"1519\">\u2265 35 dB<\/td>\n<\/tr>\n<tr data-start=\"1520\" data-end=\"1551\">\n<td data-start=\"1520\" data-end=\"1534\" data-col-size=\"sm\">Longueurs d'onde<\/td>\n<td data-col-size=\"sm\" data-start=\"1534\" data-end=\"1551\">850 \/ 1300 nm<\/td>\n<\/tr>\n<tr data-start=\"1552\" data-end=\"1615\">\n<td data-start=\"1552\" data-end=\"1575\" data-col-size=\"sm\">D\u00e9bits de donn\u00e9es pris en charge<\/td>\n<td data-start=\"1575\" data-end=\"1615\" data-col-size=\"sm\">10G \/ 25G \/ 40G \/ 100G (courte port\u00e9e)<\/td>\n<\/tr>\n<tr data-start=\"1616\" data-end=\"1653\">\n<td data-start=\"1616\" data-end=\"1629\" data-col-size=\"sm\">Durabilit\u00e9<\/td>\n<td data-start=\"1629\" data-end=\"1653\" data-col-size=\"sm\">\u2265 1000 cycles d'accouplement<\/td>\n<\/tr>\n<\/tbody>\n<\/table>\n<\/div>\n<\/div>\n<p data-start=\"1655\" data-end=\"1733\">Ces sp\u00e9cifications garantissent <strong data-start=\"1674\" data-end=\"1701\">qualit\u00e9 de signal fiable<\/strong> m\u00eame dans des environnements exigeants.<\/p>\n<hr data-start=\"1735\" data-end=\"1738\" \/>\n<h3 data-start=\"1740\" data-end=\"1769\">Construction m\u00e9canique<\/h3>\n<div class=\"TyagGW_tableContainer\">\n<div class=\"group TyagGW_tableWrapper flex flex-col-reverse w-fit\" tabindex=\"-1\">\n<table class=\"w-fit min-w-(--thread-content-width)\" data-start=\"1771\" data-end=\"2073\">\n<thead data-start=\"1771\" data-end=\"1798\">\n<tr data-start=\"1771\" data-end=\"1798\">\n<th class=\"\" data-start=\"1771\" data-end=\"1781\" data-col-size=\"sm\">Fonctionnalit\u00e9<\/th>\n<th class=\"\" data-start=\"1781\" data-end=\"1798\" data-col-size=\"sm\">Sp\u00e9cifications<\/th>\n<\/tr>\n<\/thead>\n<tbody data-start=\"1826\" data-end=\"2073\">\n<tr data-start=\"1826\" data-end=\"1857\">\n<td data-start=\"1826\" data-end=\"1843\" data-col-size=\"sm\">Type de connecteur<\/td>\n<td data-start=\"1843\" data-end=\"1857\" data-col-size=\"sm\">LC Simplex<\/td>\n<\/tr>\n<tr data-start=\"1858\" data-end=\"1884\">\n<td data-start=\"1858\" data-end=\"1875\" data-col-size=\"sm\">Diam\u00e8tre du c\u00e2ble<\/td>\n<td data-start=\"1875\" data-end=\"1884\" data-col-size=\"sm\">3,0 mm<\/td>\n<\/tr>\n<tr data-start=\"1885\" data-end=\"1922\">\n<td data-start=\"1885\" data-end=\"1895\" data-col-size=\"sm\">Embout<\/td>\n<td data-start=\"1895\" data-end=\"1922\" data-col-size=\"sm\">C\u00e9ramique zircone de 1,25 mm<\/td>\n<\/tr>\n<tr data-start=\"1923\" data-end=\"1964\">\n<td data-start=\"1923\" data-end=\"1930\" data-col-size=\"sm\">Botte<\/td>\n<td data-start=\"1930\" data-end=\"1964\" data-col-size=\"sm\">Longue d\u00e9charge de traction renforc\u00e9e<\/td>\n<\/tr>\n<tr data-start=\"1965\" data-end=\"1999\">\n<td data-start=\"1965\" data-end=\"1983\" data-col-size=\"sm\">Syst\u00e8me de verrouillage<\/td>\n<td data-start=\"1983\" data-end=\"1999\" data-col-size=\"sm\">LC push-pull<\/td>\n<\/tr>\n<tr data-start=\"2000\" data-end=\"2042\">\n<td data-start=\"2000\" data-end=\"2024\" data-col-size=\"sm\">Temp\u00e9rature de fonctionnement<\/td>\n<td data-start=\"2024\" data-end=\"2042\" data-col-size=\"sm\">De -40\u00b0C \u00e0 +75\u00b0C<\/td>\n<\/tr>\n<tr data-start=\"2043\" data-end=\"2073\">\n<td data-start=\"2043\" data-end=\"2062\" data-col-size=\"sm\">R\u00e9sistance \u00e0 la traction<\/td>\n<td data-start=\"2062\" data-end=\"2073\" data-col-size=\"sm\">\u2265 120 N<\/td>\n<\/tr>\n<\/tbody>\n<\/table>\n<\/div>\n<\/div>\n<p data-start=\"2075\" data-end=\"2195\">Le <strong data-start=\"2079\" data-end=\"2115\">bottes renforc\u00e9es et veste \u00e9paisse<\/strong> emp\u00eachent les micro-flexions et les contraintes m\u00e9caniques qui peuvent d\u00e9grader les signaux multimodes.<\/p>\n<hr data-start=\"2197\" data-end=\"2200\" \/>\n<h3 data-start=\"2202\" data-end=\"2228\">Applications typiques<\/h3>\n<p data-start=\"2230\" data-end=\"2282\">Ce connecteur LC multimode de 3,0 mm est largement utilis\u00e9 dans :<\/p>\n<ul data-start=\"2284\" data-end=\"2480\">\n<li data-start=\"2284\" data-end=\"2316\">\n<p data-start=\"2286\" data-end=\"2316\">Cavaliers pour le r\u00e9seau dorsal du centre de donn\u00e9es<\/p>\n<\/li>\n<li data-start=\"2317\" data-end=\"2353\">\n<p data-start=\"2319\" data-end=\"2353\">Liaisons multimodes de commutateur \u00e0 commutateur<\/p>\n<\/li>\n<li data-start=\"2354\" data-end=\"2392\">\n<p data-start=\"2356\" data-end=\"2392\">R\u00e9seaux Ethernet industriels \u00e0 fibres optiques<\/p>\n<\/li>\n<li data-start=\"2393\" data-end=\"2425\">\n<p data-start=\"2395\" data-end=\"2425\">Armoires et b\u00e2tis d'\u00e9quipement<\/p>\n<\/li>\n<li data-start=\"2426\" data-end=\"2450\">\n<p data-start=\"2428\" data-end=\"2450\">Cordons de test multimode<\/p>\n<\/li>\n<li data-start=\"2451\" data-end=\"2480\">\n<p data-start=\"2453\" data-end=\"2480\">R\u00e9partiteurs de fibres<\/p>\n<\/li>\n<\/ul>","protected":false},"excerpt":{"rendered":"<h3 data-start=\"226\" data-end=\"290\">Con\u00e7u pour les liaisons multimodes \u00e0 grande vitesse dans des environnements difficiles<\/h3>\n<p data-start=\"292\" data-end=\"669\">Le <strong data-start=\"296\" data-end=\"340\">Connecteur LC UPC 3.0mm Simplex Multimode<\/strong> est con\u00e7u pour <strong data-start=\"357\" data-end=\"426\">les cordons de raccordement en fibre multimode qui n\u00e9cessitent une protection m\u00e9canique suppl\u00e9mentaire<\/strong>.<br data-start=\"427\" data-end=\"430\" \/>Alors que les c\u00e2bles de 2,0 mm sont courants dans les baies standard, les c\u00e2bles de 2,0 mm ne sont pas utilis\u00e9s dans les baies standard. <strong data-start=\"483\" data-end=\"499\">Gaine de 3,0 mm<\/strong> fournit <strong data-start=\"509\" data-end=\"583\">plus grande r\u00e9sistance \u00e0 la traction, meilleure r\u00e9sistance \u00e0 l'\u00e9crasement et dur\u00e9e de vie plus longue<\/strong>, Il s'agit donc d'une solution id\u00e9ale pour <strong data-start=\"605\" data-end=\"668\">les centres de donn\u00e9es occup\u00e9s, les armoires industrielles et les salles d'\u00e9quipement<\/strong>.<\/p>\n<p data-start=\"671\" data-end=\"838\">Avec <strong data-start=\"676\" data-end=\"701\">Embouts polis UPC<\/strong> et <strong data-start=\"706\" data-end=\"739\">compatibilit\u00e9 avec la fibre multimode<\/strong>, ce connecteur prend en charge <strong data-start=\"765\" data-end=\"812\">transmission optique \u00e0 grande vitesse et \u00e0 courte port\u00e9e<\/strong> avec une excellente stabilit\u00e9.<\/p>","protected":false},"featured_media":917,"comment_status":"open","ping_status":"closed","template":"","meta":[],"product_brand":[],"product_cat":[50],"product_tag":[],"class_list":{"0":"post-916","1":"product","2":"type-product","3":"status-publish","4":"has-post-thumbnail","6":"product_cat-lc-simplex-connectors-single-modemultimode","8":"first","9":"instock","10":"shipping-taxable","11":"product-type-simple"},"_links":{"self":[{"href":"https:\/\/www.fenxifiber.com\/fr\/wp-json\/wp\/v2\/product\/916","targetHints":{"allow":["GET"]}}],"collection":[{"href":"https:\/\/www.fenxifiber.com\/fr\/wp-json\/wp\/v2\/product"}],"about":[{"href":"https:\/\/www.fenxifiber.com\/fr\/wp-json\/wp\/v2\/types\/product"}],"replies":[{"embeddable":true,"href":"https:\/\/www.fenxifiber.com\/fr\/wp-json\/wp\/v2\/comments?post=916"}],"wp:featuredmedia":[{"embeddable":true,"href":"https:\/\/www.fenxifiber.com\/fr\/wp-json\/wp\/v2\/media\/917"}],"wp:attachment":[{"href":"https:\/\/www.fenxifiber.com\/fr\/wp-json\/wp\/v2\/media?parent=916"}],"wp:term":[{"taxonomy":"product_brand","embeddable":true,"href":"https:\/\/www.fenxifiber.com\/fr\/wp-json\/wp\/v2\/product_brand?post=916"},{"taxonomy":"product_cat","embeddable":true,"href":"https:\/\/www.fenxifiber.com\/fr\/wp-json\/wp\/v2\/product_cat?post=916"},{"taxonomy":"product_tag","embeddable":true,"href":"https:\/\/www.fenxifiber.com\/fr\/wp-json\/wp\/v2\/product_tag?post=916"}],"curies":[{"name":"wp","href":"https:\/\/api.w.org\/{rel}","templated":true}]}}