{"id":918,"date":"2026-02-04T03:21:16","date_gmt":"2026-02-04T03:21:16","guid":{"rendered":"https:\/\/www.fenxifiber.com\/?post_type=product&#038;p=918"},"modified":"2026-02-05T02:14:10","modified_gmt":"2026-02-05T02:14:10","slug":"fc-apc-2-0-3-0mm-reglable","status":"publish","type":"product","link":"https:\/\/www.fenxifiber.com\/fr\/product\/fc-apc-2-0-3-0mm-adjustable\/","title":{"rendered":"FC APC 2.0\/3.0mm Connecteur Fibre Optique Ajustable"},"content":{"rendered":"<h2 data-start=\"1143\" data-end=\"1160\">Caract\u00e9ristiques principales<\/h2>\n<ul data-start=\"1162\" data-end=\"1943\">\n<li data-start=\"1162\" data-end=\"1297\">\n<p data-start=\"1164\" data-end=\"1297\"><strong data-start=\"1164\" data-end=\"1207\">Options de bottes r\u00e9glables 2,0 mm \/ 3,0 mm<\/strong> - compatible avec les diam\u00e8tres standard des c\u00e2bles en fibre.<\/p>\n<\/li>\n<li data-start=\"1298\" data-end=\"1434\">\n<p data-start=\"1300\" data-end=\"1434\"><strong data-start=\"1300\" data-end=\"1340\">Contact physique angulaire (APC) polonais<\/strong> - une perte de retour sup\u00e9rieure (&gt; 60 dB typique).<\/p>\n<\/li>\n<li data-start=\"1435\" data-end=\"1532\">\n<p data-start=\"1437\" data-end=\"1532\"><strong data-start=\"1437\" data-end=\"1459\">Faible perte d'insertion<\/strong> pour optimiser le d\u00e9bit du signal.<\/p>\n<\/li>\n<li data-start=\"1533\" data-end=\"1635\">\n<p data-start=\"1535\" data-end=\"1635\"><strong data-start=\"1535\" data-end=\"1565\">Bague de pr\u00e9cision en zircone<\/strong> pour un alignement pr\u00e9cis des fibres.<\/p>\n<\/li>\n<li data-start=\"1636\" data-end=\"1743\">\n<p data-start=\"1638\" data-end=\"1743\"><strong data-start=\"1638\" data-end=\"1669\">\u00c9crou d'accouplement m\u00e9tallique filet\u00e9<\/strong> pour un engagement solide des connexions.<\/p>\n<\/li>\n<li data-start=\"1744\" data-end=\"1844\">\n<p data-start=\"1746\" data-end=\"1844\"><strong data-start=\"1746\" data-end=\"1782\">Large gamme de temp\u00e9ratures de fonctionnement<\/strong> pour la r\u00e9silience sur le terrain.<\/p>\n<\/li>\n<li data-start=\"1845\" data-end=\"1943\">\n<p data-start=\"1847\" data-end=\"1943\"><strong data-start=\"1847\" data-end=\"1871\">Couleurs des bottes en option<\/strong> pour s'adapter aux environnements de d\u00e9ploiement.<\/p>\n<\/li>\n<\/ul>\n<hr data-start=\"1945\" data-end=\"1948\" \/>\n<h2 data-start=\"1950\" data-end=\"1979\">Sp\u00e9cifications techniques<\/h2>\n<h3 data-start=\"1981\" data-end=\"2004\">Performances optiques<\/h3>\n<div class=\"TyagGW_tableContainer\">\n<div class=\"group TyagGW_tableWrapper flex flex-col-reverse w-fit\" tabindex=\"-1\">\n<table class=\"w-fit min-w-(--thread-content-width)\" data-start=\"2006\" data-end=\"2251\">\n<thead data-start=\"2006\" data-end=\"2035\">\n<tr data-start=\"2006\" data-end=\"2035\">\n<th class=\"\" data-start=\"2006\" data-end=\"2018\" data-col-size=\"sm\">Param\u00e8tres<\/th>\n<th class=\"\" data-start=\"2018\" data-end=\"2035\" data-col-size=\"sm\">Valeur typique<\/th>\n<\/tr>\n<\/thead>\n<tbody data-start=\"2067\" data-end=\"2251\">\n<tr data-start=\"2067\" data-end=\"2103\">\n<td data-start=\"2067\" data-end=\"2090\" data-col-size=\"sm\">Perte d'insertion (APC)<\/td>\n<td data-start=\"2090\" data-end=\"2103\" data-col-size=\"sm\">\u2264 0,25 dB<\/td>\n<\/tr>\n<tr data-start=\"2104\" data-end=\"2135\">\n<td data-start=\"2104\" data-end=\"2124\" data-col-size=\"sm\">Perte de retour (APC)<\/td>\n<td data-col-size=\"sm\" data-start=\"2124\" data-end=\"2135\">\u2265 60 dB<\/td>\n<\/tr>\n<tr data-start=\"2136\" data-end=\"2179\">\n<td data-start=\"2136\" data-end=\"2159\" data-col-size=\"sm\">Longueur d'onde de fonctionnement<\/td>\n<td data-col-size=\"sm\" data-start=\"2159\" data-end=\"2179\">1310 nm, 1550 nm<\/td>\n<\/tr>\n<tr data-start=\"2180\" data-end=\"2219\">\n<td data-start=\"2180\" data-end=\"2193\" data-col-size=\"sm\">Mode fibre<\/td>\n<td data-start=\"2193\" data-end=\"2219\" data-col-size=\"sm\">monomode (9\/125 \u00b5m)<\/td>\n<\/tr>\n<tr data-start=\"2220\" data-end=\"2251\">\n<td data-start=\"2220\" data-end=\"2233\" data-col-size=\"sm\">Durabilit\u00e9<\/td>\n<td data-col-size=\"sm\" data-start=\"2233\" data-end=\"2251\">&gt; 1000 accouplements<\/td>\n<\/tr>\n<\/tbody>\n<\/table>\n<\/div>\n<\/div>\n<p data-start=\"2253\" data-end=\"2363\"><em data-start=\"2253\" data-end=\"2325\">(Donn\u00e9es repr\u00e9sentatives des valeurs typiques de l'industrie pour les connecteurs FC APC)<\/em><\/p>\n<h3 data-start=\"2365\" data-end=\"2395\">M\u00e9canique et environnement<\/h3>\n<div class=\"TyagGW_tableContainer\">\n<div class=\"group TyagGW_tableWrapper flex flex-col-reverse w-fit\" tabindex=\"-1\">\n<table class=\"w-fit min-w-(--thread-content-width)\" data-start=\"2397\" data-end=\"2680\">\n<thead data-start=\"2397\" data-end=\"2424\">\n<tr data-start=\"2397\" data-end=\"2424\">\n<th class=\"\" data-start=\"2397\" data-end=\"2407\" data-col-size=\"sm\">Fonctionnalit\u00e9<\/th>\n<th class=\"\" data-start=\"2407\" data-end=\"2424\" data-col-size=\"sm\">Sp\u00e9cifications<\/th>\n<\/tr>\n<\/thead>\n<tbody data-start=\"2454\" data-end=\"2680\">\n<tr data-start=\"2454\" data-end=\"2490\">\n<td data-start=\"2454\" data-end=\"2471\" data-col-size=\"sm\">Diam\u00e8tre du c\u00e2ble<\/td>\n<td data-col-size=\"sm\" data-start=\"2471\" data-end=\"2490\">2,0 mm \/ 3,0 mm<\/td>\n<\/tr>\n<tr data-start=\"2491\" data-end=\"2532\">\n<td data-start=\"2491\" data-end=\"2510\" data-col-size=\"sm\">Mat\u00e9riau de la virole<\/td>\n<td data-start=\"2510\" data-end=\"2532\" data-col-size=\"sm\">C\u00e9ramique (Zircone)<\/td>\n<\/tr>\n<tr data-start=\"2533\" data-end=\"2577\">\n<td data-start=\"2533\" data-end=\"2557\" data-col-size=\"sm\">Temp\u00e9rature de fonctionnement<\/td>\n<td data-col-size=\"sm\" data-start=\"2557\" data-end=\"2577\">De -40 \u00b0C \u00e0 +80 \u00b0C<\/td>\n<\/tr>\n<tr data-start=\"2578\" data-end=\"2614\">\n<td data-start=\"2578\" data-end=\"2595\" data-col-size=\"sm\">Style d'accouplement<\/td>\n<td data-start=\"2595\" data-end=\"2614\" data-col-size=\"sm\">Ecrou FC filet\u00e9<\/td>\n<\/tr>\n<tr data-start=\"2615\" data-end=\"2680\">\n<td data-start=\"2615\" data-end=\"2639\" data-col-size=\"sm\">Couleurs de l'embout du connecteur<\/td>\n<td data-start=\"2639\" data-end=\"2680\" data-col-size=\"sm\">Vert (APC standard), autres en option<\/td>\n<\/tr>\n<\/tbody>\n<\/table>\n<\/div>\n<\/div>\n<p data-start=\"2682\" data-end=\"2783\"><em data-start=\"2682\" data-end=\"2743\">(Conformit\u00e9 aux normes industrielles et tol\u00e9rances environnementales)<\/em><\/p>\n<hr data-start=\"2785\" data-end=\"2788\" \/>\n<h2 data-start=\"2790\" data-end=\"2815\">Applications typiques<\/h2>\n<ul data-start=\"2817\" data-end=\"3413\">\n<li data-start=\"2817\" data-end=\"2946\">\n<p data-start=\"2819\" data-end=\"2946\"><strong data-start=\"2819\" data-end=\"2850\">R\u00e9seaux de t\u00e9l\u00e9communications<\/strong> - transmission de signaux \u00e0 grande vitesse avec une faible r\u00e9flexion.<\/p>\n<\/li>\n<li data-start=\"2947\" data-end=\"3074\">\n<p data-start=\"2949\" data-end=\"3074\"><strong data-start=\"2949\" data-end=\"2975\">D\u00e9ploiements PON \/ FTTH<\/strong> - les connexions d'acc\u00e8s par fibre optique exigeant une grande fiabilit\u00e9.<\/p>\n<\/li>\n<li data-start=\"3075\" data-end=\"3172\">\n<p data-start=\"3077\" data-end=\"3172\"><strong data-start=\"3077\" data-end=\"3093\">Syst\u00e8mes CATV<\/strong> - la distribution de signaux \u00e0 longue distance.<\/p>\n<\/li>\n<li data-start=\"3173\" data-end=\"3298\">\n<p data-start=\"3175\" data-end=\"3298\"><strong data-start=\"3175\" data-end=\"3202\">Infrastructures LAN\/WAN<\/strong> - les panneaux de raccordement et les parcours de fibres dans les r\u00e9seaux d'entreprise.<\/p>\n<\/li>\n<li data-start=\"3299\" data-end=\"3413\">\n<p data-start=\"3301\" data-end=\"3413\"><strong data-start=\"3301\" data-end=\"3344\">Interfaces des \u00e9quipements d'essai et de mesure<\/strong> - un alignement optique pr\u00e9cis.<\/p>\n<\/li>\n<\/ul>\n<hr data-start=\"3415\" data-end=\"3418\" \/>\n<h2 data-start=\"3420\" data-end=\"3439\">Questions et r\u00e9ponses professionnelles<\/h2>\n<p data-start=\"3441\" data-end=\"3810\"><strong data-start=\"3441\" data-end=\"3492\">Q1 : Que signifie APC et pourquoi est-ce important ?<\/strong><br data-start=\"3492\" data-end=\"3495\" \/><strong data-start=\"3495\" data-end=\"3502\">A1 :<\/strong> APC signifie <em data-start=\"3518\" data-end=\"3543\">Contact physique angulaire<\/em>, Le polissage de l'extr\u00e9mit\u00e9 de la fibre est un type de polissage de l'extr\u00e9mit\u00e9 de la fibre o\u00f9 l'extr\u00e9mit\u00e9 de la virole est inclin\u00e9e (typiquement 8\u00b0). Cela permet de r\u00e9duire la r\u00e9tro-r\u00e9flexion et d'am\u00e9liorer la perte de retour, ce qui est essentiel pour les syst\u00e8mes monomodes \u00e0 haute performance et les r\u00e9seaux \u00e0 large bande passante.<\/p>\n<p data-start=\"3812\" data-end=\"4115\"><strong data-start=\"3812\" data-end=\"3879\">Q2 : Les connecteurs FC APC peuvent-ils \u00eatre utilis\u00e9s dans des d\u00e9ploiements de fibres en ext\u00e9rieur ?<\/strong><br data-start=\"3879\" data-end=\"3882\" \/><strong data-start=\"3882\" data-end=\"3889\">A2 :<\/strong> Oui. Les connecteurs FC APC \u00e0 couplage m\u00e9tallique robuste et \u00e0 large plage de temp\u00e9rature conviennent aux environnements ext\u00e9rieurs et industriels prot\u00e9g\u00e9s lorsqu'ils sont correctement log\u00e9s et d\u00e9tendus.<\/p>\n<p data-start=\"4117\" data-end=\"4440\"><strong data-start=\"4117\" data-end=\"4173\">Q3 : Quelle est la diff\u00e9rence entre FC\/APC et FC\/UPC ?<\/strong><br data-start=\"4173\" data-end=\"4176\" \/><strong data-start=\"4176\" data-end=\"4183\">A3 :<\/strong> Les deux sont des connecteurs FC ; l'APC a un polissage angulaire qui donne une perte de retour beaucoup plus \u00e9lev\u00e9e (typiquement \u2265 60 dB) que l'UPC (\u2264 55 dB), ce qui rend l'APC meilleur pour les syst\u00e8mes sensibles \u00e0 la r\u00e9flexion. Ils sont <strong data-start=\"4372\" data-end=\"4379\">pas<\/strong> directement compatible.<\/p>","protected":false},"excerpt":{"rendered":"<h2 data-start=\"115\" data-end=\"136\">Aper\u00e7u du produit<\/h2>\n<p data-start=\"138\" data-end=\"730\">Le <strong data-start=\"142\" data-end=\"183\">Connecteur ajustable FC APC 2.0\/3.0mm<\/strong> est un connecteur de fibre optique de pr\u00e9cision con\u00e7u pour des applications monomodes de haute performance dans les syst\u00e8mes de communication optique modernes. D\u00e9velopp\u00e9 pour les environnements exigeants tels que les r\u00e9seaux de t\u00e9l\u00e9communications, les r\u00e9seaux optiques passifs (PON), les r\u00e9seaux CATV et le d\u00e9ploiement FTTx, ce connecteur offre une int\u00e9grit\u00e9 de signal fiable, une faible perte d'insertion et une excellente perte de retour pour les liens fibre optique critiques. Il convient parfaitement aux clients qui recherchent des performances optiques sup\u00e9rieures avec des options d'installation flexibles.<\/p>\n<p data-start=\"732\" data-end=\"1136\">Construit avec un filetage <strong data-start=\"754\" data-end=\"780\">FC (Ferrule Connector)<\/strong> ce produit offre un couplage m\u00e9canique s\u00fbr qui r\u00e9siste aux vibrations et aux contraintes m\u00e9caniques, ce qui le rend id\u00e9al pour les installations sur le terrain et les environnements de r\u00e9seau contr\u00f4l\u00e9s. Les <strong data-start=\"967\" data-end=\"1000\">APC (contact physique angulaire)<\/strong> Le polissage assure une perte de retour \u00e9lev\u00e9e, r\u00e9duisant la r\u00e9tro-r\u00e9flexion et maximisant la qualit\u00e9 de la transmission.<\/p>","protected":false},"featured_media":919,"comment_status":"open","ping_status":"closed","template":"","meta":[],"product_brand":[],"product_cat":[34],"product_tag":[],"class_list":{"0":"post-918","1":"product","2":"type-product","3":"status-publish","4":"has-post-thumbnail","6":"product_cat-fc-connector","8":"first","9":"instock","10":"shipping-taxable","11":"product-type-simple"},"_links":{"self":[{"href":"https:\/\/www.fenxifiber.com\/fr\/wp-json\/wp\/v2\/product\/918","targetHints":{"allow":["GET"]}}],"collection":[{"href":"https:\/\/www.fenxifiber.com\/fr\/wp-json\/wp\/v2\/product"}],"about":[{"href":"https:\/\/www.fenxifiber.com\/fr\/wp-json\/wp\/v2\/types\/product"}],"replies":[{"embeddable":true,"href":"https:\/\/www.fenxifiber.com\/fr\/wp-json\/wp\/v2\/comments?post=918"}],"wp:featuredmedia":[{"embeddable":true,"href":"https:\/\/www.fenxifiber.com\/fr\/wp-json\/wp\/v2\/media\/919"}],"wp:attachment":[{"href":"https:\/\/www.fenxifiber.com\/fr\/wp-json\/wp\/v2\/media?parent=918"}],"wp:term":[{"taxonomy":"product_brand","embeddable":true,"href":"https:\/\/www.fenxifiber.com\/fr\/wp-json\/wp\/v2\/product_brand?post=918"},{"taxonomy":"product_cat","embeddable":true,"href":"https:\/\/www.fenxifiber.com\/fr\/wp-json\/wp\/v2\/product_cat?post=918"},{"taxonomy":"product_tag","embeddable":true,"href":"https:\/\/www.fenxifiber.com\/fr\/wp-json\/wp\/v2\/product_tag?post=918"}],"curies":[{"name":"wp","href":"https:\/\/api.w.org\/{rel}","templated":true}]}}