{"id":920,"date":"2026-02-04T03:22:10","date_gmt":"2026-02-04T03:22:10","guid":{"rendered":"https:\/\/www.fenxifiber.com\/?post_type=product&#038;p=920"},"modified":"2026-02-05T02:15:22","modified_gmt":"2026-02-05T02:15:22","slug":"fc-apc-0-9mm-non-reglable","status":"publish","type":"product","link":"https:\/\/www.fenxifiber.com\/fr\/product\/fc-apc-0-9mm-non-adjustable\/","title":{"rendered":"FC APC 0,9 mm non r\u00e9glable"},"content":{"rendered":"<h2 data-start=\"993\" data-end=\"1010\">Caract\u00e9ristiques principales<\/h2>\n<ul data-start=\"1012\" data-end=\"1873\">\n<li data-start=\"1012\" data-end=\"1186\">\n<p data-start=\"1014\" data-end=\"1186\"><strong data-start=\"1014\" data-end=\"1056\">APC (Angled Physical Contact) Ferrule :<\/strong> Minimise la r\u00e9tro-r\u00e9flexion avec une perte de retour typique \u2265 60 dB pour les syst\u00e8mes \u00e0 fibre monomode.<\/p>\n<\/li>\n<li data-start=\"1187\" data-end=\"1319\">\n<p data-start=\"1189\" data-end=\"1319\"><strong data-start=\"1189\" data-end=\"1228\">Botte fixe non r\u00e9glable (0,9 mm) :<\/strong> Optimis\u00e9 pour les assemblages de c\u00e2bles en fibre \u00e0 tampon serr\u00e9.<\/p>\n<\/li>\n<li data-start=\"1320\" data-end=\"1447\">\n<p data-start=\"1322\" data-end=\"1447\"><strong data-start=\"1322\" data-end=\"1345\">Faible perte d'insertion :<\/strong> Typique \u2264 0,20 - 0,30 dB sur les longueurs d'onde standard des t\u00e9l\u00e9communications.<\/p>\n<\/li>\n<li data-start=\"1448\" data-end=\"1599\">\n<p data-start=\"1450\" data-end=\"1599\"><strong data-start=\"1450\" data-end=\"1480\">Embout c\u00e9ramique de pr\u00e9cision :<\/strong> La virole en zircone assure un alignement pr\u00e9cis des fibres et une r\u00e9p\u00e9tabilit\u00e9 \u00e0 long terme.<\/p>\n<\/li>\n<li data-start=\"1600\" data-end=\"1760\">\n<p data-start=\"1602\" data-end=\"1760\"><strong data-start=\"1602\" data-end=\"1631\">Conception m\u00e9canique robuste :<\/strong> Raccord \u00e0 visser et bo\u00eetier m\u00e9tallique pour des connexions s\u00fbres et une r\u00e9sistance \u00e0 l'environnement.<\/p>\n<\/li>\n<li data-start=\"1761\" data-end=\"1873\">\n<p data-start=\"1763\" data-end=\"1873\"><strong data-start=\"1763\" data-end=\"1782\">Conforme \u00e0 la directive RoHS :<\/strong> Conforme aux normes environnementales et de s\u00e9curit\u00e9 de l'industrie.<\/p>\n<\/li>\n<\/ul>\n<hr data-start=\"1875\" data-end=\"1878\" \/>\n<h2 data-start=\"1880\" data-end=\"1907\">Sp\u00e9cifications typiques<\/h2>\n<h3 data-start=\"1909\" data-end=\"1936\">Caract\u00e9ristiques optiques<\/h3>\n<div class=\"TyagGW_tableContainer\">\n<div class=\"group TyagGW_tableWrapper flex flex-col-reverse w-fit\" tabindex=\"-1\">\n<table class=\"w-fit min-w-(--thread-content-width)\" data-start=\"1938\" data-end=\"2200\">\n<thead data-start=\"1938\" data-end=\"1967\">\n<tr data-start=\"1938\" data-end=\"1967\">\n<th class=\"align-top\" data-start=\"1938\" data-end=\"1950\" data-col-size=\"sm\">Param\u00e8tres<\/th>\n<th class=\"align-top\" data-start=\"1950\" data-end=\"1967\" data-col-size=\"sm\">Valeur typique<\/th>\n<\/tr>\n<\/thead>\n<tbody data-start=\"1999\" data-end=\"2200\">\n<tr data-start=\"1999\" data-end=\"2042\">\n<td data-start=\"1999\" data-end=\"2022\" data-col-size=\"sm\">Perte d'insertion (APC)<\/td>\n<td data-start=\"2022\" data-end=\"2042\" data-col-size=\"sm\">\u2264 0,20 - 0,30 dB<\/td>\n<\/tr>\n<tr data-start=\"2043\" data-end=\"2074\">\n<td data-start=\"2043\" data-end=\"2063\" data-col-size=\"sm\">Perte de retour (APC)<\/td>\n<td data-col-size=\"sm\" data-start=\"2063\" data-end=\"2074\">\u2265 60 dB<\/td>\n<\/tr>\n<tr data-start=\"2075\" data-end=\"2118\">\n<td data-start=\"2075\" data-end=\"2098\" data-col-size=\"sm\">Longueur d'onde de fonctionnement<\/td>\n<td data-start=\"2098\" data-end=\"2118\" data-col-size=\"sm\">1310 nm, 1550 nm<\/td>\n<\/tr>\n<tr data-start=\"2119\" data-end=\"2158\">\n<td data-start=\"2119\" data-end=\"2132\" data-col-size=\"sm\">Mode fibre<\/td>\n<td data-start=\"2132\" data-end=\"2158\" data-col-size=\"sm\">monomode (9\/125 \u00b5m)<\/td>\n<\/tr>\n<tr data-start=\"2159\" data-end=\"2200\">\n<td data-start=\"2159\" data-end=\"2178\" data-col-size=\"sm\">Mat\u00e9riau de la virole<\/td>\n<td data-col-size=\"sm\" data-start=\"2178\" data-end=\"2200\">C\u00e9ramique (Zircone)<\/td>\n<\/tr>\n<\/tbody>\n<\/table>\n<\/div>\n<\/div>\n<p data-start=\"2202\" data-end=\"2311\"><em data-start=\"2202\" data-end=\"2273\">Valeurs bas\u00e9es sur les connecteurs FC APC 0,9 mm courants dans les catalogues de l'industrie.<\/em><\/p>\n<h3 data-start=\"2313\" data-end=\"2343\">Environnement et m\u00e9canique<\/h3>\n<div class=\"TyagGW_tableContainer\">\n<div class=\"group TyagGW_tableWrapper flex flex-col-reverse w-fit\" tabindex=\"-1\">\n<table class=\"w-fit min-w-(--thread-content-width)\" data-start=\"2345\" data-end=\"2605\">\n<thead data-start=\"2345\" data-end=\"2372\">\n<tr data-start=\"2345\" data-end=\"2372\">\n<th class=\"align-top\" data-start=\"2345\" data-end=\"2355\" data-col-size=\"sm\">Fonctionnalit\u00e9<\/th>\n<th class=\"align-top\" data-start=\"2355\" data-end=\"2372\" data-col-size=\"sm\">Sp\u00e9cifications<\/th>\n<\/tr>\n<\/thead>\n<tbody data-start=\"2402\" data-end=\"2605\">\n<tr data-start=\"2402\" data-end=\"2434\">\n<td data-start=\"2402\" data-end=\"2418\" data-col-size=\"sm\">Diam\u00e8tre de la botte<\/td>\n<td data-col-size=\"sm\" data-start=\"2418\" data-end=\"2434\">0,9 mm fixe<\/td>\n<\/tr>\n<tr data-start=\"2435\" data-end=\"2479\">\n<td data-start=\"2435\" data-end=\"2459\" data-col-size=\"sm\">Temp\u00e9rature de fonctionnement<\/td>\n<td data-start=\"2459\" data-end=\"2479\" data-col-size=\"sm\">-40 \u00b0C \u00e0 +75 \u00b0C<\/td>\n<\/tr>\n<tr data-start=\"2480\" data-end=\"2527\">\n<td data-start=\"2480\" data-end=\"2497\" data-col-size=\"sm\">Type de connecteur<\/td>\n<td data-col-size=\"sm\" data-start=\"2497\" data-end=\"2527\">Simplex FC avec polissage APC<\/td>\n<\/tr>\n<tr data-start=\"2528\" data-end=\"2567\">\n<td data-start=\"2528\" data-end=\"2545\" data-col-size=\"sm\">Style d'accouplement<\/td>\n<td data-start=\"2545\" data-end=\"2567\" data-col-size=\"sm\">Ecrou m\u00e9tallique filet\u00e9<\/td>\n<\/tr>\n<tr data-start=\"2568\" data-end=\"2605\">\n<td data-start=\"2568\" data-end=\"2581\" data-col-size=\"sm\">Conformit\u00e9<\/td>\n<td data-start=\"2581\" data-end=\"2605\" data-col-size=\"sm\">Normes IEC et RoHS<\/td>\n<\/tr>\n<\/tbody>\n<\/table>\n<\/div>\n<\/div>\n<p data-start=\"2607\" data-end=\"2713\"><em data-start=\"2607\" data-end=\"2673\">Repr\u00e9sentatif des connecteurs non ajustables typiques de la qualit\u00e9 du terrain.<\/em><\/p>\n<hr data-start=\"2715\" data-end=\"2718\" \/>\n<h2 data-start=\"2720\" data-end=\"2737\">Applications<\/h2>\n<ul data-start=\"2739\" data-end=\"3389\">\n<li data-start=\"2739\" data-end=\"2864\">\n<p data-start=\"2741\" data-end=\"2864\"><strong data-start=\"2741\" data-end=\"2772\">R\u00e9seaux de t\u00e9l\u00e9communications<\/strong> - des connexions fiables au niveau de la dorsale et de la couche d'acc\u00e8s.<\/p>\n<\/li>\n<li data-start=\"2865\" data-end=\"3001\">\n<p data-start=\"2867\" data-end=\"3001\"><strong data-start=\"2867\" data-end=\"2895\">Installations FTTH \/ PON<\/strong> - une perte de retour \u00e9lev\u00e9e am\u00e9liore la qualit\u00e9 du signal dans les liaisons d'abonn\u00e9s.<\/p>\n<\/li>\n<li data-start=\"3002\" data-end=\"3123\">\n<p data-start=\"3004\" data-end=\"3123\"><strong data-start=\"3004\" data-end=\"3032\">Syst\u00e8mes CATV et \u00e0 large bande<\/strong> - des performances stables sur les liaisons longue distance.<\/p>\n<\/li>\n<li data-start=\"3124\" data-end=\"3258\">\n<p data-start=\"3126\" data-end=\"3258\"><strong data-start=\"3126\" data-end=\"3152\">Infrastructure LAN\/WAN<\/strong> - les panneaux de raccordement, les r\u00e9partiteurs et les terminaisons d'\u00e9quipement.<\/p>\n<\/li>\n<li data-start=\"3259\" data-end=\"3389\">\n<p data-start=\"3261\" data-end=\"3389\"><strong data-start=\"3261\" data-end=\"3290\">Syst\u00e8mes de laboratoire et d'essai<\/strong> - une performance optique constante pour les configurations de mesure.<\/p>\n<\/li>\n<\/ul>\n<hr data-start=\"3391\" data-end=\"3394\" \/>\n<h2 data-start=\"3396\" data-end=\"3415\">Questions et r\u00e9ponses professionnelles<\/h2>\n<p data-start=\"3417\" data-end=\"3772\"><strong data-start=\"3417\" data-end=\"3478\">Q1 : Quel est l'avantage de la polarit\u00e9 APC dans un connecteur FC ?<\/strong><br data-start=\"3478\" data-end=\"3481\" \/><strong data-start=\"3481\" data-end=\"3488\">A1 :<\/strong> APC signifie <em data-start=\"3504\" data-end=\"3529\">Contact physique angulaire<\/em>, o\u00f9 la surface d'extr\u00e9mit\u00e9 de la virole est polie \u00e0 un angle (typiquement ~8\u00b0). Cela permet de r\u00e9duire consid\u00e9rablement la r\u00e9tro-r\u00e9flexion, d'obtenir une perte de retour \u00e9lev\u00e9e (&gt; 60 dB) et d'am\u00e9liorer la qualit\u00e9 du signal dans les syst\u00e8mes monomodes.<\/p>\n<p data-start=\"3774\" data-end=\"4154\"><strong data-start=\"3774\" data-end=\"3853\">Q2 : Pourquoi utiliser un connecteur de 0,9 mm non r\u00e9glable plut\u00f4t qu'un connecteur r\u00e9glable ?<\/strong><br data-start=\"3853\" data-end=\"3856\" \/><strong data-start=\"3856\" data-end=\"3863\">A2 :<\/strong> Les connecteurs non ajustables, comme cette version de 0,9 mm, sont pr\u00e9-optimis\u00e9s en usine pour une pr\u00e9cision dimensionnelle et des performances optiques constantes. Ils simplifient l'installation, r\u00e9duisent le temps de r\u00e9glage sur le terrain et sont id\u00e9aux pour les assemblages de fibres produits en masse.<\/p>\n<p data-start=\"4156\" data-end=\"4427\"><strong data-start=\"4156\" data-end=\"4227\">Q3 : Ce connecteur peut-il \u00eatre utilis\u00e9 dans des environnements soumis \u00e0 de fortes vibrations ?<\/strong><br data-start=\"4227\" data-end=\"4230\" \/><strong data-start=\"4230\" data-end=\"4237\">A3 :<\/strong> Oui. Le raccord m\u00e9tallique filet\u00e9 et la construction rigide permettent de maintenir des connexions stables, m\u00eame dans des environnements soumis \u00e0 des vibrations et \u00e0 des mouvements m\u00e9caniques.<\/p>","protected":false},"excerpt":{"rendered":"<h2 data-start=\"116\" data-end=\"141\">Pr\u00e9sentation du produit<\/h2>\n<p data-start=\"143\" data-end=\"609\">Le <strong data-start=\"147\" data-end=\"201\">FC APC 0,9 mm Connecteur fibre optique non r\u00e9glable<\/strong> est un connecteur \u00e0 haute fiabilit\u00e9 con\u00e7u pour les r\u00e9seaux de communication optique modernes. Avec sa taille fixe de 0,9 mm et sa f\u00e9rule \u00e0 contact physique angulaire (APC), ce connecteur offre les caract\u00e9ristiques suivantes <strong data-start=\"392\" data-end=\"570\">excellente int\u00e9grit\u00e9 du signal, faible perte d'insertion et perte de retour ultra-\u00e9lev\u00e9e - id\u00e9al pour les d\u00e9ploiements monomodes tels que FTTH, PON, CATV, LAN\/WAN et les environnements de test de pr\u00e9cision<\/strong>.<\/p>\n<p data-start=\"611\" data-end=\"986\">Cette version non r\u00e9glable garantit <strong data-start=\"647\" data-end=\"716\">pr\u00e9cision m\u00e9canique constante et performance optique reproductible<\/strong> sans qu'il soit n\u00e9cessaire de proc\u00e9der \u00e0 des ajustements sur le terrain, ce qui simplifie l'installation et la maintenance. Le corps m\u00e9tallique robuste et la construction r\u00e9sistante \u00e0 la corrosion le rendent adapt\u00e9 aux infrastructures int\u00e9rieures et aux environnements de t\u00e9l\u00e9communications contr\u00f4l\u00e9s.<\/p>","protected":false},"featured_media":921,"comment_status":"open","ping_status":"closed","template":"","meta":[],"product_brand":[],"product_cat":[34],"product_tag":[],"class_list":{"0":"post-920","1":"product","2":"type-product","3":"status-publish","4":"has-post-thumbnail","6":"product_cat-fc-connector","8":"first","9":"instock","10":"shipping-taxable","11":"product-type-simple"},"_links":{"self":[{"href":"https:\/\/www.fenxifiber.com\/fr\/wp-json\/wp\/v2\/product\/920","targetHints":{"allow":["GET"]}}],"collection":[{"href":"https:\/\/www.fenxifiber.com\/fr\/wp-json\/wp\/v2\/product"}],"about":[{"href":"https:\/\/www.fenxifiber.com\/fr\/wp-json\/wp\/v2\/types\/product"}],"replies":[{"embeddable":true,"href":"https:\/\/www.fenxifiber.com\/fr\/wp-json\/wp\/v2\/comments?post=920"}],"wp:featuredmedia":[{"embeddable":true,"href":"https:\/\/www.fenxifiber.com\/fr\/wp-json\/wp\/v2\/media\/921"}],"wp:attachment":[{"href":"https:\/\/www.fenxifiber.com\/fr\/wp-json\/wp\/v2\/media?parent=920"}],"wp:term":[{"taxonomy":"product_brand","embeddable":true,"href":"https:\/\/www.fenxifiber.com\/fr\/wp-json\/wp\/v2\/product_brand?post=920"},{"taxonomy":"product_cat","embeddable":true,"href":"https:\/\/www.fenxifiber.com\/fr\/wp-json\/wp\/v2\/product_cat?post=920"},{"taxonomy":"product_tag","embeddable":true,"href":"https:\/\/www.fenxifiber.com\/fr\/wp-json\/wp\/v2\/product_tag?post=920"}],"curies":[{"name":"wp","href":"https:\/\/api.w.org\/{rel}","templated":true}]}}