{"id":922,"date":"2026-02-04T03:23:22","date_gmt":"2026-02-04T03:23:22","guid":{"rendered":"https:\/\/www.fenxifiber.com\/?post_type=product&#038;p=922"},"modified":"2026-02-05T02:15:51","modified_gmt":"2026-02-05T02:15:51","slug":"fc-apc-2-0-3-0mm-non-reglable","status":"publish","type":"product","link":"https:\/\/www.fenxifiber.com\/fr\/product\/fc-apc-2-0-3-0mm-non-adjustable\/","title":{"rendered":"FC APC 2.0\/3.0mm Connecteur fibre optique non ajustable"},"content":{"rendered":"<h2 data-start=\"1097\" data-end=\"1114\">Caract\u00e9ristiques principales<\/h2>\n<ul data-start=\"1116\" data-end=\"1888\">\n<li data-start=\"1116\" data-end=\"1237\">\n<p data-start=\"1118\" data-end=\"1237\"><strong data-start=\"1118\" data-end=\"1163\">Fixe non ajustable 2,0 mm \/ 3,0 mm de la botte<\/strong> pour les gaines de c\u00e2bles en fibre standard.<\/p>\n<\/li>\n<li data-start=\"1238\" data-end=\"1349\">\n<p data-start=\"1240\" data-end=\"1349\"><strong data-start=\"1240\" data-end=\"1261\">Polissage angulaire APC<\/strong> pour une perte de retour sup\u00e9rieure (\u2265 60 dB).<\/p>\n<\/li>\n<li data-start=\"1350\" data-end=\"1452\">\n<p data-start=\"1352\" data-end=\"1452\"><strong data-start=\"1352\" data-end=\"1374\">Faible perte d'insertion<\/strong> typique pour les applications monomodes.<\/p>\n<\/li>\n<li data-start=\"1453\" data-end=\"1558\">\n<p data-start=\"1455\" data-end=\"1558\"><strong data-start=\"1455\" data-end=\"1484\">Virole c\u00e9ramique de pr\u00e9cision<\/strong> garantit un alignement pr\u00e9cis des fibres.<\/p>\n<\/li>\n<li data-start=\"1559\" data-end=\"1680\">\n<p data-start=\"1561\" data-end=\"1680\"><strong data-start=\"1561\" data-end=\"1592\">\u00c9crou d'accouplement m\u00e9tallique filet\u00e9<\/strong> offre des connexions s\u00fbres et r\u00e9sistantes aux vibrations.<\/p>\n<\/li>\n<li data-start=\"1681\" data-end=\"1785\">\n<p data-start=\"1683\" data-end=\"1785\"><strong data-start=\"1683\" data-end=\"1716\">ISO9001:2015 et conforme \u00e0 la directive RoHS<\/strong> la fabrication et les mat\u00e9riaux.<\/p>\n<\/li>\n<li data-start=\"1786\" data-end=\"1888\">\n<p data-start=\"1788\" data-end=\"1888\"><strong data-start=\"1788\" data-end=\"1812\">Plusieurs couleurs de bottes<\/strong> disponible pour l'identification du r\u00e9seau.<\/p>\n<\/li>\n<\/ul>\n<hr data-start=\"1890\" data-end=\"1893\" \/>\n<h2 data-start=\"1895\" data-end=\"1924\">Sp\u00e9cifications techniques<\/h2>\n<h3 data-start=\"1926\" data-end=\"1949\">Performances optiques<\/h3>\n<div class=\"TyagGW_tableContainer\">\n<div class=\"group TyagGW_tableWrapper flex flex-col-reverse w-fit\" tabindex=\"-1\">\n<table class=\"w-fit min-w-(--thread-content-width)\" data-start=\"1951\" data-end=\"2207\">\n<thead data-start=\"1951\" data-end=\"1980\">\n<tr data-start=\"1951\" data-end=\"1980\">\n<th class=\"align-top\" data-start=\"1951\" data-end=\"1963\" data-col-size=\"sm\">Param\u00e8tres<\/th>\n<th class=\"align-top\" data-start=\"1963\" data-end=\"1980\" data-col-size=\"sm\">Valeur typique<\/th>\n<\/tr>\n<\/thead>\n<tbody data-start=\"2012\" data-end=\"2207\">\n<tr data-start=\"2012\" data-end=\"2048\">\n<td data-start=\"2012\" data-end=\"2035\" data-col-size=\"sm\">Perte d'insertion (APC)<\/td>\n<td data-start=\"2035\" data-end=\"2048\" data-col-size=\"sm\">\u2264 0,25 dB<\/td>\n<\/tr>\n<tr data-start=\"2049\" data-end=\"2080\">\n<td data-start=\"2049\" data-end=\"2069\" data-col-size=\"sm\">Perte de retour (APC)<\/td>\n<td data-start=\"2069\" data-end=\"2080\" data-col-size=\"sm\">\u2265 60 dB<\/td>\n<\/tr>\n<tr data-start=\"2081\" data-end=\"2120\">\n<td data-start=\"2081\" data-end=\"2094\" data-col-size=\"sm\">Mode fibre<\/td>\n<td data-start=\"2094\" data-end=\"2120\" data-col-size=\"sm\">monomode (9\/125 \u00b5m)<\/td>\n<\/tr>\n<tr data-start=\"2121\" data-end=\"2165\">\n<td data-start=\"2121\" data-end=\"2144\" data-col-size=\"sm\">Longueur d'onde de fonctionnement<\/td>\n<td data-start=\"2144\" data-end=\"2165\" data-col-size=\"sm\">1310 nm \/ 1550 nm<\/td>\n<\/tr>\n<tr data-start=\"2166\" data-end=\"2207\">\n<td data-start=\"2166\" data-end=\"2185\" data-col-size=\"sm\">Mat\u00e9riau de la virole<\/td>\n<td data-start=\"2185\" data-end=\"2207\" data-col-size=\"sm\">C\u00e9ramique (Zircone)<\/td>\n<\/tr>\n<\/tbody>\n<\/table>\n<\/div>\n<\/div>\n<p data-start=\"2209\" data-end=\"2319\"><em data-start=\"2209\" data-end=\"2279\">Valeurs industrielles typiques pour les connecteurs FC\/APC avec des embouts de 2,0\/3,0 mm.<\/em><\/p>\n<h3 data-start=\"2321\" data-end=\"2351\">M\u00e9canique et environnement<\/h3>\n<div class=\"TyagGW_tableContainer\">\n<div class=\"group TyagGW_tableWrapper flex flex-col-reverse w-fit\" tabindex=\"-1\">\n<table class=\"w-fit min-w-(--thread-content-width)\" data-start=\"2353\" data-end=\"2620\">\n<thead data-start=\"2353\" data-end=\"2380\">\n<tr data-start=\"2353\" data-end=\"2380\">\n<th class=\"align-top\" data-start=\"2353\" data-end=\"2363\" data-col-size=\"sm\">Fonctionnalit\u00e9<\/th>\n<th class=\"align-top\" data-start=\"2363\" data-end=\"2380\" data-col-size=\"sm\">Sp\u00e9cifications<\/th>\n<\/tr>\n<\/thead>\n<tbody data-start=\"2410\" data-end=\"2620\">\n<tr data-start=\"2410\" data-end=\"2445\">\n<td data-start=\"2410\" data-end=\"2426\" data-col-size=\"sm\">Diam\u00e8tre de la botte<\/td>\n<td data-start=\"2426\" data-end=\"2445\" data-col-size=\"sm\">2,0 mm \/ 3,0 mm<\/td>\n<\/tr>\n<tr data-start=\"2446\" data-end=\"2488\">\n<td data-start=\"2446\" data-end=\"2470\" data-col-size=\"sm\">Temp\u00e9rature de fonctionnement<\/td>\n<td data-start=\"2470\" data-end=\"2488\" data-col-size=\"sm\">-40\u00b0C \u00e0 +85\u00b0C<\/td>\n<\/tr>\n<tr data-start=\"2489\" data-end=\"2528\">\n<td data-start=\"2489\" data-end=\"2506\" data-col-size=\"sm\">Style d'accouplement<\/td>\n<td data-start=\"2506\" data-end=\"2528\" data-col-size=\"sm\">Ecrou m\u00e9tallique filet\u00e9<\/td>\n<\/tr>\n<tr data-start=\"2529\" data-end=\"2582\">\n<td data-start=\"2529\" data-end=\"2551\" data-col-size=\"sm\">Conformit\u00e9 aux normes<\/td>\n<td data-start=\"2551\" data-end=\"2582\" data-col-size=\"sm\">IEC 61754-13 \/ ISO9001:2015<\/td>\n<\/tr>\n<tr data-start=\"2583\" data-end=\"2620\">\n<td data-start=\"2583\" data-end=\"2596\" data-col-size=\"sm\">Durabilit\u00e9<\/td>\n<td data-start=\"2596\" data-end=\"2620\" data-col-size=\"sm\">\u2265 1000 cycles d'accouplement<\/td>\n<\/tr>\n<\/tbody>\n<\/table>\n<\/div>\n<\/div>\n<p data-start=\"2622\" data-end=\"2746\"><em data-start=\"2622\" data-end=\"2706\">Repr\u00e9sente les performances standard attendues pour les connecteurs FC\/APC non ajustables.<\/em><\/p>\n<hr data-start=\"2748\" data-end=\"2751\" \/>\n<h2 data-start=\"2753\" data-end=\"2778\">Applications typiques<\/h2>\n<ul data-start=\"2780\" data-end=\"3446\">\n<li data-start=\"2780\" data-end=\"2913\">\n<p data-start=\"2782\" data-end=\"2913\"><strong data-start=\"2782\" data-end=\"2813\">R\u00e9seaux de t\u00e9l\u00e9communications<\/strong> - Terminaisons fiables pour les r\u00e9seaux longue distance et m\u00e9tropolitains.<\/p>\n<\/li>\n<li data-start=\"2914\" data-end=\"3040\">\n<p data-start=\"2916\" data-end=\"3040\"><strong data-start=\"2916\" data-end=\"2941\">D\u00e9ploiement PON \/ FTTH<\/strong> - Connexions d'acc\u00e8s optiques stables avec une faible r\u00e9flexion.<\/p>\n<\/li>\n<li data-start=\"3041\" data-end=\"3172\">\n<p data-start=\"3043\" data-end=\"3172\"><strong data-start=\"3043\" data-end=\"3071\">Syst\u00e8mes CATV \/ \u00e0 large bande<\/strong> - Connecteurs \u00e0 haute perte de rendement assurant l'int\u00e9grit\u00e9 du signal.<\/p>\n<\/li>\n<li data-start=\"3173\" data-end=\"3306\">\n<p data-start=\"3175\" data-end=\"3306\"><strong data-start=\"3175\" data-end=\"3203\">Infrastructure LAN et WAN<\/strong> - Panneaux de brassage, r\u00e9partiteurs et terminaisons de fibres.<\/p>\n<\/li>\n<li data-start=\"3307\" data-end=\"3446\">\n<p data-start=\"3309\" data-end=\"3446\"><strong data-start=\"3309\" data-end=\"3352\">Interfaces pour \u00e9quipements de test et de mesure<\/strong> - Alignement optique pr\u00e9cis en laboratoire et sur le terrain.<\/p>\n<\/li>\n<\/ul>\n<hr data-start=\"3448\" data-end=\"3451\" \/>\n<h2 data-start=\"3453\" data-end=\"3472\">Questions et r\u00e9ponses professionnelles<\/h2>\n<p data-start=\"3474\" data-end=\"3850\"><strong data-start=\"3474\" data-end=\"3543\">Q1 : Pourquoi choisir un connecteur non r\u00e9glable plut\u00f4t qu'un connecteur r\u00e9glable ?<\/strong><br data-start=\"3543\" data-end=\"3546\" \/><strong data-start=\"3546\" data-end=\"3553\">A1 :<\/strong> Les connecteurs non ajustables sont optimis\u00e9s en usine avec des dimensions fixes qui \u00e9liminent la n\u00e9cessit\u00e9 d'un r\u00e9glage sur le terrain, ce qui garantit des performances optiques constantes, un assemblage plus rapide et un contr\u00f4le de qualit\u00e9 plus facile dans le cadre d'une production en grande quantit\u00e9 ou d'assemblages de c\u00e2bles standardis\u00e9s.<\/p>\n<p data-start=\"3852\" data-end=\"4202\"><strong data-start=\"3852\" data-end=\"3897\">Q2 : Qu'est-ce que l'APC et pourquoi est-elle b\u00e9n\u00e9fique ?<\/strong><br data-start=\"3897\" data-end=\"3900\" \/><strong data-start=\"3900\" data-end=\"3907\">A2 :<\/strong> APC signifie <em data-start=\"3923\" data-end=\"3948\">Contact physique angulaire<\/em>. La surface d'extr\u00e9mit\u00e9 de la virole est polie \u00e0 un angle (g\u00e9n\u00e9ralement 8\u00b0), ce qui r\u00e9duit consid\u00e9rablement la r\u00e9tro-r\u00e9flexion et am\u00e9liore la perte de retour, ce qui est essentiel pour les r\u00e9seaux monomodes \u00e0 haute performance et les liaisons optiques sensibles.<\/p>\n<p data-start=\"4204\" data-end=\"4562\"><strong data-start=\"4204\" data-end=\"4296\">Q3 : Les connecteurs FC APC avec des capuchons de 2,0\/3,0 mm sont-ils compatibles avec les c\u00e2bles de t\u00e9l\u00e9communication standard ?<\/strong><br data-start=\"4296\" data-end=\"4299\" \/><strong data-start=\"4299\" data-end=\"4306\">A3 :<\/strong> Oui - Les connecteurs FC APC prenant en charge les diam\u00e8tres 2,0 mm et 3,0 mm sont con\u00e7us pour s'adapter aux gaines des c\u00e2bles de t\u00e9l\u00e9communications et de fibres d'entreprise typiques, offrant un accouplement s\u00fbr et des performances robustes sur une large plage de temp\u00e9ratures.<\/p>","protected":false},"excerpt":{"rendered":"<h2 data-start=\"107\" data-end=\"128\">Aper\u00e7u du produit<\/h2>\n<p data-start=\"130\" data-end=\"684\">Le <strong data-start=\"134\" data-end=\"175\"><span class=\"entity-underline hover:entity-accent inline cursor-pointer align-baseline\"><span class=\"whitespace-normal\">FC APC Single-Mode 3.0mm Boot Connector<\/span><\/span><\/strong> est un connecteur de fibre optique non ajustable fabriqu\u00e9 avec pr\u00e9cision et con\u00e7u pour les d\u00e9ploiements exigeants de communications optiques monomodes. Con\u00e7u avec un <strong data-start=\"335\" data-end=\"368\">2,0 mm \/ 3,0 mm diam\u00e8tre de la botte<\/strong>, Ce connecteur offre des performances optiques stables et une perte de retour \u00e9lev\u00e9e gr\u00e2ce \u00e0 la technologie de l'interface utilisateur. <strong data-start=\"450\" data-end=\"498\">APC (Angled Physical Contact) ferrule polish<\/strong>, Il s'agit donc d'un excellent choix pour <strong data-start=\"534\" data-end=\"645\">les r\u00e9seaux de t\u00e9l\u00e9communications, les syst\u00e8mes PON\/FTTH, les infrastructures CATV, LAN\/WAN et les interfaces des \u00e9quipements d'essai<\/strong>.<\/p>\n<p data-start=\"686\" data-end=\"1090\">Contrairement aux connecteurs r\u00e9glables, la version non r\u00e9glable est optimis\u00e9e en usine avec des dimensions fixes, ce qui permet d'obtenir un alignement coh\u00e9rent et des caract\u00e9ristiques optiques reproductibles sans qu'il soit n\u00e9cessaire de proc\u00e9der \u00e0 des r\u00e9glages sur le terrain. Son corps m\u00e9tallique robuste avec accouplement filet\u00e9 garantit un engagement m\u00e9canique s\u00fbr - id\u00e9al pour les environnements d'installation et les op\u00e9rations \u00e0 long terme.<\/p>","protected":false},"featured_media":923,"comment_status":"open","ping_status":"closed","template":"","meta":[],"product_brand":[],"product_cat":[34],"product_tag":[],"class_list":{"0":"post-922","1":"product","2":"type-product","3":"status-publish","4":"has-post-thumbnail","6":"product_cat-fc-connector","8":"first","9":"instock","10":"shipping-taxable","11":"product-type-simple"},"_links":{"self":[{"href":"https:\/\/www.fenxifiber.com\/fr\/wp-json\/wp\/v2\/product\/922","targetHints":{"allow":["GET"]}}],"collection":[{"href":"https:\/\/www.fenxifiber.com\/fr\/wp-json\/wp\/v2\/product"}],"about":[{"href":"https:\/\/www.fenxifiber.com\/fr\/wp-json\/wp\/v2\/types\/product"}],"replies":[{"embeddable":true,"href":"https:\/\/www.fenxifiber.com\/fr\/wp-json\/wp\/v2\/comments?post=922"}],"wp:featuredmedia":[{"embeddable":true,"href":"https:\/\/www.fenxifiber.com\/fr\/wp-json\/wp\/v2\/media\/923"}],"wp:attachment":[{"href":"https:\/\/www.fenxifiber.com\/fr\/wp-json\/wp\/v2\/media?parent=922"}],"wp:term":[{"taxonomy":"product_brand","embeddable":true,"href":"https:\/\/www.fenxifiber.com\/fr\/wp-json\/wp\/v2\/product_brand?post=922"},{"taxonomy":"product_cat","embeddable":true,"href":"https:\/\/www.fenxifiber.com\/fr\/wp-json\/wp\/v2\/product_cat?post=922"},{"taxonomy":"product_tag","embeddable":true,"href":"https:\/\/www.fenxifiber.com\/fr\/wp-json\/wp\/v2\/product_tag?post=922"}],"curies":[{"name":"wp","href":"https:\/\/api.w.org\/{rel}","templated":true}]}}