{"id":928,"date":"2026-02-04T03:26:49","date_gmt":"2026-02-04T03:26:49","guid":{"rendered":"https:\/\/www.fenxifiber.com\/?post_type=product&#038;p=928"},"modified":"2026-02-05T02:18:22","modified_gmt":"2026-02-05T02:18:22","slug":"fc-pc-2-0-3-0mm-non-reglable","status":"publish","type":"product","link":"https:\/\/www.fenxifiber.com\/fr\/product\/fc-pc-2-0-3-0mm-non-adjustable\/","title":{"rendered":"FC PC 2.0\/3.0mm Connecteur fibre optique non ajustable"},"content":{"rendered":"<h3 data-start=\"791\" data-end=\"816\">Pourquoi non r\u00e9glable ?<\/h3>\n<p data-start=\"818\" data-end=\"981\">Contrairement aux connecteurs r\u00e9glables, ce mod\u00e8le utilise un <strong data-start=\"866\" data-end=\"901\">structure de la virole fix\u00e9e en usine<\/strong>.<br data-start=\"902\" data-end=\"905\" \/>Cela signifie que chaque connecteur est align\u00e9 et r\u00e9gl\u00e9 pendant la production, ce qui vous permet d'obtenir un r\u00e9sultat optimal :<\/p>\n<ul data-start=\"983\" data-end=\"1110\">\n<li data-start=\"983\" data-end=\"1022\">\n<p data-start=\"985\" data-end=\"1022\">Des performances optiques plus constantes<\/p>\n<\/li>\n<li data-start=\"1023\" data-end=\"1048\">\n<p data-start=\"1025\" data-end=\"1048\">Assemblage plus rapide des c\u00e2bles<\/p>\n<\/li>\n<li data-start=\"1049\" data-end=\"1073\">\n<p data-start=\"1051\" data-end=\"1073\">Taux de rejet plus faible<\/p>\n<\/li>\n<li data-start=\"1074\" data-end=\"1110\">\n<p data-start=\"1076\" data-end=\"1110\">Meilleure uniformit\u00e9 d'un lot \u00e0 l'autre<\/p>\n<\/li>\n<\/ul>\n<p data-start=\"1112\" data-end=\"1328\">Il est donc particuli\u00e8rement adapt\u00e9 pour <strong data-start=\"1150\" data-end=\"1203\">production en masse de cordons de raccordement et de pigtails en fibre optique<\/strong>, C'est exactement ce que font les fabricants professionnels tels que <strong data-start=\"1262\" data-end=\"1318\">Changzhou Fenxi Optoelectronics Technology Co. Ltd.<\/strong> se concentrer sur.<\/p>\n<hr data-start=\"1330\" data-end=\"1333\" \/>\n<h3 data-start=\"1335\" data-end=\"1380\">Con\u00e7u pour les c\u00e2bles \u00e0 fibres optiques de 2,0 mm et 3,0 mm<\/h3>\n<p data-start=\"1382\" data-end=\"1445\">Ce connecteur prend en charge les deux tailles de gaine de fibre les plus courantes :<\/p>\n<div class=\"TyagGW_tableContainer\">\n<div class=\"group TyagGW_tableWrapper flex flex-col-reverse w-fit\" tabindex=\"-1\">\n<table class=\"w-fit min-w-(--thread-content-width)\" data-start=\"1447\" data-end=\"1614\">\n<thead data-start=\"1447\" data-end=\"1475\">\n<tr data-start=\"1447\" data-end=\"1475\">\n<th class=\"\" data-start=\"1447\" data-end=\"1460\" data-col-size=\"sm\">Type de c\u00e2ble<\/th>\n<th class=\"\" data-start=\"1460\" data-end=\"1475\" data-col-size=\"md\">Utilisation typique<\/th>\n<\/tr>\n<\/thead>\n<tbody data-start=\"1503\" data-end=\"1614\">\n<tr data-start=\"1503\" data-end=\"1556\">\n<td data-start=\"1503\" data-end=\"1515\" data-col-size=\"sm\"><strong data-start=\"1505\" data-end=\"1514\">2,0 mm<\/strong><\/td>\n<td data-col-size=\"md\" data-start=\"1515\" data-end=\"1556\">Cordons de raccordement int\u00e9rieurs, cavaliers d'\u00e9quipement<\/td>\n<\/tr>\n<tr data-start=\"1557\" data-end=\"1614\">\n<td data-start=\"1557\" data-end=\"1569\" data-col-size=\"sm\"><strong data-start=\"1559\" data-end=\"1568\">3,0 mm<\/strong><\/td>\n<td data-col-size=\"md\" data-start=\"1569\" data-end=\"1614\">Cordons de raccordement de qualit\u00e9 t\u00e9l\u00e9com, liaisons dorsales<\/td>\n<\/tr>\n<\/tbody>\n<\/table>\n<\/div>\n<\/div>\n<p data-start=\"1616\" data-end=\"1782\">Que vous construisiez des cavaliers d'\u00e9quipement courts ou des cordons de raccordement t\u00e9l\u00e9com longue distance, ce connecteur PC FC s'adapte \u00e0 tous les cas de figure sans modifier la structure optique interne.<\/p>\n<hr data-start=\"1784\" data-end=\"1787\" \/>\n<h3 data-start=\"1789\" data-end=\"1830\">Des performances optiques sur lesquelles vous pouvez compter<\/h3>\n<div class=\"TyagGW_tableContainer\">\n<div class=\"group TyagGW_tableWrapper flex flex-col-reverse w-fit\" tabindex=\"-1\">\n<table class=\"w-fit min-w-(--thread-content-width)\" data-start=\"1832\" data-end=\"2111\">\n<thead data-start=\"1832\" data-end=\"1867\">\n<tr data-start=\"1832\" data-end=\"1867\">\n<th class=\"\" data-start=\"1832\" data-end=\"1844\" data-col-size=\"sm\">Param\u00e8tres<\/th>\n<th class=\"\" data-start=\"1844\" data-end=\"1867\" data-col-size=\"sm\">Performances typiques<\/th>\n<\/tr>\n<\/thead>\n<tbody data-start=\"1900\" data-end=\"2111\">\n<tr data-start=\"1900\" data-end=\"1937\">\n<td data-start=\"1900\" data-end=\"1913\" data-col-size=\"sm\">Type de fibre<\/td>\n<td data-col-size=\"sm\" data-start=\"1913\" data-end=\"1937\">monomode 9\/125 \u00b5m<\/td>\n<\/tr>\n<tr data-start=\"1938\" data-end=\"1977\">\n<td data-start=\"1938\" data-end=\"1952\" data-col-size=\"sm\">Type de polissage<\/td>\n<td data-col-size=\"sm\" data-start=\"1952\" data-end=\"1977\">PC (contact physique)<\/td>\n<\/tr>\n<tr data-start=\"1978\" data-end=\"2008\">\n<td data-start=\"1978\" data-end=\"1995\" data-col-size=\"sm\">Perte d'insertion<\/td>\n<td data-col-size=\"sm\" data-start=\"1995\" data-end=\"2008\">\u2264 0,30 dB<\/td>\n<\/tr>\n<tr data-start=\"2009\" data-end=\"2034\">\n<td data-start=\"2009\" data-end=\"2023\" data-col-size=\"sm\">Perte de retour<\/td>\n<td data-col-size=\"sm\" data-start=\"2023\" data-end=\"2034\">\u2265 45 dB<\/td>\n<\/tr>\n<tr data-start=\"2035\" data-end=\"2079\">\n<td data-start=\"2035\" data-end=\"2058\" data-col-size=\"sm\">Longueur d'onde de fonctionnement<\/td>\n<td data-col-size=\"sm\" data-start=\"2058\" data-end=\"2079\">1310 nm \/ 1550 nm<\/td>\n<\/tr>\n<tr data-start=\"2080\" data-end=\"2111\">\n<td data-start=\"2080\" data-end=\"2094\" data-col-size=\"sm\">La vie sexuelle<\/td>\n<td data-col-size=\"sm\" data-start=\"2094\" data-end=\"2111\">\u2265 1000 cycles<\/td>\n<\/tr>\n<\/tbody>\n<\/table>\n<\/div>\n<\/div>\n<p data-start=\"2113\" data-end=\"2208\">Ces valeurs r\u00e9pondent aux exigences standard des r\u00e9seaux optiques de t\u00e9l\u00e9communications, FTTH et d'entreprise.<\/p>\n<hr data-start=\"2210\" data-end=\"2213\" \/>\n<h3 data-start=\"2215\" data-end=\"2256\">Con\u00e7u pour les environnements de r\u00e9seau r\u00e9els<\/h3>\n<div class=\"TyagGW_tableContainer\">\n<div class=\"group TyagGW_tableWrapper flex flex-col-reverse w-fit\" tabindex=\"-1\">\n<table class=\"w-fit min-w-(--thread-content-width)\" data-start=\"2258\" data-end=\"2511\">\n<thead data-start=\"2258\" data-end=\"2285\">\n<tr data-start=\"2258\" data-end=\"2285\">\n<th class=\"\" data-start=\"2258\" data-end=\"2268\" data-col-size=\"sm\">Fonctionnalit\u00e9<\/th>\n<th class=\"\" data-start=\"2268\" data-end=\"2285\" data-col-size=\"sm\">Sp\u00e9cifications<\/th>\n<\/tr>\n<\/thead>\n<tbody data-start=\"2313\" data-end=\"2511\">\n<tr data-start=\"2313\" data-end=\"2339\">\n<td data-start=\"2313\" data-end=\"2330\" data-col-size=\"sm\">Type de connecteur<\/td>\n<td data-col-size=\"sm\" data-start=\"2330\" data-end=\"2339\">PC FC<\/td>\n<\/tr>\n<tr data-start=\"2340\" data-end=\"2370\">\n<td data-start=\"2340\" data-end=\"2353\" data-col-size=\"sm\">Taille du c\u00e2ble<\/td>\n<td data-col-size=\"sm\" data-start=\"2353\" data-end=\"2370\">2,0 mm \/ 3,0 mm<\/td>\n<\/tr>\n<tr data-start=\"2371\" data-end=\"2401\">\n<td data-start=\"2371\" data-end=\"2381\" data-col-size=\"sm\">Embout<\/td>\n<td data-col-size=\"sm\" data-start=\"2381\" data-end=\"2401\">C\u00e9ramique zircone<\/td>\n<\/tr>\n<tr data-start=\"2402\" data-end=\"2437\">\n<td data-start=\"2402\" data-end=\"2413\" data-col-size=\"sm\">Accouplement<\/td>\n<td data-col-size=\"sm\" data-start=\"2413\" data-end=\"2437\">Vis m\u00e9tallique filet\u00e9e<\/td>\n<\/tr>\n<tr data-start=\"2438\" data-end=\"2480\">\n<td data-start=\"2438\" data-end=\"2462\" data-col-size=\"sm\">Temp\u00e9rature de fonctionnement<\/td>\n<td data-col-size=\"sm\" data-start=\"2462\" data-end=\"2480\">De -40\u00b0C \u00e0 +75\u00b0C<\/td>\n<\/tr>\n<tr data-start=\"2481\" data-end=\"2511\">\n<td data-start=\"2481\" data-end=\"2500\" data-col-size=\"sm\">R\u00e9sistance \u00e0 la traction<\/td>\n<td data-col-size=\"sm\" data-start=\"2500\" data-end=\"2511\">\u2265 200 N<\/td>\n<\/tr>\n<\/tbody>\n<\/table>\n<\/div>\n<\/div>\n<p data-start=\"2513\" data-end=\"2660\">Le <strong data-start=\"2517\" data-end=\"2541\">Raccord filet\u00e9 FC<\/strong> garantit qu'une fois connect\u00e9e, la fibre reste bloqu\u00e9e en place, m\u00eame dans les racks, les armoires ou les bo\u00eetiers t\u00e9l\u00e9coms ext\u00e9rieurs.<\/p>\n<hr data-start=\"2662\" data-end=\"2665\" \/>\n<h3 data-start=\"2667\" data-end=\"2710\">O\u00f9 ce connecteur est couramment utilis\u00e9<\/h3>\n<p data-start=\"2712\" data-end=\"2756\">Vous trouverez des connecteurs FC PC 2.0\/3.0mm dans :<\/p>\n<ul data-start=\"2758\" data-end=\"2967\">\n<li data-start=\"2758\" data-end=\"2798\">\n<p data-start=\"2760\" data-end=\"2798\">R\u00e9seaux dorsaux et d'acc\u00e8s aux t\u00e9l\u00e9communications<\/p>\n<\/li>\n<li data-start=\"2799\" data-end=\"2823\">\n<p data-start=\"2801\" data-end=\"2823\">Syst\u00e8mes FTTH et PON<\/p>\n<\/li>\n<li data-start=\"2824\" data-end=\"2858\">\n<p data-start=\"2826\" data-end=\"2858\">Cordons de raccordement et pigtails en fibre optique<\/p>\n<\/li>\n<li data-start=\"2859\" data-end=\"2892\">\n<p data-start=\"2861\" data-end=\"2892\">Cadres ODF et armoires \u00e0 fibres<\/p>\n<\/li>\n<li data-start=\"2893\" data-end=\"2924\">\n<p data-start=\"2895\" data-end=\"2924\">R\u00e9seaux CATV et \u00e0 large bande<\/p>\n<\/li>\n<li data-start=\"2925\" data-end=\"2967\">\n<p data-start=\"2927\" data-end=\"2967\">\u00c9quipement de test et de mesure optique<\/p>\n<\/li>\n<\/ul>\n<p data-start=\"2969\" data-end=\"3058\">Ce connecteur s'int\u00e8gre naturellement partout o\u00f9 des connexions fibre stables et \u00e0 faible perte sont n\u00e9cessaires.<\/p>\n<hr data-start=\"3060\" data-end=\"3063\" \/>\n<h2 data-start=\"3065\" data-end=\"3086\">Questions et r\u00e9ponses professionnelles<\/h2>\n<p data-start=\"3088\" data-end=\"3265\"><strong data-start=\"3088\" data-end=\"3139\">Q1 : Est-il possible de connecter ensemble FC PC et FC APC ?<\/strong><br data-start=\"3139\" data-end=\"3142\" \/>Non. FC PC a une face frontale plate, tandis que FC APC est inclin\u00e9e. Leur connexion entra\u00eenera <strong data-start=\"3224\" data-end=\"3264\">perte importante et risque d'endommager la virole<\/strong>.<\/p>\n<hr data-start=\"3267\" data-end=\"3270\" \/>\n<p data-start=\"3272\" data-end=\"3494\"><strong data-start=\"3272\" data-end=\"3324\">Q2 : Quand dois-je choisir 2,0 mm au lieu de 3,0 mm ?<\/strong><br data-start=\"3324\" data-end=\"3327\" \/>2,0 mm est g\u00e9n\u00e9ralement utilis\u00e9 pour <strong data-start=\"3355\" data-end=\"3399\">les cavaliers d'\u00e9quipement et les cordons de raccordement int\u00e9rieurs<\/strong>, tandis que 3,0 mm est pr\u00e9f\u00e9rable pour les <strong data-start=\"3430\" data-end=\"3461\">c\u00e2bles de t\u00e9l\u00e9communication et c\u00e2bles dorsaux<\/strong> avec une r\u00e9sistance m\u00e9canique plus \u00e9lev\u00e9e.<\/p>\n<hr data-start=\"3496\" data-end=\"3499\" \/>\n<p data-start=\"3501\" data-end=\"3709\"><strong data-start=\"3501\" data-end=\"3550\">Q3 : Un syst\u00e8me non r\u00e9glable est-il pr\u00e9f\u00e9rable \u00e0 un syst\u00e8me r\u00e9glable ?<\/strong><br data-start=\"3550\" data-end=\"3553\" \/>Pour <strong data-start=\"3557\" data-end=\"3598\">cordons de raccordement et pigtails fabriqu\u00e9s en usine<\/strong>, Oui. Les connecteurs non r\u00e9glables donnent <strong data-start=\"3636\" data-end=\"3708\">une meilleure coh\u00e9rence, un assemblage plus rapide et une qualit\u00e9 optique plus stable<\/strong>.<\/p>","protected":false},"excerpt":{"rendered":"<h3 data-start=\"170\" data-end=\"227\">Un connecteur FC fiable pour les r\u00e9seaux \u00e0 fibres optiques de tous les jours<\/h3>\n<p data-start=\"229\" data-end=\"513\">Le <strong data-start=\"233\" data-end=\"277\">FC PC 2.0\/3.0mm Connecteur non ajustable<\/strong> est con\u00e7u pour une seule chose : <strong data-start=\"302\" data-end=\"341\">performance stable et \u00e0 long terme de la fibre<\/strong>.<br data-start=\"342\" data-end=\"345\" \/>Il est con\u00e7u pour <strong data-start=\"364\" data-end=\"420\">c\u00e2bles en fibre monomode avec gaines de 2,0 mm ou 3,0 mm<\/strong>, Il est donc id\u00e9al pour les cordons de raccordement t\u00e9l\u00e9com standard, les pigtails et les syst\u00e8mes de distribution de fibres.<\/p>\n<p data-start=\"515\" data-end=\"784\">Avec son <strong data-start=\"524\" data-end=\"579\">PC (Physical Contact) bague en c\u00e9ramique polie \u00e0 plat<\/strong> et <strong data-start=\"584\" data-end=\"613\">filet\u00e9 FC bo\u00eetier m\u00e9tallique<\/strong>, ce connecteur fournit une <strong data-start=\"641\" data-end=\"673\">connexion m\u00e9canique s\u00fbre<\/strong> et <strong data-start=\"678\" data-end=\"711\">perte optique toujours faible<\/strong>-m\u00eame dans des environnements o\u00f9 les vibrations ou les reconnexions r\u00e9p\u00e9t\u00e9es sont courantes.<\/p>","protected":false},"featured_media":929,"comment_status":"open","ping_status":"closed","template":"","meta":[],"product_brand":[],"product_cat":[34],"product_tag":[],"class_list":{"0":"post-928","1":"product","2":"type-product","3":"status-publish","4":"has-post-thumbnail","6":"product_cat-fc-connector","8":"first","9":"instock","10":"shipping-taxable","11":"product-type-simple"},"_links":{"self":[{"href":"https:\/\/www.fenxifiber.com\/fr\/wp-json\/wp\/v2\/product\/928","targetHints":{"allow":["GET"]}}],"collection":[{"href":"https:\/\/www.fenxifiber.com\/fr\/wp-json\/wp\/v2\/product"}],"about":[{"href":"https:\/\/www.fenxifiber.com\/fr\/wp-json\/wp\/v2\/types\/product"}],"replies":[{"embeddable":true,"href":"https:\/\/www.fenxifiber.com\/fr\/wp-json\/wp\/v2\/comments?post=928"}],"wp:featuredmedia":[{"embeddable":true,"href":"https:\/\/www.fenxifiber.com\/fr\/wp-json\/wp\/v2\/media\/929"}],"wp:attachment":[{"href":"https:\/\/www.fenxifiber.com\/fr\/wp-json\/wp\/v2\/media?parent=928"}],"wp:term":[{"taxonomy":"product_brand","embeddable":true,"href":"https:\/\/www.fenxifiber.com\/fr\/wp-json\/wp\/v2\/product_brand?post=928"},{"taxonomy":"product_cat","embeddable":true,"href":"https:\/\/www.fenxifiber.com\/fr\/wp-json\/wp\/v2\/product_cat?post=928"},{"taxonomy":"product_tag","embeddable":true,"href":"https:\/\/www.fenxifiber.com\/fr\/wp-json\/wp\/v2\/product_tag?post=928"}],"curies":[{"name":"wp","href":"https:\/\/api.w.org\/{rel}","templated":true}]}}