{"id":931,"date":"2026-02-04T03:27:48","date_gmt":"2026-02-04T03:27:48","guid":{"rendered":"https:\/\/www.fenxifiber.com\/?post_type=product&#038;p=931"},"modified":"2026-02-05T02:18:49","modified_gmt":"2026-02-05T02:18:49","slug":"fc-pc-2-0-3-0mm-reglable","status":"publish","type":"product","link":"https:\/\/www.fenxifiber.com\/fr\/product\/fc-pc-2-0-3-0mm-adjustable\/","title":{"rendered":"FC PC 2.0\/3.0mm Connecteur Fibre Optique Ajustable"},"content":{"rendered":"<h3 data-start=\"782\" data-end=\"826\">Pourquoi choisir un connecteur FC r\u00e9glable ?<\/h3>\n<p data-start=\"828\" data-end=\"1011\">Dans les assemblages de fibres de haute qualit\u00e9, m\u00eame quelques microns de hauteur de fibre peuvent affecter la perte optique.<br data-start=\"921\" data-end=\"924\" \/>C'est pourquoi les connecteurs r\u00e9glables sont pr\u00e9f\u00e9r\u00e9s dans les cas suivants <strong data-start=\"974\" data-end=\"1010\">fabrication professionnelle de c\u00e2bles<\/strong>.<\/p>\n<p data-start=\"1013\" data-end=\"1059\">Avec ce connecteur PC FC r\u00e9glable, vous pouvez :<\/p>\n<ul data-start=\"1061\" data-end=\"1216\">\n<li data-start=\"1061\" data-end=\"1106\">\n<p data-start=\"1063\" data-end=\"1106\">Contr\u00f4le pr\u00e9cis de la position de l'extr\u00e9mit\u00e9 de la fibre<\/p>\n<\/li>\n<li data-start=\"1107\" data-end=\"1143\">\n<p data-start=\"1109\" data-end=\"1143\">Obtenir de meilleurs r\u00e9sultats de polissage<\/p>\n<\/li>\n<li data-start=\"1144\" data-end=\"1179\">\n<p data-start=\"1146\" data-end=\"1179\">R\u00e9duire la variation de la perte d'insertion<\/p>\n<\/li>\n<li data-start=\"1180\" data-end=\"1216\">\n<p data-start=\"1182\" data-end=\"1216\">Am\u00e9liorer le rendement de la production de masse<\/p>\n<\/li>\n<\/ul>\n<p data-start=\"1218\" data-end=\"1378\">Ceci est particuli\u00e8rement utile pour les entreprises telles que <strong data-start=\"1265\" data-end=\"1321\">Changzhou Fenxi Optoelectronics Technology Co. Ltd.<\/strong>, o\u00f9 <strong data-start=\"1329\" data-end=\"1370\">qualit\u00e9 stable et production en grande quantit\u00e9<\/strong> mati\u00e8re.<\/p>\n<hr data-start=\"1380\" data-end=\"1383\" \/>\n<h3 data-start=\"1385\" data-end=\"1435\">Compatible avec les c\u00e2bles \u00e0 fibres optiques de 2,0 mm et 3,0 mm<\/h3>\n<div class=\"TyagGW_tableContainer\">\n<div class=\"group TyagGW_tableWrapper flex flex-col-reverse w-fit\" tabindex=\"-1\">\n<table class=\"w-fit min-w-(--thread-content-width)\" data-start=\"1437\" data-end=\"1600\">\n<thead data-start=\"1437\" data-end=\"1469\">\n<tr data-start=\"1437\" data-end=\"1469\">\n<th class=\"\" data-start=\"1437\" data-end=\"1454\" data-col-size=\"sm\">Diam\u00e8tre du c\u00e2ble<\/th>\n<th class=\"\" data-start=\"1454\" data-end=\"1469\" data-col-size=\"sm\">Utilisation typique<\/th>\n<\/tr>\n<\/thead>\n<tbody data-start=\"1501\" data-end=\"1600\">\n<tr data-start=\"1501\" data-end=\"1551\">\n<td data-start=\"1501\" data-end=\"1513\" data-col-size=\"sm\"><strong data-start=\"1503\" data-end=\"1512\">2,0 mm<\/strong><\/td>\n<td data-col-size=\"sm\" data-start=\"1513\" data-end=\"1551\">Cordons de raccordement int\u00e9rieurs, cavaliers d'appareils<\/td>\n<\/tr>\n<tr data-start=\"1552\" data-end=\"1600\">\n<td data-start=\"1552\" data-end=\"1564\" data-col-size=\"sm\"><strong data-start=\"1554\" data-end=\"1563\">3,0 mm<\/strong><\/td>\n<td data-col-size=\"sm\" data-start=\"1564\" data-end=\"1600\">Cordons de raccordement pour t\u00e9l\u00e9communications et r\u00e9seaux f\u00e9d\u00e9rateurs<\/td>\n<\/tr>\n<\/tbody>\n<\/table>\n<\/div>\n<\/div>\n<p data-start=\"1602\" data-end=\"1688\">La conception d'un connecteur unique prend en charge les deux tailles, ce qui facilite grandement l'inventaire et la production.<\/p>\n<hr data-start=\"1690\" data-end=\"1693\" \/>\n<h3 data-start=\"1695\" data-end=\"1720\">Performances optiques<\/h3>\n<div class=\"TyagGW_tableContainer\">\n<div class=\"group TyagGW_tableWrapper flex flex-col-reverse w-fit\" tabindex=\"-1\">\n<table class=\"w-fit min-w-(--thread-content-width)\" data-start=\"1722\" data-end=\"1993\">\n<thead data-start=\"1722\" data-end=\"1751\">\n<tr data-start=\"1722\" data-end=\"1751\">\n<th class=\"\" data-start=\"1722\" data-end=\"1734\" data-col-size=\"sm\">Param\u00e8tres<\/th>\n<th class=\"\" data-start=\"1734\" data-end=\"1751\" data-col-size=\"sm\">Valeur typique<\/th>\n<\/tr>\n<\/thead>\n<tbody data-start=\"1780\" data-end=\"1993\">\n<tr data-start=\"1780\" data-end=\"1819\">\n<td data-start=\"1780\" data-end=\"1793\" data-col-size=\"sm\">Type de fibre<\/td>\n<td data-start=\"1793\" data-end=\"1819\" data-col-size=\"sm\">monomode (9\/125 \u00b5m)<\/td>\n<\/tr>\n<tr data-start=\"1820\" data-end=\"1859\">\n<td data-start=\"1820\" data-end=\"1834\" data-col-size=\"sm\">Type de polissage<\/td>\n<td data-start=\"1834\" data-end=\"1859\" data-col-size=\"sm\">PC (contact physique)<\/td>\n<\/tr>\n<tr data-start=\"1860\" data-end=\"1890\">\n<td data-start=\"1860\" data-end=\"1877\" data-col-size=\"sm\">Perte d'insertion<\/td>\n<td data-col-size=\"sm\" data-start=\"1877\" data-end=\"1890\">\u2264 0,30 dB<\/td>\n<\/tr>\n<tr data-start=\"1891\" data-end=\"1916\">\n<td data-start=\"1891\" data-end=\"1905\" data-col-size=\"sm\">Perte de retour<\/td>\n<td data-col-size=\"sm\" data-start=\"1905\" data-end=\"1916\">\u2265 45 dB<\/td>\n<\/tr>\n<tr data-start=\"1917\" data-end=\"1961\">\n<td data-start=\"1917\" data-end=\"1940\" data-col-size=\"sm\">Longueur d'onde de fonctionnement<\/td>\n<td data-start=\"1940\" data-end=\"1961\" data-col-size=\"sm\">1310 nm \/ 1550 nm<\/td>\n<\/tr>\n<tr data-start=\"1962\" data-end=\"1993\">\n<td data-start=\"1962\" data-end=\"1976\" data-col-size=\"sm\">La vie sexuelle<\/td>\n<td data-start=\"1976\" data-end=\"1993\" data-col-size=\"sm\">\u2265 1000 cycles<\/td>\n<\/tr>\n<\/tbody>\n<\/table>\n<\/div>\n<\/div>\n<p data-start=\"1995\" data-end=\"2082\">Ces valeurs r\u00e9pondent aux exigences de <strong data-start=\"2033\" data-end=\"2081\">r\u00e9seaux de t\u00e9l\u00e9communications, FTTH et r\u00e9seaux de fibres optiques d'entreprise<\/strong>.<\/p>\n<hr data-start=\"2084\" data-end=\"2087\" \/>\n<h3 data-start=\"2089\" data-end=\"2128\">Conception m\u00e9canique et environnementale<\/h3>\n<div class=\"TyagGW_tableContainer\">\n<div class=\"group TyagGW_tableWrapper flex flex-col-reverse w-fit\" tabindex=\"-1\">\n<table class=\"w-fit min-w-(--thread-content-width)\" data-start=\"2130\" data-end=\"2450\">\n<thead data-start=\"2130\" data-end=\"2154\">\n<tr data-start=\"2130\" data-end=\"2154\">\n<th class=\"\" data-start=\"2130\" data-end=\"2137\" data-col-size=\"sm\">Objet<\/th>\n<th class=\"\" data-start=\"2137\" data-end=\"2154\" data-col-size=\"sm\">Sp\u00e9cifications<\/th>\n<\/tr>\n<\/thead>\n<tbody data-start=\"2180\" data-end=\"2450\">\n<tr data-start=\"2180\" data-end=\"2217\">\n<td data-start=\"2180\" data-end=\"2197\" data-col-size=\"sm\">Type de connecteur<\/td>\n<td data-start=\"2197\" data-end=\"2217\" data-col-size=\"sm\">FC PC R\u00e9glable<\/td>\n<\/tr>\n<tr data-start=\"2218\" data-end=\"2248\">\n<td data-start=\"2218\" data-end=\"2231\" data-col-size=\"sm\">Taille du c\u00e2ble<\/td>\n<td data-start=\"2231\" data-end=\"2248\" data-col-size=\"sm\">2,0 mm \/ 3,0 mm<\/td>\n<\/tr>\n<tr data-start=\"2249\" data-end=\"2288\">\n<td data-start=\"2249\" data-end=\"2268\" data-col-size=\"sm\">Mat\u00e9riau de la virole<\/td>\n<td data-start=\"2268\" data-end=\"2288\" data-col-size=\"sm\">C\u00e9ramique zircone<\/td>\n<\/tr>\n<tr data-start=\"2289\" data-end=\"2329\">\n<td data-start=\"2289\" data-end=\"2305\" data-col-size=\"sm\">Type d'accouplement<\/td>\n<td data-start=\"2305\" data-end=\"2329\" data-col-size=\"sm\">Vis m\u00e9tallique filet\u00e9e<\/td>\n<\/tr>\n<tr data-start=\"2330\" data-end=\"2376\">\n<td data-start=\"2330\" data-end=\"2348\" data-col-size=\"sm\">Type d'ajustement<\/td>\n<td data-start=\"2348\" data-end=\"2376\" data-col-size=\"sm\">R\u00e9glage de la virole axiale<\/td>\n<\/tr>\n<tr data-start=\"2377\" data-end=\"2419\">\n<td data-start=\"2377\" data-end=\"2401\" data-col-size=\"sm\">Temp\u00e9rature de fonctionnement<\/td>\n<td data-start=\"2401\" data-end=\"2419\" data-col-size=\"sm\">De -40\u00b0C \u00e0 +75\u00b0C<\/td>\n<\/tr>\n<tr data-start=\"2420\" data-end=\"2450\">\n<td data-start=\"2420\" data-end=\"2439\" data-col-size=\"sm\">R\u00e9sistance \u00e0 la traction<\/td>\n<td data-start=\"2439\" data-end=\"2450\" data-col-size=\"sm\">\u2265 200 N<\/td>\n<\/tr>\n<\/tbody>\n<\/table>\n<\/div>\n<\/div>\n<p data-start=\"2452\" data-end=\"2609\">Le <strong data-start=\"2456\" data-end=\"2480\">raccord filet\u00e9 FC<\/strong> assure une excellente r\u00e9sistance aux vibrations, ce qui fait de ce connecteur un outil id\u00e9al pour les applications suivantes <strong data-start=\"2559\" data-end=\"2608\">racks, armoires et sites industriels de t\u00e9l\u00e9communications<\/strong>.<\/p>\n<hr data-start=\"2611\" data-end=\"2614\" \/>\n<h3 data-start=\"2616\" data-end=\"2642\">Applications typiques<\/h3>\n<p data-start=\"2644\" data-end=\"2677\">Ce connecteur est largement utilis\u00e9 dans :<\/p>\n<ul data-start=\"2679\" data-end=\"2886\">\n<li data-start=\"2679\" data-end=\"2712\">\n<p data-start=\"2681\" data-end=\"2712\">R\u00e9seaux de t\u00e9l\u00e9communications et r\u00e9seaux f\u00e9d\u00e9rateurs<\/p>\n<\/li>\n<li data-start=\"2713\" data-end=\"2739\">\n<p data-start=\"2715\" data-end=\"2739\">D\u00e9ploiements FTTH et PON<\/p>\n<\/li>\n<li data-start=\"2740\" data-end=\"2774\">\n<p data-start=\"2742\" data-end=\"2774\">Cordons de raccordement et pigtails en fibre optique<\/p>\n<\/li>\n<li data-start=\"2775\" data-end=\"2812\">\n<p data-start=\"2777\" data-end=\"2812\">R\u00e9partiteurs optiques (ODF)<\/p>\n<\/li>\n<li data-start=\"2813\" data-end=\"2843\">\n<p data-start=\"2815\" data-end=\"2843\">Syst\u00e8mes CATV et \u00e0 large bande<\/p>\n<\/li>\n<li data-start=\"2844\" data-end=\"2886\">\n<p data-start=\"2846\" data-end=\"2886\">\u00c9quipement de test et de mesure optique<\/p>\n<\/li>\n<\/ul>\n<hr data-start=\"2888\" data-end=\"2891\" \/>\n<h2 data-start=\"2893\" data-end=\"2914\">Questions et r\u00e9ponses professionnelles<\/h2>\n<p data-start=\"2916\" data-end=\"3149\"><strong data-start=\"2916\" data-end=\"2974\">Q1 : Quel est l'avantage de la structure ajustable ?<\/strong><br data-start=\"2974\" data-end=\"2977\" \/>Il permet d'affiner la position de la virole lors du polissage et de l'assemblage, ce qui permet d'obtenir un meilleur r\u00e9sultat. <strong data-start=\"3063\" data-end=\"3108\">meilleur contr\u00f4le de la g\u00e9om\u00e9trie de l'extr\u00e9mit\u00e9 de la fibre<\/strong> et <strong data-start=\"3113\" data-end=\"3148\">une performance optique plus stable<\/strong>.<\/p>\n<hr data-start=\"3151\" data-end=\"3154\" \/>\n<p data-start=\"3156\" data-end=\"3363\"><strong data-start=\"3156\" data-end=\"3199\">Q2 : Le FC PC est-il adapt\u00e9 aux syst\u00e8mes FTTH ?<\/strong><br data-start=\"3199\" data-end=\"3202\" \/>Oui. Les connecteurs PC FC sont largement utilis\u00e9s dans <strong data-start=\"3243\" data-end=\"3285\">R\u00e9seaux FTTH, de t\u00e9l\u00e9communications et d'entreprise<\/strong> o\u00f9 <strong data-start=\"3292\" data-end=\"3349\">faible perte d'insertion et connexion m\u00e9canique fiable<\/strong> sont n\u00e9cessaires.<\/p>\n<hr data-start=\"3365\" data-end=\"3368\" \/>\n<p data-start=\"3370\" data-end=\"3550\"><strong data-start=\"3370\" data-end=\"3406\">Q3 : Un PC FC peut-il se connecter \u00e0 un APC FC ?<\/strong><br data-start=\"3406\" data-end=\"3409\" \/>Non. Le PC et l'APC ont une g\u00e9om\u00e9trie d'extr\u00e9mit\u00e9 diff\u00e9rente. Ils doivent <strong data-start=\"3470\" data-end=\"3497\">ne jamais \u00eatre accoupl\u00e9s ensemble<\/strong>, Il n'est pas n\u00e9cessaire d'utiliser de l'eau, car cela entra\u00eene des pertes importantes et risque d'endommager les embouts.<\/p>","protected":false},"excerpt":{"rendered":"<h3 data-start=\"147\" data-end=\"203\">Un connecteur con\u00e7u pour la pr\u00e9cision et la flexibilit\u00e9<\/h3>\n<p data-start=\"205\" data-end=\"426\">Le <strong data-start=\"209\" data-end=\"261\">FC PC 2.0\/3.0mm Connecteur fibre optique ajustable<\/strong> est con\u00e7u pour les fabricants et les installateurs de r\u00e9seaux qui ont besoin de <strong data-start=\"321\" data-end=\"383\">alignement pr\u00e9cis des fibres et performance optique constante<\/strong> lors de la terminaison de c\u00e2bles en fibre monomode.<\/p>\n<p data-start=\"428\" data-end=\"775\">Il prend en charge \u00e0 la fois <strong data-start=\"445\" data-end=\"480\">Fibres gain\u00e9es de 2,0 mm et 3,0 mm<\/strong>, Il s'agit donc d'une solution id\u00e9ale pour <strong data-start=\"502\" data-end=\"562\">les cordons de raccordement pour les t\u00e9l\u00e9coms, les cordons de raccordement et les assemblages de c\u00e2bles FTTH<\/strong>. Les <strong data-start=\"568\" data-end=\"623\">PC (Physical Contact) bague en c\u00e9ramique polie \u00e0 plat<\/strong> assure une faible perte d'insertion, tandis que le <strong data-start=\"662\" data-end=\"694\">structure de la virole r\u00e9glable<\/strong> permet un contr\u00f4le pr\u00e9cis de la protrusion des fibres et de la g\u00e9om\u00e9trie de la face d'extr\u00e9mit\u00e9 pendant la production.<\/p>","protected":false},"featured_media":932,"comment_status":"open","ping_status":"closed","template":"","meta":[],"product_brand":[],"product_cat":[34],"product_tag":[],"class_list":{"0":"post-931","1":"product","2":"type-product","3":"status-publish","4":"has-post-thumbnail","6":"product_cat-fc-connector","8":"first","9":"instock","10":"shipping-taxable","11":"product-type-simple"},"_links":{"self":[{"href":"https:\/\/www.fenxifiber.com\/fr\/wp-json\/wp\/v2\/product\/931","targetHints":{"allow":["GET"]}}],"collection":[{"href":"https:\/\/www.fenxifiber.com\/fr\/wp-json\/wp\/v2\/product"}],"about":[{"href":"https:\/\/www.fenxifiber.com\/fr\/wp-json\/wp\/v2\/types\/product"}],"replies":[{"embeddable":true,"href":"https:\/\/www.fenxifiber.com\/fr\/wp-json\/wp\/v2\/comments?post=931"}],"wp:featuredmedia":[{"embeddable":true,"href":"https:\/\/www.fenxifiber.com\/fr\/wp-json\/wp\/v2\/media\/932"}],"wp:attachment":[{"href":"https:\/\/www.fenxifiber.com\/fr\/wp-json\/wp\/v2\/media?parent=931"}],"wp:term":[{"taxonomy":"product_brand","embeddable":true,"href":"https:\/\/www.fenxifiber.com\/fr\/wp-json\/wp\/v2\/product_brand?post=931"},{"taxonomy":"product_cat","embeddable":true,"href":"https:\/\/www.fenxifiber.com\/fr\/wp-json\/wp\/v2\/product_cat?post=931"},{"taxonomy":"product_tag","embeddable":true,"href":"https:\/\/www.fenxifiber.com\/fr\/wp-json\/wp\/v2\/product_tag?post=931"}],"curies":[{"name":"wp","href":"https:\/\/api.w.org\/{rel}","templated":true}]}}