{"id":933,"date":"2026-02-04T03:28:48","date_gmt":"2026-02-04T03:28:48","guid":{"rendered":"https:\/\/www.fenxifiber.com\/?post_type=product&#038;p=933"},"modified":"2026-02-05T02:19:46","modified_gmt":"2026-02-05T02:19:46","slug":"fc-pc-2-0-3-0mm-drop-cable-bulk-components","status":"publish","type":"product","link":"https:\/\/www.fenxifiber.com\/fr\/product\/fc-pc-2-0-3-0mm-drop-cable-bulk-components\/","title":{"rendered":"FC PC 2.0\/3.0mm Drop Cable Bulk Components"},"content":{"rendered":"<h3 data-start=\"765\" data-end=\"823\">Pourquoi les \u201ccomposants en vrac\u201d sont-ils importants dans les usines de c\u00e2bles de descente ?<\/h3>\n<p data-start=\"825\" data-end=\"996\">Dans les lignes de production FTTH, le connecteur lui-m\u00eame n'est que la moiti\u00e9 de l'histoire.<br data-start=\"895\" data-end=\"898\" \/>Ce qui d\u00e9termine r\u00e9ellement le rendement, la vitesse et la performance \u00e0 long terme, c'est la <strong data-start=\"968\" data-end=\"995\">ensemble de composants derri\u00e8re lui<\/strong>.<\/p>\n<p data-start=\"998\" data-end=\"1052\">Ces composants FC PC en vrac sont con\u00e7us pour r\u00e9pondre aux besoins :<\/p>\n<ul data-start=\"1054\" data-end=\"1256\">\n<li data-start=\"1054\" data-end=\"1099\">\n<p data-start=\"1056\" data-end=\"1099\">Positionnement stable des fibres pendant le polissage<\/p>\n<\/li>\n<li data-start=\"1100\" data-end=\"1157\">\n<p data-start=\"1102\" data-end=\"1157\">Soulagement fiable de la tension sur les c\u00e2bles de descente de 2,0 mm et 3,0 mm<\/p>\n<\/li>\n<li data-start=\"1158\" data-end=\"1208\">\n<p data-start=\"1160\" data-end=\"1208\">Ajustement m\u00e9canique constant sur de grandes s\u00e9ries<\/p>\n<\/li>\n<li data-start=\"1209\" data-end=\"1256\">\n<p data-start=\"1211\" data-end=\"1256\">Assemblage automatis\u00e9 ou semi-automatis\u00e9 en douceur<\/p>\n<\/li>\n<\/ul>\n<p data-start=\"1258\" data-end=\"1382\">C'est pourquoi ils sont largement utilis\u00e9s par des fabricants professionnels tels que <strong data-start=\"1326\" data-end=\"1382\">Changzhou Fenxi Optoelectronics Technology Co. Ltd.<\/strong><\/p>\n<hr data-start=\"1384\" data-end=\"1387\" \/>\n<h3 data-start=\"1389\" data-end=\"1438\">Con\u00e7u pour les c\u00e2bles de descente FTTH de 2,0 mm et 3,0 mm<\/h3>\n<div class=\"TyagGW_tableContainer\">\n<div class=\"group TyagGW_tableWrapper flex flex-col-reverse w-fit\" tabindex=\"-1\">\n<table class=\"w-fit min-w-(--thread-content-width)\" data-start=\"1440\" data-end=\"1637\">\n<thead data-start=\"1440\" data-end=\"1468\">\n<tr data-start=\"1440\" data-end=\"1468\">\n<th class=\"\" data-start=\"1440\" data-end=\"1453\" data-col-size=\"sm\">Type de c\u00e2ble<\/th>\n<th class=\"\" data-start=\"1453\" data-end=\"1468\" data-col-size=\"md\">Utilisation typique<\/th>\n<\/tr>\n<\/thead>\n<tbody data-start=\"1498\" data-end=\"1637\">\n<tr data-start=\"1498\" data-end=\"1563\">\n<td data-start=\"1498\" data-end=\"1521\" data-col-size=\"sm\"><strong data-start=\"1500\" data-end=\"1520\">C\u00e2ble de descente de 2,0 mm<\/strong><\/td>\n<td data-col-size=\"md\" data-start=\"1521\" data-end=\"1563\">FTTH int\u00e9rieur, prises murales, cavaliers ONT<\/td>\n<\/tr>\n<tr data-start=\"1564\" data-end=\"1637\">\n<td data-start=\"1564\" data-end=\"1587\" data-col-size=\"sm\"><strong data-start=\"1566\" data-end=\"1586\">C\u00e2ble de descente de 3,0 mm<\/strong><\/td>\n<td data-start=\"1587\" data-end=\"1637\" data-col-size=\"md\">FTTH ext\u00e9rieur, entr\u00e9e de b\u00e2timent, dorsale jusqu'\u00e0 la maison<\/td>\n<\/tr>\n<\/tbody>\n<\/table>\n<\/div>\n<\/div>\n<p data-start=\"1639\" data-end=\"1749\">Le m\u00eame syst\u00e8me de composants prend en charge les deux, ce qui r\u00e9duit <strong data-start=\"1689\" data-end=\"1748\">les changements d'outils, la complexit\u00e9 des stocks et les co\u00fbts de production<\/strong>.<\/p>\n<hr data-start=\"1751\" data-end=\"1754\" \/>\n<h3 data-start=\"1756\" data-end=\"1797\">Objectifs de conception optique et m\u00e9canique<\/h3>\n<div class=\"TyagGW_tableContainer\">\n<div class=\"group TyagGW_tableWrapper flex flex-col-reverse w-fit\" tabindex=\"-1\">\n<table class=\"w-fit min-w-(--thread-content-width)\" data-start=\"1799\" data-end=\"2061\">\n<thead data-start=\"1799\" data-end=\"1833\">\n<tr data-start=\"1799\" data-end=\"1833\">\n<th class=\"\" data-start=\"1799\" data-end=\"1811\" data-col-size=\"sm\">Param\u00e8tres<\/th>\n<th class=\"\" data-start=\"1811\" data-end=\"1833\" data-col-size=\"sm\">Objectif de performance<\/th>\n<\/tr>\n<\/thead>\n<tbody data-start=\"1865\" data-end=\"2061\">\n<tr data-start=\"1865\" data-end=\"1891\">\n<td data-start=\"1865\" data-end=\"1882\" data-col-size=\"sm\">Type de connecteur<\/td>\n<td data-start=\"1882\" data-end=\"1891\" data-col-size=\"sm\">PC FC<\/td>\n<\/tr>\n<tr data-start=\"1892\" data-end=\"1929\">\n<td data-start=\"1892\" data-end=\"1905\" data-col-size=\"sm\">Mode fibre<\/td>\n<td data-start=\"1905\" data-end=\"1929\" data-col-size=\"sm\">monomode 9\/125 \u00b5m<\/td>\n<\/tr>\n<tr data-start=\"1930\" data-end=\"1960\">\n<td data-start=\"1930\" data-end=\"1947\" data-col-size=\"sm\">Perte d'insertion<\/td>\n<td data-start=\"1947\" data-end=\"1960\" data-col-size=\"sm\">\u2264 0,30 dB<\/td>\n<\/tr>\n<tr data-start=\"1961\" data-end=\"1986\">\n<td data-start=\"1961\" data-end=\"1975\" data-col-size=\"sm\">Perte de retour<\/td>\n<td data-start=\"1975\" data-end=\"1986\" data-col-size=\"sm\">\u2265 45 dB<\/td>\n<\/tr>\n<tr data-start=\"1987\" data-end=\"2017\">\n<td data-start=\"1987\" data-end=\"1997\" data-col-size=\"sm\">Embout<\/td>\n<td data-start=\"1997\" data-end=\"2017\" data-col-size=\"sm\">C\u00e9ramique zircone<\/td>\n<\/tr>\n<tr data-start=\"2018\" data-end=\"2061\">\n<td data-start=\"2018\" data-end=\"2031\" data-col-size=\"sm\">Poign\u00e9e de c\u00e2ble<\/td>\n<td data-start=\"2031\" data-end=\"2061\" data-col-size=\"sm\">Sertissage \u00e0 haute r\u00e9sistance + botte<\/td>\n<\/tr>\n<\/tbody>\n<\/table>\n<\/div>\n<\/div>\n<p data-start=\"2063\" data-end=\"2203\">Ces composants sont con\u00e7us pour r\u00e9pondre aux <strong data-start=\"2101\" data-end=\"2133\">normes FTTH de qualit\u00e9 t\u00e9l\u00e9com<\/strong>, Le syst\u00e8me de contr\u00f4le de la qualit\u00e9 est con\u00e7u pour garantir des performances stables de l'usine jusqu'au domicile du client.<\/p>\n<hr data-start=\"2205\" data-end=\"2208\" \/>\n<h3 data-start=\"2210\" data-end=\"2249\">Qu'est-ce qui est inclus dans l'ensemble ?<\/h3>\n<div class=\"TyagGW_tableContainer\">\n<div class=\"group TyagGW_tableWrapper flex flex-col-reverse w-fit\" tabindex=\"-1\">\n<table class=\"w-fit min-w-(--thread-content-width)\" data-start=\"2251\" data-end=\"2584\">\n<thead data-start=\"2251\" data-end=\"2275\">\n<tr data-start=\"2251\" data-end=\"2275\">\n<th class=\"\" data-start=\"2251\" data-end=\"2263\" data-col-size=\"sm\">Composant<\/th>\n<th class=\"\" data-start=\"2263\" data-end=\"2275\" data-col-size=\"sm\">Fonction<\/th>\n<\/tr>\n<\/thead>\n<tbody data-start=\"2300\" data-end=\"2584\">\n<tr data-start=\"2300\" data-end=\"2350\">\n<td data-start=\"2300\" data-end=\"2316\" data-col-size=\"sm\">Corps m\u00e9tallique FC<\/td>\n<td data-col-size=\"sm\" data-start=\"2316\" data-end=\"2350\">Fournit une interface FC filet\u00e9e<\/td>\n<\/tr>\n<tr data-start=\"2351\" data-end=\"2408\">\n<td data-start=\"2351\" data-end=\"2369\" data-col-size=\"sm\">Bague en c\u00e9ramique<\/td>\n<td data-col-size=\"sm\" data-start=\"2369\" data-end=\"2408\">Alignement des fibres et contact optique<\/td>\n<\/tr>\n<tr data-start=\"2409\" data-end=\"2466\">\n<td data-start=\"2409\" data-end=\"2424\" data-col-size=\"sm\">Manchon \u00e0 sertir<\/td>\n<td data-col-size=\"sm\" data-start=\"2424\" data-end=\"2466\">Verrouille la gaine du c\u00e2ble et l'\u00e9l\u00e9ment de r\u00e9sistance<\/td>\n<\/tr>\n<tr data-start=\"2467\" data-end=\"2526\">\n<td data-start=\"2467\" data-end=\"2486\" data-col-size=\"sm\">Botte (2.0\/3.0mm)<\/td>\n<td data-col-size=\"sm\" data-start=\"2486\" data-end=\"2526\">Soulagement de la tension et protection contre la flexion<\/td>\n<\/tr>\n<tr data-start=\"2527\" data-end=\"2584\">\n<td data-start=\"2527\" data-end=\"2545\" data-col-size=\"sm\">Support interne<\/td>\n<td data-col-size=\"sm\" data-start=\"2545\" data-end=\"2584\">Contr\u00f4le la position de la fibre et de la virole<\/td>\n<\/tr>\n<\/tbody>\n<\/table>\n<\/div>\n<\/div>\n<p data-start=\"2586\" data-end=\"2670\">Ensemble, ils forment une <strong data-start=\"2608\" data-end=\"2645\">Syst\u00e8me complet de terminaison PC FC<\/strong> pour l'assemblage du c\u00e2ble de descente.<\/p>\n<hr data-start=\"2672\" data-end=\"2675\" \/>\n<h3 data-start=\"2677\" data-end=\"2714\">Lieu d'utilisation de ces composants<\/h3>\n<p data-start=\"2716\" data-end=\"2755\">Ces pi\u00e8ces en vrac sont largement utilis\u00e9es dans :<\/p>\n<ul data-start=\"2757\" data-end=\"2935\">\n<li data-start=\"2757\" data-end=\"2786\">\n<p data-start=\"2759\" data-end=\"2786\">Usines de c\u00e2bles de descente FTTH<\/p>\n<\/li>\n<li data-start=\"2787\" data-end=\"2824\">\n<p data-start=\"2789\" data-end=\"2824\">Lignes de production de cordons de raccordement en fibre optique<\/p>\n<\/li>\n<li data-start=\"2825\" data-end=\"2861\">\n<p data-start=\"2827\" data-end=\"2861\">C\u00e2bles t\u00e9l\u00e9com pr\u00e9-connectoris\u00e9s<\/p>\n<\/li>\n<li data-start=\"2862\" data-end=\"2894\">\n<p data-start=\"2864\" data-end=\"2894\">Assemblage de cavaliers pour fibres int\u00e9rieures<\/p>\n<\/li>\n<li data-start=\"2895\" data-end=\"2935\">\n<p data-start=\"2897\" data-end=\"2935\">Syst\u00e8mes de c\u00e2bles PON et de r\u00e9seaux d'acc\u00e8s<\/p>\n<\/li>\n<\/ul>\n<p data-start=\"2937\" data-end=\"3029\">Ils sont id\u00e9aux pour toute entreprise qui a besoin <strong data-start=\"2979\" data-end=\"3028\">C\u00e2bles de descente FC pour PC, \u00e0 haut volume et de qualit\u00e9 stable<\/strong>.<\/p>\n<hr data-start=\"3031\" data-end=\"3034\" \/>\n<h2 data-start=\"3036\" data-end=\"3057\">Questions et r\u00e9ponses professionnelles<\/h2>\n<p data-start=\"3059\" data-end=\"3241\"><strong data-start=\"3059\" data-end=\"3128\">Q1 : S'agit-il de composants pour des connecteurs finis ou pour l'assemblage ?<\/strong><br data-start=\"3128\" data-end=\"3131\" \/>Ils sont <strong data-start=\"3140\" data-end=\"3167\">pi\u00e8ces en vrac pour l'assemblage<\/strong>. Ils sont utilis\u00e9s par les usines pour construire <strong data-start=\"3205\" data-end=\"3240\">Connecteurs PC FC sur les c\u00e2bles de descente<\/strong>.<\/p>\n<hr data-start=\"3243\" data-end=\"3246\" \/>\n<p data-start=\"3248\" data-end=\"3405\"><strong data-start=\"3248\" data-end=\"3306\">Q2 : Peut-on les utiliser avec des c\u00e2bles de 2,0 mm et de 3,0 mm ?<\/strong><br data-start=\"3306\" data-end=\"3309\" \/>Oui. Les pi\u00e8ces d'embo\u00eetement et de sertissage sont con\u00e7ues pour supporter <strong data-start=\"3363\" data-end=\"3404\">les c\u00e2bles de descente FTTH de 2,0 mm et 3,0 mm<\/strong>.<\/p>\n<hr data-start=\"3407\" data-end=\"3410\" \/>\n<p data-start=\"3412\" data-end=\"3633\"><strong data-start=\"3412\" data-end=\"3470\">Q3 : Ces produits conviennent-ils aux lignes de production automatis\u00e9es ?<\/strong><br data-start=\"3470\" data-end=\"3473\" \/>Oui. Les composants sont con\u00e7us avec <strong data-start=\"3511\" data-end=\"3536\">des tol\u00e9rances constantes<\/strong>, ce qui les rend compatibles avec <strong data-start=\"3566\" data-end=\"3632\">\u00e9quipement de terminaison de fibre semi-automatique et enti\u00e8rement automatique<\/strong>.<\/p>","protected":false},"excerpt":{"rendered":"<h3 data-start=\"135\" data-end=\"177\">Con\u00e7u pour la production de c\u00e2bles de descente FTTH<\/h3>\n<p data-start=\"179\" data-end=\"394\">Le <strong data-start=\"183\" data-end=\"229\">FC PC 2.0\/3.0mm Drop Cable Bulk Components<\/strong> ne sont pas de simples connecteurs - ils sont <strong data-start=\"267\" data-end=\"305\">pi\u00e8ces de terminaison de qualit\u00e9 industrielle<\/strong> con\u00e7u sp\u00e9cifiquement pour <strong data-start=\"332\" data-end=\"393\">la production en masse de c\u00e2bles de descente FTTH et de cordons de raccordement en fibre optique<\/strong>.<\/p>\n<p data-start=\"396\" data-end=\"758\">Plut\u00f4t que de se concentrer sur un seul connecteur, ce produit est un <strong data-start=\"459\" data-end=\"492\">solution compl\u00e8te de terminaison<\/strong> pour les assemblages de c\u00e2bles de descente FC PC, couvrant <strong data-start=\"535\" data-end=\"609\">les ferrules, les corps, les bottes, les pi\u00e8ces \u00e0 sertir et les structures d'alignement interne<\/strong>. Il permet aux fabricants de construire <strong data-start=\"644\" data-end=\"677\">Extr\u00e9mit\u00e9s des fibres FC PC de haute qualit\u00e9<\/strong> sur des c\u00e2bles de descente de 2,0 mm et 3,0 mm avec <strong data-start=\"714\" data-end=\"757\">une grande coh\u00e9rence et un faible taux de rejet<\/strong>.<\/p>","protected":false},"featured_media":934,"comment_status":"open","ping_status":"closed","template":"","meta":[],"product_brand":[],"product_cat":[34],"product_tag":[],"class_list":{"0":"post-933","1":"product","2":"type-product","3":"status-publish","4":"has-post-thumbnail","6":"product_cat-fc-connector","8":"first","9":"instock","10":"shipping-taxable","11":"product-type-simple"},"_links":{"self":[{"href":"https:\/\/www.fenxifiber.com\/fr\/wp-json\/wp\/v2\/product\/933","targetHints":{"allow":["GET"]}}],"collection":[{"href":"https:\/\/www.fenxifiber.com\/fr\/wp-json\/wp\/v2\/product"}],"about":[{"href":"https:\/\/www.fenxifiber.com\/fr\/wp-json\/wp\/v2\/types\/product"}],"replies":[{"embeddable":true,"href":"https:\/\/www.fenxifiber.com\/fr\/wp-json\/wp\/v2\/comments?post=933"}],"wp:featuredmedia":[{"embeddable":true,"href":"https:\/\/www.fenxifiber.com\/fr\/wp-json\/wp\/v2\/media\/934"}],"wp:attachment":[{"href":"https:\/\/www.fenxifiber.com\/fr\/wp-json\/wp\/v2\/media?parent=933"}],"wp:term":[{"taxonomy":"product_brand","embeddable":true,"href":"https:\/\/www.fenxifiber.com\/fr\/wp-json\/wp\/v2\/product_brand?post=933"},{"taxonomy":"product_cat","embeddable":true,"href":"https:\/\/www.fenxifiber.com\/fr\/wp-json\/wp\/v2\/product_cat?post=933"},{"taxonomy":"product_tag","embeddable":true,"href":"https:\/\/www.fenxifiber.com\/fr\/wp-json\/wp\/v2\/product_tag?post=933"}],"curies":[{"name":"wp","href":"https:\/\/api.w.org\/{rel}","templated":true}]}}