{"id":935,"date":"2026-02-04T03:29:50","date_gmt":"2026-02-04T03:29:50","guid":{"rendered":"https:\/\/www.fenxifiber.com\/?post_type=product&#038;p=935"},"modified":"2026-02-05T02:20:37","modified_gmt":"2026-02-05T02:20:37","slug":"virole-1-0x1-4mm","status":"publish","type":"product","link":"https:\/\/www.fenxifiber.com\/fr\/product\/ferrule-1-0x1-4mm\/","title":{"rendered":"1.0\u00d71.4mm Ferrule en c\u00e9ramique pour connecteurs \u00e0 fibre optique"},"content":{"rendered":"<h3 data-start=\"737\" data-end=\"767\">L'importance de 1,0 \u00d7 1,4 mm<\/h3>\n<p data-start=\"769\" data-end=\"947\">Le <strong data-start=\"773\" data-end=\"794\">1,0 mm d'al\u00e9sage int\u00e9rieur<\/strong> est con\u00e7u pour <strong data-start=\"811\" data-end=\"836\">Fibre \u00e0 gaine de 125 \u03bcm<\/strong>, tandis que le <strong data-start=\"848\" data-end=\"873\">Diam\u00e8tre ext\u00e9rieur de 1,4 mm<\/strong> assure la compatibilit\u00e9 avec les manchons et les corps de connecteurs standard.<\/p>\n<p data-start=\"949\" data-end=\"972\">Cette g\u00e9om\u00e9trie fournit :<\/p>\n<ul data-start=\"974\" data-end=\"1111\">\n<li data-start=\"974\" data-end=\"1000\">\n<p data-start=\"976\" data-end=\"1000\">Centrage stable des fibres<\/p>\n<\/li>\n<li data-start=\"1001\" data-end=\"1021\">\n<p data-start=\"1003\" data-end=\"1021\">Faible excentricit\u00e9<\/p>\n<\/li>\n<li data-start=\"1022\" data-end=\"1056\">\n<p data-start=\"1024\" data-end=\"1056\">Excellente r\u00e9p\u00e9tabilit\u00e9 de l'accouplement<\/p>\n<\/li>\n<li data-start=\"1057\" data-end=\"1111\">\n<p data-start=\"1059\" data-end=\"1111\">Compatibilit\u00e9 avec la plupart des bo\u00eetiers de connecteurs de t\u00e9l\u00e9communications<\/p>\n<\/li>\n<\/ul>\n<p data-start=\"1113\" data-end=\"1214\">C'est la raison pour laquelle ce format de virole est devenu une r\u00e9f\u00e9rence. <strong data-start=\"1164\" data-end=\"1213\">norme industrielle pour les connecteurs \u00e0 fibre unique<\/strong>.<\/p>\n<hr data-start=\"1216\" data-end=\"1219\" \/>\n<h3 data-start=\"1221\" data-end=\"1249\">Conception dimensionnelle cl\u00e9<\/h3>\n<div class=\"TyagGW_tableContainer\">\n<div class=\"group TyagGW_tableWrapper flex flex-col-reverse w-fit\" tabindex=\"-1\">\n<table class=\"w-fit min-w-(--thread-content-width)\" data-start=\"1251\" data-end=\"1536\">\n<thead data-start=\"1251\" data-end=\"1275\">\n<tr data-start=\"1251\" data-end=\"1275\">\n<th class=\"\" data-start=\"1251\" data-end=\"1263\" data-col-size=\"sm\">Dimension<\/th>\n<th class=\"\" data-start=\"1263\" data-end=\"1275\" data-col-size=\"sm\">Fonction<\/th>\n<\/tr>\n<\/thead>\n<tbody data-start=\"1300\" data-end=\"1536\">\n<tr data-start=\"1300\" data-end=\"1347\">\n<td data-start=\"1300\" data-end=\"1318\" data-col-size=\"sm\"><strong data-start=\"1302\" data-end=\"1317\">1,0 mm d'al\u00e9sage<\/strong><\/td>\n<td data-col-size=\"sm\" data-start=\"1318\" data-end=\"1347\">Maintient la fibre et l'\u00e9poxy<\/td>\n<\/tr>\n<tr data-start=\"1348\" data-end=\"1405\">\n<td data-start=\"1348\" data-end=\"1364\" data-col-size=\"sm\"><strong data-start=\"1350\" data-end=\"1363\">1,4 mm OD<\/strong><\/td>\n<td data-col-size=\"sm\" data-start=\"1364\" data-end=\"1405\">S'ins\u00e8re dans les bo\u00eetiers de connecteurs standard<\/td>\n<\/tr>\n<tr data-start=\"1406\" data-end=\"1470\">\n<td data-start=\"1406\" data-end=\"1427\" data-col-size=\"sm\"><strong data-start=\"1408\" data-end=\"1426\">Longueur de la virole<\/strong><\/td>\n<td data-start=\"1427\" data-end=\"1470\" data-col-size=\"sm\">Contr\u00f4le le polissage et la protrusion des fibres<\/td>\n<\/tr>\n<tr data-start=\"1471\" data-end=\"1536\">\n<td data-start=\"1471\" data-end=\"1495\" data-col-size=\"sm\"><strong data-start=\"1473\" data-end=\"1494\">G\u00e9om\u00e9trie de la face frontale<\/strong><\/td>\n<td data-start=\"1495\" data-end=\"1536\" data-col-size=\"sm\">D\u00e9termine la performance des PC \/ UPC \/ APC<\/td>\n<\/tr>\n<\/tbody>\n<\/table>\n<\/div>\n<\/div>\n<p data-start=\"1538\" data-end=\"1654\">Cette structure permet \u00e0 la virole de supporter <strong data-start=\"1583\" data-end=\"1619\">Types de polissage PC, UPC et APC<\/strong> en fonction de la conception du connecteur.<\/p>\n<hr data-start=\"1656\" data-end=\"1659\" \/>\n<h3 data-start=\"1661\" data-end=\"1709\">Objectifs de performance optique et m\u00e9canique<\/h3>\n<div class=\"TyagGW_tableContainer\">\n<div class=\"group TyagGW_tableWrapper flex flex-col-reverse w-fit\" tabindex=\"-1\">\n<table class=\"w-fit min-w-(--thread-content-width)\" data-start=\"1711\" data-end=\"1954\">\n<thead data-start=\"1711\" data-end=\"1740\">\n<tr data-start=\"1711\" data-end=\"1740\">\n<th class=\"\" data-start=\"1711\" data-end=\"1723\" data-col-size=\"sm\">Param\u00e8tres<\/th>\n<th class=\"\" data-start=\"1723\" data-end=\"1740\" data-col-size=\"sm\">Gamme typique<\/th>\n<\/tr>\n<\/thead>\n<tbody data-start=\"1769\" data-end=\"1954\">\n<tr data-start=\"1769\" data-end=\"1795\">\n<td data-start=\"1769\" data-end=\"1785\" data-col-size=\"sm\">Concentricit\u00e9<\/td>\n<td data-start=\"1785\" data-end=\"1795\" data-col-size=\"sm\">\u2264 1 \u03bcm<\/td>\n<\/tr>\n<tr data-start=\"1796\" data-end=\"1831\">\n<td data-start=\"1796\" data-end=\"1819\" data-col-size=\"sm\">Tol\u00e9rance de l'al\u00e9sage int\u00e9rieur<\/td>\n<td data-start=\"1819\" data-end=\"1831\" data-col-size=\"sm\">\u00b1 0,5 \u03bcm<\/td>\n<\/tr>\n<tr data-start=\"1832\" data-end=\"1877\">\n<td data-start=\"1832\" data-end=\"1864\" data-col-size=\"sm\">Protrusion de la fibre apr\u00e8s polissage<\/td>\n<td data-start=\"1864\" data-end=\"1877\" data-col-size=\"sm\">0 ~ 50 nm<\/td>\n<\/tr>\n<tr data-start=\"1878\" data-end=\"1911\">\n<td data-start=\"1878\" data-end=\"1898\" data-col-size=\"sm\">Duret\u00e9 du mat\u00e9riau<\/td>\n<td data-start=\"1898\" data-end=\"1911\" data-col-size=\"sm\">\u2265 1200 HV<\/td>\n<\/tr>\n<tr data-start=\"1912\" data-end=\"1954\">\n<td data-start=\"1912\" data-end=\"1930\" data-col-size=\"sm\">R\u00e9sistance \u00e0 l'usure<\/td>\n<td data-start=\"1930\" data-end=\"1954\" data-col-size=\"sm\">&gt; 1000 cycles d'accouplement<\/td>\n<\/tr>\n<\/tbody>\n<\/table>\n<\/div>\n<\/div>\n<p data-start=\"1956\" data-end=\"2079\">Ces valeurs sont essentielles pour maintenir <strong data-start=\"1998\" data-end=\"2043\">faible perte d'insertion et perte de retour stable<\/strong> pendant toute la dur\u00e9e de vie du connecteur.<\/p>\n<hr data-start=\"2081\" data-end=\"2084\" \/>\n<h3 data-start=\"2086\" data-end=\"2120\">Pourquoi la c\u00e9ramique zircone est-elle utilis\u00e9e ?<\/h3>\n<p data-start=\"2122\" data-end=\"2178\">La c\u00e9ramique zircone n'est pas choisie par hasard.<br data-start=\"2165\" data-end=\"2168\" \/>Il offre :<\/p>\n<ul data-start=\"2180\" data-end=\"2305\">\n<li data-start=\"2180\" data-end=\"2207\">\n<p data-start=\"2182\" data-end=\"2207\">Duret\u00e9 extr\u00eamement \u00e9lev\u00e9e<\/p>\n<\/li>\n<li data-start=\"2208\" data-end=\"2233\">\n<p data-start=\"2210\" data-end=\"2233\">Faible dilatation thermique<\/p>\n<\/li>\n<li data-start=\"2234\" data-end=\"2269\">\n<p data-start=\"2236\" data-end=\"2269\">Excellente aptitude au polissage des surfaces<\/p>\n<\/li>\n<li data-start=\"2270\" data-end=\"2305\">\n<p data-start=\"2272\" data-end=\"2305\">Stabilit\u00e9 dimensionnelle \u00e0 long terme<\/p>\n<\/li>\n<\/ul>\n<p data-start=\"2307\" data-end=\"2419\">Cela garantit qu'une fois la fibre align\u00e9e et polie, elle reste align\u00e9e, m\u00eame apr\u00e8s des milliers d'insertions.<\/p>\n<hr data-start=\"2421\" data-end=\"2424\" \/>\n<h3 data-start=\"2426\" data-end=\"2458\">Domaines d'utilisation de la virole<\/h3>\n<p data-start=\"2460\" data-end=\"2506\">La virole de 1,0 \u00d7 1,4 mm est couramment utilis\u00e9e :<\/p>\n<ul data-start=\"2508\" data-end=\"2658\">\n<li data-start=\"2508\" data-end=\"2537\">\n<p data-start=\"2510\" data-end=\"2537\">Connecteurs de fibre optique FC<\/p>\n<\/li>\n<li data-start=\"2538\" data-end=\"2562\">\n<p data-start=\"2540\" data-end=\"2562\">Connecteurs SC et ST<\/p>\n<\/li>\n<li data-start=\"2563\" data-end=\"2587\">\n<p data-start=\"2565\" data-end=\"2587\">Pigtails de fibres optiques<\/p>\n<\/li>\n<li data-start=\"2588\" data-end=\"2603\">\n<p data-start=\"2590\" data-end=\"2603\">Cordons de raccordement<\/p>\n<\/li>\n<li data-start=\"2604\" data-end=\"2634\">\n<p data-start=\"2606\" data-end=\"2634\">FTTH et \u00e9quipements de t\u00e9l\u00e9communications<\/p>\n<\/li>\n<li data-start=\"2635\" data-end=\"2658\">\n<p data-start=\"2637\" data-end=\"2658\">C\u00e2bles de test optiques<\/p>\n<\/li>\n<\/ul>\n<p data-start=\"2660\" data-end=\"2757\">Il s'agit d'un <strong data-start=\"2668\" data-end=\"2686\">composante essentielle<\/strong> derri\u00e8re presque tous les connecteurs optiques \u00e0 fibre unique des r\u00e9seaux modernes.<\/p>\n<hr data-start=\"2759\" data-end=\"2762\" \/>\n<h2 data-start=\"2764\" data-end=\"2785\">Questions et r\u00e9ponses professionnelles<\/h2>\n<p data-start=\"2787\" data-end=\"3017\"><strong data-start=\"2787\" data-end=\"2839\">Q1 : Cette virole peut-elle \u00eatre utilis\u00e9e pour les connecteurs APC ?<\/strong><br data-start=\"2839\" data-end=\"2842\" \/>Oui. La m\u00eame virole de 1,0 \u00d7 1,4 mm peut \u00eatre utilis\u00e9e pour <strong data-start=\"2893\" data-end=\"2912\">PC, UPC ou APC<\/strong> le polissage. La diff\u00e9rence vient de la <strong data-start=\"2954\" data-end=\"2994\">angle de la face frontale et processus de polissage<\/strong>, et non la taille de la virole.<\/p>\n<hr data-start=\"3019\" data-end=\"3022\" \/>\n<p data-start=\"3024\" data-end=\"3263\"><strong data-start=\"3024\" data-end=\"3066\">Q2 : Pourquoi la concentricit\u00e9 est-elle si importante ?<\/strong><br data-start=\"3066\" data-end=\"3069\" \/>Le c\u0153ur de la fibre n'\u00e9tant que d'environ <strong data-start=\"3106\" data-end=\"3124\">9 microns de large<\/strong>. Si l'al\u00e9sage de la virole est d\u00e9centr\u00e9, les c\u0153urs de fibre ne s'aligneront pas lorsque deux connecteurs s'accoupleront, ce qui augmentera les risques d'endommagement de la fibre. <strong data-start=\"3229\" data-end=\"3262\">perte d'insertion et r\u00e9flexion<\/strong>.<\/p>\n<hr data-start=\"3265\" data-end=\"3268\" \/>\n<p data-start=\"3270\" data-end=\"3483\"><strong data-start=\"3270\" data-end=\"3330\">Q3 : Cette virole est-elle compatible avec le polissage automatis\u00e9 ?<\/strong><br data-start=\"3330\" data-end=\"3333\" \/>Oui. Cette taille de virole est con\u00e7ue pour <strong data-start=\"3372\" data-end=\"3442\">les dispositifs de polissage standard et les machines automatiques de polissage des fibres<\/strong>, ce qui le rend apte \u00e0 la production de masse.<\/p>","protected":false},"excerpt":{"rendered":"<h3 data-start=\"127\" data-end=\"185\">Une pi\u00e8ce de pr\u00e9cision qui d\u00e9termine l'ensemble de la liaison optique<\/h3>\n<p data-start=\"187\" data-end=\"395\">Le <strong data-start=\"191\" data-end=\"223\">1,0 \u00d7 1,4 mm bague en c\u00e9ramique<\/strong> est l'un des plus petits composants d'un connecteur de fibre optique, mais c'est aussi celui qui d\u00e9termine le plus fortement la qualit\u00e9 de la fibre optique. <strong data-start=\"340\" data-end=\"394\">perte optique, perte de retour et stabilit\u00e9 \u00e0 long terme<\/strong>.<\/p>\n<p data-start=\"397\" data-end=\"730\">Cette taille de virole est largement utilis\u00e9e dans <strong data-start=\"433\" data-end=\"481\">Connecteurs FC, SC, ST et autres connecteurs \u00e0 fibre unique<\/strong>, en fournissant un <strong data-start=\"495\" data-end=\"521\">canal de haute pr\u00e9cision<\/strong> qui maintient la fibre optique exactement sur l'axe optique. M\u00eame un \u00e9cart de quelques microns \u00e0 cet endroit peut entra\u00eener une perte de signal importante, c'est pourquoi cette pi\u00e8ce est fabriqu\u00e9e avec des tol\u00e9rances extr\u00eamement serr\u00e9es.<\/p>","protected":false},"featured_media":936,"comment_status":"open","ping_status":"closed","template":"","meta":[],"product_brand":[],"product_cat":[34],"product_tag":[],"class_list":{"0":"post-935","1":"product","2":"type-product","3":"status-publish","4":"has-post-thumbnail","6":"product_cat-fc-connector","8":"first","9":"instock","10":"shipping-taxable","11":"product-type-simple"},"_links":{"self":[{"href":"https:\/\/www.fenxifiber.com\/fr\/wp-json\/wp\/v2\/product\/935","targetHints":{"allow":["GET"]}}],"collection":[{"href":"https:\/\/www.fenxifiber.com\/fr\/wp-json\/wp\/v2\/product"}],"about":[{"href":"https:\/\/www.fenxifiber.com\/fr\/wp-json\/wp\/v2\/types\/product"}],"replies":[{"embeddable":true,"href":"https:\/\/www.fenxifiber.com\/fr\/wp-json\/wp\/v2\/comments?post=935"}],"wp:featuredmedia":[{"embeddable":true,"href":"https:\/\/www.fenxifiber.com\/fr\/wp-json\/wp\/v2\/media\/936"}],"wp:attachment":[{"href":"https:\/\/www.fenxifiber.com\/fr\/wp-json\/wp\/v2\/media?parent=935"}],"wp:term":[{"taxonomy":"product_brand","embeddable":true,"href":"https:\/\/www.fenxifiber.com\/fr\/wp-json\/wp\/v2\/product_brand?post=935"},{"taxonomy":"product_cat","embeddable":true,"href":"https:\/\/www.fenxifiber.com\/fr\/wp-json\/wp\/v2\/product_cat?post=935"},{"taxonomy":"product_tag","embeddable":true,"href":"https:\/\/www.fenxifiber.com\/fr\/wp-json\/wp\/v2\/product_tag?post=935"}],"curies":[{"name":"wp","href":"https:\/\/api.w.org\/{rel}","templated":true}]}}