{"id":351,"date":"2026-01-26T05:33:30","date_gmt":"2026-01-26T05:33:30","guid":{"rendered":"https:\/\/www.fenxifiber.com\/?post_type=product&#038;p=351"},"modified":"2026-01-26T05:33:30","modified_gmt":"2026-01-26T05:33:30","slug":"fabricante-da-caixa-de-terminacao-de-fibra-lc-96core","status":"publish","type":"product","link":"https:\/\/www.fenxifiber.com\/pt\/product\/fiber-termination-box-lc-96core-manufacturer\/","title":{"rendered":"Caixa de termina\u00e7\u00e3o de fibra LC-96core Fabricante"},"content":{"rendered":"<p><strong>Conectividade e design de alta densidade<\/strong><\/p>\n<p>A otimiza\u00e7\u00e3o do espa\u00e7o \u00e9 fundamental na infraestrutura de rede atual. Nossa caixa de termina\u00e7\u00e3o LC-96core apresenta um design compacto e modular que acomoda 96 conex\u00f5es LC (normalmente usando adaptadores LC Duplex). A estrutura interna \u00e9 meticulosamente organizada com bandejas de emenda que garantem que o raio de curvatura da fibra seja superior a 30 mm, evitando a perda de sinal e danos f\u00edsicos. Esse design facilita o acesso para instala\u00e7\u00e3o, manuten\u00e7\u00e3o e futura expans\u00e3o da capacidade sem interromper as conex\u00f5es existentes.<\/p>\n<p><strong>Durabilidade e prote\u00e7\u00e3o ambiental<\/strong><\/p>\n<p>Constru\u00edda com a\u00e7o laminado a frio de alta qualidade (SPCC) ou materiais ABS resistentes a impactos (personaliz\u00e1veis mediante solicita\u00e7\u00e3o), essa caixa de termina\u00e7\u00e3o oferece prote\u00e7\u00e3o robusta contra impactos f\u00edsicos e fatores ambientais. Ela \u00e9 pintada com spray eletrost\u00e1tico para um acabamento liso e resistente \u00e0 corros\u00e3o, o que a torna adequada para v\u00e1rios cen\u00e1rios de implementa\u00e7\u00e3o, incluindo montagem em parede interna e montagem em rack padr\u00e3o de 19 polegadas. A unidade protege efetivamente as emendas de fibra sens\u00edveis contra poeira, umidade e estresse mec\u00e2nico, garantindo uma longa vida \u00fatil operacional.<\/p>\n<p><strong>Especifica\u00e7\u00f5es t\u00e9cnicas<\/strong><\/p>\n<p>Para ajud\u00e1-lo a entender os recursos de desempenho da nossa caixa de termina\u00e7\u00e3o de fibra LC-96core, consulte os par\u00e2metros t\u00e9cnicos padr\u00e3o abaixo:<\/p>\n<table>\n<thead>\n<tr>\n<th>Recurso<\/th>\n<th>Especifica\u00e7\u00e3o<\/th>\n<\/tr>\n<\/thead>\n<tbody>\n<tr>\n<td><strong>Nome do produto<\/strong><\/td>\n<td>Caixa de termina\u00e7\u00e3o de fibra LC-96core<\/td>\n<\/tr>\n<tr>\n<td><strong>Capacidade m\u00e1xima<\/strong><\/td>\n<td>96 n\u00facleos<\/td>\n<\/tr>\n<tr>\n<td><strong>Tipo de adaptador<\/strong><\/td>\n<td>LC (Duplex\/Quad)<\/td>\n<\/tr>\n<tr>\n<td><strong>Material<\/strong><\/td>\n<td>A\u00e7o laminado a frio SPCC \/ ABS de alto grau<\/td>\n<\/tr>\n<tr>\n<td><strong>Perda de inser\u00e7\u00e3o<\/strong><\/td>\n<td>\u2264 0,3dB<\/td>\n<\/tr>\n<tr>\n<td><strong>Perda de retorno<\/strong><\/td>\n<td>\u2265 50dB (UPC) \/ \u2265 60dB (APC)<\/td>\n<\/tr>\n<tr>\n<td><strong>Temperatura operacional<\/strong><\/td>\n<td>-40\u00b0C a +85\u00b0C<\/td>\n<\/tr>\n<tr>\n<td><strong>Modo de instala\u00e7\u00e3o<\/strong><\/td>\n<td>Montagem em parede \/ montagem em rack (19 polegadas)<\/td>\n<\/tr>\n<tr>\n<td><strong>Vida \u00fatil<\/strong><\/td>\n<td>&gt; 20 anos<\/td>\n<\/tr>\n<\/tbody>\n<\/table>\n<p><strong>Aplicativos e garantia de qualidade<\/strong><\/p>\n<p>Esse produto \u00e9 amplamente utilizado em redes locais (LAN), redes de longa dist\u00e2ncia (WAN), sistemas CATV e integra\u00e7\u00e3o de redes de telecomunica\u00e7\u00f5es. Na Fenxi Optoelectronics Technology, combinamos a experi\u00eancia s\u00eanior em P&amp;D com um rigoroso gerenciamento de qualidade. Cada caixa de termina\u00e7\u00e3o de fibra LC-96core \u00e9 submetida a rigorosos testes \u00f3pticos antes do envio para garantir que atenda aos padr\u00f5es internacionais. Seja para um projeto de telecomunica\u00e7\u00f5es em larga escala ou para uma tarefa espec\u00edfica de integra\u00e7\u00e3o de sistemas, a Fenxi oferece servi\u00e7os confi\u00e1veis de OEM\/ODM para apoiar o crescimento de seus neg\u00f3cios.<\/p>","protected":false},"excerpt":{"rendered":"<p><strong>Vis\u00e3o geral do produto<\/strong><\/p>\n<p>O\u00a0<strong>Caixa de termina\u00e7\u00e3o de fibra LC-96core<\/strong>\u00a0\u00e9 uma solu\u00e7\u00e3o de distribui\u00e7\u00e3o \u00f3ptica de alta densidade projetada para atender \u00e0s rigorosas demandas das modernas redes FTTH (Fiber to the Home) e de telecomunica\u00e7\u00f5es. Projetada pela Fenxi Optoelectronics Technology, essa unidade oferece gerenciamento eficiente de cabos, emenda de fus\u00e3o segura e conectividade confi\u00e1vel para at\u00e9 96 n\u00facleos de fibra. \u00c9 a escolha ideal para maximizar a utiliza\u00e7\u00e3o do espa\u00e7o em salas de servidores e data centers e, ao mesmo tempo, garantir uma transmiss\u00e3o de sinal superior.<\/p>","protected":false},"featured_media":352,"comment_status":"open","ping_status":"closed","template":"","meta":[],"product_brand":[],"product_cat":[23],"product_tag":[],"class_list":{"0":"post-351","1":"product","2":"type-product","3":"status-publish","4":"has-post-thumbnail","6":"product_cat-fiber-termination-box","8":"first","9":"instock","10":"shipping-taxable","11":"product-type-simple"},"_links":{"self":[{"href":"https:\/\/www.fenxifiber.com\/pt\/wp-json\/wp\/v2\/product\/351","targetHints":{"allow":["GET"]}}],"collection":[{"href":"https:\/\/www.fenxifiber.com\/pt\/wp-json\/wp\/v2\/product"}],"about":[{"href":"https:\/\/www.fenxifiber.com\/pt\/wp-json\/wp\/v2\/types\/product"}],"replies":[{"embeddable":true,"href":"https:\/\/www.fenxifiber.com\/pt\/wp-json\/wp\/v2\/comments?post=351"}],"wp:featuredmedia":[{"embeddable":true,"href":"https:\/\/www.fenxifiber.com\/pt\/wp-json\/wp\/v2\/media\/352"}],"wp:attachment":[{"href":"https:\/\/www.fenxifiber.com\/pt\/wp-json\/wp\/v2\/media?parent=351"}],"wp:term":[{"taxonomy":"product_brand","embeddable":true,"href":"https:\/\/www.fenxifiber.com\/pt\/wp-json\/wp\/v2\/product_brand?post=351"},{"taxonomy":"product_cat","embeddable":true,"href":"https:\/\/www.fenxifiber.com\/pt\/wp-json\/wp\/v2\/product_cat?post=351"},{"taxonomy":"product_tag","embeddable":true,"href":"https:\/\/www.fenxifiber.com\/pt\/wp-json\/wp\/v2\/product_tag?post=351"}],"curies":[{"name":"wp","href":"https:\/\/api.w.org\/{rel}","templated":true}]}}