{"id":366,"date":"2026-01-26T06:32:13","date_gmt":"2026-01-26T06:32:13","guid":{"rendered":"https:\/\/www.fenxifiber.com\/?post_type=product&#038;p=366"},"modified":"2026-01-26T06:32:13","modified_gmt":"2026-01-26T06:32:13","slug":"caixa-de-terminacao-de-fibra-sc-12core-para-acesso-ftth","status":"publish","type":"product","link":"https:\/\/www.fenxifiber.com\/pt\/product\/fiber-termination-box-sc-12core-for-ftth-access\/","title":{"rendered":"Caixa de termina\u00e7\u00e3o de fibra SC-12core para acesso FTTH"},"content":{"rendered":"<p><strong>Design compacto e durabilidade<\/strong><\/p>\n<p>Nossa caixa de termina\u00e7\u00e3o SC-12core \u00e9 constru\u00edda tendo em mente a longevidade do instalador e da rede. O gabinete \u00e9 normalmente fabricado com PC (policarbonato) de alta qualidade ou material de liga ABS, proporcionando forte resist\u00eancia contra radia\u00e7\u00e3o UV, umidade e impacto f\u00edsico.<\/p>\n<ul>\n<li><strong>Interface do adaptador SC:<\/strong>\u00a0Projetado especificamente para abrigar 12 adaptadores SC simplex. O mecanismo push-pull do conector SC garante uma conex\u00e3o r\u00e1pida e alta densidade de empacotamento.<\/li>\n<li><strong>Estrutura de camada dupla:<\/strong>\u00a0Muitos de nossos projetos apresentam uma estrutura de camada dupla: a camada superior para divis\u00e3o e distribui\u00e7\u00e3o \u00f3ptica e a camada inferior para emenda de fibra. Essa l\u00f3gica separa os caminhos de roteamento para minimizar a interfer\u00eancia do sinal.<\/li>\n<li><strong>Montagem vers\u00e1til:<\/strong>\u00a0A unidade \u00e9 leve, por\u00e9m robusta, suportando instala\u00e7\u00f5es de montagem em parede e em poste, adequada para corredores internos ou ambientes externos protegidos.<\/li>\n<li><strong>Gerenciamento de cabos:<\/strong>\u00a0Equipado com unidades dedicadas de fixa\u00e7\u00e3o de cabos e uma bandeja de emenda flip-page, garantindo que o raio de curvatura da fibra seja mantido acima de 30 mm para evitar atenua\u00e7\u00e3o.<\/li>\n<\/ul>\n<p><strong>Especifica\u00e7\u00f5es t\u00e9cnicas<\/strong><\/p>\n<p>Para demonstrar a confiabilidade da caixa de termina\u00e7\u00e3o de fibra SC-12core, fornecemos os seguintes dados t\u00e9cnicos com base nos atuais padr\u00f5es de refer\u00eancia do setor para equipamentos de distribui\u00e7\u00e3o \u00f3ptica.<\/p>\n<table>\n<thead>\n<tr>\n<th>Par\u00e2metro<\/th>\n<th>Especifica\u00e7\u00e3o<\/th>\n<\/tr>\n<\/thead>\n<tbody>\n<tr>\n<td><strong>Nome do produto<\/strong><\/td>\n<td>Caixa de termina\u00e7\u00e3o de fibra SC-12core<\/td>\n<\/tr>\n<tr>\n<td><strong>Capacidade m\u00e1xima<\/strong><\/td>\n<td>12 Fibras<\/td>\n<\/tr>\n<tr>\n<td><strong>Portas do adaptador<\/strong><\/td>\n<td>12 x SC Simplex<\/td>\n<\/tr>\n<tr>\n<td><strong>Material<\/strong><\/td>\n<td>Liga de PC+ABS de alta resist\u00eancia<\/td>\n<\/tr>\n<tr>\n<td><strong>N\u00edvel de prote\u00e7\u00e3o<\/strong><\/td>\n<td>IP55 \/ IP65 (modelos para uso externo dispon\u00edveis)<\/td>\n<\/tr>\n<tr>\n<td><strong>Dimens\u00f5es (aprox.)<\/strong><\/td>\n<td>220 mm x 160 mm x 50 mm (personaliz\u00e1vel)<\/td>\n<\/tr>\n<tr>\n<td><strong>Perda de inser\u00e7\u00e3o<\/strong><\/td>\n<td>\u2264 0,2dB<\/td>\n<\/tr>\n<tr>\n<td><strong>Perda de retorno<\/strong><\/td>\n<td>UPC \u2265 50dB, APC \u2265 60dB<\/td>\n<\/tr>\n<tr>\n<td><strong>Temperatura de trabalho<\/strong><\/td>\n<td>-40\u00b0C ~ +85\u00b0C<\/td>\n<\/tr>\n<tr>\n<td><strong>Inflamabilidade<\/strong><\/td>\n<td>Padr\u00e3o UL94-V0<\/td>\n<\/tr>\n<tr>\n<td><strong>Expectativa de vida<\/strong><\/td>\n<td>\u2265 20 anos<\/td>\n<\/tr>\n<\/tbody>\n<\/table>\n<p><strong>Aplicativos prim\u00e1rios<\/strong><\/p>\n<p>A flexibilidade da caixa de termina\u00e7\u00e3o de fibra SC-12core faz com que ela seja um elemento b\u00e1sico em v\u00e1rias arquiteturas de rede \u00f3ptica:<\/p>\n<ol>\n<li><strong>Redes FTTH\/FTTB:<\/strong>\u00a0Usado como caixa de distribui\u00e7\u00e3o de piso em edif\u00edcios residenciais para conectar cabos de subida aos cabos de descida do usu\u00e1rio.<\/li>\n<li><strong>Redes de distribui\u00e7\u00e3o \u00f3ptica (ODN):<\/strong>\u00a0Facilitando a ramifica\u00e7\u00e3o de sinais \u00f3pticos.<\/li>\n<li><strong>Redes de \u00e1rea local (LAN):<\/strong>\u00a0Gerenciamento de endpoints de fibra em configura\u00e7\u00f5es corporativas.<\/li>\n<li><strong>Redes CATV:<\/strong>\u00a0Garante a transmiss\u00e3o est\u00e1vel do sinal de v\u00eddeo.<\/li>\n<\/ol>\n<p><strong>Compromisso com a qualidade<\/strong><\/p>\n<p>A Fenxi Optoelectronics Technology dedica-se a fornecer produtos de comunica\u00e7\u00e3o \u00f3ptica de qualidade superior. Nossa produ\u00e7\u00e3o re\u00fane profissionais s\u00eanior e sistemas de gerenciamento avan\u00e7ados para garantir que cada\u00a0<strong>Caixa de termina\u00e7\u00e3o de fibra SC-12core<\/strong>\u00a0atende aos padr\u00f5es internacionais. N\u00e3o importa se voc\u00ea est\u00e1 atualizando uma rede existente ou implantando uma nova infraestrutura, nossas solu\u00e7\u00f5es oferecem a estabilidade e a facilidade de instala\u00e7\u00e3o necess\u00e1rias para o sucesso do projeto.<\/p>","protected":false},"excerpt":{"rendered":"<p><strong>Descri\u00e7\u00e3o do produto<\/strong><\/p>\n<p>O\u00a0<strong>Caixa de termina\u00e7\u00e3o de fibra SC-12core<\/strong>\u00a0\u00e9 uma solu\u00e7\u00e3o de distribui\u00e7\u00e3o \u00f3ptica compacta e eficiente oferecida pela\u00a0<strong>Tecnologia Optoeletr\u00f4nica Fenxi<\/strong>. Projetada para atender \u00e0s rigorosas demandas das modernas redes Fiber to the Home (FTTH), essa caixa serve como um ponto de termina\u00e7\u00e3o confi\u00e1vel para o cabo de alimenta\u00e7\u00e3o se conectar ao cabo drop.<\/p>\n<p>Aproveitando a ampla experi\u00eancia em P&amp;D da nossa equipe e o rigoroso controle de qualidade, a Fenxi Optoelectronics projetou essa unidade para garantir a prote\u00e7\u00e3o ideal do sinal. Ela permite a emenda, a divis\u00e3o e a distribui\u00e7\u00e3o de fibras em um gabinete limpo e organizado, tornando-a um componente essencial para operadoras de telecomunica\u00e7\u00f5es e integradores de sistemas em todo o mundo.<\/p>","protected":false},"featured_media":367,"comment_status":"open","ping_status":"closed","template":"","meta":[],"product_brand":[],"product_cat":[23],"product_tag":[],"class_list":{"0":"post-366","1":"product","2":"type-product","3":"status-publish","4":"has-post-thumbnail","6":"product_cat-fiber-termination-box","8":"first","9":"instock","10":"shipping-taxable","11":"product-type-simple"},"_links":{"self":[{"href":"https:\/\/www.fenxifiber.com\/pt\/wp-json\/wp\/v2\/product\/366","targetHints":{"allow":["GET"]}}],"collection":[{"href":"https:\/\/www.fenxifiber.com\/pt\/wp-json\/wp\/v2\/product"}],"about":[{"href":"https:\/\/www.fenxifiber.com\/pt\/wp-json\/wp\/v2\/types\/product"}],"replies":[{"embeddable":true,"href":"https:\/\/www.fenxifiber.com\/pt\/wp-json\/wp\/v2\/comments?post=366"}],"wp:featuredmedia":[{"embeddable":true,"href":"https:\/\/www.fenxifiber.com\/pt\/wp-json\/wp\/v2\/media\/367"}],"wp:attachment":[{"href":"https:\/\/www.fenxifiber.com\/pt\/wp-json\/wp\/v2\/media?parent=366"}],"wp:term":[{"taxonomy":"product_brand","embeddable":true,"href":"https:\/\/www.fenxifiber.com\/pt\/wp-json\/wp\/v2\/product_brand?post=366"},{"taxonomy":"product_cat","embeddable":true,"href":"https:\/\/www.fenxifiber.com\/pt\/wp-json\/wp\/v2\/product_cat?post=366"},{"taxonomy":"product_tag","embeddable":true,"href":"https:\/\/www.fenxifiber.com\/pt\/wp-json\/wp\/v2\/product_tag?post=366"}],"curies":[{"name":"wp","href":"https:\/\/api.w.org\/{rel}","templated":true}]}}