{"id":398,"date":"2026-01-28T01:03:32","date_gmt":"2026-01-28T01:03:32","guid":{"rendered":"https:\/\/www.fenxifiber.com\/?post_type=product&#038;p=398"},"modified":"2026-01-28T01:13:07","modified_gmt":"2026-01-28T01:13:07","slug":"fabricante-de-bandeja-de-emenda-de-fibra-optica-fc-apc-12core","status":"publish","type":"product","link":"https:\/\/www.fenxifiber.com\/pt\/product\/fiber-optic-splice-tray-fc-apc-12core-manufacturer\/","title":{"rendered":"Bandeja de emenda de fibra \u00f3ptica FC\/APC-12core Fabricante"},"content":{"rendered":"<p><strong>Gerenciamento e prote\u00e7\u00e3o otimizados da fibra<\/strong><\/p>\n<p>A bandeja de emenda de 12 n\u00facleos foi projetada para expandir os recursos de emenda de fibra dentro de quadros de distribui\u00e7\u00e3o \u00f3ptica (ODF), caixas de termina\u00e7\u00e3o de fibra e fechamentos de emenda. Ela acomoda especificamente adaptadores FC\/APC, garantindo baixa perda de inser\u00e7\u00e3o e alta perda de retorno para a transmiss\u00e3o de sinais cr\u00edticos. A bandeja apresenta um layout preciso que mant\u00e9m o raio de curvatura m\u00ednimo da fibra, evitando a atenua\u00e7\u00e3o do sinal e danos f\u00edsicos. Seu design empilh\u00e1vel permite a expans\u00e3o escal\u00e1vel da rede, tornando-a ideal para infraestruturas Fiber to the Home (FTTH) em crescimento.<\/p>\n<p><strong>Especifica\u00e7\u00f5es t\u00e9cnicas<\/strong><\/p>\n<p>Nossas bandejas de emenda s\u00e3o fabricadas com materiais retardadores de chamas de alta qualidade, garantindo a confiabilidade em ambientes adversos. Abaixo est\u00e3o os par\u00e2metros t\u00e9cnicos padr\u00e3o para esse produto:<\/p>\n<table>\n<thead>\n<tr>\n<th>Par\u00e2metro<\/th>\n<th>Especifica\u00e7\u00e3o<\/th>\n<\/tr>\n<\/thead>\n<tbody>\n<tr>\n<td><strong>Nome do produto<\/strong><\/td>\n<td>Bandeja de emenda de fibra \u00f3ptica FC\/APC-12core<\/td>\n<\/tr>\n<tr>\n<td><strong>Material<\/strong><\/td>\n<td>ABS \/ PC de alta resist\u00eancia (retardante de chamas)<\/td>\n<\/tr>\n<tr>\n<td><strong>Capacidade<\/strong><\/td>\n<td>12 n\u00facleos (m\u00e1ximo)<\/td>\n<\/tr>\n<tr>\n<td><strong>Interface do adaptador<\/strong><\/td>\n<td>FC\/APC (pr\u00e9-slot ou carregado)<\/td>\n<\/tr>\n<tr>\n<td><strong>Cor<\/strong><\/td>\n<td>Branco \/ Cinza \/ Preto<\/td>\n<\/tr>\n<tr>\n<td><strong>Temperatura operacional<\/strong><\/td>\n<td>-40\u00b0C a +85\u00b0C<\/td>\n<\/tr>\n<tr>\n<td><strong>Temperatura de armazenamento<\/strong><\/td>\n<td>-40\u00b0C a +85\u00b0C<\/td>\n<\/tr>\n<tr>\n<td><strong>Press\u00e3o atmosf\u00e9rica<\/strong><\/td>\n<td>70kPa a 106kPa<\/td>\n<\/tr>\n<tr>\n<td><strong>Umidade relativa<\/strong><\/td>\n<td>\u226485% (+30\u00b0C)<\/td>\n<\/tr>\n<tr>\n<td><strong>Dimens\u00f5es (L<em>W<\/em>H)<\/strong><\/td>\n<td>Tamanho padr\u00e3o da bandeja de 12 n\u00facleos (personaliz\u00e1vel)<\/td>\n<\/tr>\n<\/tbody>\n<\/table>\n<p><strong>Cen\u00e1rios de aplicativos vers\u00e1teis<\/strong><\/p>\n<p>Esse produto \u00e9 amplamente utilizado no setor de comunica\u00e7\u00e3o \u00f3ptica. Ele serve como um componente central em:<\/p>\n<ul>\n<li><strong>Quadros de distribui\u00e7\u00e3o de fibra \u00f3ptica (ODF):<\/strong>\u00a0Facilita a organiza\u00e7\u00e3o de emendas e remendos.<\/li>\n<li><strong>Patch panels de fibra \u00f3ptica:<\/strong>\u00a0Gerenciamento de cabos de entrada e sa\u00edda.<\/li>\n<li><strong>Caixas de termina\u00e7\u00e3o de fibra:<\/strong>\u00a0Garantir a termina\u00e7\u00e3o segura da fibra em projetos FTTx.<\/li>\n<li><strong>Centros de dados e salas de servidores:<\/strong>\u00a0Suporte a sistemas de cabeamento de alta densidade.<\/li>\n<\/ul>\n<p><strong>Por que escolher a Fenxi Optoelectronics?<\/strong><\/p>\n<p>A Fenxi Optoelectronics Technology \u00e9 mais do que apenas um fornecedor; somos seu parceiro estrat\u00e9gico em comunica\u00e7\u00e3o \u00f3ptica.<\/p>\n<ul>\n<li><strong>Excel\u00eancia em P&amp;D:<\/strong>\u00a0Reunimos profissionais s\u00eanior de P&amp;D de produtos para garantir que nossos projetos atendam aos mais recentes padr\u00f5es do setor.<\/li>\n<li><strong>Garantia de qualidade:<\/strong>\u00a0Nossa experiente equipe de gerenciamento de qualidade aplica um rigoroso controle de qualidade, desde o fornecimento de mat\u00e9ria-prima at\u00e9 a produ\u00e7\u00e3o final.<\/li>\n<li><strong>Portf\u00f3lio abrangente:<\/strong>\u00a0De cabos de conex\u00e3o de fibra a divisores PLC complexos e fechamentos de emenda, oferecemos uma solu\u00e7\u00e3o de fornecimento completa para integradores globais.<\/li>\n<\/ul>","protected":false},"excerpt":{"rendered":"<p><strong>Introdu\u00e7\u00e3o<\/strong><\/p>\n<p>Na Fenxi Optoelectronics Technology, somos especializados em fornecer solu\u00e7\u00f5es de comunica\u00e7\u00e3o \u00f3ptica de alto desempenho. Nossos\u00a0<strong>Bandeja de emenda de fibra \u00f3ptica FC\/APC-12core<\/strong>\u00a0foi projetada para oferecer prote\u00e7\u00e3o e organiza\u00e7\u00e3o superiores para emendas por fus\u00e3o de fibra. Projetada para durabilidade e facilidade de uso, essa bandeja de emenda \u00e9 um componente essencial para operadoras de telecomunica\u00e7\u00f5es e integradores de sistemas que gerenciam redes de fibra de alta densidade.<\/p>","protected":false},"featured_media":399,"comment_status":"open","ping_status":"closed","template":"","meta":[],"product_brand":[],"product_cat":[26],"product_tag":[],"class_list":{"0":"post-398","1":"product","2":"type-product","3":"status-publish","4":"has-post-thumbnail","6":"product_cat-fiber-optic-splice-tray","8":"first","9":"instock","10":"shipping-taxable","11":"product-type-simple"},"_links":{"self":[{"href":"https:\/\/www.fenxifiber.com\/pt\/wp-json\/wp\/v2\/product\/398","targetHints":{"allow":["GET"]}}],"collection":[{"href":"https:\/\/www.fenxifiber.com\/pt\/wp-json\/wp\/v2\/product"}],"about":[{"href":"https:\/\/www.fenxifiber.com\/pt\/wp-json\/wp\/v2\/types\/product"}],"replies":[{"embeddable":true,"href":"https:\/\/www.fenxifiber.com\/pt\/wp-json\/wp\/v2\/comments?post=398"}],"wp:featuredmedia":[{"embeddable":true,"href":"https:\/\/www.fenxifiber.com\/pt\/wp-json\/wp\/v2\/media\/399"}],"wp:attachment":[{"href":"https:\/\/www.fenxifiber.com\/pt\/wp-json\/wp\/v2\/media?parent=398"}],"wp:term":[{"taxonomy":"product_brand","embeddable":true,"href":"https:\/\/www.fenxifiber.com\/pt\/wp-json\/wp\/v2\/product_brand?post=398"},{"taxonomy":"product_cat","embeddable":true,"href":"https:\/\/www.fenxifiber.com\/pt\/wp-json\/wp\/v2\/product_cat?post=398"},{"taxonomy":"product_tag","embeddable":true,"href":"https:\/\/www.fenxifiber.com\/pt\/wp-json\/wp\/v2\/product_tag?post=398"}],"curies":[{"name":"wp","href":"https:\/\/api.w.org\/{rel}","templated":true}]}}