{"id":432,"date":"2026-01-28T06:13:11","date_gmt":"2026-01-28T06:13:11","guid":{"rendered":"https:\/\/www.fenxifiber.com\/?post_type=product&#038;p=432"},"modified":"2026-01-28T06:13:11","modified_gmt":"2026-01-28T06:13:11","slug":"adaptador-de-fibra-optica-lc-upc-quadruplo-conectividade-de-alta-densidade","status":"publish","type":"product","link":"https:\/\/www.fenxifiber.com\/pt\/product\/fiber-optic-adapter-lc-upc-quadruple-high-density-connectivity\/","title":{"rendered":"Adaptador de fibra \u00f3ptica LC\/UPC-Qu\u00e1druplo | Conectividade de alta densidade"},"content":{"rendered":"<p><strong>Alinhamento e desempenho de alta precis\u00e3o<\/strong><\/p>\n<p>No centro do nosso adaptador LC\/UPC Quadruple est\u00e1 uma luva de cer\u00e2mica de zirc\u00f4nia de alta precis\u00e3o. Esse componente essencial garante um contato f\u00edsico preciso entre as extremidades da fibra, resultando em uma excepcional\u00a0<strong>baixa perda de inser\u00e7\u00e3o<\/strong>\u00a0e alta intercambialidade. O polimento UPC (Ultra Physical Contact) garante uma alta perda de retorno, minimizando a reflex\u00e3o do sinal, o que \u00e9 crucial para sistemas de transmiss\u00e3o de dados de alta velocidade. O inv\u00f3lucro do adaptador \u00e9 constru\u00eddo com pl\u00e1stico de alta qualidade e retardante de chamas, oferecendo durabilidade e prote\u00e7\u00e3o em v\u00e1rias condi\u00e7\u00f5es ambientais, desde data centers at\u00e9 fechamentos de emendas ao ar livre.<\/p>\n<p><strong>Especifica\u00e7\u00f5es t\u00e9cnicas<\/strong><\/p>\n<p>Para garantir transpar\u00eancia e refer\u00eancia profissional para os engenheiros de rede, aqui est\u00e3o os par\u00e2metros t\u00e9cnicos padr\u00e3o do nosso adaptador qu\u00e1druplo LC\/UPC:<\/p>\n<table>\n<thead>\n<tr>\n<th>Par\u00e2metro<\/th>\n<th>Especifica\u00e7\u00e3o<\/th>\n<\/tr>\n<\/thead>\n<tbody>\n<tr>\n<td><strong>Tipo de conector<\/strong><\/td>\n<td>LC qu\u00e1druplo (4 portas)<\/td>\n<\/tr>\n<tr>\n<td><strong>Tipo de polon\u00eas<\/strong><\/td>\n<td>UPC (Ultra Contato F\u00edsico)<\/td>\n<\/tr>\n<tr>\n<td><strong>Modo de fibra<\/strong><\/td>\n<td>Modo \u00fanico (9\/125 \u00b5m)<\/td>\n<\/tr>\n<tr>\n<td><strong>Perda de inser\u00e7\u00e3o (IL)<\/strong><\/td>\n<td><span class=\"katex\"><span class=\"katex-html\" aria-hidden=\"true\"><span class=\"base\"><span class=\"mrel\">\u2264<\/span><\/span><\/span><\/span>\u00a00,20 dB<\/td>\n<\/tr>\n<tr>\n<td><strong>Perda de retorno (RL)<\/strong><\/td>\n<td><span class=\"katex\"><span class=\"katex-html\" aria-hidden=\"true\"><span class=\"base\"><span class=\"mrel\">\u2265<\/span><\/span><\/span><\/span>\u00a050 dB<\/td>\n<\/tr>\n<tr>\n<td><strong>Material da manga<\/strong><\/td>\n<td>Cer\u00e2mica de zirc\u00f4nia<\/td>\n<\/tr>\n<tr>\n<td><strong>Material do compartimento<\/strong><\/td>\n<td>PEI \/ PBT (classifica\u00e7\u00e3o UL94-V0)<\/td>\n<\/tr>\n<tr>\n<td><strong>Durabilidade do acoplamento<\/strong><\/td>\n<td>&gt; 1000 ciclos<\/td>\n<\/tr>\n<tr>\n<td><strong>Temperatura operacional<\/strong><\/td>\n<td>-40\u00b0C a +85\u00b0C<\/td>\n<\/tr>\n<tr>\n<td><strong>Cor<\/strong><\/td>\n<td>Azul (padr\u00e3o para UPC de modo \u00fanico)<\/td>\n<\/tr>\n<\/tbody>\n<\/table>\n<p><strong>Garantia de qualidade e aplica\u00e7\u00e3o<\/strong><\/p>\n<p>Com o respaldo dos s\u00f3lidos recursos de P&amp;D e dos rigorosos sistemas de gerenciamento de qualidade da Fenxi Optoelectronics, cada adaptador de fibra \u00f3ptica passa por testes rigorosos antes do envio. Nossos adaptadores s\u00e3o totalmente compat\u00edveis com os padr\u00f5es IEC e TIA\/EIA. Eles s\u00e3o amplamente utilizados em:<\/p>\n<ul>\n<li><strong>Telecomunica\u00e7\u00f5es:<\/strong>\u00a0Escrit\u00f3rio central e redes de loop local.<\/li>\n<li><strong>Redes de dados:<\/strong>\u00a0Pain\u00e9is de patch de alta densidade e racks de servidor.<\/li>\n<li><strong>CATV e multim\u00eddia:<\/strong>\u00a0Roteamento confi\u00e1vel de sinais de v\u00eddeo e dados.<\/li>\n<li><strong>Implanta\u00e7\u00e3o de FTTx:<\/strong>\u00a0Ideal para divisores e caixas de termina\u00e7\u00e3o.<\/li>\n<\/ul>","protected":false},"excerpt":{"rendered":"<p><strong>Vis\u00e3o geral do produto<\/strong><\/p>\n<p>O\u00a0<strong>Adaptador de fibra \u00f3ptica LC\/UPC-Quadruplo<\/strong>\u00a0\u00e9 uma solu\u00e7\u00e3o de conectividade de primeira linha projetada para ambientes modernos de cabeamento de alta densidade. Fabricado por\u00a0<strong>Tecnologia Optoeletr\u00f4nica Fenxi<\/strong>, Com o adaptador LC Quad, esse adaptador permite a conex\u00e3o perfeita de quatro conectores LC em um \u00fanico espa\u00e7o, otimizando significativamente o uso do espa\u00e7o em quadros de distribui\u00e7\u00e3o \u00f3ptica (ODF) e caixas de termina\u00e7\u00e3o de fibra. Seja para implementa\u00e7\u00f5es de Fiber to the Home (FTTH), redes de telecomunica\u00e7\u00f5es ou projetos de integra\u00e7\u00e3o de sistemas, nosso adaptador LC Quad garante uma transmiss\u00e3o de sinal confi\u00e1vel com estabilidade mec\u00e2nica superior.<\/p>","protected":false},"featured_media":433,"comment_status":"open","ping_status":"closed","template":"","meta":[],"product_brand":[],"product_cat":[25],"product_tag":[],"class_list":{"0":"post-432","1":"product","2":"type-product","3":"status-publish","4":"has-post-thumbnail","6":"product_cat-fiber-optic-adapter","8":"first","9":"instock","10":"shipping-taxable","11":"product-type-simple"},"_links":{"self":[{"href":"https:\/\/www.fenxifiber.com\/pt\/wp-json\/wp\/v2\/product\/432","targetHints":{"allow":["GET"]}}],"collection":[{"href":"https:\/\/www.fenxifiber.com\/pt\/wp-json\/wp\/v2\/product"}],"about":[{"href":"https:\/\/www.fenxifiber.com\/pt\/wp-json\/wp\/v2\/types\/product"}],"replies":[{"embeddable":true,"href":"https:\/\/www.fenxifiber.com\/pt\/wp-json\/wp\/v2\/comments?post=432"}],"wp:featuredmedia":[{"embeddable":true,"href":"https:\/\/www.fenxifiber.com\/pt\/wp-json\/wp\/v2\/media\/433"}],"wp:attachment":[{"href":"https:\/\/www.fenxifiber.com\/pt\/wp-json\/wp\/v2\/media?parent=432"}],"wp:term":[{"taxonomy":"product_brand","embeddable":true,"href":"https:\/\/www.fenxifiber.com\/pt\/wp-json\/wp\/v2\/product_brand?post=432"},{"taxonomy":"product_cat","embeddable":true,"href":"https:\/\/www.fenxifiber.com\/pt\/wp-json\/wp\/v2\/product_cat?post=432"},{"taxonomy":"product_tag","embeddable":true,"href":"https:\/\/www.fenxifiber.com\/pt\/wp-json\/wp\/v2\/product_tag?post=432"}],"curies":[{"name":"wp","href":"https:\/\/api.w.org\/{rel}","templated":true}]}}