{"id":453,"date":"2026-01-28T06:58:44","date_gmt":"2026-01-28T06:58:44","guid":{"rendered":"https:\/\/www.fenxifiber.com\/?post_type=product&#038;p=453"},"modified":"2026-02-03T00:53:10","modified_gmt":"2026-02-03T00:53:10","slug":"adaptador-de-fibra-optica-sc-upc-sm-para-sistemas-de-telecomunicacao-e-ftth","status":"publish","type":"product","link":"https:\/\/www.fenxifiber.com\/pt\/product\/fiber-optic-adapter-sc-upc-sm-for-telecom-and-ftth-systems\/","title":{"rendered":"Adaptador de fibra \u00f3ptica SC\/UPC-SM para sistemas de telecomunica\u00e7\u00f5es e FTTH"},"content":{"rendered":"<h2>Principais recursos<\/h2>\n<ul>\n<li><strong>Interface SC\/UPC<\/strong>: Oferece contato f\u00edsico confi\u00e1vel e desempenho \u00f3ptico consistente<\/li>\n<li><strong>Compatibilidade de modo \u00fanico<\/strong>: Otimizado para transmiss\u00e3o de fibra de longa dist\u00e2ncia<\/li>\n<li><strong>Baixa perda de inser\u00e7\u00e3o<\/strong>: As buchas de cer\u00e2mica de zirc\u00f4nia de precis\u00e3o garantem o alinhamento preciso do n\u00facleo<\/li>\n<li><strong>Perda de retorno est\u00e1vel<\/strong>: O polimento suave do UPC permite uma transmiss\u00e3o de sinal limpa<\/li>\n<li><strong>Carca\u00e7a dur\u00e1vel<\/strong>: Materiais retardantes de chamas para estabilidade operacional de longo prazo<\/li>\n<li><strong>Conformidade com os padr\u00f5es<\/strong>: Atende \u00e0s especifica\u00e7\u00f5es IEC 61754 e Telcordia GR-326<\/li>\n<\/ul>\n<h2>Especifica\u00e7\u00f5es t\u00e9cnicas<\/h2>\n<table>\n<thead>\n<tr>\n<th>Par\u00e2metro<\/th>\n<th>Especifica\u00e7\u00e3o<\/th>\n<\/tr>\n<\/thead>\n<tbody>\n<tr>\n<td>Tipo de conector<\/td>\n<td>SC\/UPC para SC\/UPC<\/td>\n<\/tr>\n<tr>\n<td>Modo de fibra<\/td>\n<td>Modo \u00fanico (OS2, 9\/125 \u03bcm)<\/td>\n<\/tr>\n<tr>\n<td>Comprimento de onda operacional<\/td>\n<td>1310 \/ 1550 nm<\/td>\n<\/tr>\n<tr>\n<td>Perda de inser\u00e7\u00e3o<\/td>\n<td>\u2264 0,2 dB<\/td>\n<\/tr>\n<tr>\n<td>Perda de retorno<\/td>\n<td>\u2265 50 dB<\/td>\n<\/tr>\n<tr>\n<td>Material da manga<\/td>\n<td>Cer\u00e2mica de zirc\u00f4nia<\/td>\n<\/tr>\n<tr>\n<td>Temperatura operacional<\/td>\n<td>-40\u00b0C a +75\u00b0C<\/td>\n<\/tr>\n<tr>\n<td>Temperatura de armazenamento<\/td>\n<td>-40\u00b0C a +85\u00b0C<\/td>\n<\/tr>\n<tr>\n<td>Durabilidade do acoplamento<\/td>\n<td>\u2265 500 ciclos<\/td>\n<\/tr>\n<\/tbody>\n<\/table>\n<h2>Cen\u00e1rios de aplicativos<\/h2>\n<p>O adaptador de fibra \u00f3ptica SC\/UPC-SM \u00e9 amplamente utilizado em:<\/p>\n<ul>\n<li>Redes de acesso FTTH e FTTx<\/li>\n<li>Escrit\u00f3rios centrais de telecomunica\u00e7\u00f5es<\/li>\n<li>Quadros de distribui\u00e7\u00e3o \u00f3ptica (ODF)<\/li>\n<li>Caixas de termina\u00e7\u00e3o de fibra e fechamentos de emenda<\/li>\n<li>Sistemas de transmiss\u00e3o de fibra de backbone e metr\u00f4<\/li>\n<\/ul>\n<p>Os adaptadores SC\/UPC monomodo continuam a ser a principal op\u00e7\u00e3o para redes de acesso e transmiss\u00e3o, oferecendo suporte a implementa\u00e7\u00f5es de GPON e 10G PON que permanecer\u00e3o amplamente instaladas globalmente a partir de 2025.<\/p>\n<h2>Fabrica\u00e7\u00e3o e garantia de qualidade<\/h2>\n<p>A Fenxi Optoelectronics Technology integra equipamentos de fabrica\u00e7\u00e3o avan\u00e7ados com procedimentos rigorosos de controle de qualidade. Cada adaptador \u00e9 testado quanto \u00e0 perda de inser\u00e7\u00e3o, perda de retorno e confiabilidade mec\u00e2nica para garantir uma qualidade consistente para a implanta\u00e7\u00e3o de B2B em larga escala.<\/p>\n<p>Com o apoio de equipes experientes de P&amp;D e gerenciamento de qualidade, a empresa oferece capacidade de fornecimento est\u00e1vel e desempenho confi\u00e1vel para integradores de sistemas e operadoras de telecomunica\u00e7\u00f5es.<\/p>\n<h2>Servi\u00e7os de personaliza\u00e7\u00e3o e OEM<\/h2>\n<p>O adaptador de fibra \u00f3ptica SC\/UPC-SM oferece suporte a servi\u00e7os de OEM e ODM, incluindo cores de inv\u00f3lucro personalizadas, marca\u00e7\u00e3o a laser e solu\u00e7\u00f5es de embalagem. A capacidade de produ\u00e7\u00e3o flex\u00edvel e os processos padronizados o tornam adequado para compras em massa e coopera\u00e7\u00e3o em projetos de longo prazo.<\/p>","protected":false},"excerpt":{"rendered":"<h2>Vis\u00e3o geral do produto<\/h2>\n<p>O\u00a0<strong>Adaptador de fibra \u00f3ptica SC\/UPC-SM<\/strong>\u00a0\u00e9 um componente de interconex\u00e3o de fibra monomodo de precis\u00e3o projetado para garantir um desempenho \u00f3ptico est\u00e1vel e uma transmiss\u00e3o de sinal confi\u00e1vel. Fabricado pela Fenxi Optoelectronics Technology, esse adaptador usa uma interface SC\/UPC padr\u00e3o para fornecer alinhamento preciso da fibra e baixa perda de inser\u00e7\u00e3o, tornando-o adequado para uma ampla gama de aplica\u00e7\u00f5es de telecomunica\u00e7\u00f5es e de rede FTTH.<\/p>\n<p>Com constru\u00e7\u00e3o robusta e conformidade com os padr\u00f5es internacionais, o adaptador suporta requisitos de transmiss\u00e3o \u00f3ptica de longa dist\u00e2ncia e alta largura de banda.<\/p>","protected":false},"featured_media":455,"comment_status":"open","ping_status":"closed","template":"","meta":[],"product_brand":[],"product_cat":[25],"product_tag":[],"class_list":{"0":"post-453","1":"product","2":"type-product","3":"status-publish","4":"has-post-thumbnail","6":"product_cat-fiber-optic-adapter","8":"first","9":"instock","10":"shipping-taxable","11":"product-type-simple"},"_links":{"self":[{"href":"https:\/\/www.fenxifiber.com\/pt\/wp-json\/wp\/v2\/product\/453","targetHints":{"allow":["GET"]}}],"collection":[{"href":"https:\/\/www.fenxifiber.com\/pt\/wp-json\/wp\/v2\/product"}],"about":[{"href":"https:\/\/www.fenxifiber.com\/pt\/wp-json\/wp\/v2\/types\/product"}],"replies":[{"embeddable":true,"href":"https:\/\/www.fenxifiber.com\/pt\/wp-json\/wp\/v2\/comments?post=453"}],"wp:featuredmedia":[{"embeddable":true,"href":"https:\/\/www.fenxifiber.com\/pt\/wp-json\/wp\/v2\/media\/455"}],"wp:attachment":[{"href":"https:\/\/www.fenxifiber.com\/pt\/wp-json\/wp\/v2\/media?parent=453"}],"wp:term":[{"taxonomy":"product_brand","embeddable":true,"href":"https:\/\/www.fenxifiber.com\/pt\/wp-json\/wp\/v2\/product_brand?post=453"},{"taxonomy":"product_cat","embeddable":true,"href":"https:\/\/www.fenxifiber.com\/pt\/wp-json\/wp\/v2\/product_cat?post=453"},{"taxonomy":"product_tag","embeddable":true,"href":"https:\/\/www.fenxifiber.com\/pt\/wp-json\/wp\/v2\/product_tag?post=453"}],"curies":[{"name":"wp","href":"https:\/\/api.w.org\/{rel}","templated":true}]}}