{"id":464,"date":"2026-01-29T06:01:39","date_gmt":"2026-01-29T06:01:39","guid":{"rendered":"https:\/\/www.fenxifiber.com\/?post_type=product&#038;p=464"},"modified":"2026-02-03T00:52:29","modified_gmt":"2026-02-03T00:52:29","slug":"divisor-de-fibra-optica-sc-apc-12-unidade-fttx-de-alto-desempenho","status":"publish","type":"product","link":"https:\/\/www.fenxifiber.com\/pt\/product\/fiber-optical-splitter-sc-apc-12-high-performance-fttx-unit\/","title":{"rendered":"Divisor de fibra \u00f3ptica SC\/APC-1*2: unidade FTTx de alto desempenho"},"content":{"rendered":"<p><strong>Desempenho \u00f3ptico e estabilidade superiores<\/strong><\/p>\n<p>Nosso divisor \u00f3ptico 1\u00d72 utiliza a avan\u00e7ada tecnologia PLC (planar lightwave circuit) ou processos FBT (Fused Biconical Taper) de precis\u00e3o, dependendo de seus requisitos espec\u00edficos de largura de banda. A unidade \u00e9 terminada com um cabo de alta qualidade\u00a0<strong>SC\/APC (contato f\u00edsico em \u00e2ngulo)<\/strong>\u00a0conectores. O polimento com \u00e2ngulo de 8 graus reduz significativamente a reflex\u00e3o traseira, alcan\u00e7ando uma perda de retorno superior a 60 dB. Esse recurso \u00e9 fundamental para a transmiss\u00e3o de sinais de v\u00eddeo anal\u00f3gico e dados de alta velocidade, garantindo que sua rede permane\u00e7a est\u00e1vel mesmo em condi\u00e7\u00f5es ambientais adversas.<\/p>\n<p><strong>Principais especifica\u00e7\u00f5es t\u00e9cnicas<\/strong><\/p>\n<p>A confiabilidade \u00e9 a ess\u00eancia da Fenxi Optoelectronics. Nossos produtos passam por rigorosos protocolos de controle de qualidade gerenciados por pessoal experiente. Abaixo est\u00e3o os par\u00e2metros t\u00e9cnicos padr\u00e3o do nosso divisor 1*2 SC\/APC, que refletem as refer\u00eancias atuais do setor para componentes de n\u00edvel profissional.<\/p>\n<table>\n<thead>\n<tr>\n<th>Nome do produto<\/th>\n<th>Divisor de fibra \u00f3ptica SC\/APC-1*2<\/th>\n<\/tr>\n<\/thead>\n<tbody>\n<tr>\n<td>Tipo de conector<\/td>\n<td>SC\/UPC, SC\/APC, FC\/UPC, FC\/APC, LC\/UPC, LC\/APC, ST\/UPC<\/td>\n<\/tr>\n<tr>\n<td>Cor<\/td>\n<td>Amarelo\/branco\/cor<\/td>\n<\/tr>\n<tr>\n<td>Largura de banda<\/td>\n<td>\u00b140nm<\/td>\n<\/tr>\n<tr>\n<td>Resist\u00eancia \u00e0 tens\u00e3o<\/td>\n<td>\u2265200N<\/td>\n<\/tr>\n<tr>\n<td>Comprimento de onda<\/td>\n<td>1310nm-1490nm-1550nm\/850nm<\/td>\n<\/tr>\n<tr>\n<td>Durabilidade<\/td>\n<td>\u22651000 vezes<\/td>\n<\/tr>\n<tr>\n<td>Material<\/td>\n<td>LSZH<\/td>\n<\/tr>\n<tr>\n<td>Perda de inser\u00e7\u00e3o<\/td>\n<td>\\<\/td>\n<\/tr>\n<tr>\n<td>Perda de retorno<\/td>\n<td>UPC&gt;50dB, APC&gt;60dB<\/td>\n<\/tr>\n<\/tbody>\n<\/table>\n<p><strong>Aplica\u00e7\u00f5es vers\u00e1teis na arquitetura de rede<\/strong><\/p>\n<p>O divisor \u00f3ptico SC\/APC-1*2 \u00e9 compacto e vers\u00e1til, o que o torna ideal para v\u00e1rios cen\u00e1rios de implanta\u00e7\u00e3o gerenciados pela Fenxi Optoelectronics. Seja integrado em\u00a0<strong>Cassetes de fibra \u00f3ptica de 12 n\u00facleos<\/strong>, colocado dentro de\u00a0<strong>Quadros de distribui\u00e7\u00e3o de fibra \u00f3ptica ODF<\/strong>, ou implantado em\u00a0<strong>caixas de termina\u00e7\u00e3o de fibra \u00f3ptica<\/strong>, Se voc\u00ea n\u00e3o tiver um divisor de energia, esse divisor oferece conectividade consistente.<\/p>\n<p>Ele \u00e9 otimizado especificamente para:<\/p>\n<ul>\n<li><strong>Fiber to the Home (FTTH):<\/strong>\u00a0Possibilitando a conectividade de \u201c\u00faltima milha\u201d com alta efici\u00eancia.<\/li>\n<li><strong>LAN \u00f3ptica passiva (POL):<\/strong>\u00a0Otimiza\u00e7\u00e3o das estruturas de rede corporativa.<\/li>\n<li><strong>Redes CATV:<\/strong>\u00a0Garantindo a transmiss\u00e3o de v\u00eddeo de alta qualidade sem degrada\u00e7\u00e3o do sinal.<\/li>\n<\/ul>\n<p><strong>Por que escolher a Fenxi Optoelectronics?<\/strong><\/p>\n<p>Como uma for\u00e7a emergente no setor de comunica\u00e7\u00e3o \u00f3ptica, a Fenxi combina agilidade nacional com padr\u00f5es internacionais de qualidade. N\u00e3o fornecemos apenas componentes; fornecemos solu\u00e7\u00f5es que se integram perfeitamente \u00e0s suas opera\u00e7\u00f5es de telecomunica\u00e7\u00f5es. Escolha nosso divisor \u00f3ptico SC\/APC-1*2 para obter uma conex\u00e3o que representa a vanguarda da tecnologia \u00f3ptica.<\/p>","protected":false},"excerpt":{"rendered":"<p><strong>Otimiza\u00e7\u00e3o da distribui\u00e7\u00e3o de sinais com a engenharia de precis\u00e3o da Fenxi<\/strong><\/p>\n<p>No cen\u00e1rio em r\u00e1pida evolu\u00e7\u00e3o das telecomunica\u00e7\u00f5es, a integridade do sinal \u00e9 fundamental. A Fenxi Optoelectronics Technology apresenta o\u00a0<strong>Divisor \u00f3ptico SC\/APC-1*2<\/strong>, um componente \u00f3ptico passivo de primeira linha projetado para desempenho superior em redes FTTx, GPON e EPON. Projetado por nossa equipe de especialistas s\u00eanior em P&amp;D, esse divisor garante a distribui\u00e7\u00e3o uniforme do sinal com perda m\u00ednima, atendendo \u00e0s rigorosas demandas dos modernos sistemas de transmiss\u00e3o por fibra.<\/p>","protected":false},"featured_media":465,"comment_status":"open","ping_status":"closed","template":"","meta":[],"product_brand":[],"product_cat":[28],"product_tag":[],"class_list":{"0":"post-464","1":"product","2":"type-product","3":"status-publish","4":"has-post-thumbnail","6":"product_cat-fiber-optic-splitter","8":"first","9":"instock","10":"shipping-taxable","11":"product-type-simple"},"_links":{"self":[{"href":"https:\/\/www.fenxifiber.com\/pt\/wp-json\/wp\/v2\/product\/464","targetHints":{"allow":["GET"]}}],"collection":[{"href":"https:\/\/www.fenxifiber.com\/pt\/wp-json\/wp\/v2\/product"}],"about":[{"href":"https:\/\/www.fenxifiber.com\/pt\/wp-json\/wp\/v2\/types\/product"}],"replies":[{"embeddable":true,"href":"https:\/\/www.fenxifiber.com\/pt\/wp-json\/wp\/v2\/comments?post=464"}],"wp:featuredmedia":[{"embeddable":true,"href":"https:\/\/www.fenxifiber.com\/pt\/wp-json\/wp\/v2\/media\/465"}],"wp:attachment":[{"href":"https:\/\/www.fenxifiber.com\/pt\/wp-json\/wp\/v2\/media?parent=464"}],"wp:term":[{"taxonomy":"product_brand","embeddable":true,"href":"https:\/\/www.fenxifiber.com\/pt\/wp-json\/wp\/v2\/product_brand?post=464"},{"taxonomy":"product_cat","embeddable":true,"href":"https:\/\/www.fenxifiber.com\/pt\/wp-json\/wp\/v2\/product_cat?post=464"},{"taxonomy":"product_tag","embeddable":true,"href":"https:\/\/www.fenxifiber.com\/pt\/wp-json\/wp\/v2\/product_tag?post=464"}],"curies":[{"name":"wp","href":"https:\/\/api.w.org\/{rel}","templated":true}]}}