{"id":466,"date":"2026-01-29T06:06:43","date_gmt":"2026-01-29T06:06:43","guid":{"rendered":"https:\/\/www.fenxifiber.com\/?post_type=product&#038;p=466"},"modified":"2026-02-03T00:55:47","modified_gmt":"2026-02-03T00:55:47","slug":"divisor-de-fibra-optica-sc-apc-14-distribuicao-eficiente-de-pes","status":"publish","type":"product","link":"https:\/\/www.fenxifiber.com\/pt\/product\/fiber-optical-splitter-sc-apc-14-efficient-ftth-distribution\/","title":{"rendered":"Divisor de fibra \u00f3ptica SC\/APC-1*4: distribui\u00e7\u00e3o eficiente de FTTH"},"content":{"rendered":"<p><strong>Principais recursos e vantagens do design<\/strong><\/p>\n<p>A Fenxi Optoelectronics aproveita o gerenciamento de produ\u00e7\u00e3o experiente para garantir que cada unidade atenda aos padr\u00f5es internacionais. Nosso divisor 1*4 se destaca devido a:<\/p>\n<ul>\n<li><strong>Conectores SC\/APC de precis\u00e3o:<\/strong>\u00a0Equipado com conectores SC de alta qualidade que apresentam um polimento de contato f\u00edsico angular (APC). Esse design minimiza a reflex\u00e3o traseira (perda de retorno &gt; 60 dB), o que \u00e9 crucial para servi\u00e7os triple-play (dados, voz e v\u00eddeo).<\/li>\n<li><strong>Tecnologia PLC compacta:<\/strong>\u00a0Utilizando a tecnologia Planar Lightwave Circuit, essa unidade oferece um tamanho compacto, o que a torna ideal para instala\u00e7\u00e3o em ambientes com restri\u00e7\u00f5es de espa\u00e7o, como\u00a0<strong>caixas de termina\u00e7\u00e3o de fibra \u00f3ptica<\/strong>\u00a0ou\u00a0<strong>fechamentos de emendas<\/strong>.<\/li>\n<li><strong>Versatilidade da banda larga:<\/strong>\u00a0Oferece suporte \u00e0 transmiss\u00e3o de espectro total (1260nm-1650nm), garantindo a compatibilidade com os padr\u00f5es GPON\/EPON atuais e futuras atualiza\u00e7\u00f5es do XGS-PON.<\/li>\n<\/ul>\n<p><strong>Folha de dados t\u00e9cnicos<\/strong><\/p>\n<p>Para ajudar os engenheiros e integradores de sistemas no planejamento da rede, fornecemos dados de desempenho transparentes e em tempo real. A tabela a seguir descreve as especifica\u00e7\u00f5es t\u00edpicas do nosso m\u00f3dulo 1*4 PLC Splitter.<\/p>\n<table>\n<thead>\n<tr>\n<th>Nome do produto<\/th>\n<th>Divisor de fibra \u00f3ptica SC\/APC-1*4<\/th>\n<\/tr>\n<\/thead>\n<tbody>\n<tr>\n<td>Tipo de conector<\/td>\n<td>SC\/UPC, SC\/APC, FC\/UPC, FC\/APC, LC\/UPC, LC\/APC, ST\/UPC<\/td>\n<\/tr>\n<tr>\n<td>Cor<\/td>\n<td>Amarelo\/branco\/cor<\/td>\n<\/tr>\n<tr>\n<td>Largura de banda<\/td>\n<td>\u00b140nm<\/td>\n<\/tr>\n<tr>\n<td>Resist\u00eancia \u00e0 tens\u00e3o<\/td>\n<td>\u2265200N<\/td>\n<\/tr>\n<tr>\n<td>Comprimento de onda<\/td>\n<td>1310nm-1490nm-1550nm\/850nm<\/td>\n<\/tr>\n<tr>\n<td>Durabilidade<\/td>\n<td>\u22651000 vezes<\/td>\n<\/tr>\n<tr>\n<td>Material<\/td>\n<td>LSZH<\/td>\n<\/tr>\n<tr>\n<td>Perda de inser\u00e7\u00e3o<\/td>\n<td>\\<\/td>\n<\/tr>\n<tr>\n<td>Perda de retorno<\/td>\n<td>UPC&gt;50dB, APC&gt;60dB<\/td>\n<\/tr>\n<\/tbody>\n<\/table>\n<p><strong>Integra\u00e7\u00e3o e aplica\u00e7\u00e3o<\/strong><\/p>\n<p>A Fenxi Optoelectronics Technology \u00e9 especializada em solu\u00e7\u00f5es abrangentes de integra\u00e7\u00e3o de sistemas. Esse divisor \u00f3ptico 1*4 foi projetado para se integrar perfeitamente ao nosso ecossistema de produtos mais amplo:<\/p>\n<ol>\n<li><strong>Instala\u00e7\u00e3o do ODF:<\/strong>\u00a0Facilmente mont\u00e1vel em nosso\u00a0<strong>Quadros de distribui\u00e7\u00e3o de fibra \u00f3ptica ODF<\/strong>\u00a0para o gerenciamento do escrit\u00f3rio central.<\/li>\n<li><strong>Distribui\u00e7\u00e3o do piso:<\/strong>\u00a0Ideal para ser colocado no interior\u00a0<strong>Cassetes de fibra \u00f3ptica de 12 n\u00facleos<\/strong>\u00a0para distribuir sinais para v\u00e1rios apartamentos ou escrit\u00f3rios a partir de uma \u00fanica alimenta\u00e7\u00e3o.<\/li>\n<li><strong>Durabilidade robusta:<\/strong>\u00a0O revestimento externo e o al\u00edvio de tens\u00e3o foram desenvolvidos para suportar os rigores da implanta\u00e7\u00e3o em campo, garantindo confiabilidade de longo prazo para as operadoras de telecomunica\u00e7\u00f5es.<\/li>\n<\/ol>\n<p><strong>Compromisso com a qualidade<\/strong><\/p>\n<p>Com o apoio de uma equipe de especialistas nacionais e internacionais, a Fenxi garante que cada divisor \u00f3ptico SC\/APC-1*4 seja submetido a testes rigorosos antes do envio. N\u00f3s nos dedicamos a fornecer produtos de comunica\u00e7\u00e3o \u00f3ptica que potencializam o crescimento e a estabilidade de sua rede.<\/p>","protected":false},"excerpt":{"rendered":"<p><strong>Simplificando a arquitetura de rede com a Fenxi Optoelectronics<\/strong><\/p>\n<p>Na era da banda larga de alta velocidade, a efici\u00eancia da rede \u00e9 definida pela efici\u00eancia com que voc\u00ea pode distribuir a largura de banda para v\u00e1rios assinantes. A\u00a0<strong>Divisor \u00f3ptico SC\/APC-1*4<\/strong>\u00a0O divisor de fibra \u00f3ptica oferecido pela Fenxi Optoelectronics Technology \u00e9 um componente essencial para implanta\u00e7\u00f5es de Fiber to the Home (FTTH) e Passive Optical Network (PON). Projetado pela nossa equipe s\u00eanior de P&amp;D, esse divisor permite a divis\u00e3o perfeita de uma \u00fanica entrada \u00f3ptica em quatro sa\u00eddas, maximizando o potencial da sua infraestrutura de fibra e mantendo a rigorosa integridade do sinal.<\/p>","protected":false},"featured_media":467,"comment_status":"open","ping_status":"closed","template":"","meta":[],"product_brand":[],"product_cat":[28],"product_tag":[],"class_list":{"0":"post-466","1":"product","2":"type-product","3":"status-publish","4":"has-post-thumbnail","6":"product_cat-fiber-optic-splitter","8":"first","9":"instock","10":"shipping-taxable","11":"product-type-simple"},"_links":{"self":[{"href":"https:\/\/www.fenxifiber.com\/pt\/wp-json\/wp\/v2\/product\/466","targetHints":{"allow":["GET"]}}],"collection":[{"href":"https:\/\/www.fenxifiber.com\/pt\/wp-json\/wp\/v2\/product"}],"about":[{"href":"https:\/\/www.fenxifiber.com\/pt\/wp-json\/wp\/v2\/types\/product"}],"replies":[{"embeddable":true,"href":"https:\/\/www.fenxifiber.com\/pt\/wp-json\/wp\/v2\/comments?post=466"}],"wp:featuredmedia":[{"embeddable":true,"href":"https:\/\/www.fenxifiber.com\/pt\/wp-json\/wp\/v2\/media\/467"}],"wp:attachment":[{"href":"https:\/\/www.fenxifiber.com\/pt\/wp-json\/wp\/v2\/media?parent=466"}],"wp:term":[{"taxonomy":"product_brand","embeddable":true,"href":"https:\/\/www.fenxifiber.com\/pt\/wp-json\/wp\/v2\/product_brand?post=466"},{"taxonomy":"product_cat","embeddable":true,"href":"https:\/\/www.fenxifiber.com\/pt\/wp-json\/wp\/v2\/product_cat?post=466"},{"taxonomy":"product_tag","embeddable":true,"href":"https:\/\/www.fenxifiber.com\/pt\/wp-json\/wp\/v2\/product_tag?post=466"}],"curies":[{"name":"wp","href":"https:\/\/api.w.org\/{rel}","templated":true}]}}