{"id":468,"date":"2026-01-29T06:16:49","date_gmt":"2026-01-29T06:16:49","guid":{"rendered":"https:\/\/www.fenxifiber.com\/?post_type=product&#038;p=468"},"modified":"2026-02-03T04:02:58","modified_gmt":"2026-02-03T04:02:58","slug":"divisor-de-fibra-optica-sc-apc-18-solucoes-pon-eficientes","status":"publish","type":"product","link":"https:\/\/www.fenxifiber.com\/pt\/product\/fiber-optical-splitter-sc-apc-18-efficient-pon-solutions\/","title":{"rendered":"Divisor de fibra \u00f3ptica SC\/APC-1*8: solu\u00e7\u00f5es PON eficientes"},"content":{"rendered":"<p><strong>Por que escolher o divisor 1\u00d78 da Fenxi?<\/strong><\/p>\n<p>Diferentemente dos componentes padr\u00e3o, nosso divisor 1*8 se concentra na estabilidade de longo prazo e na facilidade de integra\u00e7\u00e3o. Se voc\u00ea estiver atualizando uma opera\u00e7\u00e3o de telecomunica\u00e7\u00f5es ou gerenciando um projeto complexo de integra\u00e7\u00e3o de sistemas, esse dispositivo oferece vantagens distintas:<\/p>\n<ul>\n<li><strong>Polimento de precis\u00e3o:<\/strong>\u00a0Os conectores SC\/APC (Angled Physical Contact) apresentam um \u00e2ngulo de 8\u00b0 que minimiza a reflex\u00e3o traseira, garantindo uma qualidade superior de transmiss\u00e3o de v\u00eddeo e dados.<\/li>\n<li><strong>Divis\u00e3o uniforme de energia:<\/strong>\u00a0Nossa tecnologia PLC (Planar Lightwave Circuit) garante que a pot\u00eancia \u00f3ptica seja distribu\u00edda uniformemente em todas as 8 portas, evitando o desequil\u00edbrio de perda de sinal.<\/li>\n<li><strong>Compacto e dur\u00e1vel:<\/strong>\u00a0Projetado para se encaixar perfeitamente em\u00a0<strong>caixas de termina\u00e7\u00e3o de fibra \u00f3ptica<\/strong>\u00a0e\u00a0<strong>fechamentos de emendas<\/strong>, economizando espa\u00e7o valioso em gabinetes de rua e salas de servidores.<\/li>\n<\/ul>\n<p><strong>Especifica\u00e7\u00f5es t\u00e9cnicas (padr\u00e3o do setor)<\/strong><\/p>\n<p>Entendemos que a precis\u00e3o t\u00e9cnica n\u00e3o \u00e9 negoci\u00e1vel. Nossas linhas de produ\u00e7\u00e3o obedecem a rigorosos padr\u00f5es de qualidade ISO. Abaixo est\u00e3o os dados t\u00e9cnicos em tempo real do nosso divisor PLC 1*8 de grau premium, garantindo que sua rede atenda aos requisitos globais de classe de operadora.<\/p>\n<table>\n<thead>\n<tr>\n<th>Nome do produto<\/th>\n<th>Divisor de fibra \u00f3ptica SC\/APC-1*8<\/th>\n<\/tr>\n<\/thead>\n<tbody>\n<tr>\n<td>Tipo de conector<\/td>\n<td>SC\/UPC, SC\/APC, FC\/UPC, FC\/APC, LC\/UPC, LC\/APC, ST\/UPC<\/td>\n<\/tr>\n<tr>\n<td>Cor<\/td>\n<td>Amarelo\/branco\/cor<\/td>\n<\/tr>\n<tr>\n<td>Largura de banda<\/td>\n<td>\u00b140nm<\/td>\n<\/tr>\n<tr>\n<td>Resist\u00eancia \u00e0 tens\u00e3o<\/td>\n<td>\u2265200N<\/td>\n<\/tr>\n<tr>\n<td>Comprimento de onda<\/td>\n<td>1310nm-1490nm-1550nm\/850nm<\/td>\n<\/tr>\n<tr>\n<td>Durabilidade<\/td>\n<td>\u22651000 vezes<\/td>\n<\/tr>\n<tr>\n<td>Material<\/td>\n<td>LSZH<\/td>\n<\/tr>\n<tr>\n<td>Perda de inser\u00e7\u00e3o<\/td>\n<td>\\<\/td>\n<\/tr>\n<tr>\n<td>Perda de retorno<\/td>\n<td>UPC&gt;50dB, APC&gt;60dB<\/td>\n<\/tr>\n<\/tbody>\n<\/table>\n<p><strong>Integra\u00e7\u00e3o perfeita para redes modernas<\/strong><\/p>\n<p>O\u00a0<strong>Divisor \u00f3ptico SC\/APC-1*8<\/strong>\u00a0\u00e9 o carro-chefe das redes \u00f3pticas passivas modernas. A Fenxi Optoelectronics otimizou esse produto para ambientes de alta densidade. Ele \u00e9 totalmente compat\u00edvel com nossa linha de\u00a0<strong>Quadros de distribui\u00e7\u00e3o de fibra \u00f3ptica ODF<\/strong>\u00a0e\u00a0<strong>Cassetes de fibra \u00f3ptica de 12 n\u00facleos<\/strong>, permitindo uma experi\u00eancia de instala\u00e7\u00e3o \u201cPlug and Play\u201d.<\/p>\n<p>Ao escolher a Fenxi, voc\u00ea n\u00e3o est\u00e1 apenas comprando um splitter; est\u00e1 aproveitando a experi\u00eancia de uma empresa dedicada \u00e0 inova\u00e7\u00e3o em P&amp;D. Garantimos que cada unidade contribua para reduzir o Custo Total de Propriedade (TCO) para os operadores, reduzindo as necessidades de manuten\u00e7\u00e3o e ampliando a vida \u00fatil da rede.<\/p>","protected":false},"excerpt":{"rendered":"<p><strong>Potencialize a expans\u00e3o de sua rede com a distribui\u00e7\u00e3o de sinal de alta densidade<\/strong><\/p>\n<p>No competitivo campo da fibra \u00f3ptica, a escalabilidade \u00e9 a chave para o sucesso. A Fenxi Optoelectronics Technology apresenta o\u00a0<strong>Divisor \u00f3ptico SC\/APC-1*8<\/strong>, um componente crucial projetado para dividir perfeitamente uma \u00fanica entrada \u00f3ptica em oito sa\u00eddas. Com o apoio de nossa equipe de profissionais s\u00eanior de P&amp;D e especialistas internacionais em gerenciamento de qualidade, esse divisor foi projetado para maximizar a cobertura de rede para arquiteturas Fiber to the Home (FTTH) e GPON\/EPON sem comprometer a integridade do sinal.<\/p>","protected":false},"featured_media":625,"comment_status":"open","ping_status":"closed","template":"","meta":[],"product_brand":[],"product_cat":[28],"product_tag":[],"class_list":{"0":"post-468","1":"product","2":"type-product","3":"status-publish","4":"has-post-thumbnail","6":"product_cat-fiber-optic-splitter","8":"first","9":"instock","10":"shipping-taxable","11":"product-type-simple"},"_links":{"self":[{"href":"https:\/\/www.fenxifiber.com\/pt\/wp-json\/wp\/v2\/product\/468","targetHints":{"allow":["GET"]}}],"collection":[{"href":"https:\/\/www.fenxifiber.com\/pt\/wp-json\/wp\/v2\/product"}],"about":[{"href":"https:\/\/www.fenxifiber.com\/pt\/wp-json\/wp\/v2\/types\/product"}],"replies":[{"embeddable":true,"href":"https:\/\/www.fenxifiber.com\/pt\/wp-json\/wp\/v2\/comments?post=468"}],"wp:featuredmedia":[{"embeddable":true,"href":"https:\/\/www.fenxifiber.com\/pt\/wp-json\/wp\/v2\/media\/625"}],"wp:attachment":[{"href":"https:\/\/www.fenxifiber.com\/pt\/wp-json\/wp\/v2\/media?parent=468"}],"wp:term":[{"taxonomy":"product_brand","embeddable":true,"href":"https:\/\/www.fenxifiber.com\/pt\/wp-json\/wp\/v2\/product_brand?post=468"},{"taxonomy":"product_cat","embeddable":true,"href":"https:\/\/www.fenxifiber.com\/pt\/wp-json\/wp\/v2\/product_cat?post=468"},{"taxonomy":"product_tag","embeddable":true,"href":"https:\/\/www.fenxifiber.com\/pt\/wp-json\/wp\/v2\/product_tag?post=468"}],"curies":[{"name":"wp","href":"https:\/\/api.w.org\/{rel}","templated":true}]}}