{"id":470,"date":"2026-01-29T06:29:59","date_gmt":"2026-01-29T06:29:59","guid":{"rendered":"https:\/\/www.fenxifiber.com\/?post_type=product&#038;p=470"},"modified":"2026-02-03T00:57:46","modified_gmt":"2026-02-03T00:57:46","slug":"divisor-de-fibra-optica-sc-apc-116-divisor-plc-confiavel-para-redes-ftth","status":"publish","type":"product","link":"https:\/\/www.fenxifiber.com\/pt\/product\/fiber-optical-splitter-sc-apc-116-reliable-plc-splitter-for-ftth-networks\/","title":{"rendered":"Divisor de fibra \u00f3ptica SC\/APC-1*16: divisor PLC confi\u00e1vel para redes FTTH"},"content":{"rendered":"<h3>Principais recursos e benef\u00edcios<\/h3>\n<p class=\"ds-markdown-paragraph\">Esse divisor possui um design compacto com alta estabilidade, apresentando baixa perda de inser\u00e7\u00e3o e excelente uniformidade em todos os canais. A interface SC\/APC garante um desempenho superior em redes de alta velocidade ao reduzir a perda de retorno, tornando-o perfeito para transmiss\u00f5es de longa dist\u00e2ncia e implementa\u00e7\u00f5es de FTTH. Sua constru\u00e7\u00e3o robusta garante a durabilidade em v\u00e1rias condi\u00e7\u00f5es ambientais, enquanto a compatibilidade plug-and-play simplifica a instala\u00e7\u00e3o e a manuten\u00e7\u00e3o.<\/p>\n<h3>Especifica\u00e7\u00f5es t\u00e9cnicas<\/h3>\n<p class=\"ds-markdown-paragraph\">Abaixo est\u00e3o as especifica\u00e7\u00f5es testadas em tempo real para o divisor \u00f3ptico SC\/APC-1*16, com base nos padr\u00f5es do setor e nos dados de produ\u00e7\u00e3o mais recentes:<\/p>\n<div class=\"ds-scroll-area _1210dd7 c03cafe9\">\n<div class=\"ds-scroll-area__gutters\">\n<div class=\"ds-scroll-area__horizontal-gutter\"><\/div>\n<div class=\"ds-scroll-area__vertical-gutter\"><\/div>\n<\/div>\n<table>\n<thead>\n<tr>\n<th>Nome do produto<\/th>\n<th>Divisor de fibra \u00f3ptica SC\/APC-1*16<\/th>\n<\/tr>\n<\/thead>\n<tbody>\n<tr>\n<td>Tipo de conector<\/td>\n<td>SC\/UPC, SC\/APC, FC\/UPC, FC\/APC, LC\/UPC, LC\/APC, ST\/UPC<\/td>\n<\/tr>\n<tr>\n<td>Cor<\/td>\n<td>Amarelo\/branco\/cor<\/td>\n<\/tr>\n<tr>\n<td>Largura de banda<\/td>\n<td>\u00b140nm<\/td>\n<\/tr>\n<tr>\n<td>Resist\u00eancia \u00e0 tens\u00e3o<\/td>\n<td>\u2265200N<\/td>\n<\/tr>\n<tr>\n<td>Comprimento de onda<\/td>\n<td>1310nm-1490nm-1550nm\/850nm<\/td>\n<\/tr>\n<tr>\n<td>Durabilidade<\/td>\n<td>\u22651000 vezes<\/td>\n<\/tr>\n<tr>\n<td>Material<\/td>\n<td>LSZH<\/td>\n<\/tr>\n<tr>\n<td>Perda de inser\u00e7\u00e3o<\/td>\n<td>\\<\/td>\n<\/tr>\n<tr>\n<td>Perda de retorno<\/td>\n<td>UPC&gt;50dB, APC&gt;60dB<\/td>\n<\/tr>\n<\/tbody>\n<\/table>\n<\/div>\n<p class=\"ds-markdown-paragraph\">Dados obtidos nas auditorias de qualidade de 2023 da Fenxi Optoelectronics, garantindo a conformidade com os padr\u00f5es ITU-T e IEC para divisores \u00f3pticos.<\/p>\n<h3>Aplicativos<\/h3>\n<p class=\"ds-markdown-paragraph\">Esse divisor \u00e9 amplamente utilizado em opera\u00e7\u00f5es de telecomunica\u00e7\u00f5es, projetos de integra\u00e7\u00e3o de sistemas, redes FTTH, sistemas de transmiss\u00e3o de fibra e estruturas de distribui\u00e7\u00e3o de fibra \u00f3ptica ODF. Ele permite a divis\u00e3o eficiente do sinal em cen\u00e1rios como atualiza\u00e7\u00f5es de rede, implementa\u00e7\u00f5es de banda larga residencial e monitoramento industrial, oferecendo suporte \u00e0 conectividade de alta densidade sem comprometer a integridade do sinal.<\/p>\n<p>A Fenxi Optoelectronics Technology, l\u00edder em inova\u00e7\u00e3o no setor de comunica\u00e7\u00e3o \u00f3ptica, apresenta o divisor \u00f3ptico SC\/APC-1*16, um divisor de fibra \u00f3ptica PLC (Planar Lightwave Circuit) de alto desempenho projetado para aplica\u00e7\u00f5es modernas de telecomunica\u00e7\u00f5es e fibra para casa (FTTH). Projetado com precis\u00e3o por nossa equipe de profissionais s\u00eanior de P&amp;D, esse divisor garante a distribui\u00e7\u00e3o ideal do sinal com perda m\u00ednima, suportando expans\u00f5es de rede escal\u00e1veis e integra\u00e7\u00f5es robustas de sistemas.<\/p>\n<h3>Por que escolher a Fenxi Optoelectronics?<\/h3>\n<p class=\"ds-markdown-paragraph\">Aproveitando nossa experi\u00eancia em P&amp;D e produ\u00e7\u00e3o de produtos de comunica\u00e7\u00e3o \u00f3ptica, a Fenxi Optoelectronics fornece divisores com rigoroso controle de qualidade e dados de desempenho em tempo real. Nosso foco em inova\u00e7\u00e3o e solu\u00e7\u00f5es centradas no cliente garante que o divisor \u00f3ptico SC\/APC-1*16 atenda \u00e0 demanda global por componentes de rede confi\u00e1veis e preparados para o futuro. Fa\u00e7a uma parceria conosco para aprimorar sua infraestrutura \u00f3ptica com tecnologia de ponta.<\/p>\n<p class=\"ds-markdown-paragraph\">Em resumo, o divisor \u00f3ptico SC\/APC-1*16 oferece uma solu\u00e7\u00e3o econ\u00f4mica e eficiente para a expans\u00e3o de redes \u00f3pticas, com o apoio do compromisso da Fenxi Optoelectronics com a excel\u00eancia. Entre em contato conosco hoje mesmo para integrar esse produto ao seu pr\u00f3ximo projeto e obter conectividade perfeita e desempenho superior.<\/p>","protected":false},"excerpt":{"rendered":"<h3>Vis\u00e3o geral do produto<\/h3>\n<p class=\"ds-markdown-paragraph\">O divisor \u00f3ptico SC\/APC-1*16 \u00e9 um componente \u00f3ptico passivo que divide um sinal \u00f3ptico de entrada em 16 sinais de sa\u00edda com a mesma intensidade, utilizando conectores SC\/APC para baixa reflex\u00e3o de retorno e conex\u00f5es seguras. Ideal para ambientes de multiplexa\u00e7\u00e3o densa por divis\u00e3o de comprimento de onda (DWDM), ele aumenta a efici\u00eancia da largura de banda e a confiabilidade da rede em projetos de telecomunica\u00e7\u00f5es, data centers e acesso de banda larga.<\/p>","protected":false},"featured_media":471,"comment_status":"open","ping_status":"closed","template":"","meta":[],"product_brand":[],"product_cat":[28],"product_tag":[],"class_list":{"0":"post-470","1":"product","2":"type-product","3":"status-publish","4":"has-post-thumbnail","6":"product_cat-fiber-optic-splitter","8":"first","9":"instock","10":"shipping-taxable","11":"product-type-simple"},"_links":{"self":[{"href":"https:\/\/www.fenxifiber.com\/pt\/wp-json\/wp\/v2\/product\/470","targetHints":{"allow":["GET"]}}],"collection":[{"href":"https:\/\/www.fenxifiber.com\/pt\/wp-json\/wp\/v2\/product"}],"about":[{"href":"https:\/\/www.fenxifiber.com\/pt\/wp-json\/wp\/v2\/types\/product"}],"replies":[{"embeddable":true,"href":"https:\/\/www.fenxifiber.com\/pt\/wp-json\/wp\/v2\/comments?post=470"}],"wp:featuredmedia":[{"embeddable":true,"href":"https:\/\/www.fenxifiber.com\/pt\/wp-json\/wp\/v2\/media\/471"}],"wp:attachment":[{"href":"https:\/\/www.fenxifiber.com\/pt\/wp-json\/wp\/v2\/media?parent=470"}],"wp:term":[{"taxonomy":"product_brand","embeddable":true,"href":"https:\/\/www.fenxifiber.com\/pt\/wp-json\/wp\/v2\/product_brand?post=470"},{"taxonomy":"product_cat","embeddable":true,"href":"https:\/\/www.fenxifiber.com\/pt\/wp-json\/wp\/v2\/product_cat?post=470"},{"taxonomy":"product_tag","embeddable":true,"href":"https:\/\/www.fenxifiber.com\/pt\/wp-json\/wp\/v2\/product_tag?post=470"}],"curies":[{"name":"wp","href":"https:\/\/api.w.org\/{rel}","templated":true}]}}