{"id":476,"date":"2026-01-29T07:04:35","date_gmt":"2026-01-29T07:04:35","guid":{"rendered":"https:\/\/www.fenxifiber.com\/?post_type=product&#038;p=476"},"modified":"2026-02-03T03:57:48","modified_gmt":"2026-02-03T03:57:48","slug":"divisor-de-fibra-optica-sc-apc-24-ftth-pon-solucao-de-rede","status":"publish","type":"product","link":"https:\/\/www.fenxifiber.com\/pt\/product\/fiber-optical-splitter-sc-apc-24-ftth-pon-network-solution\/","title":{"rendered":"Divisor de fibra \u00f3ptica SC\/APC-2*4: Solu\u00e7\u00e3o de rede FTTH e PON"},"content":{"rendered":"<p class=\"ds-markdown-paragraph\">A Fenxi Optoelectronics oferece distribui\u00e7\u00e3o confi\u00e1vel de fibra \u00f3ptica com seu divisor \u00f3ptico PLC SC\/APC-2\u00d74 premium. Esse dispositivo foi projetado para dividir eficientemente um sinal \u00f3ptico em v\u00e1rios caminhos, o que o torna um componente fundamental para expandir a capacidade da rede nas exigentes infraestruturas FTTH (Fiber to the Home) e PON (Passive Optical Network) atuais. Projetado com precis\u00e3o e durabilidade, ele garante a integridade ideal do sinal para operadoras de telecomunica\u00e7\u00f5es e integradores de sistemas em todo o mundo.<\/p>\n<p class=\"ds-markdown-paragraph\"><strong>Principais recursos e especifica\u00e7\u00f5es comparativas<\/strong><\/p>\n<p class=\"ds-markdown-paragraph\">Al\u00e9m do desempenho principal, esse divisor oferece vantagens pr\u00e1ticas para a implementa\u00e7\u00e3o da rede. A tabela a seguir destaca seus principais atributos juntamente com alternativas comuns, demonstrando seu design equilibrado para aplica\u00e7\u00f5es de uso geral:<\/p>\n<table>\n<thead>\n<tr>\n<th>Nome do produto<\/th>\n<th>Divisor de fibra \u00f3ptica SC\/APC-2*4<\/th>\n<\/tr>\n<\/thead>\n<tbody>\n<tr>\n<td>Tipo de conector<\/td>\n<td>SC\/UPC, SC\/APC, FC\/UPC, FC\/APC, LC\/UPC, LC\/APC, ST\/UPC<\/td>\n<\/tr>\n<tr>\n<td>Cor<\/td>\n<td>Amarelo\/branco\/cor<\/td>\n<\/tr>\n<tr>\n<td>Largura de banda<\/td>\n<td>\u00b140nm<\/td>\n<\/tr>\n<tr>\n<td>Resist\u00eancia \u00e0 tens\u00e3o<\/td>\n<td>\u2265200N<\/td>\n<\/tr>\n<tr>\n<td>Comprimento de onda<\/td>\n<td>1310nm-1490nm-1550nm\/850nm<\/td>\n<\/tr>\n<tr>\n<td>Durabilidade<\/td>\n<td>\u22651000 vezes<\/td>\n<\/tr>\n<tr>\n<td>Material<\/td>\n<td>LSZH<\/td>\n<\/tr>\n<tr>\n<td>Perda de inser\u00e7\u00e3o<\/td>\n<td>\\<\/td>\n<\/tr>\n<tr>\n<td>Perda de retorno<\/td>\n<td>UPC&gt;50dB, APC&gt;60dB<\/td>\n<\/tr>\n<\/tbody>\n<\/table>\n<p class=\"ds-markdown-paragraph\"><strong>Aplicativos e integra\u00e7\u00e3o ideais<\/strong><\/p>\n<p class=\"ds-markdown-paragraph\">Esse divisor \u00e9 perfeitamente adequado para uma s\u00e9rie de aplica\u00e7\u00f5es. \u00c9 comumente implantado em arquiteturas FTTx, distribui\u00e7\u00e3o de sinal CATV e LANs \u00f3pticas passivas. Sua compatibilidade com interfaces SC\/APC padr\u00e3o garante uma integra\u00e7\u00e3o perfeita com patch panels existentes, estruturas ODF e fechamentos de emenda de nosso abrangente portf\u00f3lio de produtos, incluindo nossos cassetes de fibra de 12 n\u00facleos e caixas de termina\u00e7\u00e3o.<\/p>\n<p class=\"ds-markdown-paragraph\">Para os criadores de redes que buscam um divisor \u00f3ptico confi\u00e1vel e de alto desempenho, o modelo SC\/APC-2\u00d74 da Fenxi Optoelectronics representa uma escolha inteligente. Entre em contato com nossa equipe hoje mesmo para discutir como esse componente pode otimizar seu projeto de rede espec\u00edfico e os requisitos do projeto.<\/p>","protected":false},"excerpt":{"rendered":"<p class=\"ds-markdown-paragraph\"><strong>Desempenho superior para redes exigentes<\/strong><\/p>\n<p class=\"ds-markdown-paragraph\">Esse dispositivo de rela\u00e7\u00e3o de divis\u00e3o 1\u00d72 oferece um gerenciamento excepcional do sinal. Seu design de m\u00f3dulo compacto permite a instala\u00e7\u00e3o flex\u00edvel em v\u00e1rios ambientes, desde escrit\u00f3rios centrais at\u00e9 gabinetes de termina\u00e7\u00e3o externos. O uso de conectores SC\/APC premium minimiza a reflex\u00e3o traseira, o que \u00e9 fundamental para manter a qualidade da transmiss\u00e3o de dados em alta velocidade. Submetemos cada unidade a rigorosas verifica\u00e7\u00f5es de qualidade, garantindo um desempenho que atende ou excede os padr\u00f5es do setor em termos de confiabilidade e longevidade.<\/p>","protected":false},"featured_media":623,"comment_status":"open","ping_status":"closed","template":"","meta":[],"product_brand":[],"product_cat":[28],"product_tag":[],"class_list":{"0":"post-476","1":"product","2":"type-product","3":"status-publish","4":"has-post-thumbnail","6":"product_cat-fiber-optic-splitter","8":"first","9":"instock","10":"shipping-taxable","11":"product-type-simple"},"_links":{"self":[{"href":"https:\/\/www.fenxifiber.com\/pt\/wp-json\/wp\/v2\/product\/476","targetHints":{"allow":["GET"]}}],"collection":[{"href":"https:\/\/www.fenxifiber.com\/pt\/wp-json\/wp\/v2\/product"}],"about":[{"href":"https:\/\/www.fenxifiber.com\/pt\/wp-json\/wp\/v2\/types\/product"}],"replies":[{"embeddable":true,"href":"https:\/\/www.fenxifiber.com\/pt\/wp-json\/wp\/v2\/comments?post=476"}],"wp:featuredmedia":[{"embeddable":true,"href":"https:\/\/www.fenxifiber.com\/pt\/wp-json\/wp\/v2\/media\/623"}],"wp:attachment":[{"href":"https:\/\/www.fenxifiber.com\/pt\/wp-json\/wp\/v2\/media?parent=476"}],"wp:term":[{"taxonomy":"product_brand","embeddable":true,"href":"https:\/\/www.fenxifiber.com\/pt\/wp-json\/wp\/v2\/product_brand?post=476"},{"taxonomy":"product_cat","embeddable":true,"href":"https:\/\/www.fenxifiber.com\/pt\/wp-json\/wp\/v2\/product_cat?post=476"},{"taxonomy":"product_tag","embeddable":true,"href":"https:\/\/www.fenxifiber.com\/pt\/wp-json\/wp\/v2\/product_tag?post=476"}],"curies":[{"name":"wp","href":"https:\/\/api.w.org\/{rel}","templated":true}]}}