{"id":484,"date":"2026-01-29T07:32:19","date_gmt":"2026-01-29T07:32:19","guid":{"rendered":"https:\/\/www.fenxifiber.com\/?post_type=product&#038;p=484"},"modified":"2026-02-03T04:50:40","modified_gmt":"2026-02-03T04:50:40","slug":"divisor-de-fibra-optica-fc-upc-18-para-transmissao-estavel-de-sinal","status":"publish","type":"product","link":"https:\/\/www.fenxifiber.com\/pt\/product\/fiber-optical-splitter-fc-upc-18-for-stable-signal-transmission\/","title":{"rendered":"Divisor de fibra \u00f3ptica FC\/UPC-1*8 para transmiss\u00e3o est\u00e1vel de sinal"},"content":{"rendered":"<p><strong>Engenharia de precis\u00e3o para n\u00f3s de rede cr\u00edticos<\/strong><\/p>\n<p>O\u00a0<strong>Divisor \u00f3ptico FC\/UPC-1*8<\/strong>\u00a0\u00e9 um componente \u00f3ptico passivo premium fabricado pela\u00a0<strong>Tecnologia Optoeletr\u00f4nica Fenxi<\/strong>. Projetado para atender \u00e0s rigorosas demandas de opera\u00e7\u00f5es de telecomunica\u00e7\u00f5es e integra\u00e7\u00e3o de sistemas, esse divisor divide uma \u00fanica entrada \u00f3ptica em oito sa\u00eddas precisas. Diferentemente dos conectores push-pull padr\u00e3o, a interface FC\/UPC utiliza um mecanismo de acoplamento rosqueado, o que garante uma estabilidade mec\u00e2nica excepcional, mesmo em ambientes sujeitos a vibra\u00e7\u00e3o ou a alto estresse f\u00edsico.<\/p>\n<p>Com o apoio da equipe de profissionais s\u00eanior de P&amp;D de produtos da Fenxi e do experiente pessoal de gerenciamento de qualidade, cada unidade \u00e9 constru\u00edda para oferecer distribui\u00e7\u00e3o de sinal consistente para seus links de transmiss\u00e3o de fibra mais cr\u00edticos.<\/p>\n<p><strong>Estabilidade mec\u00e2nica e excel\u00eancia \u00f3ptica<\/strong><\/p>\n<p>Em cen\u00e1rios em que a seguran\u00e7a da conex\u00e3o \u00e9 fundamental, o divisor FC\/UPC-1*8 se destaca. O divisor\u00a0<strong>UPC (Ultra Contato F\u00edsico)<\/strong>\u00a0O polimento garante uma baixa perda de inser\u00e7\u00e3o e, ao mesmo tempo, mant\u00e9m uma perda de retorno superior a 50 dB, adequada para a maioria dos sistemas de transmiss\u00e3o digital.<\/p>\n<p>As principais caracter\u00edsticas de desempenho incluem:<\/p>\n<ul>\n<li><strong>Acoplamento resistente \u00e0 vibra\u00e7\u00e3o:<\/strong>\u00a0O inv\u00f3lucro met\u00e1lico rosqueado do conector FC evita desconex\u00f5es acidentais em seu interior\u00a0<strong>Quadros de distribui\u00e7\u00e3o de fibra \u00f3ptica ODF<\/strong>\u00a0ou racks de servidores ocupados.<\/li>\n<li><strong>Divis\u00e3o uniforme de sinais:<\/strong>\u00a0Utilizando a avan\u00e7ada tecnologia PLC (Planar Lightwave Circuit), o dispositivo garante que o sinal \u00f3ptico seja distribu\u00eddo uniformemente para todas as 8 portas com desvio m\u00ednimo.<\/li>\n<li><strong>Suporte a largura de banda ampla:<\/strong>\u00a0Capaz de operar em todo o espectro (1260-1650nm), tornando-o compat\u00edvel com v\u00e1rios padr\u00f5es de PON e equipamentos de teste.<\/li>\n<\/ul>\n<p><strong>Folha de dados t\u00e9cnicos<\/strong><\/p>\n<p>A Fenxi Optoelectronics segue rigorosos padr\u00f5es internacionais de produ\u00e7\u00e3o. Abaixo est\u00e3o representados os dados t\u00edpicos de desempenho do nosso divisor 1\u00d78 FC\/UPC PLC, garantindo transpar\u00eancia para engenheiros de rede e gerentes de compras.<\/p>\n<table>\n<thead>\n<tr>\n<th>Nome do produto<\/th>\n<th>Divisor de fibra \u00f3ptica FC\/UPC-1*8<\/th>\n<\/tr>\n<\/thead>\n<tbody>\n<tr>\n<td>Tipo de conector<\/td>\n<td>SC\/UPC, SC\/APC, FC\/UPC, FC\/APC, LC\/UPC, LC\/APC, ST\/UPC<\/td>\n<\/tr>\n<tr>\n<td>Cor<\/td>\n<td>Amarelo\/branco\/cor<\/td>\n<\/tr>\n<tr>\n<td>Largura de banda<\/td>\n<td>\u00b140nm<\/td>\n<\/tr>\n<tr>\n<td>Resist\u00eancia \u00e0 tens\u00e3o<\/td>\n<td>\u2265200N<\/td>\n<\/tr>\n<tr>\n<td>Comprimento de onda<\/td>\n<td>1310nm-1490nm-1550nm\/850nm<\/td>\n<\/tr>\n<tr>\n<td>Durabilidade<\/td>\n<td>\u22651000 vezes<\/td>\n<\/tr>\n<tr>\n<td>Material<\/td>\n<td>LSZH<\/td>\n<\/tr>\n<tr>\n<td>Perda de inser\u00e7\u00e3o<\/td>\n<td>\\<\/td>\n<\/tr>\n<tr>\n<td>Perda de retorno<\/td>\n<td>UPC&gt;50dB, APC&gt;60dB<\/td>\n<\/tr>\n<\/tbody>\n<\/table>\n<p><strong>Compromisso com a qualidade<\/strong><\/p>\n<p>Como uma empresa emergente focada em P&amp;D e qualidade, a Fenxi Optoelectronics Technology garante que cada divisor seja submetido a testes rigorosos antes do envio. Combinamos a efici\u00eancia da fabrica\u00e7\u00e3o nacional com os padr\u00f5es internacionais de qualidade para fornecer produtos de comunica\u00e7\u00e3o \u00f3ptica confi\u00e1veis e econ\u00f4micos.<\/p>","protected":false},"excerpt":{"rendered":"<p><strong>Cen\u00e1rios de integra\u00e7\u00e3o vers\u00e1teis<\/strong><\/p>\n<p>O\u00a0<strong>Divisor \u00f3ptico FC\/UPC-1*8<\/strong>\u00a0\u00e9 altamente vers\u00e1til e constitui uma parte essencial do ecossistema \u00f3ptico da Fenxi. Ele foi projetado para se integrar perfeitamente \u00e0s nossas linhas de produtos existentes:<\/p>\n<ul>\n<li><strong>Sistemas ODF:<\/strong>\u00a0Facilmente montado em quadros de distribui\u00e7\u00e3o para gerenciamento centralizado.<\/li>\n<li><strong>Caixas de termina\u00e7\u00e3o de fibra \u00f3ptica:<\/strong>\u00a0O tamanho compacto permite a implementa\u00e7\u00e3o em gabinetes de beira de estrada ou por\u00f5es de edif\u00edcios.<\/li>\n<li><strong>Teste e medi\u00e7\u00e3o:<\/strong>\u00a0O conector FC robusto \u00e9 geralmente preferido em ambientes de laborat\u00f3rio para testes\u00a0<strong>cabos de conex\u00e3o de fibra \u00f3ptica<\/strong>\u00a0e\u00a0<strong>Rabichos de fibra \u00f3ptica<\/strong>.<\/li>\n<\/ul>","protected":false},"featured_media":631,"comment_status":"open","ping_status":"closed","template":"","meta":[],"product_brand":[],"product_cat":[28],"product_tag":[],"class_list":{"0":"post-484","1":"product","2":"type-product","3":"status-publish","4":"has-post-thumbnail","6":"product_cat-fiber-optic-splitter","8":"first","9":"instock","10":"shipping-taxable","11":"product-type-simple"},"_links":{"self":[{"href":"https:\/\/www.fenxifiber.com\/pt\/wp-json\/wp\/v2\/product\/484","targetHints":{"allow":["GET"]}}],"collection":[{"href":"https:\/\/www.fenxifiber.com\/pt\/wp-json\/wp\/v2\/product"}],"about":[{"href":"https:\/\/www.fenxifiber.com\/pt\/wp-json\/wp\/v2\/types\/product"}],"replies":[{"embeddable":true,"href":"https:\/\/www.fenxifiber.com\/pt\/wp-json\/wp\/v2\/comments?post=484"}],"wp:featuredmedia":[{"embeddable":true,"href":"https:\/\/www.fenxifiber.com\/pt\/wp-json\/wp\/v2\/media\/631"}],"wp:attachment":[{"href":"https:\/\/www.fenxifiber.com\/pt\/wp-json\/wp\/v2\/media?parent=484"}],"wp:term":[{"taxonomy":"product_brand","embeddable":true,"href":"https:\/\/www.fenxifiber.com\/pt\/wp-json\/wp\/v2\/product_brand?post=484"},{"taxonomy":"product_cat","embeddable":true,"href":"https:\/\/www.fenxifiber.com\/pt\/wp-json\/wp\/v2\/product_cat?post=484"},{"taxonomy":"product_tag","embeddable":true,"href":"https:\/\/www.fenxifiber.com\/pt\/wp-json\/wp\/v2\/product_tag?post=484"}],"curies":[{"name":"wp","href":"https:\/\/api.w.org\/{rel}","templated":true}]}}