{"id":546,"date":"2026-02-03T01:33:16","date_gmt":"2026-02-03T01:33:16","guid":{"rendered":"https:\/\/www.fenxifiber.com\/?post_type=product&#038;p=546"},"modified":"2026-02-04T01:06:05","modified_gmt":"2026-02-04T01:06:05","slug":"mpo-mpo-om3-8core-12core","status":"publish","type":"product","link":"https:\/\/www.fenxifiber.com\/pt\/product\/mpo-mpo-om3-8core-12core\/","title":{"rendered":"Cabo de conex\u00e3o de fibra \u00f3ptica MPO-MPO-OM3-8core\/12core"},"content":{"rendered":"<h3 data-start=\"872\" data-end=\"892\"><strong data-start=\"876\" data-end=\"892\">Principais benef\u00edcios<\/strong><\/h3>\n<ul data-start=\"894\" data-end=\"2124\">\n<li data-start=\"894\" data-end=\"1142\">\n<p data-start=\"896\" data-end=\"1142\"><strong data-start=\"896\" data-end=\"934\">Otimizado para redes de alta velocidade:<\/strong> A fibra multimodo OM3 otimizada para laser suporta aplica\u00e7\u00f5es de 10 GbE, 40 GbE e 100 GbE com baixa atenua\u00e7\u00e3o e transmiss\u00e3o confi\u00e1vel at\u00e9 as dist\u00e2ncias padr\u00e3o do setor.<\/p>\n<\/li>\n<li data-start=\"1143\" data-end=\"1330\">\n<p data-start=\"1145\" data-end=\"1330\"><strong data-start=\"1145\" data-end=\"1176\">Op\u00e7\u00f5es de alta densidade de fibra:<\/strong> Dispon\u00edvel com <strong data-start=\"1192\" data-end=\"1215\">8 n\u00facleos ou 12 n\u00facleos<\/strong> em um \u00fanico tronco compacto, permitindo conectividade escal\u00e1vel para redes em crescimento.<\/p>\n<\/li>\n<li data-start=\"1331\" data-end=\"1553\">\n<p data-start=\"1333\" data-end=\"1553\"><strong data-start=\"1333\" data-end=\"1369\">Pr\u00e9-terminado e testado na f\u00e1brica:<\/strong> O 100% foi polido e testado quanto \u00e0 perda de inser\u00e7\u00e3o, perda de retorno e desempenho do canal, garantindo qualidade consistente e instala\u00e7\u00e3o plug-and-play.<\/p>\n<\/li>\n<li data-start=\"1554\" data-end=\"1776\">\n<p data-start=\"1556\" data-end=\"1776\"><strong data-start=\"1556\" data-end=\"1587\">Baixa perda, alta perda de retorno:<\/strong> Projetado para exceder o desempenho multimodo t\u00edpico, apresentando baixa perda de inser\u00e7\u00e3o (geralmente \u2264 0,35 dB) e alta perda de retorno para melhor desempenho do sinal.<\/p>\n<\/li>\n<li data-start=\"1777\" data-end=\"1963\">\n<p data-start=\"1779\" data-end=\"1963\"><strong data-start=\"1779\" data-end=\"1802\">Revestimento de LSZH ou PVC:<\/strong> Op\u00e7\u00f5es de revestimento de baixa emiss\u00e3o de fuma\u00e7a e sem halog\u00eanio (LSZH) ou de PVC para seguran\u00e7a em ambientes de data center e de cabeamento interno.<\/p>\n<\/li>\n<li data-start=\"1964\" data-end=\"2124\">\n<p data-start=\"1966\" data-end=\"2124\"><strong data-start=\"1966\" data-end=\"1996\">Suporte \u00e0 polaridade flex\u00edvel:<\/strong> Dispon\u00edvel nas configura\u00e7\u00f5es de polaridade Tipo A, B ou C para corresponder a v\u00e1rias topologias de rede.<\/p>\n<\/li>\n<\/ul>\n<h3 data-start=\"2126\" data-end=\"2158\"><strong data-start=\"2130\" data-end=\"2158\">Especifica\u00e7\u00f5es t\u00e9cnicas<\/strong><\/h3>\n<div class=\"TyagGW_tableContainer\">\n<div class=\"group TyagGW_tableWrapper flex flex-col-reverse w-fit\" tabindex=\"-1\">\n<table class=\"w-fit min-w-(--thread-content-width)\" data-start=\"2160\" data-end=\"2687\">\n<thead data-start=\"2160\" data-end=\"2187\">\n<tr data-start=\"2160\" data-end=\"2187\">\n<th class=\"\" data-start=\"2160\" data-end=\"2170\" data-col-size=\"sm\">Recurso<\/th>\n<th class=\"\" data-start=\"2170\" data-end=\"2187\" data-col-size=\"md\">Especifica\u00e7\u00e3o<\/th>\n<\/tr>\n<\/thead>\n<tbody data-start=\"2215\" data-end=\"2687\">\n<tr data-start=\"2215\" data-end=\"2257\">\n<td data-start=\"2215\" data-end=\"2228\" data-col-size=\"sm\">Tipo de fibra<\/td>\n<td data-start=\"2228\" data-end=\"2257\" data-col-size=\"md\">Multimodo OM3 (50\/125 \u00b5m)<\/td>\n<\/tr>\n<tr data-start=\"2258\" data-end=\"2293\">\n<td data-start=\"2258\" data-end=\"2271\" data-col-size=\"sm\">Contagem de n\u00facleos<\/td>\n<td data-start=\"2271\" data-end=\"2293\" data-col-size=\"md\">8 n\u00facleos \/ 12 n\u00facleos<\/td>\n<\/tr>\n<tr data-start=\"2294\" data-end=\"2336\">\n<td data-start=\"2294\" data-end=\"2306\" data-col-size=\"sm\">Conector<\/td>\n<td data-col-size=\"md\" data-start=\"2306\" data-end=\"2336\">MPO para MPO (feminino\/feminino)<\/td>\n<\/tr>\n<tr data-start=\"2337\" data-end=\"2382\">\n<td data-start=\"2337\" data-end=\"2349\" data-col-size=\"sm\">Polimento<\/td>\n<td data-start=\"2349\" data-end=\"2382\" data-col-size=\"md\">PC\/UPC padr\u00e3o; APC opcional<\/td>\n<\/tr>\n<tr data-start=\"2383\" data-end=\"2407\">\n<td data-start=\"2383\" data-end=\"2392\" data-col-size=\"sm\">Jaqueta<\/td>\n<td data-start=\"2392\" data-end=\"2407\" data-col-size=\"md\">LSZH ou PVC<\/td>\n<\/tr>\n<tr data-start=\"2408\" data-end=\"2438\">\n<td data-start=\"2408\" data-end=\"2419\" data-col-size=\"sm\">Di\u00e2metro<\/td>\n<td data-col-size=\"md\" data-start=\"2419\" data-end=\"2438\">~3,0 mm t\u00edpico<\/td>\n<\/tr>\n<tr data-start=\"2439\" data-end=\"2508\">\n<td data-start=\"2439\" data-end=\"2456\" data-col-size=\"sm\">Perda de inser\u00e7\u00e3o<\/td>\n<td data-col-size=\"md\" data-start=\"2456\" data-end=\"2508\">\u2264 0,35 dB (padr\u00e3o); \u2264 0,20 dB (elite\/baixa perda)<\/td>\n<\/tr>\n<tr data-start=\"2509\" data-end=\"2544\">\n<td data-start=\"2509\" data-end=\"2523\" data-col-size=\"sm\">Perda de retorno<\/td>\n<td data-start=\"2523\" data-end=\"2544\" data-col-size=\"md\">\u2265 35 dB ou melhor<\/td>\n<\/tr>\n<tr data-start=\"2545\" data-end=\"2583\">\n<td data-start=\"2545\" data-end=\"2562\" data-col-size=\"sm\">Temperatura de opera\u00e7\u00e3o<\/td>\n<td data-col-size=\"md\" data-start=\"2562\" data-end=\"2583\">~-10 \u00b0C a +70 \u00b0C<\/td>\n<\/tr>\n<tr data-start=\"2584\" data-end=\"2687\">\n<td data-start=\"2584\" data-end=\"2596\" data-col-size=\"sm\">Padr\u00f5es<\/td>\n<td data-start=\"2596\" data-end=\"2648\" data-col-size=\"md\">Conformidade com IEC-61754-7, EIA\/TIA-604-5, RoHS, REACH<\/td>\n<\/tr>\n<\/tbody>\n<\/table>\n<\/div>\n<\/div>\n<h3 data-start=\"2689\" data-end=\"2717\"><strong data-start=\"2693\" data-end=\"2717\">Aplica\u00e7\u00f5es t\u00edpicas<\/strong><\/h3>\n<ul data-start=\"2719\" data-end=\"3120\">\n<li data-start=\"2719\" data-end=\"2820\">\n<p data-start=\"2721\" data-end=\"2820\">Alta densidade <strong data-start=\"2734\" data-end=\"2750\">centros de dados<\/strong> e cabeamento de backbone de telecomunica\u00e7\u00f5es.<\/p>\n<\/li>\n<li data-start=\"2821\" data-end=\"2915\">\n<p data-start=\"2823\" data-end=\"2915\"><strong data-start=\"2823\" data-end=\"2855\">Redes Ethernet de alta velocidade<\/strong> (10G \/ 40G \/ 100G).<\/p>\n<\/li>\n<li data-start=\"2916\" data-end=\"3019\">\n<p data-start=\"2918\" data-end=\"3019\"><strong data-start=\"2918\" data-end=\"2950\">Redes de \u00e1rea de armazenamento (SANs)<\/strong> e sistemas Fiber Channel.<\/p>\n<\/li>\n<li data-start=\"3020\" data-end=\"3120\">\n<p data-start=\"3022\" data-end=\"3120\"><strong data-start=\"3022\" data-end=\"3041\">\u00d3ptica paralela<\/strong> e conex\u00f5es de transceptor QSFP\/SFP+.<\/p>\n<\/li>\n<\/ul>\n<h3 data-start=\"3122\" data-end=\"3165\"><strong data-start=\"3126\" data-end=\"3165\">Por que escolher este cabo de conex\u00e3o MPO\/MTP?<\/strong><\/h3>\n<p data-start=\"3167\" data-end=\"3650\">Projetado para oferecer confiabilidade e desempenho, o patch cord MPO-MPO-OM3-8core\/12core oferece uma solu\u00e7\u00e3o econ\u00f4mica para infraestrutura de fibra de alta densidade. Sua constru\u00e7\u00e3o pr\u00e9-terminada economiza tempo de instala\u00e7\u00e3o, reduz o erro humano e garante um desempenho uniforme entre as contagens de n\u00facleo e os comprimentos de cabo. Com op\u00e7\u00f5es para graus de desempenho de baixa perda e de alta perda de retorno, esse patch cord atende aos exigentes requisitos de rede sem comprometimento.<\/p>\n<hr data-start=\"3652\" data-end=\"3655\" \/>\n<h2 data-start=\"3657\" data-end=\"3680\"><strong data-start=\"3660\" data-end=\"3680\">Perguntas e respostas profissionais<\/strong><\/h2>\n<p data-start=\"3682\" data-end=\"4109\"><strong data-start=\"3682\" data-end=\"3760\">Q1: Qual \u00e9 a diferen\u00e7a entre os patch cords OM3 MPO de 8 e 12 n\u00facleos?<\/strong><br data-start=\"3760\" data-end=\"3763\" \/>A1: A principal diferen\u00e7a \u00e9 o n\u00famero de fibras \u00f3pticas no conjunto da fita. <strong data-start=\"3842\" data-end=\"3852\">8 n\u00facleos<\/strong> \u00e9 frequentemente usado para aplica\u00e7\u00f5es espec\u00edficas de 40G\/100G em que s\u00e3o necess\u00e1rias apenas oito fibras, enquanto o <strong data-start=\"3946\" data-end=\"3957\">12 n\u00facleos<\/strong> suporta capacidade total de fibra e configura\u00e7\u00f5es MPO padr\u00e3o, permitindo maior escalabilidade e prepara\u00e7\u00e3o para o futuro.<\/p>\n<p data-start=\"4111\" data-end=\"4419\"><strong data-start=\"4111\" data-end=\"4166\">Q2: Por que a fibra OM3 \u00e9 comumente usada em data centers?<\/strong><br data-start=\"4166\" data-end=\"4169\" \/>A2: A fibra OM3 \u00e9 <strong data-start=\"4186\" data-end=\"4205\">otimizado para laser<\/strong> para transmiss\u00e3o multimodo, oferecendo suporte confi\u00e1vel para Ethernet de alta velocidade em dist\u00e2ncias curtas e m\u00e9dias com dispers\u00e3o modal reduzida - ideal para links de data center modernos.<\/p>\n<p data-start=\"4421\" data-end=\"4773\"><strong data-start=\"4421\" data-end=\"4483\">P3: O que significa perda de inser\u00e7\u00e3o e por que ela \u00e9 importante?<\/strong><br data-start=\"4483\" data-end=\"4486\" \/>A3: a perda de inser\u00e7\u00e3o mede a pot\u00eancia do sinal perdida quando a luz atravessa o patch cord e os conectores. A menor perda de inser\u00e7\u00e3o (por exemplo, \u2264 0,35 dB) garante maior integridade do sinal e melhor desempenho da rede, especialmente em aplicativos de alta velocidade.<\/p>\n<p data-start=\"4775\" data-end=\"5074\"><strong data-start=\"4775\" data-end=\"4839\">P4: Como os tipos de polaridade (A\/B\/C) afetam o uso do patch cord MPO?<\/strong><br data-start=\"4839\" data-end=\"4842\" \/>A4: A polaridade define a <strong data-start=\"4867\" data-end=\"4890\">ordem de mapeamento de fibra<\/strong> entre conectores. A escolha do tipo correto de polaridade garante o alinhamento adequado do sinal em redes MPO complexas, reduzindo poss\u00edveis erros de link.<\/p>","protected":false},"excerpt":{"rendered":"<p>O <strong data-start=\"335\" data-end=\"363\">MPO-MPO-OM3-8core\/12core<\/strong> \u00e9 um sistema de alto desempenho, com termina\u00e7\u00e3o de f\u00e1brica <strong data-start=\"406\" data-end=\"440\">Cabo de conex\u00e3o de fibra \u00f3ptica MPO\/MTP<\/strong> projetados para redes modernas de data center de alta densidade e aplicativos de backbone corporativos. Desenvolvido com <strong data-start=\"546\" data-end=\"597\">fibra multimodo OM3 otimizada para laser (50\/125 \u00b5m)<\/strong>, Com a tecnologia de fibra \u00f3ptica, esse cabo oferece integridade de sinal excepcional, baixa perda de inser\u00e7\u00e3o e conectividade confi\u00e1vel em ambientes de curto alcance e alto tr\u00e1fego, o que o torna ideal para Ethernet 40G\/100G, Fiber Channel, InfiniBand e outros links de alta velocidade.<\/p>","protected":false},"featured_media":547,"comment_status":"open","ping_status":"closed","template":"","meta":[],"product_brand":[],"product_cat":[42],"product_tag":[],"class_list":{"0":"post-546","1":"product","2":"type-product","3":"status-publish","4":"has-post-thumbnail","6":"product_cat-mpo-mtp-fiber-optic-patch-cord","8":"first","9":"instock","10":"shipping-taxable","11":"product-type-simple"},"_links":{"self":[{"href":"https:\/\/www.fenxifiber.com\/pt\/wp-json\/wp\/v2\/product\/546","targetHints":{"allow":["GET"]}}],"collection":[{"href":"https:\/\/www.fenxifiber.com\/pt\/wp-json\/wp\/v2\/product"}],"about":[{"href":"https:\/\/www.fenxifiber.com\/pt\/wp-json\/wp\/v2\/types\/product"}],"replies":[{"embeddable":true,"href":"https:\/\/www.fenxifiber.com\/pt\/wp-json\/wp\/v2\/comments?post=546"}],"wp:featuredmedia":[{"embeddable":true,"href":"https:\/\/www.fenxifiber.com\/pt\/wp-json\/wp\/v2\/media\/547"}],"wp:attachment":[{"href":"https:\/\/www.fenxifiber.com\/pt\/wp-json\/wp\/v2\/media?parent=546"}],"wp:term":[{"taxonomy":"product_brand","embeddable":true,"href":"https:\/\/www.fenxifiber.com\/pt\/wp-json\/wp\/v2\/product_brand?post=546"},{"taxonomy":"product_cat","embeddable":true,"href":"https:\/\/www.fenxifiber.com\/pt\/wp-json\/wp\/v2\/product_cat?post=546"},{"taxonomy":"product_tag","embeddable":true,"href":"https:\/\/www.fenxifiber.com\/pt\/wp-json\/wp\/v2\/product_tag?post=546"}],"curies":[{"name":"wp","href":"https:\/\/api.w.org\/{rel}","templated":true}]}}