{"id":548,"date":"2026-02-03T01:38:34","date_gmt":"2026-02-03T01:38:34","guid":{"rendered":"https:\/\/www.fenxifiber.com\/?post_type=product&#038;p=548"},"modified":"2026-02-04T01:07:28","modified_gmt":"2026-02-04T01:07:28","slug":"mpo-lc-om3-om4-12core","status":"publish","type":"product","link":"https:\/\/www.fenxifiber.com\/pt\/product\/mpo-lc-om3-om4-12core\/","title":{"rendered":"Cabo de patch de fibra para data center MPO-LC-OM3\/OM4-12Core"},"content":{"rendered":"<h3 data-start=\"786\" data-end=\"818\"><strong data-start=\"790\" data-end=\"818\">Principais recursos e benef\u00edcios<\/strong><\/h3>\n<ul data-start=\"820\" data-end=\"2158\">\n<li data-start=\"820\" data-end=\"1093\">\n<p data-start=\"822\" data-end=\"1093\"><strong data-start=\"822\" data-end=\"855\">Suporte multimodo de alta velocidade:<\/strong> Constru\u00eddo com <strong data-start=\"873\" data-end=\"897\">OM3 ou OM4 50\/125 \u00b5m<\/strong> fibra multimodo, proporcionando excelente desempenho para Ethernet 10G, 40G e 100G e al\u00e9m. A OM4 oferece largura de banda e dist\u00e2ncia aprimoradas em compara\u00e7\u00e3o com a OM3.<\/p>\n<\/li>\n<li data-start=\"1094\" data-end=\"1344\">\n<p data-start=\"1096\" data-end=\"1344\"><strong data-start=\"1096\" data-end=\"1126\">Projeto de divis\u00e3o de MPO para LC:<\/strong> Uma extremidade terminada com um cabo de alta densidade <strong data-start=\"1166\" data-end=\"1198\">Conector multifibra MPO\/MTP<\/strong> e o outro com <strong data-start=\"1218\" data-end=\"1238\">12 conectores LC<\/strong>, simplificando a implementa\u00e7\u00e3o de fan-out em transceptores e pain\u00e9is de conex\u00e3o.<\/p>\n<\/li>\n<li data-start=\"1345\" data-end=\"1596\">\n<p data-start=\"1347\" data-end=\"1596\"><strong data-start=\"1347\" data-end=\"1389\">Baixa perda de inser\u00e7\u00e3o e alta perda de retorno:<\/strong> Os valores t\u00edpicos de perda de inser\u00e7\u00e3o t\u00e3o baixos quanto \u2264 0,3 - 0,35 dB em MPO e \u2264 0,3 dB em LC garantem uma degrada\u00e7\u00e3o m\u00ednima do sinal, com forte perda de retorno para uma transmiss\u00e3o est\u00e1vel.<\/p>\n<\/li>\n<li data-start=\"1597\" data-end=\"1793\">\n<p data-start=\"1599\" data-end=\"1793\"><strong data-start=\"1599\" data-end=\"1629\">Testado e confi\u00e1vel na f\u00e1brica:<\/strong> Cada cabo \u00e9 montado com precis\u00e3o e testado quanto ao desempenho \u00f3ptico antes do envio, garantindo resultados confi\u00e1veis em campo.<\/p>\n<\/li>\n<li data-start=\"1794\" data-end=\"1955\">\n<p data-start=\"1796\" data-end=\"1955\"><strong data-start=\"1796\" data-end=\"1824\">Op\u00e7\u00f5es de jaqueta flex\u00edvel:<\/strong> Dispon\u00edvel em <strong data-start=\"1838\" data-end=\"1871\">LSZH (baixa fuma\u00e7a e zero halog\u00eanio)<\/strong> para uso interno seguro ou PVC, quando permitido.<\/p>\n<\/li>\n<li data-start=\"1956\" data-end=\"2158\">\n<p data-start=\"1958\" data-end=\"2158\"><strong data-start=\"1958\" data-end=\"1988\">Polaridade e op\u00e7\u00f5es personalizadas:<\/strong> \u00c9 compat\u00edvel com as configura\u00e7\u00f5es de polaridade padr\u00e3o do setor (Tipo A\/B\/C) e pode ser personalizado em termos de comprimento, tipo de revestimento e polimento do conector.<\/p>\n<\/li>\n<\/ul>\n<h3 data-start=\"2160\" data-end=\"2192\"><strong data-start=\"2164\" data-end=\"2192\">Especifica\u00e7\u00f5es t\u00e9cnicas<\/strong><\/h3>\n<div class=\"TyagGW_tableContainer\">\n<div class=\"group TyagGW_tableWrapper flex flex-col-reverse w-fit\" tabindex=\"-1\">\n<table class=\"w-fit min-w-(--thread-content-width)\" data-start=\"2194\" data-end=\"2716\">\n<thead data-start=\"2194\" data-end=\"2221\">\n<tr data-start=\"2194\" data-end=\"2221\">\n<th class=\"align-top\" data-start=\"2194\" data-end=\"2204\" data-col-size=\"sm\">Recurso<\/th>\n<th class=\"align-top\" data-start=\"2204\" data-end=\"2221\" data-col-size=\"sm\">Especifica\u00e7\u00e3o<\/th>\n<\/tr>\n<\/thead>\n<tbody data-start=\"2250\" data-end=\"2716\">\n<tr data-start=\"2250\" data-end=\"2302\">\n<td data-start=\"2250\" data-end=\"2267\" data-col-size=\"sm\"><strong data-start=\"2252\" data-end=\"2266\">Tipo de fibra<\/strong><\/td>\n<td data-start=\"2267\" data-end=\"2302\" data-col-size=\"sm\">Multimodo OM3 \/ OM4 (50\/125 \u00b5m)<\/td>\n<\/tr>\n<tr data-start=\"2303\" data-end=\"2333\">\n<td data-start=\"2303\" data-end=\"2320\" data-col-size=\"sm\"><strong data-start=\"2305\" data-end=\"2319\">Contagem de n\u00facleos<\/strong><\/td>\n<td data-start=\"2320\" data-end=\"2333\" data-col-size=\"sm\">12 fibras<\/td>\n<\/tr>\n<tr data-start=\"2334\" data-end=\"2376\">\n<td data-start=\"2334\" data-end=\"2352\" data-col-size=\"sm\"><strong data-start=\"2336\" data-end=\"2351\">Conector A<\/strong><\/td>\n<td data-start=\"2352\" data-end=\"2376\" data-col-size=\"sm\">MPO\/MTP (multifibra)<\/td>\n<\/tr>\n<tr data-start=\"2377\" data-end=\"2417\">\n<td data-start=\"2377\" data-end=\"2395\" data-col-size=\"sm\"><strong data-start=\"2379\" data-end=\"2394\">Conector B<\/strong><\/td>\n<td data-start=\"2395\" data-end=\"2417\" data-col-size=\"sm\">12 \u00d7 conectores LC<\/td>\n<\/tr>\n<tr data-start=\"2418\" data-end=\"2484\">\n<td data-start=\"2418\" data-end=\"2446\" data-col-size=\"sm\"><strong data-start=\"2420\" data-end=\"2445\">Perda de inser\u00e7\u00e3o (t\u00edpica)<\/strong><\/td>\n<td data-start=\"2446\" data-end=\"2484\" data-col-size=\"sm\">MPO \u2264 0,30 - 0,35 dB, LC \u2264 0,30 dB<\/td>\n<\/tr>\n<tr data-start=\"2485\" data-end=\"2538\">\n<td data-start=\"2485\" data-end=\"2503\" data-col-size=\"sm\"><strong data-start=\"2487\" data-end=\"2502\">Perda de retorno<\/strong><\/td>\n<td data-start=\"2503\" data-end=\"2538\" data-col-size=\"sm\">\u2265 30 dB (desempenho multimodo)<\/td>\n<\/tr>\n<tr data-start=\"2539\" data-end=\"2566\">\n<td data-start=\"2539\" data-end=\"2552\" data-col-size=\"sm\"><strong data-start=\"2541\" data-end=\"2551\">Jaqueta<\/strong><\/td>\n<td data-start=\"2552\" data-end=\"2566\" data-col-size=\"sm\">LSZH \/ PVC<\/td>\n<\/tr>\n<tr data-start=\"2567\" data-end=\"2613\">\n<td data-start=\"2567\" data-end=\"2594\" data-col-size=\"sm\"><strong data-start=\"2569\" data-end=\"2593\">Di\u00e2metro externo do cabo<\/strong><\/td>\n<td data-start=\"2594\" data-end=\"2613\" data-col-size=\"sm\">~3 mm (t\u00edpico)<\/td>\n<\/tr>\n<tr data-start=\"2614\" data-end=\"2656\">\n<td data-start=\"2614\" data-end=\"2636\" data-col-size=\"sm\"><strong data-start=\"2616\" data-end=\"2635\">Temp. de opera\u00e7\u00e3o.<\/strong><\/td>\n<td data-start=\"2636\" data-end=\"2656\" data-col-size=\"sm\">-10 \u00b0C a +70 \u00b0C<\/td>\n<\/tr>\n<tr data-start=\"2657\" data-end=\"2716\">\n<td data-start=\"2657\" data-end=\"2673\" data-col-size=\"sm\"><strong data-start=\"2659\" data-end=\"2672\">Padr\u00f5es<\/strong><\/td>\n<td data-start=\"2673\" data-end=\"2716\" data-col-size=\"sm\">Compat\u00edvel com RoHS, EIA\/TIA, IEC, Telcordia<\/td>\n<\/tr>\n<\/tbody>\n<\/table>\n<\/div>\n<\/div>\n<blockquote data-start=\"2718\" data-end=\"2891\">\n<p data-start=\"2720\" data-end=\"2891\"><strong data-start=\"2720\" data-end=\"2729\">Observa\u00e7\u00e3o:<\/strong> A fibra OM4 (revestimento violeta) normalmente oferece maior largura de banda e maior alcance do que a OM3 (aqua) para aplica\u00e7\u00f5es equivalentes.<\/p>\n<\/blockquote>\n<h3 data-start=\"2893\" data-end=\"2921\"><strong data-start=\"2897\" data-end=\"2921\">Aplica\u00e7\u00f5es t\u00edpicas<\/strong><\/h3>\n<ul data-start=\"2923\" data-end=\"3528\">\n<li data-start=\"2923\" data-end=\"3072\">\n<p data-start=\"2925\" data-end=\"3072\"><strong data-start=\"2925\" data-end=\"2954\">Conectividade do data center:<\/strong> Perfeito para links de rack de servidor de alta densidade, conex\u00f5es cruzadas e patch panels.<\/p>\n<\/li>\n<li data-start=\"3073\" data-end=\"3232\">\n<p data-start=\"3075\" data-end=\"3232\"><strong data-start=\"3075\" data-end=\"3103\">Sistemas \u00f3pticos paralelos:<\/strong> Integra-se perfeitamente aos transceptores QSFP+ e QSFP28 em redes multimodo 40G\/100G.<\/p>\n<\/li>\n<li data-start=\"3233\" data-end=\"3377\">\n<p data-start=\"3235\" data-end=\"3377\"><strong data-start=\"3235\" data-end=\"3269\">Infraestruturas de SAN e de nuvem:<\/strong> Oferece suporte ao armazenamento corporativo e a ambientes de rede virtualizados.<\/p>\n<\/li>\n<li data-start=\"3378\" data-end=\"3528\">\n<p data-start=\"3380\" data-end=\"3528\"><strong data-start=\"3380\" data-end=\"3403\">Cabeamento estruturado:<\/strong> Ideal para cabeamento de backbone MPO com breakout LC em gabinetes horizontais ou de equipamentos.<\/p>\n<\/li>\n<\/ul>\n<h3 data-start=\"3530\" data-end=\"3573\"><strong data-start=\"3534\" data-end=\"3573\">Por que escolher este cabo de conex\u00e3o MPO-LC?<\/strong><\/h3>\n<p data-start=\"3575\" data-end=\"4018\">Isso <strong data-start=\"3580\" data-end=\"3619\">Cabo de conex\u00e3o multimodo MPO-LC de 12 n\u00facleos<\/strong> foi projetado para oferecer desempenho, confiabilidade e facilidade de implementa\u00e7\u00e3o. Sua termina\u00e7\u00e3o MPO de alta densidade reduz a desordem do rack e melhora o fluxo de ar, enquanto o breakout 12-LC otimiza as conex\u00f5es com portas de rede individuais. Totalmente testado na f\u00e1brica e em conformidade com os padr\u00f5es do setor, \u00e9 uma solu\u00e7\u00e3o econ\u00f4mica para atualizar ou expandir as redes de alta velocidade.<\/p>\n<hr data-start=\"4020\" data-end=\"4023\" \/>\n<h2 data-start=\"4025\" data-end=\"4048\"><strong data-start=\"4028\" data-end=\"4048\">Perguntas e respostas profissionais<\/strong><\/h2>\n<p data-start=\"4050\" data-end=\"4349\"><strong data-start=\"4050\" data-end=\"4119\">P1: Qual \u00e9 a diferen\u00e7a entre OM3 e OM4 nesse patch cord?<\/strong><br data-start=\"4119\" data-end=\"4122\" \/><strong data-start=\"4122\" data-end=\"4128\">A:<\/strong> As fibras OM3 e OM4 s\u00e3o ambas multimodo de 50\/125 \u00b5m, mas a OM4 oferece maior largura de banda modal e suporta dist\u00e2ncias de transmiss\u00e3o mais longas em altas taxas de dados (por exemplo, 100G) em compara\u00e7\u00e3o com a OM3.<\/p>\n<p data-start=\"4351\" data-end=\"4682\"><strong data-start=\"4351\" data-end=\"4427\">P2: Por que usar um cabo breakout MPO para LC em vez de um tronco MPO reto?<\/strong><br data-start=\"4427\" data-end=\"4430\" \/><strong data-start=\"4430\" data-end=\"4436\">A:<\/strong> O design de breakout MPO-LC permite que um \u00fanico cabo multifibra se desdobre em conectores LC individuais, que s\u00e3o amplamente usados em transceptores e pain\u00e9is de conex\u00e3o, reduzindo a necessidade de hardware de breakout adicional.<\/p>\n<p data-start=\"4684\" data-end=\"4990\"><strong data-start=\"4684\" data-end=\"4756\">P3: O que significa polaridade no cabeamento MPO e por que ela \u00e9 importante?<\/strong><br data-start=\"4756\" data-end=\"4759\" \/><strong data-start=\"4759\" data-end=\"4765\">A:<\/strong> A polaridade define como as fibras s\u00e3o mapeadas de uma extremidade do cabo para a outra. A escolha da polaridade correta garante o emparelhamento adequado do sinal, o que \u00e9 fundamental para a conectividade de equipamentos ativos.<\/p>\n<p data-start=\"4992\" data-end=\"5262\"><strong data-start=\"4992\" data-end=\"5046\">P4: Posso misturar fibras OM3 e OM4 no mesmo link?<\/strong><br data-start=\"5046\" data-end=\"5049\" \/><strong data-start=\"5049\" data-end=\"5055\">A:<\/strong> Sim - OM3 e OM4 s\u00e3o compat\u00edveis porque ambos usam fibra multimodo de 50\/125 \u00b5m, mas o desempenho do link normalmente ser\u00e1 limitado \u00e0 capacidade da fibra de grau inferior.<\/p>","protected":false},"excerpt":{"rendered":"<p data-start=\"248\" data-end=\"784\">O <strong data-start=\"252\" data-end=\"277\">MPO-LC-OM3\/OM4-12core<\/strong> \u00e9 um cabo de conex\u00e3o avan\u00e7ado e de alto desempenho <strong data-start=\"322\" data-end=\"363\">Cabo de fibra \u00f3ptica multimodo MPO para LC<\/strong> projetado para as exigentes redes de data center, corporativas e de telecomunica\u00e7\u00f5es atuais. Fabricado com conectores terminados com precis\u00e3o e fibra multimodo OM3\/OM4 otimizada, esse conjunto permite uma transmiss\u00e3o eficiente e de baixa perda em ambientes de alta densidade. Sua configura\u00e7\u00e3o de 12 fibras suporta \u00f3ptica paralela e conectividade fan-out - ideal para aplica\u00e7\u00f5es modernas de 40.GbE e 100.GbE.<\/p>\n<h3 data-start=\"786\" data-end=\"818\"><\/h3>","protected":false},"featured_media":549,"comment_status":"open","ping_status":"closed","template":"","meta":[],"product_brand":[],"product_cat":[42],"product_tag":[],"class_list":{"0":"post-548","1":"product","2":"type-product","3":"status-publish","4":"has-post-thumbnail","6":"product_cat-mpo-mtp-fiber-optic-patch-cord","8":"first","9":"instock","10":"shipping-taxable","11":"product-type-simple"},"_links":{"self":[{"href":"https:\/\/www.fenxifiber.com\/pt\/wp-json\/wp\/v2\/product\/548","targetHints":{"allow":["GET"]}}],"collection":[{"href":"https:\/\/www.fenxifiber.com\/pt\/wp-json\/wp\/v2\/product"}],"about":[{"href":"https:\/\/www.fenxifiber.com\/pt\/wp-json\/wp\/v2\/types\/product"}],"replies":[{"embeddable":true,"href":"https:\/\/www.fenxifiber.com\/pt\/wp-json\/wp\/v2\/comments?post=548"}],"wp:featuredmedia":[{"embeddable":true,"href":"https:\/\/www.fenxifiber.com\/pt\/wp-json\/wp\/v2\/media\/549"}],"wp:attachment":[{"href":"https:\/\/www.fenxifiber.com\/pt\/wp-json\/wp\/v2\/media?parent=548"}],"wp:term":[{"taxonomy":"product_brand","embeddable":true,"href":"https:\/\/www.fenxifiber.com\/pt\/wp-json\/wp\/v2\/product_brand?post=548"},{"taxonomy":"product_cat","embeddable":true,"href":"https:\/\/www.fenxifiber.com\/pt\/wp-json\/wp\/v2\/product_cat?post=548"},{"taxonomy":"product_tag","embeddable":true,"href":"https:\/\/www.fenxifiber.com\/pt\/wp-json\/wp\/v2\/product_tag?post=548"}],"curies":[{"name":"wp","href":"https:\/\/api.w.org\/{rel}","templated":true}]}}