{"id":550,"date":"2026-02-03T01:42:03","date_gmt":"2026-02-03T01:42:03","guid":{"rendered":"https:\/\/www.fenxifiber.com\/?post_type=product&#038;p=550"},"modified":"2026-02-04T01:08:36","modified_gmt":"2026-02-04T01:08:36","slug":"mpo-lc-om5-12core","status":"publish","type":"product","link":"https:\/\/www.fenxifiber.com\/pt\/product\/mpo-lc-om5-12core\/","title":{"rendered":"Cabo de conex\u00e3o de fibra multimodo de banda larga MPO-LC-OM5-12Core"},"content":{"rendered":"<h3 data-start=\"854\" data-end=\"876\"><strong data-start=\"858\" data-end=\"876\">Principais vantagens<\/strong><\/h3>\n<ul data-start=\"878\" data-end=\"1720\">\n<li data-start=\"878\" data-end=\"1078\">\n<p data-start=\"880\" data-end=\"1078\"><strong data-start=\"880\" data-end=\"913\">Tecnologia multimodo de banda larga<\/strong><br data-start=\"913\" data-end=\"916\" \/>A fibra OM5 suporta v\u00e1rios comprimentos de onda em uma \u00fanica fibra multimodo, permitindo <strong data-start=\"998\" data-end=\"1019\">Transmiss\u00e3o SWDM<\/strong> e taxas de dados mais altas por fibra em compara\u00e7\u00e3o com OM3 e OM4.<\/p>\n<\/li>\n<li data-start=\"1080\" data-end=\"1242\">\n<p data-start=\"1082\" data-end=\"1242\"><strong data-start=\"1082\" data-end=\"1114\">Projeto de alta densidade com 12 fibras<\/strong><br data-start=\"1114\" data-end=\"1117\" \/>Uma \u00fanica interface MPO transporta 12 fibras, reduzindo drasticamente o volume do cabeamento e melhorando o fluxo de ar em racks de alta densidade.<\/p>\n<\/li>\n<li data-start=\"1244\" data-end=\"1388\">\n<p data-start=\"1246\" data-end=\"1388\"><strong data-start=\"1246\" data-end=\"1280\">Arquitetura MPO para LC Fan-Out<\/strong><br data-start=\"1280\" data-end=\"1283\" \/>Conecta diretamente cabos tronco MPO a portas LC padr\u00e3o em transceptores QSFP+, QSFP28 e futuros transceptores SWDM.<\/p>\n<\/li>\n<li data-start=\"1390\" data-end=\"1558\">\n<p data-start=\"1392\" data-end=\"1558\"><strong data-start=\"1392\" data-end=\"1422\">Baixa perda, alta confiabilidade<\/strong><br data-start=\"1422\" data-end=\"1425\" \/>Os conectores polidos com precis\u00e3o e os testes de f\u00e1brica garantem baixa perda de inser\u00e7\u00e3o, desempenho \u00f3ptico est\u00e1vel e confiabilidade de longo prazo.<\/p>\n<\/li>\n<li data-start=\"1560\" data-end=\"1720\">\n<p data-start=\"1562\" data-end=\"1720\"><strong data-start=\"1562\" data-end=\"1593\">Infraestrutura pronta para o futuro<\/strong><br data-start=\"1593\" data-end=\"1596\" \/>O OM5 foi projetado para <strong data-start=\"1618\" data-end=\"1677\">400G e futuros aplicativos multimodo com v\u00e1rios comprimentos de onda<\/strong>, tornando-o ideal para upgrades de data centers.<\/p>\n<\/li>\n<\/ul>\n<hr data-start=\"1722\" data-end=\"1725\" \/>\n<h3 data-start=\"1727\" data-end=\"1759\"><strong data-start=\"1731\" data-end=\"1759\">Especifica\u00e7\u00f5es t\u00e9cnicas<\/strong><\/h3>\n<div class=\"TyagGW_tableContainer\">\n<div class=\"group TyagGW_tableWrapper flex flex-col-reverse w-fit\" tabindex=\"-1\">\n<table class=\"w-fit min-w-(--thread-content-width)\" data-start=\"1761\" data-end=\"2256\">\n<thead data-start=\"1761\" data-end=\"1794\">\n<tr data-start=\"1761\" data-end=\"1794\">\n<th class=\"\" data-start=\"1761\" data-end=\"1773\" data-col-size=\"sm\">Par\u00e2metro<\/th>\n<th class=\"\" data-start=\"1773\" data-end=\"1794\" data-col-size=\"sm\">MPO-LC-OM5-12Core<\/th>\n<\/tr>\n<\/thead>\n<tbody data-start=\"1823\" data-end=\"2256\">\n<tr data-start=\"1823\" data-end=\"1874\">\n<td data-start=\"1823\" data-end=\"1836\" data-col-size=\"sm\">Tipo de fibra<\/td>\n<td data-start=\"1836\" data-end=\"1874\" data-col-size=\"sm\">Multimodo de banda larga OM5 (50\/125 \u00b5m)<\/td>\n<\/tr>\n<tr data-start=\"1875\" data-end=\"1901\">\n<td data-start=\"1875\" data-end=\"1888\" data-col-size=\"sm\">Contagem de n\u00facleos<\/td>\n<td data-start=\"1888\" data-end=\"1901\" data-col-size=\"sm\">12 fibras<\/td>\n<\/tr>\n<tr data-start=\"1902\" data-end=\"1940\">\n<td data-start=\"1902\" data-end=\"1916\" data-col-size=\"sm\">Conector A<\/td>\n<td data-start=\"1916\" data-end=\"1940\" data-col-size=\"sm\">MPO \/ MTP (12 fibras)<\/td>\n<\/tr>\n<tr data-start=\"1941\" data-end=\"1977\">\n<td data-start=\"1941\" data-end=\"1955\" data-col-size=\"sm\">Conector B<\/td>\n<td data-start=\"1955\" data-end=\"1977\" data-col-size=\"sm\">12 \u00d7 conectores LC<\/td>\n<\/tr>\n<tr data-start=\"1978\" data-end=\"2034\">\n<td data-start=\"1978\" data-end=\"2002\" data-col-size=\"sm\">Comprimentos de onda operacionais<\/td>\n<td data-col-size=\"sm\" data-start=\"2002\" data-end=\"2034\">850-953 nm (compat\u00edvel com SWDM)<\/td>\n<\/tr>\n<tr data-start=\"2035\" data-end=\"2087\">\n<td data-start=\"2035\" data-end=\"2052\" data-col-size=\"sm\">Perda de inser\u00e7\u00e3o<\/td>\n<td data-col-size=\"sm\" data-start=\"2052\" data-end=\"2087\">\u2264 0,35 dB (MPO), \u2264 0,30 dB (LC)<\/td>\n<\/tr>\n<tr data-start=\"2088\" data-end=\"2113\">\n<td data-start=\"2088\" data-end=\"2102\" data-col-size=\"sm\">Perda de retorno<\/td>\n<td data-col-size=\"sm\" data-start=\"2102\" data-end=\"2113\">\u2265 30 dB<\/td>\n<\/tr>\n<tr data-start=\"2114\" data-end=\"2143\">\n<td data-start=\"2114\" data-end=\"2128\" data-col-size=\"sm\">Tipo de jaqueta<\/td>\n<td data-col-size=\"sm\" data-start=\"2128\" data-end=\"2143\">LSZH ou PVC<\/td>\n<\/tr>\n<tr data-start=\"2144\" data-end=\"2172\">\n<td data-start=\"2144\" data-end=\"2161\" data-col-size=\"sm\">Di\u00e2metro do cabo<\/td>\n<td data-col-size=\"sm\" data-start=\"2161\" data-end=\"2172\">~3,0 mm<\/td>\n<\/tr>\n<tr data-start=\"2173\" data-end=\"2217\">\n<td data-start=\"2173\" data-end=\"2197\" data-col-size=\"sm\">Temperatura operacional<\/td>\n<td data-col-size=\"sm\" data-start=\"2197\" data-end=\"2217\">-10 \u00b0C a +70 \u00b0C<\/td>\n<\/tr>\n<tr data-start=\"2218\" data-end=\"2256\">\n<td data-start=\"2218\" data-end=\"2231\" data-col-size=\"sm\">Conformidade<\/td>\n<td data-col-size=\"sm\" data-start=\"2231\" data-end=\"2256\">IEC, TIA, RoHS, REACH<\/td>\n<\/tr>\n<\/tbody>\n<\/table>\n<\/div>\n<\/div>\n<hr data-start=\"2258\" data-end=\"2261\" \/>\n<h3 data-start=\"2263\" data-end=\"2291\"><strong data-start=\"2267\" data-end=\"2291\">Aplica\u00e7\u00f5es t\u00edpicas<\/strong><\/h3>\n<ul data-start=\"2293\" data-end=\"2542\">\n<li data-start=\"2293\" data-end=\"2338\">\n<p data-start=\"2295\" data-end=\"2338\"><strong data-start=\"2295\" data-end=\"2336\">Data centers de 400G e de pr\u00f3xima gera\u00e7\u00e3o<\/strong><\/p>\n<\/li>\n<li data-start=\"2339\" data-end=\"2378\">\n<p data-start=\"2341\" data-end=\"2378\"><strong data-start=\"2341\" data-end=\"2376\">Redes \u00f3pticas multimodo SWDM<\/strong><\/p>\n<\/li>\n<li data-start=\"2379\" data-end=\"2434\">\n<p data-start=\"2381\" data-end=\"2434\"><strong data-start=\"2381\" data-end=\"2432\">Backbone MPO de alta densidade para links de equipamentos LC<\/strong><\/p>\n<\/li>\n<li data-start=\"2435\" data-end=\"2499\">\n<p data-start=\"2437\" data-end=\"2499\"><strong data-start=\"2437\" data-end=\"2497\">Clusters de nuvem, IA e computa\u00e7\u00e3o de alto desempenho (HPC)<\/strong><\/p>\n<\/li>\n<li data-start=\"2500\" data-end=\"2542\">\n<p data-start=\"2502\" data-end=\"2542\"><strong data-start=\"2502\" data-end=\"2542\">Instala\u00e7\u00f5es corporativas e de coloca\u00e7\u00e3o<\/strong><\/p>\n<\/li>\n<\/ul>\n<hr data-start=\"2544\" data-end=\"2547\" \/>\n<h3 data-start=\"2549\" data-end=\"2586\"><strong data-start=\"2553\" data-end=\"2586\">Por que escolher o MPO-LC-OM5-12Core?<\/strong><\/h3>\n<p data-start=\"2588\" data-end=\"3012\">Ao contr\u00e1rio dos cabos OM3 e OM4 tradicionais que dependem de um \u00fanico comprimento de onda, <strong data-start=\"2660\" data-end=\"2682\">Fibra de banda larga OM5<\/strong> permite que v\u00e1rios comprimentos de onda trafeguem pela mesma fibra. Isso permite que as operadoras de rede multipliquem a capacidade sem instalar mais fibras. O <strong data-start=\"2830\" data-end=\"2851\">MPO-LC-OM5-12Core<\/strong> oferece um caminho limpo e eficiente da infraestrutura de tronco MPO para equipamentos baseados em LC, preparando sua rede para <strong data-start=\"2971\" data-end=\"3011\">upgrades de alta velocidade e baseados em SWDM<\/strong>.<\/p>\n<p data-start=\"3014\" data-end=\"3137\">\u00c9 a solu\u00e7\u00e3o ideal para organiza\u00e7\u00f5es que desenvolvem <strong data-start=\"3066\" data-end=\"3113\">infraestrutura de fibra escal\u00e1vel e preparada para o futuro<\/strong> nos data centers modernos.<\/p>\n<hr data-start=\"3139\" data-end=\"3142\" \/>\n<h2 data-start=\"3144\" data-end=\"3167\"><strong data-start=\"3147\" data-end=\"3167\">Perguntas e respostas profissionais<\/strong><\/h2>\n<p data-start=\"3169\" data-end=\"3394\"><strong data-start=\"3169\" data-end=\"3216\">Q1: O que torna o OM5 melhor que o OM3 e o OM4?<\/strong><br data-start=\"3216\" data-end=\"3219\" \/>O OM5 suporta v\u00e1rios comprimentos de onda (850-953 nm) para SWDM, permitindo que v\u00e1rios canais de dados sejam executados em uma \u00fanica fibra. OM3 e OM4 suportam apenas transmiss\u00e3o de comprimento de onda \u00fanico em 850 nm.<\/p>\n<p data-start=\"3396\" data-end=\"3619\"><strong data-start=\"3396\" data-end=\"3462\">P2: Os cabos MPO-LC-OM5 podem ser usados com equipamentos OM4 padr\u00e3o?<\/strong><br data-start=\"3462\" data-end=\"3465\" \/>Sim. O OM5 \u00e9 totalmente compat\u00edvel com as vers\u00f5es anteriores do OM4 e do OM3. Ele funciona com transceptores padr\u00e3o de 850 nm, al\u00e9m de oferecer suporte \u00e0 \u00f3ptica SWDM para maior capacidade.<\/p>\n<p data-start=\"3621\" data-end=\"3816\"><strong data-start=\"3621\" data-end=\"3675\">P3: Qual \u00e9 o objetivo da reuni\u00e3o entre MPO e LC?<\/strong><br data-start=\"3675\" data-end=\"3678\" \/>Ele permite que um tronco MPO de alta densidade se conecte diretamente a portas de servidor ou de switch com base em LC sem pain\u00e9is de patch extras ou cabos de convers\u00e3o.<\/p>\n<p data-start=\"3818\" data-end=\"4030\"><strong data-start=\"3818\" data-end=\"3860\">Q4: O OM5 \u00e9 adequado para redes de 400G?<\/strong><br data-start=\"3860\" data-end=\"3863\" \/>Sim. O OM5 foi projetado especificamente para suportar <strong data-start=\"3908\" data-end=\"3979\">multimodo de comprimento de onda m\u00faltiplo 400G e futuros links \u00f3pticos de alta velocidade<\/strong>, tornando-o ideal para data centers de \u00faltima gera\u00e7\u00e3o.<\/p>","protected":false},"excerpt":{"rendered":"<p data-start=\"62\" data-end=\"552\">O <strong data-start=\"66\" data-end=\"87\">MPO-LC-OM5-12Core<\/strong> \u00e9 uma solu\u00e7\u00e3o de \u00faltima gera\u00e7\u00e3o <strong data-start=\"109\" data-end=\"165\">Cabo de conex\u00e3o de breakout de fibra multimodo de banda larga (WBMMF)<\/strong> projetado para redes empresariais e de data center de alta velocidade e alta densidade. Constru\u00eddo com <strong data-start=\"252\" data-end=\"275\">Fibra OM5 50\/125 \u00b5m<\/strong>, Esse cabo \u00e9 compat\u00edvel com comprimentos de onda multimodo convencionais (850 nm) e <strong data-start=\"350\" data-end=\"399\">multiplexa\u00e7\u00e3o por divis\u00e3o de comprimento de onda curto (SWDM)<\/strong> de 850 nm a 953 nm, permitindo que um \u00fanico link de fibra transporte v\u00e1rios canais paralelos e aumente significativamente a largura de banda sem adicionar mais fibras.<\/p>\n<p data-start=\"554\" data-end=\"847\">Com uma extremidade terminada em um <strong data-start=\"583\" data-end=\"613\">Conector MPO\/MTP de 12 fibras<\/strong> e a outra extremidade se espalhou em <strong data-start=\"648\" data-end=\"668\">12 conectores LC<\/strong>, O MPO-LC-OM5-12Core permite a conectividade perfeita entre troncos de backbone MPO de alta densidade e transceptores padr\u00e3o baseados em LC usados em switches, servidores e equipamentos de armazenamento.<\/p>","protected":false},"featured_media":551,"comment_status":"open","ping_status":"closed","template":"","meta":[],"product_brand":[],"product_cat":[42],"product_tag":[],"class_list":{"0":"post-550","1":"product","2":"type-product","3":"status-publish","4":"has-post-thumbnail","6":"product_cat-mpo-mtp-fiber-optic-patch-cord","8":"first","9":"instock","10":"shipping-taxable","11":"product-type-simple"},"_links":{"self":[{"href":"https:\/\/www.fenxifiber.com\/pt\/wp-json\/wp\/v2\/product\/550","targetHints":{"allow":["GET"]}}],"collection":[{"href":"https:\/\/www.fenxifiber.com\/pt\/wp-json\/wp\/v2\/product"}],"about":[{"href":"https:\/\/www.fenxifiber.com\/pt\/wp-json\/wp\/v2\/types\/product"}],"replies":[{"embeddable":true,"href":"https:\/\/www.fenxifiber.com\/pt\/wp-json\/wp\/v2\/comments?post=550"}],"wp:featuredmedia":[{"embeddable":true,"href":"https:\/\/www.fenxifiber.com\/pt\/wp-json\/wp\/v2\/media\/551"}],"wp:attachment":[{"href":"https:\/\/www.fenxifiber.com\/pt\/wp-json\/wp\/v2\/media?parent=550"}],"wp:term":[{"taxonomy":"product_brand","embeddable":true,"href":"https:\/\/www.fenxifiber.com\/pt\/wp-json\/wp\/v2\/product_brand?post=550"},{"taxonomy":"product_cat","embeddable":true,"href":"https:\/\/www.fenxifiber.com\/pt\/wp-json\/wp\/v2\/product_cat?post=550"},{"taxonomy":"product_tag","embeddable":true,"href":"https:\/\/www.fenxifiber.com\/pt\/wp-json\/wp\/v2\/product_tag?post=550"}],"curies":[{"name":"wp","href":"https:\/\/api.w.org\/{rel}","templated":true}]}}