{"id":552,"date":"2026-02-03T01:46:56","date_gmt":"2026-02-03T01:46:56","guid":{"rendered":"https:\/\/www.fenxifiber.com\/?post_type=product&#038;p=552"},"modified":"2026-02-04T01:09:07","modified_gmt":"2026-02-04T01:09:07","slug":"mpo-sc-om3-om4-12core","status":"publish","type":"product","link":"https:\/\/www.fenxifiber.com\/pt\/product\/mpo-sc-om3-om4-12core\/","title":{"rendered":"Cabo de conex\u00e3o de fibra \u00f3ptica multimodo MPO-SC-OM3\/OM4-12Core"},"content":{"rendered":"<h3 data-start=\"770\" data-end=\"801\"><strong data-start=\"774\" data-end=\"801\">Principais recursos e benef\u00edcios<\/strong><\/h3>\n<ul data-start=\"803\" data-end=\"1591\">\n<li data-start=\"803\" data-end=\"992\">\n<p data-start=\"805\" data-end=\"992\"><strong data-start=\"805\" data-end=\"840\">Desempenho multimodo OM3 \/ OM4<\/strong><br data-start=\"840\" data-end=\"843\" \/>Oferece suporte a aplicativos Ethernet 10G, 40G e 100G, Fibre Channel e InfiniBand. O OM4 oferece alcance estendido e maior largura de banda em compara\u00e7\u00e3o com o OM3.<\/p>\n<\/li>\n<li data-start=\"994\" data-end=\"1142\">\n<p data-start=\"996\" data-end=\"1142\"><strong data-start=\"996\" data-end=\"1027\">Design de alta densidade com 12 n\u00facleos<\/strong><br data-start=\"1027\" data-end=\"1030\" \/>Integra 12 fibras em uma \u00fanica interface MPO, reduzindo drasticamente o volume do cabo e melhorando o fluxo de ar do rack.<\/p>\n<\/li>\n<li data-start=\"1144\" data-end=\"1304\">\n<p data-start=\"1146\" data-end=\"1304\"><strong data-start=\"1146\" data-end=\"1180\">Arquitetura de Fan-Out de MPO para SC<\/strong><br data-start=\"1180\" data-end=\"1183\" \/>Converte conex\u00f5es de backbone MPO de alta densidade em portas SC individuais para facilitar a integra\u00e7\u00e3o de equipamentos e pain\u00e9is de patch.<\/p>\n<\/li>\n<li data-start=\"1306\" data-end=\"1461\">\n<p data-start=\"1308\" data-end=\"1461\"><strong data-start=\"1308\" data-end=\"1347\">Baixa perda de inser\u00e7\u00e3o e alta estabilidade<\/strong><br data-start=\"1347\" data-end=\"1350\" \/>Os conectores polidos com precis\u00e3o e os testes de f\u00e1brica garantem qualidade de sinal consistente e confiabilidade de longo prazo.<\/p>\n<\/li>\n<li data-start=\"1463\" data-end=\"1591\">\n<p data-start=\"1465\" data-end=\"1591\"><strong data-start=\"1465\" data-end=\"1495\">Instala\u00e7\u00e3o Plug-and-Play<\/strong><br data-start=\"1495\" data-end=\"1498\" \/>Os conjuntos pr\u00e9-terminados e testados minimizam os erros de termina\u00e7\u00e3o em campo e o tempo de implementa\u00e7\u00e3o.<\/p>\n<\/li>\n<\/ul>\n<hr data-start=\"1593\" data-end=\"1596\" \/>\n<h3 data-start=\"1598\" data-end=\"1630\"><strong data-start=\"1602\" data-end=\"1630\">Especifica\u00e7\u00f5es t\u00e9cnicas<\/strong><\/h3>\n<div class=\"TyagGW_tableContainer\">\n<div class=\"group TyagGW_tableWrapper flex flex-col-reverse w-fit\" tabindex=\"-1\">\n<table class=\"w-fit min-w-(--thread-content-width)\" data-start=\"1632\" data-end=\"2096\">\n<thead data-start=\"1632\" data-end=\"1669\">\n<tr data-start=\"1632\" data-end=\"1669\">\n<th class=\"\" data-start=\"1632\" data-end=\"1644\" data-col-size=\"sm\">Par\u00e2metro<\/th>\n<th class=\"\" data-start=\"1644\" data-end=\"1669\" data-col-size=\"sm\">MPO-SC-OM3\/OM4-12Core<\/th>\n<\/tr>\n<\/thead>\n<tbody data-start=\"1698\" data-end=\"2096\">\n<tr data-start=\"1698\" data-end=\"1747\">\n<td data-start=\"1698\" data-end=\"1711\" data-col-size=\"sm\">Tipo de fibra<\/td>\n<td data-col-size=\"sm\" data-start=\"1711\" data-end=\"1747\">Multimodo OM3 ou OM4 (50\/125 \u00b5m)<\/td>\n<\/tr>\n<tr data-start=\"1748\" data-end=\"1774\">\n<td data-start=\"1748\" data-end=\"1761\" data-col-size=\"sm\">Contagem de n\u00facleos<\/td>\n<td data-col-size=\"sm\" data-start=\"1761\" data-end=\"1774\">12 fibras<\/td>\n<\/tr>\n<tr data-start=\"1775\" data-end=\"1813\">\n<td data-start=\"1775\" data-end=\"1789\" data-col-size=\"sm\">Conector A<\/td>\n<td data-col-size=\"sm\" data-start=\"1789\" data-end=\"1813\">MPO \/ MTP (12 fibras)<\/td>\n<\/tr>\n<tr data-start=\"1814\" data-end=\"1850\">\n<td data-start=\"1814\" data-end=\"1828\" data-col-size=\"sm\">Conector B<\/td>\n<td data-col-size=\"sm\" data-start=\"1828\" data-end=\"1850\">12 \u00d7 conectores SC<\/td>\n<\/tr>\n<tr data-start=\"1851\" data-end=\"1874\">\n<td data-start=\"1851\" data-end=\"1864\" data-col-size=\"sm\">Comprimento de onda<\/td>\n<td data-col-size=\"sm\" data-start=\"1864\" data-end=\"1874\">850 nm<\/td>\n<\/tr>\n<tr data-start=\"1875\" data-end=\"1927\">\n<td data-start=\"1875\" data-end=\"1892\" data-col-size=\"sm\">Perda de inser\u00e7\u00e3o<\/td>\n<td data-col-size=\"sm\" data-start=\"1892\" data-end=\"1927\">\u2264 0,35 dB (MPO), \u2264 0,30 dB (SC)<\/td>\n<\/tr>\n<tr data-start=\"1928\" data-end=\"1953\">\n<td data-start=\"1928\" data-end=\"1942\" data-col-size=\"sm\">Perda de retorno<\/td>\n<td data-col-size=\"sm\" data-start=\"1942\" data-end=\"1953\">\u2265 30 dB<\/td>\n<\/tr>\n<tr data-start=\"1954\" data-end=\"1983\">\n<td data-start=\"1954\" data-end=\"1968\" data-col-size=\"sm\">Tipo de jaqueta<\/td>\n<td data-col-size=\"sm\" data-start=\"1968\" data-end=\"1983\">LSZH ou PVC<\/td>\n<\/tr>\n<tr data-start=\"1984\" data-end=\"2012\">\n<td data-start=\"1984\" data-end=\"2001\" data-col-size=\"sm\">Di\u00e2metro do cabo<\/td>\n<td data-col-size=\"sm\" data-start=\"2001\" data-end=\"2012\">~3,0 mm<\/td>\n<\/tr>\n<tr data-start=\"2013\" data-end=\"2057\">\n<td data-start=\"2013\" data-end=\"2037\" data-col-size=\"sm\">Temperatura operacional<\/td>\n<td data-col-size=\"sm\" data-start=\"2037\" data-end=\"2057\">-10 \u00b0C a +70 \u00b0C<\/td>\n<\/tr>\n<tr data-start=\"2058\" data-end=\"2096\">\n<td data-start=\"2058\" data-end=\"2071\" data-col-size=\"sm\">Conformidade<\/td>\n<td data-col-size=\"sm\" data-start=\"2071\" data-end=\"2096\">IEC, TIA, RoHS, REACH<\/td>\n<\/tr>\n<\/tbody>\n<\/table>\n<\/div>\n<\/div>\n<hr data-start=\"2098\" data-end=\"2101\" \/>\n<h3 data-start=\"2103\" data-end=\"2131\"><strong data-start=\"2107\" data-end=\"2131\">Aplica\u00e7\u00f5es t\u00edpicas<\/strong><\/h3>\n<ul data-start=\"2133\" data-end=\"2358\">\n<li data-start=\"2133\" data-end=\"2187\">\n<p data-start=\"2135\" data-end=\"2187\"><strong data-start=\"2135\" data-end=\"2185\">Backbone do data center para conectividade de equipamentos<\/strong><\/p>\n<\/li>\n<li data-start=\"2188\" data-end=\"2231\">\n<p data-start=\"2190\" data-end=\"2231\"><strong data-start=\"2190\" data-end=\"2229\">Links Ethernet multimodo 40G \/ 100G<\/strong><\/p>\n<\/li>\n<li data-start=\"2232\" data-end=\"2278\">\n<p data-start=\"2234\" data-end=\"2278\"><strong data-start=\"2234\" data-end=\"2276\">Cabeamento de redes empresariais e de telecomunica\u00e7\u00f5es<\/strong><\/p>\n<\/li>\n<li data-start=\"2279\" data-end=\"2323\">\n<p data-start=\"2281\" data-end=\"2323\"><strong data-start=\"2281\" data-end=\"2321\">Breakout de tronco MPO para painel de conex\u00e3o SC<\/strong><\/p>\n<\/li>\n<li data-start=\"2324\" data-end=\"2358\">\n<p data-start=\"2326\" data-end=\"2358\"><strong data-start=\"2326\" data-end=\"2358\">Redes de \u00e1rea de armazenamento (SANs)<\/strong><\/p>\n<\/li>\n<\/ul>\n<hr data-start=\"2360\" data-end=\"2363\" \/>\n<h3 data-start=\"2365\" data-end=\"2406\"><strong data-start=\"2369\" data-end=\"2406\">Por que escolher o MPO-SC-OM3\/OM4-12Core?<\/strong><\/h3>\n<p data-start=\"2408\" data-end=\"2845\">O <strong data-start=\"2412\" data-end=\"2437\">MPO-SC-OM3\/OM4-12Core<\/strong> O patch cord fornece uma ponte eficiente entre <strong data-start=\"2486\" data-end=\"2521\">infraestrutura de MPO de alta densidade<\/strong> e <strong data-start=\"2526\" data-end=\"2555\">interfaces SC amplamente utilizadas<\/strong>. Sua fibra multimodo OM3\/OM4 garante uma transmiss\u00e3o confi\u00e1vel de alta velocidade, enquanto o design MPO fan-out simplifica o gerenciamento de cabos e reduz os custos de instala\u00e7\u00e3o. \u00c9 a solu\u00e7\u00e3o ideal para atualizar os sistemas legados baseados em SC e, ao mesmo tempo, manter a compatibilidade com as modernas redes de backbone MPO.<\/p>\n<hr data-start=\"2847\" data-end=\"2850\" \/>\n<h2 data-start=\"2852\" data-end=\"2875\"><strong data-start=\"2855\" data-end=\"2875\">Perguntas e respostas profissionais<\/strong><\/h2>\n<p data-start=\"2877\" data-end=\"3073\"><strong data-start=\"2877\" data-end=\"2943\">Q1: Qual \u00e9 a diferen\u00e7a entre OM3 e OM4 para esse cabo?<\/strong><br data-start=\"2943\" data-end=\"2946\" \/>O OM4 oferece maior largura de banda e maior dist\u00e2ncia de transmiss\u00e3o do que o OM3, o que o torna melhor para links de 100G e data centers maiores.<\/p>\n<p data-start=\"3075\" data-end=\"3294\"><strong data-start=\"3075\" data-end=\"3133\">P2: Por que usar um cabo breakout MPO para SC em vez de LC?<\/strong><br data-start=\"3133\" data-end=\"3136\" \/>Os conectores SC s\u00e3o comumente usados em redes de telecomunica\u00e7\u00f5es e redes corporativas legadas. Os cabos MPO-SC permitem que os troncos MPO modernos se conectem diretamente aos equipamentos SC existentes.<\/p>\n<p data-start=\"3296\" data-end=\"3480\"><strong data-start=\"3296\" data-end=\"3357\">P3: Esse cabo \u00e9 adequado para aplica\u00e7\u00f5es de 40G e 100G?<\/strong><br data-start=\"3357\" data-end=\"3360\" \/>Sim. Com fibra multimodo OM3 ou OM4 e uma interface MPO de 12 fibras, ele suporta transceptores 40G e 100G de \u00f3ptica paralela.<\/p>\n<p data-start=\"3482\" data-end=\"3652\"><strong data-start=\"3482\" data-end=\"3529\">P4: Esses cabos s\u00e3o configur\u00e1veis em termos de polaridade?<\/strong><br data-start=\"3529\" data-end=\"3532\" \/>Sim. Os tipos de polaridade do MPO (A, B ou C) podem ser selecionados para garantir o mapeamento correto da fibra em diferentes arquiteturas de rede.<\/p>","protected":false},"excerpt":{"rendered":"<p data-start=\"63\" data-end=\"480\">O <strong data-start=\"67\" data-end=\"92\">MPO-SC-OM3\/OM4-12Core<\/strong> \u00e9 um produto de alta densidade <strong data-start=\"111\" data-end=\"156\">Patch cord de fibra \u00f3ptica MPO para SC<\/strong> projetado para data centers modernos, redes corporativas e sistemas de backbone de telecomunica\u00e7\u00f5es. Usando <strong data-start=\"248\" data-end=\"288\">Fibra multimodo OM3 ou OM4 50\/125 \u00b5m<\/strong>, Com o conjunto de 12 fibras, ele oferece desempenho de alta velocidade e baixa perda para aplica\u00e7\u00f5es Ethernet de 10G, 40G e 100G, ao mesmo tempo em que fornece um fan-out limpo de cabos tronco MPO para interfaces SC padr\u00e3o.<\/p>\n<p data-start=\"482\" data-end=\"763\">Com uma extremidade terminada por um <strong data-start=\"511\" data-end=\"541\">Conector MPO\/MTP de 12 fibras<\/strong> e a outra extremidade se espalhou em <strong data-start=\"576\" data-end=\"596\">12 conectores SC<\/strong>, Com o cabo MPO, esse cabo oferece uma solu\u00e7\u00e3o confi\u00e1vel e que economiza espa\u00e7o para conectar backbones MPO de alta densidade a switches, patch panels e equipamentos legados que usam portas SC.<\/p>","protected":false},"featured_media":553,"comment_status":"open","ping_status":"closed","template":"","meta":[],"product_brand":[],"product_cat":[42],"product_tag":[],"class_list":{"0":"post-552","1":"product","2":"type-product","3":"status-publish","4":"has-post-thumbnail","6":"product_cat-mpo-mtp-fiber-optic-patch-cord","8":"first","9":"instock","10":"shipping-taxable","11":"product-type-simple"},"_links":{"self":[{"href":"https:\/\/www.fenxifiber.com\/pt\/wp-json\/wp\/v2\/product\/552","targetHints":{"allow":["GET"]}}],"collection":[{"href":"https:\/\/www.fenxifiber.com\/pt\/wp-json\/wp\/v2\/product"}],"about":[{"href":"https:\/\/www.fenxifiber.com\/pt\/wp-json\/wp\/v2\/types\/product"}],"replies":[{"embeddable":true,"href":"https:\/\/www.fenxifiber.com\/pt\/wp-json\/wp\/v2\/comments?post=552"}],"wp:featuredmedia":[{"embeddable":true,"href":"https:\/\/www.fenxifiber.com\/pt\/wp-json\/wp\/v2\/media\/553"}],"wp:attachment":[{"href":"https:\/\/www.fenxifiber.com\/pt\/wp-json\/wp\/v2\/media?parent=552"}],"wp:term":[{"taxonomy":"product_brand","embeddable":true,"href":"https:\/\/www.fenxifiber.com\/pt\/wp-json\/wp\/v2\/product_brand?post=552"},{"taxonomy":"product_cat","embeddable":true,"href":"https:\/\/www.fenxifiber.com\/pt\/wp-json\/wp\/v2\/product_cat?post=552"},{"taxonomy":"product_tag","embeddable":true,"href":"https:\/\/www.fenxifiber.com\/pt\/wp-json\/wp\/v2\/product_tag?post=552"}],"curies":[{"name":"wp","href":"https:\/\/api.w.org\/{rel}","templated":true}]}}