{"id":554,"date":"2026-02-03T01:50:18","date_gmt":"2026-02-03T01:50:18","guid":{"rendered":"https:\/\/www.fenxifiber.com\/?post_type=product&#038;p=554"},"modified":"2026-02-04T01:09:41","modified_gmt":"2026-02-04T01:09:41","slug":"mpo-mpo-om5-8-12core","status":"publish","type":"product","link":"https:\/\/www.fenxifiber.com\/pt\/product\/mpo-mpo-om5-8-12core\/","title":{"rendered":"Cabo de conex\u00e3o de fibra multimodo de banda larga MPO-MPO-OM5-8\/12Core"},"content":{"rendered":"<h3 data-start=\"705\" data-end=\"727\"><strong data-start=\"709\" data-end=\"727\">Principais vantagens<\/strong><\/h3>\n<ul data-start=\"729\" data-end=\"1507\">\n<li data-start=\"729\" data-end=\"947\">\n<p data-start=\"731\" data-end=\"947\"><strong data-start=\"731\" data-end=\"763\">Fibra multimodo de banda larga OM5<\/strong><br data-start=\"763\" data-end=\"766\" \/>Suporta SWDM (Short-Wavelength Division Multiplexing), permitindo v\u00e1rios comprimentos de onda em uma \u00fanica fibra e aumentando significativamente a capacidade total do link em compara\u00e7\u00e3o com OM3 e OM4.<\/p>\n<\/li>\n<li data-start=\"949\" data-end=\"1100\">\n<p data-start=\"951\" data-end=\"1100\"><strong data-start=\"951\" data-end=\"979\">Op\u00e7\u00f5es de 8 e 12 n\u00facleos<\/strong><br data-start=\"979\" data-end=\"982\" \/>Dispon\u00edvel em configura\u00e7\u00f5es de 8 ou 12 fibras para atender aos requisitos de transceptores QSFP, QSFP-DD e de \u00f3ptica paralela.<\/p>\n<\/li>\n<li data-start=\"1102\" data-end=\"1223\">\n<p data-start=\"1104\" data-end=\"1223\"><strong data-start=\"1104\" data-end=\"1134\">Interface MPO de alta densidade<\/strong><br data-start=\"1134\" data-end=\"1137\" \/>Reduz o congestionamento de cabos, melhora o fluxo de ar e maximiza a utiliza\u00e7\u00e3o do rack e da bandeja.<\/p>\n<\/li>\n<li data-start=\"1225\" data-end=\"1373\">\n<p data-start=\"1227\" data-end=\"1373\"><strong data-start=\"1227\" data-end=\"1267\">Termina\u00e7\u00e3o de baixa perda e alta precis\u00e3o<\/strong><br data-start=\"1267\" data-end=\"1270\" \/>Os conectores MPO polidos de f\u00e1brica garantem baixa perda de inser\u00e7\u00e3o e desempenho \u00f3ptico est\u00e1vel e de alta velocidade.<\/p>\n<\/li>\n<li data-start=\"1375\" data-end=\"1507\">\n<p data-start=\"1377\" data-end=\"1507\"><strong data-start=\"1377\" data-end=\"1400\">Compat\u00edvel com vers\u00f5es anteriores<\/strong><br data-start=\"1400\" data-end=\"1403\" \/>Totalmente compat\u00edvel com os sistemas OM4 e OM3 em 850 nm, al\u00e9m de oferecer capacidade de banda larga pronta para o futuro.<\/p>\n<\/li>\n<\/ul>\n<hr data-start=\"1509\" data-end=\"1512\" \/>\n<h3 data-start=\"1514\" data-end=\"1546\"><strong data-start=\"1518\" data-end=\"1546\">Especifica\u00e7\u00f5es t\u00e9cnicas<\/strong><\/h3>\n<div class=\"TyagGW_tableContainer\">\n<div class=\"group TyagGW_tableWrapper flex flex-col-reverse w-fit\" tabindex=\"-1\">\n<table class=\"w-fit min-w-(--thread-content-width)\" data-start=\"1548\" data-end=\"2034\">\n<thead data-start=\"1548\" data-end=\"1584\">\n<tr data-start=\"1548\" data-end=\"1584\">\n<th class=\"\" data-start=\"1548\" data-end=\"1560\" data-col-size=\"sm\">Par\u00e2metro<\/th>\n<th class=\"\" data-start=\"1560\" data-end=\"1584\" data-col-size=\"md\">MPO-MPO-OM5-8\/12Core<\/th>\n<\/tr>\n<\/thead>\n<tbody data-start=\"1613\" data-end=\"2034\">\n<tr data-start=\"1613\" data-end=\"1664\">\n<td data-start=\"1613\" data-end=\"1626\" data-col-size=\"sm\">Tipo de fibra<\/td>\n<td data-start=\"1626\" data-end=\"1664\" data-col-size=\"md\">Multimodo de banda larga OM5 (50\/125 \u00b5m)<\/td>\n<\/tr>\n<tr data-start=\"1665\" data-end=\"1696\">\n<td data-start=\"1665\" data-end=\"1678\" data-col-size=\"sm\">Contagem de n\u00facleos<\/td>\n<td data-start=\"1678\" data-end=\"1696\" data-col-size=\"md\">8 ou 12 fibras<\/td>\n<\/tr>\n<tr data-start=\"1697\" data-end=\"1740\">\n<td data-start=\"1697\" data-end=\"1714\" data-col-size=\"sm\">Tipo de conector<\/td>\n<td data-col-size=\"md\" data-start=\"1714\" data-end=\"1740\">MPO \/ MTP para MPO \/ MTP<\/td>\n<\/tr>\n<tr data-start=\"1741\" data-end=\"1792\">\n<td data-start=\"1741\" data-end=\"1765\" data-col-size=\"sm\">Comprimentos de onda operacionais<\/td>\n<td data-col-size=\"md\" data-start=\"1765\" data-end=\"1792\">850-953 nm (pronto para SWDM)<\/td>\n<\/tr>\n<tr data-start=\"1793\" data-end=\"1865\">\n<td data-start=\"1793\" data-end=\"1810\" data-col-size=\"sm\">Perda de inser\u00e7\u00e3o<\/td>\n<td data-col-size=\"md\" data-start=\"1810\" data-end=\"1865\">\u2264 0,35 dB (padr\u00e3o), \u2264 0,20 dB (baixa perda opcional)<\/td>\n<\/tr>\n<tr data-start=\"1866\" data-end=\"1891\">\n<td data-start=\"1866\" data-end=\"1880\" data-col-size=\"sm\">Perda de retorno<\/td>\n<td data-col-size=\"md\" data-start=\"1880\" data-end=\"1891\">\u2265 30 dB<\/td>\n<\/tr>\n<tr data-start=\"1892\" data-end=\"1921\">\n<td data-start=\"1892\" data-end=\"1906\" data-col-size=\"sm\">Tipo de jaqueta<\/td>\n<td data-col-size=\"md\" data-start=\"1906\" data-end=\"1921\">LSZH ou PVC<\/td>\n<\/tr>\n<tr data-start=\"1922\" data-end=\"1950\">\n<td data-start=\"1922\" data-end=\"1939\" data-col-size=\"sm\">Di\u00e2metro do cabo<\/td>\n<td data-col-size=\"md\" data-start=\"1939\" data-end=\"1950\">~3,0 mm<\/td>\n<\/tr>\n<tr data-start=\"1951\" data-end=\"1995\">\n<td data-start=\"1951\" data-end=\"1975\" data-col-size=\"sm\">Temperatura operacional<\/td>\n<td data-col-size=\"md\" data-start=\"1975\" data-end=\"1995\">-10 \u00b0C a +70 \u00b0C<\/td>\n<\/tr>\n<tr data-start=\"1996\" data-end=\"2034\">\n<td data-start=\"1996\" data-end=\"2009\" data-col-size=\"sm\">Conformidade<\/td>\n<td data-col-size=\"md\" data-start=\"2009\" data-end=\"2034\">IEC, TIA, RoHS, REACH<\/td>\n<\/tr>\n<\/tbody>\n<\/table>\n<\/div>\n<\/div>\n<hr data-start=\"2036\" data-end=\"2039\" \/>\n<h3 data-start=\"2041\" data-end=\"2069\"><strong data-start=\"2045\" data-end=\"2069\">Aplica\u00e7\u00f5es t\u00edpicas<\/strong><\/h3>\n<ul data-start=\"2071\" data-end=\"2319\">\n<li data-start=\"2071\" data-end=\"2118\">\n<p data-start=\"2073\" data-end=\"2118\"><strong data-start=\"2073\" data-end=\"2116\">Redes de data center 100G \/ 200G \/ 400G<\/strong><\/p>\n<\/li>\n<li data-start=\"2119\" data-end=\"2163\">\n<p data-start=\"2121\" data-end=\"2163\"><strong data-start=\"2121\" data-end=\"2161\">Backbone MPO e links de conex\u00e3o cruzada<\/strong><\/p>\n<\/li>\n<li data-start=\"2164\" data-end=\"2222\">\n<p data-start=\"2166\" data-end=\"2222\"><strong data-start=\"2166\" data-end=\"2220\">IA, nuvem e clusters de computa\u00e7\u00e3o de alto desempenho<\/strong><\/p>\n<\/li>\n<li data-start=\"2223\" data-end=\"2261\">\n<p data-start=\"2225\" data-end=\"2261\"><strong data-start=\"2225\" data-end=\"2259\">Sistemas \u00f3pticos multimodo SWDM<\/strong><\/p>\n<\/li>\n<li data-start=\"2262\" data-end=\"2319\">\n<p data-start=\"2264\" data-end=\"2319\"><strong data-start=\"2264\" data-end=\"2319\">Conex\u00f5es de transceptor \u00f3ptico paralelo de alta densidade<\/strong><\/p>\n<\/li>\n<\/ul>\n<hr data-start=\"2321\" data-end=\"2324\" \/>\n<h3 data-start=\"2326\" data-end=\"2366\"><strong data-start=\"2330\" data-end=\"2366\">Por que escolher o MPO-MPO-OM5-8\/12Core?<\/strong><\/h3>\n<p data-start=\"2368\" data-end=\"2650\">Ao contr\u00e1rio dos cabos OM3 ou OM4 convencionais que dependem de um \u00fanico comprimento de onda, <strong data-start=\"2440\" data-end=\"2532\">A fibra de banda larga OM5 permite que v\u00e1rios comprimentos de onda sejam executados simultaneamente na mesma fibra<\/strong>. Isso permite taxas de dados mais altas sem aumentar o n\u00famero de fibras, reduzindo a complexidade do cabeamento e os custos futuros de atualiza\u00e7\u00e3o.<\/p>\n<p data-start=\"2652\" data-end=\"2806\">O <strong data-start=\"2656\" data-end=\"2680\">MPO-MPO-OM5-8\/12Core<\/strong> O patch cord \u00e9 a escolha ideal para organiza\u00e7\u00f5es que est\u00e3o construindo <strong data-start=\"2739\" data-end=\"2805\">infraestruturas de fibra escalon\u00e1veis, de alta densidade e prontas para o futuro<\/strong>.<\/p>\n<hr data-start=\"2808\" data-end=\"2811\" \/>\n<h2 data-start=\"2813\" data-end=\"2836\"><strong data-start=\"2816\" data-end=\"2836\">Perguntas e respostas profissionais<\/strong><\/h2>\n<p data-start=\"2838\" data-end=\"3093\"><strong data-start=\"2838\" data-end=\"2907\">P1: Qual \u00e9 a diferen\u00e7a entre os cabos MPO de 8 e 12 n\u00facleos?<\/strong><br data-start=\"2907\" data-end=\"2910\" \/>Os cabos de 8 n\u00facleos s\u00e3o otimizados para muitas aplica\u00e7\u00f5es de 40G\/100G e breakout, enquanto os cabos de 12 n\u00facleos oferecem capacidade MPO total e maior flexibilidade para sistemas de backbone e cross-connect.<\/p>\n<p data-start=\"3095\" data-end=\"3260\"><strong data-start=\"3095\" data-end=\"3148\">P2: Os cabos OM5 podem ser usados com transceptores OM4?<\/strong><br data-start=\"3148\" data-end=\"3151\" \/>Sim. O OM5 \u00e9 totalmente compat\u00edvel com o OM4 e o OM3 em 850 nm, portanto, funciona com a \u00f3ptica multimodo padr\u00e3o.<\/p>\n<p data-start=\"3262\" data-end=\"3476\"><strong data-start=\"3262\" data-end=\"3307\">P3: O que \u00e9 SWDM e por que ele \u00e9 importante?<\/strong><br data-start=\"3307\" data-end=\"3310\" \/>O SWDM (Short-Wavelength Division Multiplexing) transmite v\u00e1rios comprimentos de onda em uma \u00fanica fibra multimodo, aumentando a largura de banda total sem a necessidade de instalar mais fibras.<\/p>\n<p data-start=\"3478\" data-end=\"3685\"><strong data-start=\"3478\" data-end=\"3528\">Q4: O MPO-MPO-OM5 \u00e9 adequado para redes 400G?<\/strong><br data-start=\"3528\" data-end=\"3531\" \/>Sim. O OM5 foi projetado para suportar <strong data-start=\"3563\" data-end=\"3634\">multimodo de comprimento de onda m\u00faltiplo 400G e futuros links \u00f3pticos de alta velocidade<\/strong>, tornando-o ideal para data centers de \u00faltima gera\u00e7\u00e3o.<\/p>","protected":false},"excerpt":{"rendered":"<p data-start=\"65\" data-end=\"478\">O <strong data-start=\"69\" data-end=\"93\">MPO-MPO-OM5-8\/12Core<\/strong> \u00e9 uma solu\u00e7\u00e3o de \u00faltima gera\u00e7\u00e3o <strong data-start=\"115\" data-end=\"152\">Cabo de conex\u00e3o de fibra MPO de alta densidade<\/strong> constru\u00eddo com <strong data-start=\"164\" data-end=\"204\">Fibra multimodo de banda larga OM5 (WBMMF)<\/strong> para suportar as redes 100G\/400G atuais e os futuros sistemas \u00f3pticos baseados em SWDM. Projetado para data centers de capacidade ultra-alta, clusters de IA e infraestrutura de nuvem, esse cabo oferece mais largura de banda por fibra, permitindo <strong data-start=\"425\" data-end=\"477\">transmiss\u00e3o em v\u00e1rios comprimentos de onda de 850 a 953 nm<\/strong>.<\/p>\n<p data-start=\"480\" data-end=\"698\">Com conectores MPO em ambas as extremidades, esse patch cord \u00e9 ideal para <strong data-start=\"543\" data-end=\"614\">Links de backbone MPO, conex\u00f5es cruzadas e transceptores \u00f3pticos paralelos<\/strong>, permitindo um cabeamento compacto, de baixa perda e preparado para o futuro em ambientes de alta densidade.<\/p>","protected":false},"featured_media":555,"comment_status":"open","ping_status":"closed","template":"","meta":[],"product_brand":[],"product_cat":[42],"product_tag":[],"class_list":{"0":"post-554","1":"product","2":"type-product","3":"status-publish","4":"has-post-thumbnail","6":"product_cat-mpo-mtp-fiber-optic-patch-cord","8":"first","9":"instock","10":"shipping-taxable","11":"product-type-simple"},"_links":{"self":[{"href":"https:\/\/www.fenxifiber.com\/pt\/wp-json\/wp\/v2\/product\/554","targetHints":{"allow":["GET"]}}],"collection":[{"href":"https:\/\/www.fenxifiber.com\/pt\/wp-json\/wp\/v2\/product"}],"about":[{"href":"https:\/\/www.fenxifiber.com\/pt\/wp-json\/wp\/v2\/types\/product"}],"replies":[{"embeddable":true,"href":"https:\/\/www.fenxifiber.com\/pt\/wp-json\/wp\/v2\/comments?post=554"}],"wp:featuredmedia":[{"embeddable":true,"href":"https:\/\/www.fenxifiber.com\/pt\/wp-json\/wp\/v2\/media\/555"}],"wp:attachment":[{"href":"https:\/\/www.fenxifiber.com\/pt\/wp-json\/wp\/v2\/media?parent=554"}],"wp:term":[{"taxonomy":"product_brand","embeddable":true,"href":"https:\/\/www.fenxifiber.com\/pt\/wp-json\/wp\/v2\/product_brand?post=554"},{"taxonomy":"product_cat","embeddable":true,"href":"https:\/\/www.fenxifiber.com\/pt\/wp-json\/wp\/v2\/product_cat?post=554"},{"taxonomy":"product_tag","embeddable":true,"href":"https:\/\/www.fenxifiber.com\/pt\/wp-json\/wp\/v2\/product_tag?post=554"}],"curies":[{"name":"wp","href":"https:\/\/api.w.org\/{rel}","templated":true}]}}