{"id":556,"date":"2026-02-03T01:52:18","date_gmt":"2026-02-03T01:52:18","guid":{"rendered":"https:\/\/www.fenxifiber.com\/?post_type=product&#038;p=556"},"modified":"2026-02-04T01:10:08","modified_gmt":"2026-02-04T01:10:08","slug":"mpo-mpo-om4-8-12core","status":"publish","type":"product","link":"https:\/\/www.fenxifiber.com\/pt\/product\/mpo-mpo-om4-8-12core\/","title":{"rendered":"Cabo de conex\u00e3o de fibra \u00f3ptica multimodo MPO-MPO-OM4-8\/12Core"},"content":{"rendered":"<h3 data-start=\"690\" data-end=\"712\"><strong data-start=\"694\" data-end=\"712\">Principais vantagens<\/strong><\/h3>\n<ul data-start=\"714\" data-end=\"1374\">\n<li data-start=\"714\" data-end=\"885\">\n<p data-start=\"716\" data-end=\"885\"><strong data-start=\"716\" data-end=\"744\">Fibra OM4 de alta largura de banda<\/strong><br data-start=\"744\" data-end=\"747\" \/>O OM4 oferece maior largura de banda modal efetiva do que o OM3, permitindo maiores dist\u00e2ncias de transmiss\u00e3o em altas taxas de dados, como 100G e 400G.<\/p>\n<\/li>\n<li data-start=\"887\" data-end=\"1022\">\n<p data-start=\"889\" data-end=\"1022\"><strong data-start=\"889\" data-end=\"917\">Op\u00e7\u00f5es de 8 e 12 n\u00facleos<\/strong><br data-start=\"917\" data-end=\"920\" \/>Dispon\u00edvel nas vers\u00f5es de 8 ou 12 fibras para corresponder a diferentes arquiteturas de transceptor e backbone.<\/p>\n<\/li>\n<li data-start=\"1024\" data-end=\"1146\">\n<p data-start=\"1026\" data-end=\"1146\"><strong data-start=\"1026\" data-end=\"1056\">Interface MPO de alta densidade<\/strong><br data-start=\"1056\" data-end=\"1059\" \/>Reduz o volume de cabos, melhora o fluxo de ar e maximiza a efici\u00eancia do espa\u00e7o do rack e da bandeja.<\/p>\n<\/li>\n<li data-start=\"1148\" data-end=\"1279\">\n<p data-start=\"1150\" data-end=\"1279\"><strong data-start=\"1150\" data-end=\"1172\">Baixa perda de inser\u00e7\u00e3o<\/strong><br data-start=\"1172\" data-end=\"1175\" \/>Os conectores MPO polidos com precis\u00e3o garantem excelente desempenho \u00f3ptico e transmiss\u00e3o est\u00e1vel de sinal.<\/p>\n<\/li>\n<li data-start=\"1281\" data-end=\"1374\">\n<p data-start=\"1283\" data-end=\"1374\"><strong data-start=\"1283\" data-end=\"1307\">Design Plug-and-Play<\/strong><br data-start=\"1307\" data-end=\"1310\" \/>Terminado e testado na f\u00e1brica para uma implementa\u00e7\u00e3o r\u00e1pida e sem erros.<\/p>\n<\/li>\n<\/ul>\n<hr data-start=\"1376\" data-end=\"1379\" \/>\n<h3 data-start=\"1381\" data-end=\"1413\"><strong data-start=\"1385\" data-end=\"1413\">Especifica\u00e7\u00f5es t\u00e9cnicas<\/strong><\/h3>\n<div class=\"TyagGW_tableContainer\">\n<div class=\"group TyagGW_tableWrapper flex flex-col-reverse w-fit\" tabindex=\"-1\">\n<table class=\"w-fit min-w-(--thread-content-width)\" data-start=\"1415\" data-end=\"1874\">\n<thead data-start=\"1415\" data-end=\"1451\">\n<tr data-start=\"1415\" data-end=\"1451\">\n<th class=\"\" data-start=\"1415\" data-end=\"1427\" data-col-size=\"sm\">Par\u00e2metro<\/th>\n<th class=\"\" data-start=\"1427\" data-end=\"1451\" data-col-size=\"md\">MPO-MPO-OM4-8\/12Core<\/th>\n<\/tr>\n<\/thead>\n<tbody data-start=\"1480\" data-end=\"1874\">\n<tr data-start=\"1480\" data-end=\"1522\">\n<td data-start=\"1480\" data-end=\"1493\" data-col-size=\"sm\">Tipo de fibra<\/td>\n<td data-col-size=\"md\" data-start=\"1493\" data-end=\"1522\">Multimodo OM4 (50\/125 \u00b5m)<\/td>\n<\/tr>\n<tr data-start=\"1523\" data-end=\"1554\">\n<td data-start=\"1523\" data-end=\"1536\" data-col-size=\"sm\">Contagem de n\u00facleos<\/td>\n<td data-col-size=\"md\" data-start=\"1536\" data-end=\"1554\">8 ou 12 fibras<\/td>\n<\/tr>\n<tr data-start=\"1555\" data-end=\"1598\">\n<td data-start=\"1555\" data-end=\"1572\" data-col-size=\"sm\">Tipo de conector<\/td>\n<td data-col-size=\"md\" data-start=\"1572\" data-end=\"1598\">MPO \/ MTP para MPO \/ MTP<\/td>\n<\/tr>\n<tr data-start=\"1599\" data-end=\"1632\">\n<td data-start=\"1599\" data-end=\"1622\" data-col-size=\"sm\">Comprimento de onda operacional<\/td>\n<td data-col-size=\"md\" data-start=\"1622\" data-end=\"1632\">850 nm<\/td>\n<\/tr>\n<tr data-start=\"1633\" data-end=\"1705\">\n<td data-start=\"1633\" data-end=\"1650\" data-col-size=\"sm\">Perda de inser\u00e7\u00e3o<\/td>\n<td data-col-size=\"md\" data-start=\"1650\" data-end=\"1705\">\u2264 0,35 dB (padr\u00e3o), \u2264 0,20 dB (baixa perda opcional)<\/td>\n<\/tr>\n<tr data-start=\"1706\" data-end=\"1731\">\n<td data-start=\"1706\" data-end=\"1720\" data-col-size=\"sm\">Perda de retorno<\/td>\n<td data-col-size=\"md\" data-start=\"1720\" data-end=\"1731\">\u2265 30 dB<\/td>\n<\/tr>\n<tr data-start=\"1732\" data-end=\"1761\">\n<td data-start=\"1732\" data-end=\"1746\" data-col-size=\"sm\">Tipo de jaqueta<\/td>\n<td data-col-size=\"md\" data-start=\"1746\" data-end=\"1761\">LSZH ou PVC<\/td>\n<\/tr>\n<tr data-start=\"1762\" data-end=\"1790\">\n<td data-start=\"1762\" data-end=\"1779\" data-col-size=\"sm\">Di\u00e2metro do cabo<\/td>\n<td data-col-size=\"md\" data-start=\"1779\" data-end=\"1790\">~3,0 mm<\/td>\n<\/tr>\n<tr data-start=\"1791\" data-end=\"1835\">\n<td data-start=\"1791\" data-end=\"1815\" data-col-size=\"sm\">Temperatura operacional<\/td>\n<td data-col-size=\"md\" data-start=\"1815\" data-end=\"1835\">-10 \u00b0C a +70 \u00b0C<\/td>\n<\/tr>\n<tr data-start=\"1836\" data-end=\"1874\">\n<td data-start=\"1836\" data-end=\"1849\" data-col-size=\"sm\">Conformidade<\/td>\n<td data-col-size=\"md\" data-start=\"1849\" data-end=\"1874\">IEC, TIA, RoHS, REACH<\/td>\n<\/tr>\n<\/tbody>\n<\/table>\n<\/div>\n<\/div>\n<hr data-start=\"1876\" data-end=\"1879\" \/>\n<h3 data-start=\"1881\" data-end=\"1909\"><strong data-start=\"1885\" data-end=\"1909\">Aplica\u00e7\u00f5es t\u00edpicas<\/strong><\/h3>\n<ul data-start=\"1911\" data-end=\"2134\">\n<li data-start=\"1911\" data-end=\"1957\">\n<p data-start=\"1913\" data-end=\"1957\"><strong data-start=\"1913\" data-end=\"1955\">Redes de data center 40G \/ 100G \/ 400G<\/strong><\/p>\n<\/li>\n<li data-start=\"1958\" data-end=\"2004\">\n<p data-start=\"1960\" data-end=\"2004\"><strong data-start=\"1960\" data-end=\"2002\">Cabeamento de backbone e cross-connect MPO<\/strong><\/p>\n<\/li>\n<li data-start=\"2005\" data-end=\"2057\">\n<p data-start=\"2007\" data-end=\"2057\"><strong data-start=\"2007\" data-end=\"2055\">Interconex\u00f5es de servidor e switch de alta densidade<\/strong><\/p>\n<\/li>\n<li data-start=\"2058\" data-end=\"2099\">\n<p data-start=\"2060\" data-end=\"2099\"><strong data-start=\"2060\" data-end=\"2097\">Infraestrutura de nuvem, IA e HPC<\/strong><\/p>\n<\/li>\n<li data-start=\"2100\" data-end=\"2134\">\n<p data-start=\"2102\" data-end=\"2134\"><strong data-start=\"2102\" data-end=\"2134\">Redes de \u00e1rea de armazenamento (SANs)<\/strong><\/p>\n<\/li>\n<\/ul>\n<hr data-start=\"2136\" data-end=\"2139\" \/>\n<h3 data-start=\"2141\" data-end=\"2181\"><strong data-start=\"2145\" data-end=\"2181\">Por que escolher o MPO-MPO-OM4-8\/12Core?<\/strong><\/h3>\n<p data-start=\"2183\" data-end=\"2501\">O <strong data-start=\"2187\" data-end=\"2211\">MPO-MPO-OM4-8\/12Core<\/strong> combina\u00e7\u00f5es de cabos de conex\u00e3o <strong data-start=\"2232\" data-end=\"2260\">fibra OM4 de alta largura de banda<\/strong> com um <strong data-start=\"2268\" data-end=\"2293\">Interface MPO compacta<\/strong>, O sistema de rede da Microsoft oferece conectividade confi\u00e1vel, dimension\u00e1vel e pronta para o futuro para data centers modernos. Ele \u00e9 compat\u00edvel com a Ethernet de alta velocidade atual e, ao mesmo tempo, oferece a flexibilidade necess\u00e1ria para a expans\u00e3o da rede sem a necessidade de refazer o cabeamento.<\/p>\n<hr data-start=\"2503\" data-end=\"2506\" \/>\n<h2 data-start=\"2508\" data-end=\"2531\"><strong data-start=\"2511\" data-end=\"2531\">Perguntas e respostas profissionais<\/strong><\/h2>\n<p data-start=\"2533\" data-end=\"2713\"><strong data-start=\"2533\" data-end=\"2584\">Q1: Qual \u00e9 a diferen\u00e7a entre OM3 e OM4?<\/strong><br data-start=\"2584\" data-end=\"2587\" \/>O OM4 oferece maior largura de banda e maior dist\u00e2ncia de transmiss\u00e3o do que o OM3, o que o torna mais adequado para aplica\u00e7\u00f5es de 100G e 400G.<\/p>\n<p data-start=\"2715\" data-end=\"2923\"><strong data-start=\"2715\" data-end=\"2768\">P2: Devo escolher cabos MPO de 8 ou 12 n\u00facleos?<\/strong><br data-start=\"2768\" data-end=\"2771\" \/>O n\u00facleo 8 \u00e9 comumente usado para breakouts de 40G\/100G, enquanto o n\u00facleo 12 oferece capacidade MPO total e maior flexibilidade para sistemas de backbone e cross-connect.<\/p>\n<p data-start=\"2925\" data-end=\"3067\"><strong data-start=\"2925\" data-end=\"2977\">P3: Os cabos OM4 MPO podem ser usados com sistemas OM3?<\/strong><br data-start=\"2977\" data-end=\"2980\" \/>Sim. O OM4 \u00e9 compat\u00edvel com o OM3 e funcionar\u00e1 com transceptores OM3 em 850 nm.<\/p>\n<p data-start=\"3069\" data-end=\"3239\"><strong data-start=\"3069\" data-end=\"3116\">P4: A polaridade desses cabos \u00e9 configur\u00e1vel?<\/strong><br data-start=\"3116\" data-end=\"3119\" \/>Sim. Os tipos de polaridade (A, B ou C) podem ser especificados para garantir o mapeamento adequado da fibra em diferentes arquiteturas de rede MPO.<\/p>","protected":false},"excerpt":{"rendered":"<p data-start=\"62\" data-end=\"450\">O <strong data-start=\"66\" data-end=\"90\">MPO-MPO-OM4-8\/12Core<\/strong> \u00e9 um produto de alto desempenho <strong data-start=\"113\" data-end=\"154\">Cabo de conex\u00e3o de fibra multimodo MPO para MPO<\/strong> projetado para os atuais data centers de alta densidade, plataformas de computa\u00e7\u00e3o em nuvem e redes de backbone corporativas. Criado com <strong data-start=\"275\" data-end=\"324\">Fibra multimodo otimizada para laser OM4 50\/125 \u00b5m<\/strong>, O OM3 \u00e9 um dos mais avan\u00e7ados sistemas de transmiss\u00e3o de dados, oferecendo largura de banda superior e maior alcance do que o OM3, o que o torna ideal para <strong data-start=\"404\" data-end=\"436\">Ethernet 40G, 100G e 400G<\/strong> aplicativos.<\/p>\n<p data-start=\"452\" data-end=\"683\">Com conectores MPO em ambas as extremidades e suporte para <strong data-start=\"501\" data-end=\"539\">Configura\u00e7\u00f5es de 8 ou 12 fibras<\/strong>, Esse cabo oferece uma solu\u00e7\u00e3o compacta, de baixa perda e escal\u00e1vel para <strong data-start=\"608\" data-end=\"682\">Cabeamento de backbone MPO, conex\u00f5es cruzadas e transceptores de \u00f3ptica paralela<\/strong>.<\/p>","protected":false},"featured_media":557,"comment_status":"open","ping_status":"closed","template":"","meta":[],"product_brand":[],"product_cat":[42],"product_tag":[],"class_list":{"0":"post-556","1":"product","2":"type-product","3":"status-publish","4":"has-post-thumbnail","6":"product_cat-mpo-mtp-fiber-optic-patch-cord","8":"first","9":"instock","10":"shipping-taxable","11":"product-type-simple"},"_links":{"self":[{"href":"https:\/\/www.fenxifiber.com\/pt\/wp-json\/wp\/v2\/product\/556","targetHints":{"allow":["GET"]}}],"collection":[{"href":"https:\/\/www.fenxifiber.com\/pt\/wp-json\/wp\/v2\/product"}],"about":[{"href":"https:\/\/www.fenxifiber.com\/pt\/wp-json\/wp\/v2\/types\/product"}],"replies":[{"embeddable":true,"href":"https:\/\/www.fenxifiber.com\/pt\/wp-json\/wp\/v2\/comments?post=556"}],"wp:featuredmedia":[{"embeddable":true,"href":"https:\/\/www.fenxifiber.com\/pt\/wp-json\/wp\/v2\/media\/557"}],"wp:attachment":[{"href":"https:\/\/www.fenxifiber.com\/pt\/wp-json\/wp\/v2\/media?parent=556"}],"wp:term":[{"taxonomy":"product_brand","embeddable":true,"href":"https:\/\/www.fenxifiber.com\/pt\/wp-json\/wp\/v2\/product_brand?post=556"},{"taxonomy":"product_cat","embeddable":true,"href":"https:\/\/www.fenxifiber.com\/pt\/wp-json\/wp\/v2\/product_cat?post=556"},{"taxonomy":"product_tag","embeddable":true,"href":"https:\/\/www.fenxifiber.com\/pt\/wp-json\/wp\/v2\/product_tag?post=556"}],"curies":[{"name":"wp","href":"https:\/\/api.w.org\/{rel}","templated":true}]}}