{"id":558,"date":"2026-02-03T01:54:58","date_gmt":"2026-02-03T01:54:58","guid":{"rendered":"https:\/\/www.fenxifiber.com\/?post_type=product&#038;p=558"},"modified":"2026-02-04T01:10:37","modified_gmt":"2026-02-04T01:10:37","slug":"mpo-lc-om4-12core","status":"publish","type":"product","link":"https:\/\/www.fenxifiber.com\/pt\/product\/mpo-lc-om4-12core\/","title":{"rendered":"Cabo de conex\u00e3o de fibra multimodo de alta densidade MPO-LC-OM4-12Core"},"content":{"rendered":"<h3 data-start=\"748\" data-end=\"770\"><strong data-start=\"752\" data-end=\"770\">Principais vantagens<\/strong><\/h3>\n<ul data-start=\"772\" data-end=\"1483\">\n<li data-start=\"772\" data-end=\"934\">\n<p data-start=\"774\" data-end=\"934\"><strong data-start=\"774\" data-end=\"802\">Fibra OM4 de alta largura de banda<\/strong><br data-start=\"802\" data-end=\"805\" \/>O OM4 suporta alcance estendido e taxas de dados mais altas em compara\u00e7\u00e3o com o OM3, tornando-o adequado para ambientes exigentes de data center.<\/p>\n<\/li>\n<li data-start=\"936\" data-end=\"1100\">\n<p data-start=\"938\" data-end=\"1100\"><strong data-start=\"938\" data-end=\"969\">Breakout de 12 fibras MPO para LC<\/strong><br data-start=\"969\" data-end=\"972\" \/>Uma \u00fanica interface MPO se conecta a doze portas LC, proporcionando um fan-out limpo e organizado para switches, servidores e patch panels.<\/p>\n<\/li>\n<li data-start=\"1102\" data-end=\"1256\">\n<p data-start=\"1104\" data-end=\"1256\"><strong data-start=\"1104\" data-end=\"1145\">Baixa perda de inser\u00e7\u00e3o e alta confiabilidade<\/strong><br data-start=\"1145\" data-end=\"1148\" \/>Os conectores polidos com precis\u00e3o e os testes de f\u00e1brica garantem excelente qualidade de sinal e estabilidade de longo prazo.<\/p>\n<\/li>\n<li data-start=\"1258\" data-end=\"1370\">\n<p data-start=\"1260\" data-end=\"1370\"><strong data-start=\"1260\" data-end=\"1297\">Design de alta densidade e economia de espa\u00e7o<\/strong><br data-start=\"1297\" data-end=\"1300\" \/>Reduz o congestionamento de cabos e melhora o fluxo de ar em racks e gabinetes.<\/p>\n<\/li>\n<li data-start=\"1372\" data-end=\"1483\">\n<p data-start=\"1374\" data-end=\"1483\"><strong data-start=\"1374\" data-end=\"1404\">Instala\u00e7\u00e3o Plug-and-Play<\/strong><br data-start=\"1404\" data-end=\"1407\" \/>Pr\u00e9-terminados e testados para uma implementa\u00e7\u00e3o r\u00e1pida com risco m\u00ednimo de erros.<\/p>\n<\/li>\n<\/ul>\n<hr data-start=\"1485\" data-end=\"1488\" \/>\n<h3 data-start=\"1490\" data-end=\"1522\"><strong data-start=\"1494\" data-end=\"1522\">Especifica\u00e7\u00f5es t\u00e9cnicas<\/strong><\/h3>\n<div class=\"TyagGW_tableContainer\">\n<div class=\"group TyagGW_tableWrapper flex flex-col-reverse w-fit\" tabindex=\"-1\">\n<table class=\"w-fit min-w-(--thread-content-width)\" data-start=\"1524\" data-end=\"1987\">\n<thead data-start=\"1524\" data-end=\"1557\">\n<tr data-start=\"1524\" data-end=\"1557\">\n<th class=\"\" data-start=\"1524\" data-end=\"1536\" data-col-size=\"sm\">Par\u00e2metro<\/th>\n<th class=\"\" data-start=\"1536\" data-end=\"1557\" data-col-size=\"sm\">MPO-LC-OM4-12Core<\/th>\n<\/tr>\n<\/thead>\n<tbody data-start=\"1586\" data-end=\"1987\">\n<tr data-start=\"1586\" data-end=\"1628\">\n<td data-start=\"1586\" data-end=\"1599\" data-col-size=\"sm\">Tipo de fibra<\/td>\n<td data-start=\"1599\" data-end=\"1628\" data-col-size=\"sm\">Multimodo OM4 (50\/125 \u00b5m)<\/td>\n<\/tr>\n<tr data-start=\"1629\" data-end=\"1655\">\n<td data-start=\"1629\" data-end=\"1642\" data-col-size=\"sm\">Contagem de n\u00facleos<\/td>\n<td data-start=\"1642\" data-end=\"1655\" data-col-size=\"sm\">12 fibras<\/td>\n<\/tr>\n<tr data-start=\"1656\" data-end=\"1694\">\n<td data-start=\"1656\" data-end=\"1670\" data-col-size=\"sm\">Conector A<\/td>\n<td data-start=\"1670\" data-end=\"1694\" data-col-size=\"sm\">MPO \/ MTP (12 fibras)<\/td>\n<\/tr>\n<tr data-start=\"1695\" data-end=\"1731\">\n<td data-start=\"1695\" data-end=\"1709\" data-col-size=\"sm\">Conector B<\/td>\n<td data-start=\"1709\" data-end=\"1731\" data-col-size=\"sm\">12 \u00d7 conectores LC<\/td>\n<\/tr>\n<tr data-start=\"1732\" data-end=\"1765\">\n<td data-start=\"1732\" data-end=\"1755\" data-col-size=\"sm\">Comprimento de onda operacional<\/td>\n<td data-start=\"1755\" data-end=\"1765\" data-col-size=\"sm\">850 nm<\/td>\n<\/tr>\n<tr data-start=\"1766\" data-end=\"1818\">\n<td data-start=\"1766\" data-end=\"1783\" data-col-size=\"sm\">Perda de inser\u00e7\u00e3o<\/td>\n<td data-start=\"1783\" data-end=\"1818\" data-col-size=\"sm\">\u2264 0,35 dB (MPO), \u2264 0,30 dB (LC)<\/td>\n<\/tr>\n<tr data-start=\"1819\" data-end=\"1844\">\n<td data-start=\"1819\" data-end=\"1833\" data-col-size=\"sm\">Perda de retorno<\/td>\n<td data-col-size=\"sm\" data-start=\"1833\" data-end=\"1844\">\u2265 30 dB<\/td>\n<\/tr>\n<tr data-start=\"1845\" data-end=\"1874\">\n<td data-start=\"1845\" data-end=\"1859\" data-col-size=\"sm\">Tipo de jaqueta<\/td>\n<td data-start=\"1859\" data-end=\"1874\" data-col-size=\"sm\">LSZH ou PVC<\/td>\n<\/tr>\n<tr data-start=\"1875\" data-end=\"1903\">\n<td data-start=\"1875\" data-end=\"1892\" data-col-size=\"sm\">Di\u00e2metro do cabo<\/td>\n<td data-col-size=\"sm\" data-start=\"1892\" data-end=\"1903\">~3,0 mm<\/td>\n<\/tr>\n<tr data-start=\"1904\" data-end=\"1948\">\n<td data-start=\"1904\" data-end=\"1928\" data-col-size=\"sm\">Temperatura operacional<\/td>\n<td data-col-size=\"sm\" data-start=\"1928\" data-end=\"1948\">-10 \u00b0C a +70 \u00b0C<\/td>\n<\/tr>\n<tr data-start=\"1949\" data-end=\"1987\">\n<td data-start=\"1949\" data-end=\"1962\" data-col-size=\"sm\">Conformidade<\/td>\n<td data-col-size=\"sm\" data-start=\"1962\" data-end=\"1987\">IEC, TIA, RoHS, REACH<\/td>\n<\/tr>\n<\/tbody>\n<\/table>\n<\/div>\n<\/div>\n<hr data-start=\"1989\" data-end=\"1992\" \/>\n<h3 data-start=\"1994\" data-end=\"2022\"><strong data-start=\"1998\" data-end=\"2022\">Aplica\u00e7\u00f5es t\u00edpicas<\/strong><\/h3>\n<ul data-start=\"2024\" data-end=\"2258\">\n<li data-start=\"2024\" data-end=\"2070\">\n<p data-start=\"2026\" data-end=\"2070\"><strong data-start=\"2026\" data-end=\"2068\">Redes de data center 40G \/ 100G \/ 400G<\/strong><\/p>\n<\/li>\n<li data-start=\"2071\" data-end=\"2119\">\n<p data-start=\"2073\" data-end=\"2119\"><strong data-start=\"2073\" data-end=\"2117\">Conex\u00f5es de backbone MPO para equipamento LC<\/strong><\/p>\n<\/li>\n<li data-start=\"2120\" data-end=\"2175\">\n<p data-start=\"2122\" data-end=\"2175\"><strong data-start=\"2122\" data-end=\"2173\">Nuvem, IA e computa\u00e7\u00e3o de alto desempenho (HPC)<\/strong><\/p>\n<\/li>\n<li data-start=\"2176\" data-end=\"2212\">\n<p data-start=\"2178\" data-end=\"2212\"><strong data-start=\"2178\" data-end=\"2210\">Redes de \u00e1rea de armazenamento (SANs)<\/strong><\/p>\n<\/li>\n<li data-start=\"2213\" data-end=\"2258\">\n<p data-start=\"2215\" data-end=\"2258\"><strong data-start=\"2215\" data-end=\"2258\">Sistemas de cabeamento estruturado de alta densidade<\/strong><\/p>\n<\/li>\n<\/ul>\n<hr data-start=\"2260\" data-end=\"2263\" \/>\n<h3 data-start=\"2265\" data-end=\"2302\"><strong data-start=\"2269\" data-end=\"2302\">Por que escolher o MPO-LC-OM4-12Core?<\/strong><\/h3>\n<p data-start=\"2304\" data-end=\"2677\">O <strong data-start=\"2308\" data-end=\"2329\">MPO-LC-OM4-12Core<\/strong> O patch cord oferece um equil\u00edbrio perfeito de <strong data-start=\"2369\" data-end=\"2402\">conectividade MPO de alta densidade<\/strong> e <strong data-start=\"2407\" data-end=\"2437\">compatibilidade universal com LC<\/strong>. Sua fibra OM4 oferece largura de banda e alcance superiores, enquanto o design breakout simplifica a arquitetura de rede e reduz o tempo de instala\u00e7\u00e3o. \u00c9 a solu\u00e7\u00e3o ideal para a constru\u00e7\u00e3o de <strong data-start=\"2619\" data-end=\"2676\">redes de fibra escalon\u00e1veis, de alta velocidade e prontas para o futuro<\/strong>.<\/p>\n<hr data-start=\"2679\" data-end=\"2682\" \/>\n<h2 data-start=\"2684\" data-end=\"2707\"><strong data-start=\"2687\" data-end=\"2707\">Perguntas e respostas profissionais<\/strong><\/h2>\n<p data-start=\"2709\" data-end=\"2882\"><strong data-start=\"2709\" data-end=\"2747\">Q1: Por que escolher OM4 em vez de OM3?<\/strong><br data-start=\"2747\" data-end=\"2750\" \/>O OM4 oferece maior largura de banda e dist\u00e2ncias de transmiss\u00e3o mais longas, o que o torna mais adequado para aplicativos de data center de 100G e 400G.<\/p>\n<p data-start=\"2884\" data-end=\"3089\"><strong data-start=\"2884\" data-end=\"2941\">P2: Qual \u00e9 a vantagem dos cabos breakout MPO-to-LC?<\/strong><br data-start=\"2941\" data-end=\"2944\" \/>Eles permitem que cabos tronco MPO de alta densidade se conectem diretamente a portas LC padr\u00e3o em switches e servidores sem hardware de convers\u00e3o adicional.<\/p>\n<p data-start=\"3091\" data-end=\"3266\"><strong data-start=\"3091\" data-end=\"3158\">P3: Esse cabo \u00e9 compat\u00edvel com os transceptores QSFP e QSFP28?<\/strong><br data-start=\"3158\" data-end=\"3161\" \/>Sim. O MPO-LC-OM4-12Core \u00e9 comumente usado com m\u00f3dulos QSFP+ e QSFP28 em redes multimodo de 40G e 100G.<\/p>\n<p data-start=\"3268\" data-end=\"3466\"><strong data-start=\"3268\" data-end=\"3323\">P4: Esse cabo pode ser usado em sistemas OM3 existentes?<\/strong><br data-start=\"3323\" data-end=\"3326\" \/>Sim. O OM4 \u00e9 totalmente compat\u00edvel com o OM3, portanto, funcionar\u00e1 em redes baseadas no OM3 e oferecer\u00e1 maior desempenho para futuras atualiza\u00e7\u00f5es.<\/p>","protected":false},"excerpt":{"rendered":"<p data-start=\"66\" data-end=\"447\">O <strong data-start=\"70\" data-end=\"91\">MPO-LC-OM4-12Core<\/strong> \u00e9 um produto de alto desempenho <strong data-start=\"114\" data-end=\"159\">Patch cord de fibra \u00f3ptica MPO para LC breakout<\/strong> projetado para data centers modernos, redes em nuvem e backbones corporativos de alta velocidade. Criado com <strong data-start=\"258\" data-end=\"307\">Fibra multimodo otimizada para laser OM4 50\/125 \u00b5m<\/strong>, O OM3 \u00e9 um dos melhores sistemas de transmiss\u00e3o de dados, oferece maior largura de banda e maior dist\u00e2ncia de transmiss\u00e3o do que o OM3, o que o torna ideal para <strong data-start=\"401\" data-end=\"433\">Ethernet 40G, 100G e 400G<\/strong> conectividade.<\/p>\n<p data-start=\"449\" data-end=\"741\">Com uma extremidade terminada por um <strong data-start=\"478\" data-end=\"508\">Conector MPO\/MTP de 12 fibras<\/strong> e a outra extremidade se espalhou em <strong data-start=\"543\" data-end=\"563\">12 conectores LC<\/strong>, Esse cabo permite uma integra\u00e7\u00e3o perfeita entre <strong data-start=\"613\" data-end=\"647\">sistemas de tronco MPO de alta densidade<\/strong> e <strong data-start=\"652\" data-end=\"686\">transceptores padr\u00e3o baseados em LC<\/strong>, simplificando o cabeamento e melhorando a efici\u00eancia da rede.<\/p>","protected":false},"featured_media":559,"comment_status":"open","ping_status":"closed","template":"","meta":[],"product_brand":[],"product_cat":[42],"product_tag":[],"class_list":{"0":"post-558","1":"product","2":"type-product","3":"status-publish","4":"has-post-thumbnail","6":"product_cat-mpo-mtp-fiber-optic-patch-cord","8":"first","9":"instock","10":"shipping-taxable","11":"product-type-simple"},"_links":{"self":[{"href":"https:\/\/www.fenxifiber.com\/pt\/wp-json\/wp\/v2\/product\/558","targetHints":{"allow":["GET"]}}],"collection":[{"href":"https:\/\/www.fenxifiber.com\/pt\/wp-json\/wp\/v2\/product"}],"about":[{"href":"https:\/\/www.fenxifiber.com\/pt\/wp-json\/wp\/v2\/types\/product"}],"replies":[{"embeddable":true,"href":"https:\/\/www.fenxifiber.com\/pt\/wp-json\/wp\/v2\/comments?post=558"}],"wp:featuredmedia":[{"embeddable":true,"href":"https:\/\/www.fenxifiber.com\/pt\/wp-json\/wp\/v2\/media\/559"}],"wp:attachment":[{"href":"https:\/\/www.fenxifiber.com\/pt\/wp-json\/wp\/v2\/media?parent=558"}],"wp:term":[{"taxonomy":"product_brand","embeddable":true,"href":"https:\/\/www.fenxifiber.com\/pt\/wp-json\/wp\/v2\/product_brand?post=558"},{"taxonomy":"product_cat","embeddable":true,"href":"https:\/\/www.fenxifiber.com\/pt\/wp-json\/wp\/v2\/product_cat?post=558"},{"taxonomy":"product_tag","embeddable":true,"href":"https:\/\/www.fenxifiber.com\/pt\/wp-json\/wp\/v2\/product_tag?post=558"}],"curies":[{"name":"wp","href":"https:\/\/api.w.org\/{rel}","templated":true}]}}