{"id":560,"date":"2026-02-03T01:56:53","date_gmt":"2026-02-03T01:56:53","guid":{"rendered":"https:\/\/www.fenxifiber.com\/?post_type=product&#038;p=560"},"modified":"2026-02-04T01:11:20","modified_gmt":"2026-02-04T01:11:20","slug":"mpo-sc-om4-12core","status":"publish","type":"product","link":"https:\/\/www.fenxifiber.com\/pt\/product\/mpo-sc-om4-12core\/","title":{"rendered":"MPO-SC-OM4-12Core - Cabo de quebra de fibra MPO para SC de alta densidade"},"content":{"rendered":"<h3 data-start=\"771\" data-end=\"806\"><strong data-start=\"775\" data-end=\"806\">Por que esse cabo \u00e9 diferente<\/strong><\/h3>\n<p data-start=\"808\" data-end=\"915\">O MPO-SC-OM4-12Core foi projetado para ambientes onde <strong data-start=\"865\" data-end=\"903\">espa\u00e7o, fluxo de ar e qualidade do sinal<\/strong> tudo importa:<\/p>\n<ul data-start=\"917\" data-end=\"1500\">\n<li data-start=\"917\" data-end=\"1066\">\n<p data-start=\"919\" data-end=\"1066\"><strong data-start=\"919\" data-end=\"955\">Mais largura de banda com menos fibras<\/strong><br data-start=\"955\" data-end=\"958\" \/>A fibra OM4 suporta uma largura de banda modal muito maior do que a OM3, permitindo links de alta velocidade mais longos e mais est\u00e1veis.<\/p>\n<\/li>\n<li data-start=\"1068\" data-end=\"1225\">\n<p data-start=\"1070\" data-end=\"1225\"><strong data-start=\"1070\" data-end=\"1098\">Caminho de migra\u00e7\u00e3o eficiente<\/strong><br data-start=\"1098\" data-end=\"1101\" \/>Ele permite que voc\u00ea implemente o cabeamento de backbone MPO e ainda se conecte a equipamentos com portas SC, evitando a substitui\u00e7\u00e3o dispendiosa de hardware.<\/p>\n<\/li>\n<li data-start=\"1227\" data-end=\"1361\">\n<p data-start=\"1229\" data-end=\"1361\"><strong data-start=\"1229\" data-end=\"1255\">Layout de cabeamento mais limpo<\/strong><br data-start=\"1255\" data-end=\"1258\" \/>Um tronco MPO substitui doze fibras soltas, melhorando o fluxo de ar e facilitando muito o gerenciamento do rack.<\/p>\n<\/li>\n<li data-start=\"1363\" data-end=\"1500\">\n<p data-start=\"1365\" data-end=\"1500\"><strong data-start=\"1365\" data-end=\"1397\">Desempenho verificado pela f\u00e1brica<\/strong><br data-start=\"1397\" data-end=\"1400\" \/>Cada conjunto \u00e9 testado quanto \u00e0 perda de inser\u00e7\u00e3o e continuidade, garantindo um desempenho previs\u00edvel em campo.<\/p>\n<\/li>\n<\/ul>\n<hr data-start=\"1502\" data-end=\"1505\" \/>\n<h3 data-start=\"1507\" data-end=\"1549\"><strong data-start=\"1511\" data-end=\"1549\">Caracter\u00edsticas \u00f3pticas e f\u00edsicas<\/strong><\/h3>\n<div class=\"TyagGW_tableContainer\">\n<div class=\"group TyagGW_tableWrapper flex flex-col-reverse w-fit\" tabindex=\"-1\">\n<table class=\"w-fit min-w-(--thread-content-width)\" data-start=\"1551\" data-end=\"1932\">\n<thead data-start=\"1551\" data-end=\"1575\">\n<tr data-start=\"1551\" data-end=\"1575\">\n<th class=\"\" data-start=\"1551\" data-end=\"1558\" data-col-size=\"sm\">Item<\/th>\n<th class=\"\" data-start=\"1558\" data-end=\"1575\" data-col-size=\"sm\">Especifica\u00e7\u00e3o<\/th>\n<\/tr>\n<\/thead>\n<tbody data-start=\"1602\" data-end=\"1932\">\n<tr data-start=\"1602\" data-end=\"1638\">\n<td data-start=\"1602\" data-end=\"1610\" data-col-size=\"sm\">Fibra<\/td>\n<td data-start=\"1610\" data-end=\"1638\" data-col-size=\"sm\">Multimodo OM4, 50\/125 \u00b5m<\/td>\n<\/tr>\n<tr data-start=\"1639\" data-end=\"1670\">\n<td data-start=\"1639\" data-end=\"1651\" data-col-size=\"sm\">Estrutura<\/td>\n<td data-start=\"1651\" data-end=\"1670\" data-col-size=\"sm\">Fita de 12 fibras<\/td>\n<\/tr>\n<tr data-start=\"1671\" data-end=\"1709\">\n<td data-start=\"1671\" data-end=\"1685\" data-col-size=\"sm\">Conector A<\/td>\n<td data-start=\"1685\" data-end=\"1709\" data-col-size=\"sm\">MPO \/ MTP (12 fibras)<\/td>\n<\/tr>\n<tr data-start=\"1710\" data-end=\"1746\">\n<td data-start=\"1710\" data-end=\"1724\" data-col-size=\"sm\">Conector B<\/td>\n<td data-start=\"1724\" data-end=\"1746\" data-col-size=\"sm\">12 \u00d7 conectores SC<\/td>\n<\/tr>\n<tr data-start=\"1747\" data-end=\"1803\">\n<td data-start=\"1747\" data-end=\"1772\" data-col-size=\"sm\">Perda de inser\u00e7\u00e3o t\u00edpica<\/td>\n<td data-start=\"1772\" data-end=\"1803\" data-col-size=\"sm\">MPO \u2264 0,35 dB, SC \u2264 0,30 dB<\/td>\n<\/tr>\n<tr data-start=\"1804\" data-end=\"1827\">\n<td data-start=\"1804\" data-end=\"1817\" data-col-size=\"sm\">Comprimento de onda<\/td>\n<td data-col-size=\"sm\" data-start=\"1817\" data-end=\"1827\">850 nm<\/td>\n<\/tr>\n<tr data-start=\"1828\" data-end=\"1852\">\n<td data-start=\"1828\" data-end=\"1837\" data-col-size=\"sm\">Jaqueta<\/td>\n<td data-col-size=\"sm\" data-start=\"1837\" data-end=\"1852\">LSZH ou PVC<\/td>\n<\/tr>\n<tr data-start=\"1853\" data-end=\"1893\">\n<td data-start=\"1853\" data-end=\"1873\" data-col-size=\"sm\">Faixa de temperatura<\/td>\n<td data-col-size=\"sm\" data-start=\"1873\" data-end=\"1893\">-10 \u00b0C a +70 \u00b0C<\/td>\n<\/tr>\n<tr data-start=\"1894\" data-end=\"1932\">\n<td data-start=\"1894\" data-end=\"1907\" data-col-size=\"sm\">Conformidade<\/td>\n<td data-col-size=\"sm\" data-start=\"1907\" data-end=\"1932\">IEC, TIA, RoHS, REACH<\/td>\n<\/tr>\n<\/tbody>\n<\/table>\n<\/div>\n<\/div>\n<hr data-start=\"1934\" data-end=\"1937\" \/>\n<h3 data-start=\"1939\" data-end=\"1962\"><strong data-start=\"1943\" data-end=\"1962\">Onde \u00e9 usado<\/strong><\/h3>\n<p data-start=\"1964\" data-end=\"2015\">Normalmente, voc\u00ea encontrar\u00e1 o <strong data-start=\"1990\" data-end=\"2011\">MPO-SC-OM4-12Core<\/strong> em:<\/p>\n<ul data-start=\"2017\" data-end=\"2261\">\n<li data-start=\"2017\" data-end=\"2059\">\n<p data-start=\"2019\" data-end=\"2059\">Alta densidade <strong data-start=\"2032\" data-end=\"2057\">backbones de data center<\/strong><\/p>\n<\/li>\n<li data-start=\"2060\" data-end=\"2111\">\n<p data-start=\"2062\" data-end=\"2111\"><strong data-start=\"2062\" data-end=\"2089\">Escrit\u00f3rios centrais de telecomunica\u00e7\u00f5es<\/strong> e redes de acesso<\/p>\n<\/li>\n<li data-start=\"2112\" data-end=\"2164\">\n<p data-start=\"2114\" data-end=\"2164\"><strong data-start=\"2114\" data-end=\"2142\">Switches de n\u00facleo corporativo<\/strong> usando interfaces SC<\/p>\n<\/li>\n<li data-start=\"2165\" data-end=\"2207\">\n<p data-start=\"2167\" data-end=\"2207\"><strong data-start=\"2167\" data-end=\"2192\">SAN e Fibre Channel<\/strong> ambientes<\/p>\n<\/li>\n<li data-start=\"2208\" data-end=\"2261\">\n<p data-start=\"2210\" data-end=\"2261\">Sistemas de cabeamento estruturado migrando de SC para MPO<\/p>\n<\/li>\n<\/ul>\n<hr data-start=\"2263\" data-end=\"2266\" \/>\n<h3 data-start=\"2268\" data-end=\"2291\"><strong data-start=\"2272\" data-end=\"2291\">Por que o OM4 \u00e9 importante<\/strong><\/h3>\n<p data-start=\"2293\" data-end=\"2576\">A fibra OM4 n\u00e3o \u00e9 apenas uma atualiza\u00e7\u00e3o - \u00e9 um <strong data-start=\"2332\" data-end=\"2358\">multiplicador de desempenho<\/strong>. Em compara\u00e7\u00e3o com o OM3, o OM4 oferece largura de banda significativamente maior e dist\u00e2ncias suportadas mais longas para links de 100G e 400G. Isso significa melhor qualidade de sinal hoje e mais espa\u00e7o para as atualiza\u00e7\u00f5es de amanh\u00e3 sem necessidade de reconfigura\u00e7\u00e3o.<\/p>\n<hr data-start=\"2578\" data-end=\"2581\" \/>\n<h2 data-start=\"2583\" data-end=\"2600\"><strong data-start=\"2586\" data-end=\"2600\">Perguntas e respostas de especialistas<\/strong><\/h2>\n<p data-start=\"2602\" data-end=\"2805\"><strong data-start=\"2602\" data-end=\"2667\">P1: O MPO-SC-OM4-12Core pode ser usado em redes antigas baseadas em SC?<\/strong><br data-start=\"2667\" data-end=\"2670\" \/>Sim. Ele foi projetado especificamente para conectar backbones MPO modernos a portas SC existentes, o que o torna ideal para cen\u00e1rios h\u00edbridos e de atualiza\u00e7\u00e3o.<\/p>\n<p data-start=\"2807\" data-end=\"2980\"><strong data-start=\"2807\" data-end=\"2850\">P2: O OM4 \u00e9 compat\u00edvel com os sistemas OM3?<\/strong><br data-start=\"2850\" data-end=\"2853\" \/>Sem d\u00favida. O OM4 \u00e9 compat\u00edvel com vers\u00f5es anteriores e funcionar\u00e1 com transceptores OM3, al\u00e9m de oferecer melhor desempenho para \u00f3pticas mais novas.<\/p>\n<p data-start=\"2982\" data-end=\"3149\"><strong data-start=\"2982\" data-end=\"3028\">P3: Esse cabo \u00e9 compat\u00edvel com 100G e 400G?<\/strong><br data-start=\"3028\" data-end=\"3031\" \/>Sim. Quando usado com transceptores multimodo de \u00f3ptica paralela, o OM4 suporta conex\u00f5es de alta velocidade de 100G e 400G emergentes.<\/p>\n<p data-start=\"3151\" data-end=\"3330\"><strong data-start=\"3151\" data-end=\"3197\">P4: A polaridade e o comprimento podem ser personalizados?<\/strong><br data-start=\"3197\" data-end=\"3200\" \/>Sim. A polaridade do MPO (Tipo A\/B\/C), o comprimento do cabo, o tipo de revestimento e o g\u00eanero do conector podem ser especificados para corresponder ao seu projeto de rede.<\/p>","protected":false},"excerpt":{"rendered":"<p data-start=\"73\" data-end=\"508\">Criado para redes de alta velocidade que exigem desempenho e flexibilidade, o <strong data-start=\"153\" data-end=\"174\">MPO-SC-OM4-12Core<\/strong> \u00e9 um produto de n\u00edvel profissional <strong data-start=\"199\" data-end=\"233\">cabo de separa\u00e7\u00e3o de fibra multimodo<\/strong> que une o moderno <strong data-start=\"254\" data-end=\"282\">Infraestrutura de tronco da MPO<\/strong> com o tradicional <strong data-start=\"300\" data-end=\"330\">Equipamento de rede baseado em SC<\/strong>. Ele usa <strong data-start=\"340\" data-end=\"389\">Fibra multimodo de 50\/125 \u00b5m otimizada para laser OM4<\/strong>, oferecendo a largura de banda e a dist\u00e2ncia necess\u00e1rias para os <strong data-start=\"450\" data-end=\"482\">40G, 100G e o emergente 400G<\/strong> aplicativos de data center.<\/p>\n<p data-start=\"510\" data-end=\"764\">Em vez de passar doze cabos individuais, um conector MPO compacto fornece todas as doze fibras em uma \u00fanica interface de alta densidade, que ent\u00e3o se espalha de forma limpa em <strong data-start=\"677\" data-end=\"709\">12 conectores SC independentes<\/strong>-perfeito para switches, patch panels e racks de telecomunica\u00e7\u00f5es.<\/p>","protected":false},"featured_media":561,"comment_status":"open","ping_status":"closed","template":"","meta":[],"product_brand":[],"product_cat":[42],"product_tag":[],"class_list":{"0":"post-560","1":"product","2":"type-product","3":"status-publish","4":"has-post-thumbnail","6":"product_cat-mpo-mtp-fiber-optic-patch-cord","8":"first","9":"instock","10":"shipping-taxable","11":"product-type-simple"},"_links":{"self":[{"href":"https:\/\/www.fenxifiber.com\/pt\/wp-json\/wp\/v2\/product\/560","targetHints":{"allow":["GET"]}}],"collection":[{"href":"https:\/\/www.fenxifiber.com\/pt\/wp-json\/wp\/v2\/product"}],"about":[{"href":"https:\/\/www.fenxifiber.com\/pt\/wp-json\/wp\/v2\/types\/product"}],"replies":[{"embeddable":true,"href":"https:\/\/www.fenxifiber.com\/pt\/wp-json\/wp\/v2\/comments?post=560"}],"wp:featuredmedia":[{"embeddable":true,"href":"https:\/\/www.fenxifiber.com\/pt\/wp-json\/wp\/v2\/media\/561"}],"wp:attachment":[{"href":"https:\/\/www.fenxifiber.com\/pt\/wp-json\/wp\/v2\/media?parent=560"}],"wp:term":[{"taxonomy":"product_brand","embeddable":true,"href":"https:\/\/www.fenxifiber.com\/pt\/wp-json\/wp\/v2\/product_brand?post=560"},{"taxonomy":"product_cat","embeddable":true,"href":"https:\/\/www.fenxifiber.com\/pt\/wp-json\/wp\/v2\/product_cat?post=560"},{"taxonomy":"product_tag","embeddable":true,"href":"https:\/\/www.fenxifiber.com\/pt\/wp-json\/wp\/v2\/product_tag?post=560"}],"curies":[{"name":"wp","href":"https:\/\/api.w.org\/{rel}","templated":true}]}}