{"id":562,"date":"2026-02-03T01:58:45","date_gmt":"2026-02-03T01:58:45","guid":{"rendered":"https:\/\/www.fenxifiber.com\/?post_type=product&#038;p=562"},"modified":"2026-02-04T01:11:53","modified_gmt":"2026-02-04T01:11:53","slug":"mpo-lc-sm-0-9mm-12core","status":"publish","type":"product","link":"https:\/\/www.fenxifiber.com\/pt\/product\/mpo-lc-sm-0-9mm-12core\/","title":{"rendered":"Cabo de fibra de ruptura monomodo MPO-LC-SM-0.9mm-12Core"},"content":{"rendered":"<h3 data-start=\"736\" data-end=\"773\"><strong data-start=\"740\" data-end=\"773\">O que torna esse cabo especial<\/strong><\/h3>\n<p data-start=\"775\" data-end=\"892\">Ao contr\u00e1rio dos cabos breakout multimodo padr\u00e3o, esse modelo foi projetado para <strong data-start=\"845\" data-end=\"891\">transmiss\u00e3o de longa dist\u00e2ncia e alta precis\u00e3o<\/strong>:<\/p>\n<ul data-start=\"894\" data-end=\"1469\">\n<li data-start=\"894\" data-end=\"1056\">\n<p data-start=\"896\" data-end=\"1056\"><strong data-start=\"896\" data-end=\"928\">Desempenho real de modo \u00fanico<\/strong><br data-start=\"928\" data-end=\"931\" \/>Suporta comprimentos de onda de <strong data-start=\"957\" data-end=\"980\">1310 nm e 1550 nm<\/strong>, permitindo links de longo alcance entre salas de dados, campi e redes metropolitanas.<\/p>\n<\/li>\n<li data-start=\"1058\" data-end=\"1225\">\n<p data-start=\"1060\" data-end=\"1225\"><strong data-start=\"1060\" data-end=\"1097\">Fibras de ruptura ultrafinas de 0,9 mm<\/strong><br data-start=\"1097\" data-end=\"1100\" \/>Cada perna LC tem apenas 0,9 mm de di\u00e2metro, tornando o roteamento de cabos mais limpo e melhorando consideravelmente o fluxo de ar dentro de racks densos.<\/p>\n<\/li>\n<li data-start=\"1227\" data-end=\"1341\">\n<p data-start=\"1229\" data-end=\"1341\"><strong data-start=\"1229\" data-end=\"1262\">Perfeito para \u00f3ptica de alta velocidade<\/strong><br data-start=\"1262\" data-end=\"1265\" \/>Funciona com <strong data-start=\"1278\" data-end=\"1327\">QSFP-DD, OSFP, CFP2 e 400G\/800G PSM4 e DR4<\/strong> transceptores.<\/p>\n<\/li>\n<li data-start=\"1343\" data-end=\"1469\">\n<p data-start=\"1345\" data-end=\"1469\"><strong data-start=\"1345\" data-end=\"1379\">MPO de baixa perda, polido de f\u00e1brica<\/strong><br data-start=\"1379\" data-end=\"1382\" \/>Projetado para atender aos r\u00edgidos or\u00e7amentos de perda de inser\u00e7\u00e3o exigidos pela \u00f3ptica moderna de modo \u00fanico.<\/p>\n<\/li>\n<\/ul>\n<hr data-start=\"1471\" data-end=\"1474\" \/>\n<h3 data-start=\"1476\" data-end=\"1509\"><strong data-start=\"1480\" data-end=\"1509\">Dados \u00f3pticos e mec\u00e2nicos<\/strong><\/h3>\n<div class=\"TyagGW_tableContainer\">\n<div class=\"group TyagGW_tableWrapper flex flex-col-reverse w-fit\" tabindex=\"-1\">\n<table class=\"w-fit min-w-(--thread-content-width)\" data-start=\"1511\" data-end=\"1937\">\n<thead data-start=\"1511\" data-end=\"1535\">\n<tr data-start=\"1511\" data-end=\"1535\">\n<th class=\"\" data-start=\"1511\" data-end=\"1518\" data-col-size=\"sm\">Item<\/th>\n<th class=\"\" data-start=\"1518\" data-end=\"1535\" data-col-size=\"sm\">Especifica\u00e7\u00e3o<\/th>\n<\/tr>\n<\/thead>\n<tbody data-start=\"1562\" data-end=\"1937\">\n<tr data-start=\"1562\" data-end=\"1605\">\n<td data-start=\"1562\" data-end=\"1575\" data-col-size=\"sm\">Tipo de fibra<\/td>\n<td data-start=\"1575\" data-end=\"1605\" data-col-size=\"sm\">Modo \u00fanico OS2 (9\/125 \u00b5m)<\/td>\n<\/tr>\n<tr data-start=\"1606\" data-end=\"1626\">\n<td data-start=\"1606\" data-end=\"1620\" data-col-size=\"sm\">Contagem de fibras<\/td>\n<td data-start=\"1620\" data-end=\"1626\" data-col-size=\"sm\">12<\/td>\n<\/tr>\n<tr data-start=\"1627\" data-end=\"1666\">\n<td data-start=\"1627\" data-end=\"1643\" data-col-size=\"sm\">Conector MPO<\/td>\n<td data-start=\"1643\" data-end=\"1666\" data-col-size=\"sm\">MPO \/ MTP, 12 fibras<\/td>\n<\/tr>\n<tr data-start=\"1667\" data-end=\"1694\">\n<td data-start=\"1667\" data-end=\"1683\" data-col-size=\"sm\">Conectores LC<\/td>\n<td data-start=\"1683\" data-end=\"1694\" data-col-size=\"sm\">12 \u00d7 LC<\/td>\n<\/tr>\n<tr data-start=\"1695\" data-end=\"1731\">\n<td data-start=\"1695\" data-end=\"1721\" data-col-size=\"sm\">Di\u00e2metro da fibra de ruptura<\/td>\n<td data-start=\"1721\" data-end=\"1731\" data-col-size=\"sm\">0,9 mm<\/td>\n<\/tr>\n<tr data-start=\"1732\" data-end=\"1777\">\n<td data-start=\"1732\" data-end=\"1756\" data-col-size=\"sm\">Comprimentos de onda operacionais<\/td>\n<td data-col-size=\"sm\" data-start=\"1756\" data-end=\"1777\">1310 nm \/ 1550 nm<\/td>\n<\/tr>\n<tr data-start=\"1778\" data-end=\"1826\">\n<td data-start=\"1778\" data-end=\"1795\" data-col-size=\"sm\">Perda de inser\u00e7\u00e3o<\/td>\n<td data-col-size=\"sm\" data-start=\"1795\" data-end=\"1826\">MPO \u2264 0,35 dB, LC \u2264 0,30 dB<\/td>\n<\/tr>\n<tr data-start=\"1827\" data-end=\"1873\">\n<td data-start=\"1827\" data-end=\"1841\" data-col-size=\"sm\">Perda de retorno<\/td>\n<td data-col-size=\"sm\" data-start=\"1841\" data-end=\"1873\">\u2265 50 dB (op\u00e7\u00f5es LC UPC\/APC)<\/td>\n<\/tr>\n<tr data-start=\"1874\" data-end=\"1898\">\n<td data-start=\"1874\" data-end=\"1883\" data-col-size=\"sm\">Jaqueta<\/td>\n<td data-start=\"1883\" data-end=\"1898\" data-col-size=\"sm\">LSZH ou PVC<\/td>\n<\/tr>\n<tr data-start=\"1899\" data-end=\"1937\">\n<td data-start=\"1899\" data-end=\"1917\" data-col-size=\"sm\">Temp. de opera\u00e7\u00e3o.<\/td>\n<td data-col-size=\"sm\" data-start=\"1917\" data-end=\"1937\">-10 \u00b0C a +70 \u00b0C<\/td>\n<\/tr>\n<\/tbody>\n<\/table>\n<\/div>\n<\/div>\n<hr data-start=\"1939\" data-end=\"1942\" \/>\n<h3 data-start=\"1944\" data-end=\"1980\"><strong data-start=\"1948\" data-end=\"1980\">Cen\u00e1rios t\u00edpicos de implementa\u00e7\u00e3o<\/strong><\/h3>\n<p data-start=\"1982\" data-end=\"2011\">Esse cabo \u00e9 amplamente utilizado em:<\/p>\n<ul data-start=\"2013\" data-end=\"2224\">\n<li data-start=\"2013\" data-end=\"2058\">\n<p data-start=\"2015\" data-end=\"2058\"><strong data-start=\"2015\" data-end=\"2056\">Interconex\u00f5es de data center 400G \/ 800G<\/strong><\/p>\n<\/li>\n<li data-start=\"2059\" data-end=\"2109\">\n<p data-start=\"2061\" data-end=\"2109\"><strong data-start=\"2061\" data-end=\"2107\">Arquiteturas leaf-spine e cross-connect<\/strong><\/p>\n<\/li>\n<li data-start=\"2110\" data-end=\"2144\">\n<p data-start=\"2112\" data-end=\"2144\"><strong data-start=\"2112\" data-end=\"2142\">Redes de telecomunica\u00e7\u00f5es e metropolitanas<\/strong><\/p>\n<\/li>\n<li data-start=\"2145\" data-end=\"2185\">\n<p data-start=\"2147\" data-end=\"2185\"><strong data-start=\"2147\" data-end=\"2183\">Clusters de IA e nuvem em hiperescala<\/strong><\/p>\n<\/li>\n<li data-start=\"2186\" data-end=\"2224\">\n<p data-start=\"2188\" data-end=\"2224\"><strong data-start=\"2188\" data-end=\"2224\">Sistemas de backbone MPO de modo \u00fanico<\/strong><\/p>\n<\/li>\n<\/ul>\n<hr data-start=\"2226\" data-end=\"2229\" \/>\n<h3 data-start=\"2231\" data-end=\"2285\"><strong data-start=\"2235\" data-end=\"2285\">Por que o MPO-LC-SM-0.9mm-12Core \u00e9 a escolha certa<\/strong><\/h3>\n<p data-start=\"2287\" data-end=\"2656\">\u00c0 medida que as taxas de dados aumentam, <strong data-start=\"2307\" data-end=\"2346\">a fibra monomodo se torna essencial<\/strong>. Esse cabo combina o <strong data-start=\"2372\" data-end=\"2390\">densidade de MPO<\/strong> com o <strong data-start=\"2400\" data-end=\"2419\">precis\u00e3o do LC<\/strong>, permitindo que voc\u00ea implemente <strong data-start=\"2444\" data-end=\"2498\">links com alto n\u00famero de fibras com o m\u00ednimo de espa\u00e7o e perda<\/strong>. O design de breakout de 0,9 mm proporciona uma instala\u00e7\u00e3o limpa e profissional e, ao mesmo tempo, suporta os rigorosos or\u00e7amentos \u00f3pticos exigidos pelas modernas \u00f3pticas de 400G e 800G.<\/p>\n<hr data-start=\"2658\" data-end=\"2661\" \/>\n<h2 data-start=\"2663\" data-end=\"2686\"><strong data-start=\"2666\" data-end=\"2686\">Perguntas e respostas profissionais<\/strong><\/h2>\n<p data-start=\"2688\" data-end=\"2861\"><strong data-start=\"2688\" data-end=\"2744\">Q1: Qual \u00e9 a vantagem das fibras de ruptura de 0,9 mm?<\/strong><br data-start=\"2744\" data-end=\"2747\" \/>Eles permitem uma densidade de portas muito maior, roteamento mais f\u00e1cil e melhor fluxo de ar em compara\u00e7\u00e3o com os patch cords padr\u00e3o de 2,0 mm.<\/p>\n<p data-start=\"2863\" data-end=\"3017\"><strong data-start=\"2863\" data-end=\"2928\">P2: Esse cabo \u00e9 compat\u00edvel com transceptores 400G e 800G?<\/strong><br data-start=\"2928\" data-end=\"2931\" \/>Sim. Ele foi projetado para <strong data-start=\"2955\" data-end=\"3016\">DR4, PSM4 e m\u00f3dulos \u00f3pticos paralelos de modo \u00fanico semelhantes<\/strong>.<\/p>\n<p data-start=\"3019\" data-end=\"3180\"><strong data-start=\"3019\" data-end=\"3074\">P3: Esse cabo pode ser usado para links de longa dist\u00e2ncia?<\/strong><br data-start=\"3074\" data-end=\"3077\" \/>Sim. Como um cabo monomodo OS2, ele suporta dist\u00e2ncias de <strong data-start=\"3136\" data-end=\"3150\">quil\u00f4metros<\/strong>, muito al\u00e9m dos limites multimodo.<\/p>\n<p data-start=\"3182\" data-end=\"3347\"><strong data-start=\"3182\" data-end=\"3222\">P4: Preciso de conectores APC ou UPC?<\/strong><br data-start=\"3222\" data-end=\"3225\" \/>O UPC \u00e9 comum para data centers, enquanto o APC \u00e9 preferido para DWDM ou redes de telecomunica\u00e7\u00f5es de longa dist\u00e2ncia. Ambas as op\u00e7\u00f5es est\u00e3o dispon\u00edveis.<\/p>","protected":false},"excerpt":{"rendered":"<p data-start=\"65\" data-end=\"475\">O <strong data-start=\"69\" data-end=\"95\">MPO-LC-SM-0.9mm-12Core<\/strong> \u00e9 um produto de engenharia de precis\u00e3o <strong data-start=\"122\" data-end=\"161\">cabo MPO para LC de modo \u00fanico com sa\u00edda em leque<\/strong> projetado para redes \u00f3pticas de ultra-alta densidade e longo alcance. Constru\u00eddo com <strong data-start=\"235\" data-end=\"269\">Fibra monomodo OS2 9\/125 \u00b5m<\/strong> e um ultrafino <strong data-start=\"288\" data-end=\"317\">Estrutura de ruptura de 0,9 mm<\/strong>, Esse conjunto \u00e9 otimizado para os modernos <strong data-start=\"357\" data-end=\"381\">100G, 400G e 800G<\/strong> implanta\u00e7\u00f5es de data center e telecomunica\u00e7\u00f5es em que a efici\u00eancia de espa\u00e7o e a integridade do sinal s\u00e3o essenciais.<\/p>\n<p data-start=\"477\" data-end=\"729\">Em vez de doze patch cords separados, um \u00fanico <strong data-start=\"526\" data-end=\"552\">Interface MPO de 12 fibras<\/strong> transporta todos os canais de um backbone ou transceptor e, em seguida, se espalha para <strong data-start=\"625\" data-end=\"656\">12 conectores LC individuais<\/strong> para conex\u00e3o direta a m\u00f3dulos \u00f3pticos, patch panels ou sistemas DWDM.<\/p>","protected":false},"featured_media":563,"comment_status":"open","ping_status":"closed","template":"","meta":[],"product_brand":[],"product_cat":[42],"product_tag":[],"class_list":{"0":"post-562","1":"product","2":"type-product","3":"status-publish","4":"has-post-thumbnail","6":"product_cat-mpo-mtp-fiber-optic-patch-cord","8":"first","9":"instock","10":"shipping-taxable","11":"product-type-simple"},"_links":{"self":[{"href":"https:\/\/www.fenxifiber.com\/pt\/wp-json\/wp\/v2\/product\/562","targetHints":{"allow":["GET"]}}],"collection":[{"href":"https:\/\/www.fenxifiber.com\/pt\/wp-json\/wp\/v2\/product"}],"about":[{"href":"https:\/\/www.fenxifiber.com\/pt\/wp-json\/wp\/v2\/types\/product"}],"replies":[{"embeddable":true,"href":"https:\/\/www.fenxifiber.com\/pt\/wp-json\/wp\/v2\/comments?post=562"}],"wp:featuredmedia":[{"embeddable":true,"href":"https:\/\/www.fenxifiber.com\/pt\/wp-json\/wp\/v2\/media\/563"}],"wp:attachment":[{"href":"https:\/\/www.fenxifiber.com\/pt\/wp-json\/wp\/v2\/media?parent=562"}],"wp:term":[{"taxonomy":"product_brand","embeddable":true,"href":"https:\/\/www.fenxifiber.com\/pt\/wp-json\/wp\/v2\/product_brand?post=562"},{"taxonomy":"product_cat","embeddable":true,"href":"https:\/\/www.fenxifiber.com\/pt\/wp-json\/wp\/v2\/product_cat?post=562"},{"taxonomy":"product_tag","embeddable":true,"href":"https:\/\/www.fenxifiber.com\/pt\/wp-json\/wp\/v2\/product_tag?post=562"}],"curies":[{"name":"wp","href":"https:\/\/api.w.org\/{rel}","templated":true}]}}